{"id":10947,"date":"2023-08-16T14:50:16","date_gmt":"2023-08-16T12:50:16","guid":{"rendered":"https:\/\/ekomfort.lu\/shop\/botte-noire-vegane-lou-de-nae-ethik-pur-ueber-das-knie-hinaus-elegante"},"modified":"2024-07-01T12:12:16","modified_gmt":"2024-07-01T10:12:16","slug":"botte-noire-vegane-lou-de-nae-ethik-pur-ueber-das-knie-hinaus-elegante","status":"publish","type":"product","link":"https:\/\/ekomfort.lu\/de\/shop\/botte-noire-vegane-lou-de-nae-ethik-pur-ueber-das-knie-hinaus-elegante\/","title":{"rendered":"Botte noire v\u00e9gane Lou de Nae: Ethik pur, \u00fcber das Knie hinaus elegante"},"content":{"rendered":"\n<p>Suchen Sie nach <strong>schwarzen hohen Stiefeln<\/strong>, die Stil, Komfort und Ethik vereinen? Sie streben nach einem Paar Stiefel, das Ihre Werte respektiert und gleichzeitig Ihren Look verbessert?<\/p>\n\n\n\n<p>Pralinieren Sie sich mit Stolz und Eleganz mit <strong>Lou<\/strong>, dem hoch veganen Stiefel, der Ihre Knie elegant \u00fcberspannt. Ein Must-Have f\u00fcr jeden engagierten Kleiderschrank.<\/p>\n\n\n\n<p>Ziehen Sie die <strong>schwarzen hohen Lou-Stiefel<\/strong> an und:<\/p>\n\n\n<style>.wp-block-kadence-iconlist.kt-svg-icon-list-items10947_30845c-4d:not(.this-stops-third-party-issues){margin-top:0px;margin-bottom:0px;}.wp-block-kadence-iconlist.kt-svg-icon-list-items10947_30845c-4d ul.kt-svg-icon-list:not(.this-prevents-issues):not(.this-stops-third-party-issues):not(.tijsloc){margin-top:0px;margin-right:0px;margin-bottom:var(--global-kb-spacing-sm, 1.5rem);margin-left:0px;}.wp-block-kadence-iconlist.kt-svg-icon-list-items10947_30845c-4d ul.kt-svg-icon-list{grid-row-gap:5px;}.wp-block-kadence-iconlist.kt-svg-icon-list-items10947_30845c-4d .kb-svg-icon-wrap{font-size:18px;color:var(--global-palette1, #3182CE);}.wp-block-kadence-iconlist.kt-svg-icon-list-items10947_30845c-4d ul.kt-svg-icon-list .kt-svg-icon-list-item-wrap .kt-svg-icon-list-single{margin-right:10px;}.kt-svg-icon-list-items10947_30845c-4d ul.kt-svg-icon-list .kt-svg-icon-list-level-0 .kt-svg-icon-list-single svg{font-size:20px;}<\/style>\n<div class=\"wp-block-kadence-iconlist kt-svg-icon-list-items kt-svg-icon-list-items10947_30845c-4d kt-svg-icon-list-columns-1 alignnone\"><ul class=\"kt-svg-icon-list\"><style>.kt-svg-icon-list-item-4533_7335d5-1a .kt-svg-icon-list-text mark.kt-highlight{background-color:unset;font-style:normal;color:#f76a0c;-webkit-box-decoration-break:clone;box-decoration-break:clone;padding-top:0px;padding-right:0px;padding-bottom:0px;padding-left:0px;}<\/style>\n<li class=\"wp-block-kadence-listitem kt-svg-icon-list-item-wrap kt-svg-icon-list-item-4533_7335d5-1a\"><span class=\"kb-svg-icon-wrap kb-svg-icon-fe_checkCircle kt-svg-icon-list-single\"><svg viewBox=\"0 0 24 24\"  fill=\"none\" stroke=\"currentColor\" stroke-width=\"3\" stroke-linecap=\"round\" stroke-linejoin=\"round\" xmlns=\"http:\/\/www.w3.org\/2000\/svg\"  aria-hidden=\"true\"><path d=\"M22 11.08V12a10 10 0 1 1-5.93-9.14\"\/><polyline points=\"22 4 12 14.01 9 11.01\"\/><\/svg><\/span><span class=\"kt-svg-icon-list-text\">Dr\u00fccken Sie Ihre Raffinesse mit diesem <strong>umweltfreundlichen Mikrofaser-Rei\u00dfverschlussstiefel<\/strong> in elegantem Schwarz aus, der zu jedem Outfit passt.<\/span><\/li>\n\n\n<style>.kt-svg-icon-list-item-4533_0fbc74-3c .kt-svg-icon-list-text mark.kt-highlight{background-color:unset;font-style:normal;color:#f76a0c;-webkit-box-decoration-break:clone;box-decoration-break:clone;padding-top:0px;padding-right:0px;padding-bottom:0px;padding-left:0px;}<\/style>\n<li class=\"wp-block-kadence-listitem kt-svg-icon-list-item-wrap kt-svg-icon-list-item-4533_0fbc74-3c\"><span class=\"kb-svg-icon-wrap kb-svg-icon-fe_checkCircle kt-svg-icon-list-single\"><svg viewBox=\"0 0 24 24\"  fill=\"none\" stroke=\"currentColor\" stroke-width=\"3\" stroke-linecap=\"round\" stroke-linejoin=\"round\" xmlns=\"http:\/\/www.w3.org\/2000\/svg\"  aria-hidden=\"true\"><path d=\"M22 11.08V12a10 10 0 1 1-5.93-9.14\"\/><polyline points=\"22 4 12 14.01 9 11.01\"\/><\/svg><\/span><span class=\"kt-svg-icon-list-text\">Genie\u00dfen Sie den Komfort eines niedrigen und breiten Absatzes sowie eines kniehohen Schaftes mit einem elastischen Band f\u00fcr perfekte Anpassungsf\u00e4higkeit.<\/span><\/li>\n\n\n<style>.kt-svg-icon-list-item-4533_50f2a9-49 .kt-svg-icon-list-text mark.kt-highlight{background-color:unset;font-style:normal;color:#f76a0c;-webkit-box-decoration-break:clone;box-decoration-break:clone;padding-top:0px;padding-right:0px;padding-bottom:0px;padding-left:0px;}<\/style>\n<li class=\"wp-block-kadence-listitem kt-svg-icon-list-item-wrap kt-svg-icon-list-item-4533_50f2a9-49\"><span class=\"kb-svg-icon-wrap kb-svg-icon-fe_checkCircle kt-svg-icon-list-single\"><svg viewBox=\"0 0 24 24\"  fill=\"none\" stroke=\"currentColor\" stroke-width=\"3\" stroke-linecap=\"round\" stroke-linejoin=\"round\" xmlns=\"http:\/\/www.w3.org\/2000\/svg\"  aria-hidden=\"true\"><path d=\"M22 11.08V12a10 10 0 1 1-5.93-9.14\"\/><polyline points=\"22 4 12 14.01 9 11.01\"\/><\/svg><\/span><span class=\"kt-svg-icon-list-text\">Nehmen Sie eine umweltbewusste Herangehensweise an und verwenden Sie ein Produkt, das aus veganem Leder hergestellt wird und respektvoll gegen\u00fcber der Umwelt und der Tierwelt ist.<\/span><\/li>\n<\/ul><\/div>\n\n\n\n<p>Ohne Grausamkeit, ohne Kompromisse beim Stil, nur pure Zufriedenheit&#8230;<\/p>\n\n\n\n<p>F\u00fcr den Preis von Standardstiefeln erwerben Sie ein einzigartiges Paar, das Ihren \u00dcberzeugungen entspricht und der Abnutzung widersteht.<\/p>\n\n\n\n<p>Alsdann, sind Sie bereit, mit Stil, Komfort und Ethik Versicherung zu nehmen? Die Lagerbest\u00e4nde werden knapp, verpassen Sie nicht die Gelegenheit, sich diese einzigartigen schwarzen hohen Stiefel Lou <strong>jetzt zu besorgen.<\/strong><\/p>\n","protected":false},"excerpt":{"rendered":"<p>Suchen Sie nach schwarzen hohen Stiefeln, die Stil, Komfort und Ethik vereinen? Sie streben nach einem Paar Stiefel, das Ihre Werte respektiert und gleichzeitig Ihren Look verbessert? Pralinieren Sie sich mit Stolz und Eleganz mit Lou, dem hoch veganen Stiefel, der Ihre Knie elegant \u00fcberspannt. Ein Must-Have f\u00fcr jeden engagierten Kleiderschrank. Ziehen Sie die schwarzen&#8230;<\/p>\n","protected":false},"featured_media":9200,"comment_status":"open","ping_status":"closed","template":"","meta":{"_acf_changed":false,"_kad_blocks_custom_css":"","_kad_blocks_head_custom_js":"","_kad_blocks_body_custom_js":"","_kad_blocks_footer_custom_js":"","_kad_post_transparent":"","_kad_post_title":"","_kad_post_layout":"","_kad_post_sidebar_id":"","_kad_post_content_style":"","_kad_post_vertical_padding":"","_kad_post_feature":"","_kad_post_feature_position":"","_kad_post_header":false,"_kad_post_footer":false,"_kad_post_classname":""},"product_brand":[],"product_cat":[413,414],"product_tag":[447],"product_brands":[685],"class_list":{"0":"post-10947","1":"product","2":"type-product","3":"status-publish","4":"has-post-thumbnail","6":"product_cat-schuhe-fuer-maenner-und-frauen","7":"product_cat-stiefel","8":"product_tag-frau","9":"product_brands-nae-vegan-shoes-de","11":"first","12":"outofstock","13":"taxable","14":"shipping-taxable","15":"purchasable","16":"product-type-variable","17":"has-default-attributes","18":"entry","19":"content-bg","20":"loop-entry"},"acf":{"avantages":"\ud83d\udc5e Normale Passform. W\u00e4hlen Sie Ihre gewohnte Schuhgr\u00f6\u00dfe.\r\n\r\n\ud83d\udca7 Obermaterial aus wasserabweisender, umweltfreundlicher Mikrofaser.\r\n\r\n\ud83d\udd11 Metallrei\u00dfverschluss, nickelzertifiziert.\r\n\r\n\ud83c\udf2c\ufe0f Innenfutter aus atmungsaktiver, hypoallergener und umweltfreundlicher Mikrofaser, ohne CO2-Emissionen bei der Herstellung.\r\n\r\n\ud83d\udce6 Innensohle aus laminiertem Karton mit Mikrofaser, nicht herausnehmbarer Absatz.\r\n\r\n\ud83d\udc63 Rutschfeste Gummisohle mit einer Dicke von 3,5 cm.\r\n\r\n\ud83c\uddf5\ud83c\uddf9 Sorgf\u00e4ltig in Portugal hergestellt.","entretien":"Bewahren und sch\u00fctzen Sie Ihre nae-Produkte auf!F\u00fcr Produkte aus Pi\u00f1atex verwenden Sie regelm\u00e4\u00dfig eine Politurcreme in derselben Farbe wie die Oberfl\u00e4che. Stellen Sie sicher, dass Sie den entsprechenden Typ verwenden, um Farbe und urspr\u00fcngliches Aussehen zu erhalten.F\u00fcr Produkte aus Mikrofaser oder Kork verwenden Sie ein feuchtes Tuch. Bei Schmutz oder hartn\u00e4ckigen Flecken verwenden Sie eine neutrale Seife.F\u00fcr weitere Informationen \u00fcber die Garantie unserer Produkte lesen Sie bitte unsere Versand- und R\u00fcckgaberichtlinien.","marque":""},"taxonomy_info":{"product_cat":[{"value":413,"label":"Schuhe"},{"value":414,"label":"Stiefel"}],"product_tag":[{"value":447,"label":"Damenboutique"}],"product_brands":[{"value":685,"label":"NAE Vegan Shoes"}]},"featured_image_src_large":["https:\/\/ekomfort.lu\/wp-content\/uploads\/2023\/09\/lou-black-2.jpg",700,700,false],"author_info":[],"comment_info":0,"_links":{"self":[{"href":"https:\/\/ekomfort.lu\/de\/wp-json\/wp\/v2\/product\/10947","targetHints":{"allow":["GET"]}}],"collection":[{"href":"https:\/\/ekomfort.lu\/de\/wp-json\/wp\/v2\/product"}],"about":[{"href":"https:\/\/ekomfort.lu\/de\/wp-json\/wp\/v2\/types\/product"}],"replies":[{"embeddable":true,"href":"https:\/\/ekomfort.lu\/de\/wp-json\/wp\/v2\/comments?post=10947"}],"wp:featuredmedia":[{"embeddable":true,"href":"https:\/\/ekomfort.lu\/de\/wp-json\/wp\/v2\/media\/9200"}],"wp:attachment":[{"href":"https:\/\/ekomfort.lu\/de\/wp-json\/wp\/v2\/media?parent=10947"}],"wp:term":[{"taxonomy":"product_brand","embeddable":true,"href":"https:\/\/ekomfort.lu\/de\/wp-json\/wp\/v2\/product_brand?post=10947"},{"taxonomy":"product_cat","embeddable":true,"href":"https:\/\/ekomfort.lu\/de\/wp-json\/wp\/v2\/product_cat?post=10947"},{"taxonomy":"product_tag","embeddable":true,"href":"https:\/\/ekomfort.lu\/de\/wp-json\/wp\/v2\/product_tag?post=10947"},{"taxonomy":"product_brands","embeddable":true,"href":"https:\/\/ekomfort.lu\/de\/wp-json\/wp\/v2\/product_brands?post=10947"}],"curies":[{"name":"wp","href":"https:\/\/api.w.org\/{rel}","templated":true}]}}