{"id":10939,"date":"2023-08-16T14:50:17","date_gmt":"2023-08-16T12:50:17","guid":{"rendered":"https:\/\/ekomfort.lu\/shop\/lydia-black-damen-ankle-boots-mit-apfellederabsatz-wenn-oekologische-innovation-auf-stil-trifft"},"modified":"2024-07-01T12:12:14","modified_gmt":"2024-07-01T10:12:14","slug":"lydia-black-damen-ankle-boots-mit-apfellederabsatz-wenn-oekologische-innovation-auf-stil-trifft","status":"publish","type":"product","link":"https:\/\/ekomfort.lu\/de\/shop\/lydia-black-damen-ankle-boots-mit-apfellederabsatz-wenn-oekologische-innovation-auf-stil-trifft\/","title":{"rendered":"Lydia Black: Damen Ankle Boots mit Apfellederabsatz &#8211; Wenn \u00f6kologische Innovation auf Stil trifft"},"content":{"rendered":"\n<p>Sind Sie auf der Suche nach <strong>High Heel Boots<\/strong>, die mutigen Stil mit \u00f6kologischem Engagement vereinen? M\u00f6chten Sie in hochwertige Schuhe investieren, die Ihre tiefen Werte widerspiegeln?<\/p>\n\n\n\n<p>Verbessern Sie Ihren Look und setzen Sie gleichzeitig ein Zeichen f\u00fcr Nachhaltigkeit mit den Lydia Black: schwarze Damenschuhe mit Absatz aus Apfelleder, einer innovativen und umweltfreundlichen veganen Alternative. (Preserve code: `<strong>Lydia Black<\/strong> : <strong>bottines noires femme \u00e0 talon<\/strong>`)<\/p>\n\n\n\n<p>W\u00e4hlen Sie <strong>Lydia Black<\/strong> und:<\/p>\n\n\n<style>.wp-block-kadence-iconlist.kt-svg-icon-list-items10939_cc4e5f-68:not(.this-stops-third-party-issues){margin-top:0px;margin-bottom:0px;}.wp-block-kadence-iconlist.kt-svg-icon-list-items10939_cc4e5f-68 ul.kt-svg-icon-list:not(.this-prevents-issues):not(.this-stops-third-party-issues):not(.tijsloc){margin-top:0px;margin-right:0px;margin-bottom:var(--global-kb-spacing-sm, 1.5rem);margin-left:0px;}.wp-block-kadence-iconlist.kt-svg-icon-list-items10939_cc4e5f-68 ul.kt-svg-icon-list{grid-row-gap:5px;}.wp-block-kadence-iconlist.kt-svg-icon-list-items10939_cc4e5f-68 .kb-svg-icon-wrap{font-size:18px;color:var(--global-palette1, #3182CE);}.wp-block-kadence-iconlist.kt-svg-icon-list-items10939_cc4e5f-68 ul.kt-svg-icon-list .kt-svg-icon-list-item-wrap .kt-svg-icon-list-single{margin-right:10px;}.kt-svg-icon-list-items10939_cc4e5f-68 ul.kt-svg-icon-list .kt-svg-icon-list-level-0 .kt-svg-icon-list-single svg{font-size:20px;}<\/style>\n<div class=\"wp-block-kadence-iconlist kt-svg-icon-list-items kt-svg-icon-list-items10939_cc4e5f-68 kt-svg-icon-list-columns-1 alignnone\"><ul class=\"kt-svg-icon-list\"><style>.kt-svg-icon-list-item-4537_1e3aae-fa .kt-svg-icon-list-text mark.kt-highlight{background-color:unset;font-style:normal;color:#f76a0c;-webkit-box-decoration-break:clone;box-decoration-break:clone;padding-top:0px;padding-right:0px;padding-bottom:0px;padding-left:0px;}<\/style>\n<li class=\"wp-block-kadence-listitem kt-svg-icon-list-item-wrap kt-svg-icon-list-item-4537_1e3aae-fa\"><span class=\"kb-svg-icon-wrap kb-svg-icon-fe_checkCircle kt-svg-icon-list-single\"><svg viewBox=\"0 0 24 24\"  fill=\"none\" stroke=\"currentColor\" stroke-width=\"3\" stroke-linecap=\"round\" stroke-linejoin=\"round\" xmlns=\"http:\/\/www.w3.org\/2000\/svg\"  aria-hidden=\"true\"><path d=\"M22 11.08V12a10 10 0 1 1-5.93-9.14\"\/><polyline points=\"22 4 12 14.01 9 11.01\"\/><\/svg><\/span><span class=\"kt-svg-icon-list-text\">Sp\u00fcren Sie die Sicherheit eines makellosen Looks mit diesen Stiefeletten mit spitzer Zehenpartie und elegantem Rei\u00dfverschluss.<\/span><\/li>\n\n\n<style>.kt-svg-icon-list-item-4537_a2413c-48 .kt-svg-icon-list-text mark.kt-highlight{background-color:unset;font-style:normal;color:#f76a0c;-webkit-box-decoration-break:clone;box-decoration-break:clone;padding-top:0px;padding-right:0px;padding-bottom:0px;padding-left:0px;}<\/style>\n<li class=\"wp-block-kadence-listitem kt-svg-icon-list-item-wrap kt-svg-icon-list-item-4537_a2413c-48\"><span class=\"kb-svg-icon-wrap kb-svg-icon-fe_checkCircle kt-svg-icon-list-single\"><svg viewBox=\"0 0 24 24\"  fill=\"none\" stroke=\"currentColor\" stroke-width=\"3\" stroke-linecap=\"round\" stroke-linejoin=\"round\" xmlns=\"http:\/\/www.w3.org\/2000\/svg\"  aria-hidden=\"true\"><path d=\"M22 11.08V12a10 10 0 1 1-5.93-9.14\"\/><polyline points=\"22 4 12 14.01 9 11.01\"\/><\/svg><\/span><span class=\"kt-svg-icon-list-text\">Seien Sie stolz auf Ihr Engagement f\u00fcr die Umwelt, indem Sie sich f\u00fcr innovatives Apfelleder entscheiden, das aus den R\u00fcckst\u00e4nden der Apfelsaftproduktion hergestellt wird.<\/span><\/li>\n\n\n<style>.kt-svg-icon-list-item-4537_fbe3d0-8e .kt-svg-icon-list-text mark.kt-highlight{background-color:unset;font-style:normal;color:#f76a0c;-webkit-box-decoration-break:clone;box-decoration-break:clone;padding-top:0px;padding-right:0px;padding-bottom:0px;padding-left:0px;}<\/style>\n<li class=\"wp-block-kadence-listitem kt-svg-icon-list-item-wrap kt-svg-icon-list-item-4537_fbe3d0-8e\"><span class=\"kb-svg-icon-wrap kb-svg-icon-fe_checkCircle kt-svg-icon-list-single\"><svg viewBox=\"0 0 24 24\"  fill=\"none\" stroke=\"currentColor\" stroke-width=\"3\" stroke-linecap=\"round\" stroke-linejoin=\"round\" xmlns=\"http:\/\/www.w3.org\/2000\/svg\"  aria-hidden=\"true\"><path d=\"M22 11.08V12a10 10 0 1 1-5.93-9.14\"\/><polyline points=\"22 4 12 14.01 9 11.01\"\/><\/svg><\/span><span class=\"kt-svg-icon-list-text\">Vervollst\u00e4ndigen Sie nat\u00fcrlich Ihren Kleiderschrank mit diesen vielseitigen und zeitlosen Stiefeletten, die jedes Outfit in Ihrem Kleiderschrank aufwerten.<\/span><\/li>\n<\/ul><\/div>\n\n\n\n<p>Ohne Grausamkeit gegen\u00fcber Tieren, ohne Kompromisse beim Stil und ohne Bedauern&#8230;<\/p>\n\n\n\n<p>F\u00fcr den Preis eines Markenschuhs investieren Sie in ethische und langlebige Schuhe, die nicht nur gut f\u00fcr Sie sind, sondern auch dazu beitragen, unseren kostbaren Planeten zu erhalten.<\/p>\n\n\n\n<p>Bereit, einen Schritt in eine ethischere, stilvollere und komfortablere Zukunft zu machen? Die <strong>Lydia Black<\/strong> sind sehr gefragt und die Best\u00e4nde schwinden im Nu. Verpassen Sie nicht diese Gelegenheit!<\/p>\n","protected":false},"excerpt":{"rendered":"<p>Sind Sie auf der Suche nach High Heel Boots, die mutigen Stil mit \u00f6kologischem Engagement vereinen? M\u00f6chten Sie in hochwertige Schuhe investieren, die Ihre tiefen Werte widerspiegeln? Verbessern Sie Ihren Look und setzen Sie gleichzeitig ein Zeichen f\u00fcr Nachhaltigkeit mit den Lydia Black: schwarze Damenschuhe mit Absatz aus Apfelleder, einer innovativen und umweltfreundlichen veganen Alternative&#8230;.<\/p>\n","protected":false},"featured_media":8208,"comment_status":"open","ping_status":"closed","template":"","meta":{"_acf_changed":false,"_kad_blocks_custom_css":"","_kad_blocks_head_custom_js":"","_kad_blocks_body_custom_js":"","_kad_blocks_footer_custom_js":"","_kad_post_transparent":"","_kad_post_title":"","_kad_post_layout":"","_kad_post_sidebar_id":"","_kad_post_content_style":"","_kad_post_vertical_padding":"","_kad_post_feature":"","_kad_post_feature_position":"","_kad_post_header":false,"_kad_post_footer":false,"_kad_post_classname":""},"product_brand":[],"product_cat":[484,413],"product_tag":[447],"product_brands":[685],"class_list":{"0":"post-10939","1":"product","2":"type-product","3":"status-publish","4":"has-post-thumbnail","6":"product_cat-bottines-de","7":"product_cat-schuhe-fuer-maenner-und-frauen","8":"product_tag-frau","9":"product_brands-nae-vegan-shoes-de","11":"first","12":"outofstock","13":"taxable","14":"shipping-taxable","15":"purchasable","16":"product-type-variable","17":"has-default-attributes","18":"entry","19":"content-bg","20":"loop-entry"},"acf":{"avantages":"\ud83c\udf1f Einfarbiges Design mit diskretem Rei\u00dfverschluss f\u00fcr einfaches Anziehen.\r\n\r\n\ud83c\udf2c\ufe0f Hypoallergene, atmungsaktive und antibakterielle Materialien f\u00fcr den ganzt\u00e4gigen Frischeeffekt.\r\n\r\n\ud83d\udee1\ufe0f Feuchtigkeitsabweisende und gepolsterte Sohle mit weichem Futter f\u00fcr ultimativen Komfort.\r\n\r\n\ud83d\udc83 Attraktiver und vielseitiger veganer Schuh f\u00fcr alle Anl\u00e4sse.\r\n\r\n\ud83c\udf4f Obermaterial aus Apfelleder, hergestellt aus Fasern von Apfelsaftproduktionsabf\u00e4llen.\r\n\r\n\ud83d\udd12 Praktischer Rei\u00dfverschluss.\r\n\r\n\ud83c\udf31 Futter aus atmungsaktivem, antibakteriellem, antimikrobiellem und umweltfreundlichem veganem Leder OnSteam.\r\n\r\n\ud83c\udfcb\ufe0f Gepolsterte Einlegesohle aus laminiertem EVA-Gummi mit feuchtigkeitsabweisender Mikrofaser.\r\n\r\n\ud83d\udc63 Langlebige und rutschfeste Laufsohle f\u00fcr maximale Haftung.\r\n\r\n\ud83d\udc60 8 cm Absatz f\u00fcr einen eleganten und femininen Look.\ud83c\uddf5\ud83c\uddf9 Mit Liebe in Portugal hergestellt, mit umweltfreundlichen Materialien und Verfahren. In einer fairen Arbeitsumgebung.","entretien":"1. Reinigen Sie die veganen Schuhe mit einem in Seifenwasser getr\u00e4nkten Tuch.\r\n\r\n2. Lassen Sie die Schuhe an der Luft trocknen, bevor Sie eine Reinigungscreme auftragen.\r\n\r\n3. Verwenden Sie eine Reinigungscreme, um Ihren Schuhen mehr Glanz zu verleihen. Geben Sie eine kleine Menge des Produkts auf eine weiche, trockene B\u00fcrste oder ein Tuch und reiben Sie es sanft in kreisenden Bewegungen ein, bis es vollst\u00e4ndig vom Material aufgenommen wurde.\r\n\r\n4. Lassen Sie die Schuhe 24 Stunden lang an der Luft trocknen, fern von direktem Sonnenlicht.Achtung:\r\n\r\n- Geben Sie Ihre Schuhe nicht in die Waschmaschine.\r\n\r\n- Tauchen Sie sie nicht in Wasser ein, da sie irreparable Sch\u00e4den erleiden k\u00f6nnten.Wenn Ihre veganen Schuhe das Ende ihrer Lebensdauer erreicht haben oder Sie sie nicht mehr ben\u00f6tigen, denken Sie daran, ihnen ein zweites Leben zu schenken. Verwenden Sie sie auf eine andere Weise selbst oder geben Sie sie einer anderen Person.","marque":""},"taxonomy_info":{"product_cat":[{"value":484,"label":"Bottines"},{"value":413,"label":"Schuhe"}],"product_tag":[{"value":447,"label":"Damenboutique"}],"product_brands":[{"value":685,"label":"NAE Vegan Shoes"}]},"featured_image_src_large":["https:\/\/ekomfort.lu\/wp-content\/uploads\/2023\/08\/lydia-black.jpg",700,700,false],"author_info":[],"comment_info":0,"_links":{"self":[{"href":"https:\/\/ekomfort.lu\/de\/wp-json\/wp\/v2\/product\/10939","targetHints":{"allow":["GET"]}}],"collection":[{"href":"https:\/\/ekomfort.lu\/de\/wp-json\/wp\/v2\/product"}],"about":[{"href":"https:\/\/ekomfort.lu\/de\/wp-json\/wp\/v2\/types\/product"}],"replies":[{"embeddable":true,"href":"https:\/\/ekomfort.lu\/de\/wp-json\/wp\/v2\/comments?post=10939"}],"wp:featuredmedia":[{"embeddable":true,"href":"https:\/\/ekomfort.lu\/de\/wp-json\/wp\/v2\/media\/8208"}],"wp:attachment":[{"href":"https:\/\/ekomfort.lu\/de\/wp-json\/wp\/v2\/media?parent=10939"}],"wp:term":[{"taxonomy":"product_brand","embeddable":true,"href":"https:\/\/ekomfort.lu\/de\/wp-json\/wp\/v2\/product_brand?post=10939"},{"taxonomy":"product_cat","embeddable":true,"href":"https:\/\/ekomfort.lu\/de\/wp-json\/wp\/v2\/product_cat?post=10939"},{"taxonomy":"product_tag","embeddable":true,"href":"https:\/\/ekomfort.lu\/de\/wp-json\/wp\/v2\/product_tag?post=10939"},{"taxonomy":"product_brands","embeddable":true,"href":"https:\/\/ekomfort.lu\/de\/wp-json\/wp\/v2\/product_brands?post=10939"}],"curies":[{"name":"wp","href":"https:\/\/api.w.org\/{rel}","templated":true}]}}