{"id":10930,"date":"2023-08-16T14:50:17","date_gmt":"2023-08-16T12:50:17","guid":{"rendered":"https:\/\/ekomfort.lu\/shop\/botte-chelsea-marron-lukas-brown-von-nae-das-zeitlose-ethik-statement"},"modified":"2024-07-01T12:12:13","modified_gmt":"2024-07-01T10:12:13","slug":"botte-chelsea-marron-lukas-brown-von-nae-das-zeitlose-ethik-statement","status":"publish","type":"product","link":"https:\/\/ekomfort.lu\/de\/shop\/botte-chelsea-marron-lukas-brown-von-nae-das-zeitlose-ethik-statement\/","title":{"rendered":"Botte Chelsea Marron Lukas Brown von Nae: Das zeitlose Ethik-Statement"},"content":{"rendered":"\n<p>Sie sind ein Mann mit feinem Geschmack, der jedoch seine ethischen Werte nicht f\u00fcr seine Garderobe aufgeben m\u00f6chte. Auf der Suche nach einem Paar <strong>Kn\u00f6chel schuhe<\/strong>, das Komfort, Langlebigkeit und Stil vereint?<\/p>\n\n\n\n<p>Machen Sie die Erfahrung der <strong>Lukas Brown<\/strong>, der <strong>veganen braunen Chelsea-Stiefel<\/strong> f\u00fcr M\u00e4nner. Diese Booties vereinen geschickt den Charme eines Klassikers, die Robustheit eines Must-Have und die Umweltvertr\u00e4glichkeit.<\/p>\n\n\n\n<p>Entscheiden Sie sich f\u00fcr die <strong>braune Chelsea Lukas Stiefeletten<\/strong> und:<\/p>\n\n\n<style>.wp-block-kadence-iconlist.kt-svg-icon-list-items10930_86883a-52:not(.this-stops-third-party-issues){margin-top:0px;margin-bottom:0px;}.wp-block-kadence-iconlist.kt-svg-icon-list-items10930_86883a-52 ul.kt-svg-icon-list:not(.this-prevents-issues):not(.this-stops-third-party-issues):not(.tijsloc){margin-top:0px;margin-right:0px;margin-bottom:var(--global-kb-spacing-sm, 1.5rem);margin-left:0px;}.wp-block-kadence-iconlist.kt-svg-icon-list-items10930_86883a-52 ul.kt-svg-icon-list{grid-row-gap:5px;}.wp-block-kadence-iconlist.kt-svg-icon-list-items10930_86883a-52 .kb-svg-icon-wrap{font-size:18px;color:var(--global-palette1, #3182CE);}.wp-block-kadence-iconlist.kt-svg-icon-list-items10930_86883a-52 ul.kt-svg-icon-list .kt-svg-icon-list-item-wrap .kt-svg-icon-list-single{margin-right:10px;}.kt-svg-icon-list-items10930_86883a-52 ul.kt-svg-icon-list .kt-svg-icon-list-level-0 .kt-svg-icon-list-single svg{font-size:20px;}<\/style>\n<div class=\"wp-block-kadence-iconlist kt-svg-icon-list-items kt-svg-icon-list-items10930_86883a-52 kt-svg-icon-list-columns-1 alignnone\"><ul class=\"kt-svg-icon-list\"><style>.kt-svg-icon-list-item-4536_e1551e-c5 .kt-svg-icon-list-text mark.kt-highlight{background-color:unset;font-style:normal;color:#f76a0c;-webkit-box-decoration-break:clone;box-decoration-break:clone;padding-top:0px;padding-right:0px;padding-bottom:0px;padding-left:0px;}<\/style>\n<li class=\"wp-block-kadence-listitem kt-svg-icon-list-item-wrap kt-svg-icon-list-item-4536_e1551e-c5\"><span class=\"kb-svg-icon-wrap kb-svg-icon-fe_checkCircle kt-svg-icon-list-single\"><svg viewBox=\"0 0 24 24\"  fill=\"none\" stroke=\"currentColor\" stroke-width=\"3\" stroke-linecap=\"round\" stroke-linejoin=\"round\" xmlns=\"http:\/\/www.w3.org\/2000\/svg\"  aria-hidden=\"true\"><path d=\"M22 11.08V12a10 10 0 1 1-5.93-9.14\"\/><polyline points=\"22 4 12 14.01 9 11.01\"\/><\/svg><\/span><span class=\"kt-svg-icon-list-text\">Bringen Sie mit diesen u003cstrongu003e braunen Chelsea-Stiefeln u003c\/strongu003e einen zeitlosen Look in Ihren Schritt ein, die mit einer eleganten Textur und feinen Veredelungen ausgestattet sind.<\/span><\/li>\n\n\n<style>.kt-svg-icon-list-item-4536_59c38c-d1 .kt-svg-icon-list-text mark.kt-highlight{background-color:unset;font-style:normal;color:#f76a0c;-webkit-box-decoration-break:clone;box-decoration-break:clone;padding-top:0px;padding-right:0px;padding-bottom:0px;padding-left:0px;}<\/style>\n<li class=\"wp-block-kadence-listitem kt-svg-icon-list-item-wrap kt-svg-icon-list-item-4536_59c38c-d1\"><span class=\"kb-svg-icon-wrap kb-svg-icon-fe_checkCircle kt-svg-icon-list-single\"><svg viewBox=\"0 0 24 24\"  fill=\"none\" stroke=\"currentColor\" stroke-width=\"3\" stroke-linecap=\"round\" stroke-linejoin=\"round\" xmlns=\"http:\/\/www.w3.org\/2000\/svg\"  aria-hidden=\"true\"><path d=\"M22 11.08V12a10 10 0 1 1-5.93-9.14\"\/><polyline points=\"22 4 12 14.01 9 11.01\"\/><\/svg><\/span><span class=\"kt-svg-icon-list-text\">Genie\u00dfen Sie un\u00fcbertroffenen Komfort dank einer gepolsterten EVA-Gummisohle, die Feuchtigkeit abweist. Sagen Sie Lebewohl zu Blasen und Schmerzen mit einer perfekten Balance zwischen Unterst\u00fctzung und Flexibilit\u00e4t.<\/span><\/li>\n\n\n<style>.kt-svg-icon-list-item-4536_a8047d-33 .kt-svg-icon-list-text mark.kt-highlight{background-color:unset;font-style:normal;color:#f76a0c;-webkit-box-decoration-break:clone;box-decoration-break:clone;padding-top:0px;padding-right:0px;padding-bottom:0px;padding-left:0px;}<\/style>\n<li class=\"wp-block-kadence-listitem kt-svg-icon-list-item-wrap kt-svg-icon-list-item-4536_a8047d-33\"><span class=\"kb-svg-icon-wrap kb-svg-icon-fe_checkCircle kt-svg-icon-list-single\"><svg viewBox=\"0 0 24 24\"  fill=\"none\" stroke=\"currentColor\" stroke-width=\"3\" stroke-linecap=\"round\" stroke-linejoin=\"round\" xmlns=\"http:\/\/www.w3.org\/2000\/svg\"  aria-hidden=\"true\"><path d=\"M22 11.08V12a10 10 0 1 1-5.93-9.14\"\/><polyline points=\"22 4 12 14.01 9 11.01\"\/><\/svg><\/span><span class=\"kt-svg-icon-list-text\">Treffen Sie die Wahl, Ihre \u00dcberzeugungen durch die Entscheidung f\u00fcr vegane Lederschuhe zu zeigen, eine mutige und umweltbewusste Entscheidung.<\/span><\/li>\n<\/ul><\/div>\n\n\n\n<p>Ohne sch\u00e4dliche Substanzen, ohne Grausamkeit, einfach ein unschlagbarer Stil&#8230;<\/p>\n\n\n\n<p>Zum Preis eines traditionellen Stiefelpaares w\u00e4hlen Sie den Komfort, die Eleganz und die Gelassenheit einer Entscheidung, die die Umwelt respektiert.<\/p>\n\n\n\n<p>Bereit, einen Stil zu w\u00e4hlen, der Bewusstsein und Eleganz vereint? Die Best\u00e4nde der <strong>braunen Chelsea-Stiefel Lukas Brown<\/strong> werden knapp und dieses Modell ist sehr gefragt. Z\u00f6gern Sie nicht, Ihre Wahl jetzt zu treffen!<\/p>\n","protected":false},"excerpt":{"rendered":"<p>Sie sind ein Mann mit feinem Geschmack, der jedoch seine ethischen Werte nicht f\u00fcr seine Garderobe aufgeben m\u00f6chte. Auf der Suche nach einem Paar Kn\u00f6chel schuhe, das Komfort, Langlebigkeit und Stil vereint? Machen Sie die Erfahrung der Lukas Brown, der veganen braunen Chelsea-Stiefel f\u00fcr M\u00e4nner. Diese Booties vereinen geschickt den Charme eines Klassikers, die Robustheit&#8230;<\/p>\n","protected":false},"featured_media":8888,"comment_status":"open","ping_status":"closed","template":"","meta":{"_acf_changed":false,"_kad_blocks_custom_css":"","_kad_blocks_head_custom_js":"","_kad_blocks_body_custom_js":"","_kad_blocks_footer_custom_js":"","_kad_post_transparent":"","_kad_post_title":"","_kad_post_layout":"","_kad_post_sidebar_id":"","_kad_post_content_style":"","_kad_post_vertical_padding":"","_kad_post_feature":"","_kad_post_feature_position":"","_kad_post_header":false,"_kad_post_footer":false},"product_brand":[],"product_cat":[413,414],"product_tag":[415],"product_brands":[685],"class_list":{"0":"post-10930","1":"product","2":"type-product","3":"status-publish","4":"has-post-thumbnail","6":"product_cat-schuhe-fuer-maenner-und-frauen","7":"product_cat-stiefel","8":"product_tag-mann","9":"product_brands-nae-vegan-shoes-de","11":"first","12":"outofstock","13":"taxable","14":"shipping-taxable","15":"purchasable","16":"product-type-variable","17":"has-default-attributes","18":"entry","19":"content-bg","20":"loop-entry"},"acf":{"avantages":"\ud83d\udca7 Wasserdicht, um Ihre F\u00fc\u00dfe jederzeit trocken zu halten.\r\n\r\n\ud83c\udf2c\ufe0f Atmungsaktiv f\u00fcr maximalen Komfort und Frische.\r\n\r\n\ud83c\udf31 Antimikrobiell und hypoallergen f\u00fcr optimale Hygiene und Reduzierung allergischer Reaktionen.\r\n\r\n\ud83c\udf0d Umweltfreundliche Materialien zur Nachhaltigkeit und zum Schutz der Umwelt.\r\n\r\n\ud83d\udc5e Schaft aus veganem Leder aus umweltfreundlichen Mikrofasern f\u00fcr eine tierfreundliche Alternative.\r\n\r\n\ud83d\udee1\ufe0f Futter aus Mikrofasern und PU f\u00fcr erh\u00f6hten Komfort und Haltbarkeit.\r\n\r\n\ud83d\udd17 Verschluss mit seitlichen elastischen B\u00e4ndern aus Elasthan f\u00fcr eine einfache und bequeme Passform.\r\n\r\n\ud83d\udc63 Gepolsterte Einlegesohle mit EVA-Gummi und feuchtigkeitsabweisender Mikrofaser f\u00fcr optimale D\u00e4mpfung und Schutz.\r\n\r\n\u2699\ufe0f Laufsohle aus expandiertem TR-Gummi (lange Lebensdauer) mit rutschfestem Profil f\u00fcr maximale Haftung und Haltbarkeit.\r\n\r\n\ud83c\uddf5\ud83c\uddf9 Hergestellt in Portugal unter Ber\u00fccksichtigung von Umwelt und fairen Arbeitsbedingungen, um nachhaltige und verantwortungsvolle Praktiken zu unterst\u00fctzen.","entretien":"1. Entfernen Sie Staub oder Schlamm mit einer weichen B\u00fcrste oder einem trockenen Tuch.\r\n\r\n2. Verwenden Sie ein feuchtes Tuch und reinigen Sie den gesamten Schuh sanft in kreisenden Bewegungen.\r\n\r\n3. Reinigen Sie Ihr Tuch regelm\u00e4\u00dfig, um eine Verschmutzung zu vermeiden.\r\n\r\n4. F\u00fcr hartn\u00e4ckige Flecken verwenden Sie eine weiche B\u00fcrste und Wasser, und reiben Sie sanft in kreisenden Bewegungen.\r\n\r\n5. Lassen Sie die Schuhe vor dem Auftragen einer Reinigungscreme an der Luft trocknen.\r\n\r\n6. Verwenden Sie eine kleine Menge Reinigungscreme auf einer weichen, trockenen B\u00fcrste oder einem Tuch und reiben Sie sanft in kreisenden Bewegungen, bis sie vollst\u00e4ndig eingezogen ist.\r\n\r\n7. Lassen Sie die Schuhe 24 Stunden lang an der Luft trocknen, fernab von direktem Sonnenlicht.Achtung:\r\n\r\n- Geben Sie Ihre Schuhe nicht in die Waschmaschine.\r\n\r\n- Tauchen Sie sie nicht in Wasser ein, da dies zu irreparablen Sch\u00e4den f\u00fchren k\u00f6nnte.Produktlebensdauer:Wenn Ihre veganen Schuhe das Ende ihrer Lebensdauer erreicht haben oder Sie sie nicht mehr ben\u00f6tigen, \u00fcberlegen Sie, ihnen ein zweites Leben zu geben. Verwenden Sie sie auf eine andere Weise selbst oder geben Sie sie jemand anderem.","marque":""},"_wp_attached_file":null,"_wp_attachment_image_alt":null,"rank_math_facebook_image":null,"rank_math_facebook_image_id":null,"wpml_language":null,"_wp_attachment_metadata":null,"rank_math_focus_keyword":"Lukas Brown, Botte Chelsea Marron","rank_math_title":null,"rank_math_description":null,"taxonomy_info":{"product_cat":[{"value":413,"label":"Schuhe"},{"value":414,"label":"Stiefel"}],"product_tag":[{"value":415,"label":"Herrenboutique"}],"product_brands":[{"value":685,"label":"NAE Vegan Shoes"}]},"featured_image_src_large":["https:\/\/ekomfort.lu\/wp-content\/uploads\/2023\/09\/lukas-brown.jpg",700,700,false],"author_info":[],"comment_info":0,"_links":{"self":[{"href":"https:\/\/ekomfort.lu\/de\/wp-json\/wp\/v2\/product\/10930","targetHints":{"allow":["GET"]}}],"collection":[{"href":"https:\/\/ekomfort.lu\/de\/wp-json\/wp\/v2\/product"}],"about":[{"href":"https:\/\/ekomfort.lu\/de\/wp-json\/wp\/v2\/types\/product"}],"replies":[{"embeddable":true,"href":"https:\/\/ekomfort.lu\/de\/wp-json\/wp\/v2\/comments?post=10930"}],"wp:featuredmedia":[{"embeddable":true,"href":"https:\/\/ekomfort.lu\/de\/wp-json\/wp\/v2\/media\/8888"}],"wp:attachment":[{"href":"https:\/\/ekomfort.lu\/de\/wp-json\/wp\/v2\/media?parent=10930"}],"wp:term":[{"taxonomy":"product_brand","embeddable":true,"href":"https:\/\/ekomfort.lu\/de\/wp-json\/wp\/v2\/product_brand?post=10930"},{"taxonomy":"product_cat","embeddable":true,"href":"https:\/\/ekomfort.lu\/de\/wp-json\/wp\/v2\/product_cat?post=10930"},{"taxonomy":"product_tag","embeddable":true,"href":"https:\/\/ekomfort.lu\/de\/wp-json\/wp\/v2\/product_tag?post=10930"},{"taxonomy":"product_brands","embeddable":true,"href":"https:\/\/ekomfort.lu\/de\/wp-json\/wp\/v2\/product_brands?post=10930"}],"curies":[{"name":"wp","href":"https:\/\/api.w.org\/{rel}","templated":true}]}}