{"id":10921,"date":"2023-08-16T14:50:17","date_gmt":"2023-08-16T12:50:17","guid":{"rendered":"https:\/\/ekomfort.lu\/shop\/botte-knoechel-chelsea-lukas-black-von-nae-die-perfekte-synthese-aus-vielseitigkeit-komfort-und-zeitloser-eleganz"},"modified":"2024-07-01T12:12:12","modified_gmt":"2024-07-01T10:12:12","slug":"botte-knoechel-chelsea-lukas-black-von-nae-die-perfekte-synthese-aus-vielseitigkeit-komfort-und-zeitloser-eleganz","status":"publish","type":"product","link":"https:\/\/ekomfort.lu\/de\/shop\/botte-knoechel-chelsea-lukas-black-von-nae-die-perfekte-synthese-aus-vielseitigkeit-komfort-und-zeitloser-eleganz\/","title":{"rendered":"Botte Kn\u00f6chel Chelsea Lukas Black von Nae: Die perfekte Synthese aus Vielseitigkeit Komfort und zeitloser Eleganz"},"content":{"rendered":"\n<p>Sind Sie auf der Suche nach qualitativ hochwertigen <strong>Chelsea Stiefeln f\u00fcr M\u00e4nner<\/strong>, die \u00c4sthetik, Wohlbefinden und Respekt f\u00fcr Ihre ethischen Werte vereinen? M\u00fcde, immer zwischen Stil, Komfort und \u00f6kologischem Bewusstsein w\u00e4hlen zu m\u00fcssen?<\/p>\n\n\n\n<p>Entdecken Sie die <strong>Lukas Black<\/strong> von Nae, ein <strong>zeitlos-moderner Chelsea-Stiefel<\/strong>, der Funktionalit\u00e4t, Stil und Umweltengagement perfekt vereint.<\/p>\n\n\n\n<p>G\u00f6nnen Sie sich das Vergn\u00fcgen der <strong>Chelsea Stiefel Lukas Schwarz<\/strong> und :<\/p>\n\n\n<style>.wp-block-kadence-iconlist.kt-svg-icon-list-items10921_3f179b-a4:not(.this-stops-third-party-issues){margin-top:0px;margin-bottom:0px;}.wp-block-kadence-iconlist.kt-svg-icon-list-items10921_3f179b-a4 ul.kt-svg-icon-list:not(.this-prevents-issues):not(.this-stops-third-party-issues):not(.tijsloc){margin-top:0px;margin-right:0px;margin-bottom:var(--global-kb-spacing-sm, 1.5rem);margin-left:0px;}.wp-block-kadence-iconlist.kt-svg-icon-list-items10921_3f179b-a4 ul.kt-svg-icon-list{grid-row-gap:5px;}.wp-block-kadence-iconlist.kt-svg-icon-list-items10921_3f179b-a4 .kb-svg-icon-wrap{font-size:18px;color:var(--global-palette1, #3182CE);}.wp-block-kadence-iconlist.kt-svg-icon-list-items10921_3f179b-a4 ul.kt-svg-icon-list .kt-svg-icon-list-item-wrap .kt-svg-icon-list-single{margin-right:10px;}.kt-svg-icon-list-items10921_3f179b-a4 ul.kt-svg-icon-list .kt-svg-icon-list-level-0 .kt-svg-icon-list-single svg{font-size:20px;}<\/style>\n<div class=\"wp-block-kadence-iconlist kt-svg-icon-list-items kt-svg-icon-list-items10921_3f179b-a4 kt-svg-icon-list-columns-1 alignnone\"><ul class=\"kt-svg-icon-list\"><style>.kt-svg-icon-list-item-4535_9ebc54-67 .kt-svg-icon-list-text mark.kt-highlight{background-color:unset;font-style:normal;color:#f76a0c;-webkit-box-decoration-break:clone;box-decoration-break:clone;padding-top:0px;padding-right:0px;padding-bottom:0px;padding-left:0px;}<\/style>\n<li class=\"wp-block-kadence-listitem kt-svg-icon-list-item-wrap kt-svg-icon-list-item-4535_9ebc54-67\"><span class=\"kb-svg-icon-wrap kb-svg-icon-fe_checkCircle kt-svg-icon-list-single\"><svg viewBox=\"0 0 24 24\"  fill=\"none\" stroke=\"currentColor\" stroke-width=\"3\" stroke-linecap=\"round\" stroke-linejoin=\"round\" xmlns=\"http:\/\/www.w3.org\/2000\/svg\"  aria-hidden=\"true\"><path d=\"M22 11.08V12a10 10 0 1 1-5.93-9.14\"\/><polyline points=\"22 4 12 14.01 9 11.01\"\/><\/svg><\/span><span class=\"kt-svg-icon-list-text\">Genie\u00dfen Sie optimalen Komfort durch hypoallergenen und atmungsaktiven veganen Leder, das Ihre F\u00fc\u00dfe trocken h\u00e4lt und Ger\u00fcche verhindert. Dar\u00fcber hinaus sorgt die EVA-Gummisohle f\u00fcr eine perfekte D\u00e4mpfung, um Reibung und Blasenbildung zu vermeiden.<\/span><\/li>\n\n\n<style>.kt-svg-icon-list-item-4535_d51fa8-d6 .kt-svg-icon-list-text mark.kt-highlight{background-color:unset;font-style:normal;color:#f76a0c;-webkit-box-decoration-break:clone;box-decoration-break:clone;padding-top:0px;padding-right:0px;padding-bottom:0px;padding-left:0px;}<\/style>\n<li class=\"wp-block-kadence-listitem kt-svg-icon-list-item-wrap kt-svg-icon-list-item-4535_d51fa8-d6\"><span class=\"kb-svg-icon-wrap kb-svg-icon-fe_checkCircle kt-svg-icon-list-single\"><svg viewBox=\"0 0 24 24\"  fill=\"none\" stroke=\"currentColor\" stroke-width=\"3\" stroke-linecap=\"round\" stroke-linejoin=\"round\" xmlns=\"http:\/\/www.w3.org\/2000\/svg\"  aria-hidden=\"true\"><path d=\"M22 11.08V12a10 10 0 1 1-5.93-9.14\"\/><polyline points=\"22 4 12 14.01 9 11.01\"\/><\/svg><\/span><span class=\"kt-svg-icon-list-text\">Fordern Sie Ihren Look mit einem zeitlosen und sauberen Design, erg\u00e4nzt durch einen mutigen Touch mit profilierten Sohlen. Sie werden sich m\u00fchelos an eine breite Palette von Outfits und Anl\u00e4ssen anpassen.<\/span><\/li>\n\n\n<style>.kt-svg-icon-list-item-4535_6417c2-51 .kt-svg-icon-list-text mark.kt-highlight{background-color:unset;font-style:normal;color:#f76a0c;-webkit-box-decoration-break:clone;box-decoration-break:clone;padding-top:0px;padding-right:0px;padding-bottom:0px;padding-left:0px;}<\/style>\n<li class=\"wp-block-kadence-listitem kt-svg-icon-list-item-wrap kt-svg-icon-list-item-4535_6417c2-51\"><span class=\"kb-svg-icon-wrap kb-svg-icon-fe_checkCircle kt-svg-icon-list-single\"><svg viewBox=\"0 0 24 24\"  fill=\"none\" stroke=\"currentColor\" stroke-width=\"3\" stroke-linecap=\"round\" stroke-linejoin=\"round\" xmlns=\"http:\/\/www.w3.org\/2000\/svg\"  aria-hidden=\"true\"><path d=\"M22 11.08V12a10 10 0 1 1-5.93-9.14\"\/><polyline points=\"22 4 12 14.01 9 11.01\"\/><\/svg><\/span><span class=\"kt-svg-icon-list-text\">Treffen Sie die Wahl f\u00fcr Ethik und Umweltverantwortung, ohne Kompromisse beim Design und Komfort einzugehen. Unsere Stiefeletten werden aus innovativen und nachhaltigen Materialien hergestellt, ohne jegliche Tierqu\u00e4lerei.<\/span><\/li>\n<\/ul><\/div>\n\n\n\n<p>Unter Ausschluss jeglicher Anwesenheit von giftigen Produkten und ohne Kompromisse in Bezug auf Komfort oder Stil&#8230;<\/p>\n\n\n\n<p>F\u00fcr den Preis einfacher Stiefeletten investieren Sie in ein langlebiges Paar Schuhe, w\u00e4hrend Sie einen umweltfreundlicheren und lebenserhaltenden Ansatz unterst\u00fctzen.<\/p>\n\n\n\n<p>Dann, sind Sie bereit, den Schritt zu einem bewussteren und eleganteren Ansatz zu machen? Unsere Best\u00e4nde von <strong>Lukas Black<\/strong> sind begrenzt und sehr gefragt. Warten Sie nicht!<\/p>\n","protected":false},"excerpt":{"rendered":"<p>Sind Sie auf der Suche nach qualitativ hochwertigen Chelsea Stiefeln f\u00fcr M\u00e4nner, die \u00c4sthetik, Wohlbefinden und Respekt f\u00fcr Ihre ethischen Werte vereinen? M\u00fcde, immer zwischen Stil, Komfort und \u00f6kologischem Bewusstsein w\u00e4hlen zu m\u00fcssen? Entdecken Sie die Lukas Black von Nae, ein zeitlos-moderner Chelsea-Stiefel, der Funktionalit\u00e4t, Stil und Umweltengagement perfekt vereint. G\u00f6nnen Sie sich das Vergn\u00fcgen&#8230;<\/p>\n","protected":false},"featured_media":8880,"comment_status":"open","ping_status":"closed","template":"","meta":{"_acf_changed":false,"_kad_blocks_custom_css":"","_kad_blocks_head_custom_js":"","_kad_blocks_body_custom_js":"","_kad_blocks_footer_custom_js":"","_kad_post_transparent":"","_kad_post_title":"","_kad_post_layout":"","_kad_post_sidebar_id":"","_kad_post_content_style":"","_kad_post_vertical_padding":"","_kad_post_feature":"","_kad_post_feature_position":"","_kad_post_header":false,"_kad_post_footer":false,"_kad_post_classname":""},"product_brand":[],"product_cat":[414,413],"product_tag":[415],"product_brands":[685],"class_list":{"0":"post-10921","1":"product","2":"type-product","3":"status-publish","4":"has-post-thumbnail","6":"product_cat-stiefel","7":"product_cat-schuhe-fuer-maenner-und-frauen","8":"product_tag-mann","9":"product_brands-nae-vegan-shoes-de","11":"first","12":"outofstock","13":"taxable","14":"shipping-taxable","15":"purchasable","16":"product-type-variable","17":"has-default-attributes","18":"entry","19":"content-bg","20":"loop-entry"},"acf":{"avantages":"\ud83d\udca6 Wasserdicht, um deine F\u00fc\u00dfe trocken zu halten.\r\n\r\n\ud83c\udf2c\ufe0f Atmungsaktiv f\u00fcr optimale Luftzirkulation und ein frisches Gef\u00fchl.\r\n\r\n\ud83e\udd27 Antimikrobiell und hypoallergen f\u00fcr eine makellose Hygiene und zur Minimierung allergischer Reaktionen.\r\n\r\n\ud83c\udf3f Umweltfreundliche Materialien f\u00fcr eine \u00f6kologische und verantwortungsvolle Alternative.\r\n\r\n\ud83d\udc5e Obermaterial aus veganem Leder aus umweltfreundlichen Mikrofasern, das Aussehen und Textur von Leder bietet, ohne Tieren zu schaden.\r\n\r\n\ud83d\udc63 Futter aus 90% Mikrofasern und 10% PU f\u00fcr langanhaltenden Komfort.\r\n\r\n\ud83d\udd0c Verschluss mit seitlichen elastischen B\u00e4ndern aus Elasthan f\u00fcr eine einfache und bequeme Anpassung.\r\n\r\n\ud83d\udca7 Gepolsterte Einlegesohle mit EVA-Gummi und laminiert mit feuchtigkeitsabweisender Mikrofaser f\u00fcr D\u00e4mpfung und Feuchtigkeitsschutz.\r\n\r\n\ud83c\udfc3 Laufsohle aus expandiertem TR-Gummi mit rutschfestem Profil f\u00fcr optimale Haftung und Haltbarkeit.\r\n\r\n\ud83c\uddf5\ud83c\uddf9 Sorgf\u00e4ltig in Portugal hergestellt unter Verwendung umweltfreundlicher Materialien und Herstellungsprozesse.","entretien":"1. Entfernen Sie den Staub oder Schlamm von Ihren Schuhen, bevor Sie sie anfeuchten. Verwenden Sie eine weiche B\u00fcrste oder ein trockenes Tuch.\r\n\r\n2. Verwenden Sie ein feuchtes Tuch und reiben Sie sanft in kreisenden Bewegungen, um den gesamten Schuh zu reinigen. Reinigen Sie regelm\u00e4\u00dfig Ihr Tuch, um eine Verschmutzung zu vermeiden.\r\n\r\n3. Verwenden Sie f\u00fcr hartn\u00e4ckige Flecken eine weiche B\u00fcrste und Wasser, und reiben Sie sanft in kreisenden Bewegungen.\r\n\r\n4. Lassen Sie die Schuhe vor dem Auftragen einer Reinigungscreme an der Luft trocknen.\r\n\r\n5. Verwenden Sie eine Reinigungscreme, um Ihren Schuhen mehr Glanz zu verleihen. Geben Sie eine kleine Menge Produkt auf eine weiche, trockene B\u00fcrste oder ein Tuch und reiben Sie es sanft in kreisenden Bewegungen ein, bis es vollst\u00e4ndig eingezogen ist.\r\n\r\n6. Lassen Sie die Schuhe 24 Stunden lang an der Luft trocknen, fern von direktem Sonnenlicht.Achtung:\r\n\r\n- Geben Sie Ihre Schuhe nicht in die Waschmaschine.\r\n\r\n- Tauchen Sie sie nicht in Wasser ein, da sie irreparable Sch\u00e4den erleiden k\u00f6nnten.Wenn Ihre veganen Schuhe das Ende ihrer Lebensdauer erreicht haben oder Sie sie nicht mehr ben\u00f6tigen, erw\u00e4gen Sie, ihnen eine zweite Verwendung zu geben.","marque":""},"taxonomy_info":{"product_cat":[{"value":414,"label":"Stiefel"},{"value":413,"label":"Schuhe"}],"product_tag":[{"value":415,"label":"Herrenboutique"}],"product_brands":[{"value":685,"label":"NAE Vegan Shoes"}]},"featured_image_src_large":["https:\/\/ekomfort.lu\/wp-content\/uploads\/2023\/09\/lukas-black.jpg",700,700,false],"author_info":[],"comment_info":0,"_links":{"self":[{"href":"https:\/\/ekomfort.lu\/de\/wp-json\/wp\/v2\/product\/10921","targetHints":{"allow":["GET"]}}],"collection":[{"href":"https:\/\/ekomfort.lu\/de\/wp-json\/wp\/v2\/product"}],"about":[{"href":"https:\/\/ekomfort.lu\/de\/wp-json\/wp\/v2\/types\/product"}],"replies":[{"embeddable":true,"href":"https:\/\/ekomfort.lu\/de\/wp-json\/wp\/v2\/comments?post=10921"}],"wp:featuredmedia":[{"embeddable":true,"href":"https:\/\/ekomfort.lu\/de\/wp-json\/wp\/v2\/media\/8880"}],"wp:attachment":[{"href":"https:\/\/ekomfort.lu\/de\/wp-json\/wp\/v2\/media?parent=10921"}],"wp:term":[{"taxonomy":"product_brand","embeddable":true,"href":"https:\/\/ekomfort.lu\/de\/wp-json\/wp\/v2\/product_brand?post=10921"},{"taxonomy":"product_cat","embeddable":true,"href":"https:\/\/ekomfort.lu\/de\/wp-json\/wp\/v2\/product_cat?post=10921"},{"taxonomy":"product_tag","embeddable":true,"href":"https:\/\/ekomfort.lu\/de\/wp-json\/wp\/v2\/product_tag?post=10921"},{"taxonomy":"product_brands","embeddable":true,"href":"https:\/\/ekomfort.lu\/de\/wp-json\/wp\/v2\/product_brands?post=10921"}],"curies":[{"name":"wp","href":"https:\/\/api.w.org\/{rel}","templated":true}]}}