{"id":10913,"date":"2023-08-16T14:50:18","date_gmt":"2023-08-16T12:50:18","guid":{"rendered":"https:\/\/ekomfort.lu\/shop\/magnolia-red-sandalen-mit-ueberkreuzten-riemen-und-absaetzen-aus-veganem-leder-von-nae-ein-schritt-in-richtung-ethischem-und-schickem-stil"},"modified":"2024-07-01T12:12:09","modified_gmt":"2024-07-01T10:12:09","slug":"magnolia-red-sandalen-mit-ueberkreuzten-riemen-und-absaetzen-aus-veganem-leder-von-nae-ein-schritt-in-richtung-ethischem-und-schickem-stil","status":"publish","type":"product","link":"https:\/\/ekomfort.lu\/de\/shop\/magnolia-red-sandalen-mit-ueberkreuzten-riemen-und-absaetzen-aus-veganem-leder-von-nae-ein-schritt-in-richtung-ethischem-und-schickem-stil\/","title":{"rendered":"Magnolia Red: Sandalen mit \u00fcberkreuzten Riemen und Abs\u00e4tzen aus veganem Leder von Nae: Ein Schritt in Richtung ethischem und schickem Stil"},"content":{"rendered":"\n<p>Suchen Sie nach <strong>roten Absatzschuhen<\/strong>, die Ihre Werte verk\u00f6rpern und Ihre Eleganz unterstreichen? M\u00f6chten Sie eine perfekte Harmonie zwischen \u00f6kologischer Verantwortung und anspruchsvollem Design?<\/p>\n\n\n\n<p>Einf\u00fchrung der <strong>Magnolia Red<\/strong>, der <strong>Kreuzriemen-Sandaletten mit Absatz<\/strong>, die ein raffiniertes Design bieten und gleichzeitig unsere Umwelt respektieren.<\/p>\n\n\n\n<p>Mit den Magnolia Red:<\/p>\n\n\n<style>.wp-block-kadence-iconlist.kt-svg-icon-list-items10913_e92dd3-10:not(.this-stops-third-party-issues){margin-top:0px;margin-bottom:0px;}.wp-block-kadence-iconlist.kt-svg-icon-list-items10913_e92dd3-10 ul.kt-svg-icon-list:not(.this-prevents-issues):not(.this-stops-third-party-issues):not(.tijsloc){margin-top:0px;margin-right:0px;margin-bottom:var(--global-kb-spacing-sm, 1.5rem);margin-left:0px;}.wp-block-kadence-iconlist.kt-svg-icon-list-items10913_e92dd3-10 ul.kt-svg-icon-list{grid-row-gap:5px;}.wp-block-kadence-iconlist.kt-svg-icon-list-items10913_e92dd3-10 .kb-svg-icon-wrap{font-size:18px;color:var(--global-palette1, #3182CE);}.wp-block-kadence-iconlist.kt-svg-icon-list-items10913_e92dd3-10 ul.kt-svg-icon-list .kt-svg-icon-list-item-wrap .kt-svg-icon-list-single{margin-right:10px;}.kt-svg-icon-list-items10913_e92dd3-10 ul.kt-svg-icon-list .kt-svg-icon-list-level-0 .kt-svg-icon-list-single svg{font-size:20px;}<\/style>\n<div class=\"wp-block-kadence-iconlist kt-svg-icon-list-items kt-svg-icon-list-items10913_e92dd3-10 kt-svg-icon-list-columns-1 alignnone\"><ul class=\"kt-svg-icon-list\"><style>.kt-svg-icon-list-item-4538_0bac66-a7 .kt-svg-icon-list-text mark.kt-highlight{background-color:unset;font-style:normal;color:#f76a0c;-webkit-box-decoration-break:clone;box-decoration-break:clone;padding-top:0px;padding-right:0px;padding-bottom:0px;padding-left:0px;}<\/style>\n<li class=\"wp-block-kadence-listitem kt-svg-icon-list-item-wrap kt-svg-icon-list-item-4538_0bac66-a7\"><span class=\"kb-svg-icon-wrap kb-svg-icon-fe_checkCircle kt-svg-icon-list-single\"><svg viewBox=\"0 0 24 24\"  fill=\"none\" stroke=\"currentColor\" stroke-width=\"3\" stroke-linecap=\"round\" stroke-linejoin=\"round\" xmlns=\"http:\/\/www.w3.org\/2000\/svg\"  aria-hidden=\"true\"><path d=\"M22 11.08V12a10 10 0 1 1-5.93-9.14\"\/><polyline points=\"22 4 12 14.01 9 11.01\"\/><\/svg><\/span><span class=\"kt-svg-icon-list-text\">Dr\u00fccken Sie Ihre Individualit\u00e4t mit diesen minimalistischen, aber mutigen Sandalen aus, die mit gekreuzten Riemen f\u00fcr optimale Unterst\u00fctzung ausgestattet sind. Ein einfaches Nae-Logo ist Ihr einzigartiger Schmuck f\u00fcr einen minimalistischen und modischen Look.<\/span><\/li>\n\n\n<style>.kt-svg-icon-list-item-4538_8aa8c7-39 .kt-svg-icon-list-text mark.kt-highlight{background-color:unset;font-style:normal;color:#f76a0c;-webkit-box-decoration-break:clone;box-decoration-break:clone;padding-top:0px;padding-right:0px;padding-bottom:0px;padding-left:0px;}<\/style>\n<li class=\"wp-block-kadence-listitem kt-svg-icon-list-item-wrap kt-svg-icon-list-item-4538_8aa8c7-39\"><span class=\"kb-svg-icon-wrap kb-svg-icon-fe_checkCircle kt-svg-icon-list-single\"><svg viewBox=\"0 0 24 24\"  fill=\"none\" stroke=\"currentColor\" stroke-width=\"3\" stroke-linecap=\"round\" stroke-linejoin=\"round\" xmlns=\"http:\/\/www.w3.org\/2000\/svg\"  aria-hidden=\"true\"><path d=\"M22 11.08V12a10 10 0 1 1-5.93-9.14\"\/><polyline points=\"22 4 12 14.01 9 11.01\"\/><\/svg><\/span><span class=\"kt-svg-icon-list-text\">Tanzen Sie im Rhythmus Ihres Tages in Leichtigkeit und Eleganz dank einer Holzsohle auf einer organischen Kautschukbasis vom Typ Cr\u00eape. Jeder Schritt ist flexibel, weich und rutschfest.<\/span><\/li>\n\n\n<style>.kt-svg-icon-list-item-4538_c272e4-c9 .kt-svg-icon-list-text mark.kt-highlight{background-color:unset;font-style:normal;color:#f76a0c;-webkit-box-decoration-break:clone;box-decoration-break:clone;padding-top:0px;padding-right:0px;padding-bottom:0px;padding-left:0px;}<\/style>\n<li class=\"wp-block-kadence-listitem kt-svg-icon-list-item-wrap kt-svg-icon-list-item-4538_c272e4-c9\"><span class=\"kb-svg-icon-wrap kb-svg-icon-fe_checkCircle kt-svg-icon-list-single\"><svg viewBox=\"0 0 24 24\"  fill=\"none\" stroke=\"currentColor\" stroke-width=\"3\" stroke-linecap=\"round\" stroke-linejoin=\"round\" xmlns=\"http:\/\/www.w3.org\/2000\/svg\"  aria-hidden=\"true\"><path d=\"M22 11.08V12a10 10 0 1 1-5.93-9.14\"\/><polyline points=\"22 4 12 14.01 9 11.01\"\/><\/svg><\/span><span class=\"kt-svg-icon-list-text\">Geben Sie der Erde mit diesen Schuhen aus Pi\u00f1atex, einem innovativen und umweltfreundlichen Material, das aus Ananasblattfasern hergestellt wird, neuen Schwung.<\/span><\/li>\n<\/ul><\/div>\n\n\n\n<p>Ohne Grausamkeit, ohne sch\u00e4dliche Substanzen, ohne \u00fcberm\u00e4\u00dfiges Schwitzen, ohne unangenehme Ger\u00fcche&#8230;<\/p>\n\n\n\n<p>Und das zu einem Preis, den Sie f\u00fcr ein Paar traditionelle Schuhe f\u00fcr angemessen halten w\u00fcrden.<\/p>\n\n\n\n<p>Bist du bereit, deinen Beitrag auf dem Weg zu einer stilvolleren und ethischeren Zukunft zu leisten? Die Best\u00e4nde von <strong>Magnolia Red<\/strong> sinken, und dieses Modell begeistert diejenigen, wie Sie, die Mode und Umweltbewusstsein vereinen m\u00f6chten. Verlieren Sie keine Zeit!<\/p>\n","protected":false},"excerpt":{"rendered":"<p>Suchen Sie nach roten Absatzschuhen, die Ihre Werte verk\u00f6rpern und Ihre Eleganz unterstreichen? M\u00f6chten Sie eine perfekte Harmonie zwischen \u00f6kologischer Verantwortung und anspruchsvollem Design? Einf\u00fchrung der Magnolia Red, der Kreuzriemen-Sandaletten mit Absatz, die ein raffiniertes Design bieten und gleichzeitig unsere Umwelt respektieren. Mit den Magnolia Red: Ohne Grausamkeit, ohne sch\u00e4dliche Substanzen, ohne \u00fcberm\u00e4\u00dfiges Schwitzen, ohne&#8230;<\/p>\n","protected":false},"featured_media":8216,"comment_status":"open","ping_status":"closed","template":"","meta":{"_acf_changed":false,"_kad_blocks_custom_css":"","_kad_blocks_head_custom_js":"","_kad_blocks_body_custom_js":"","_kad_blocks_footer_custom_js":"","_kad_post_transparent":"","_kad_post_title":"","_kad_post_layout":"","_kad_post_sidebar_id":"","_kad_post_content_style":"","_kad_post_vertical_padding":"","_kad_post_feature":"","_kad_post_feature_position":"","_kad_post_header":false,"_kad_post_footer":false,"_kad_post_classname":""},"product_brand":[],"product_cat":[459,413],"product_tag":[447],"product_brands":[685],"class_list":{"0":"post-10913","1":"product","2":"type-product","3":"status-publish","4":"has-post-thumbnail","6":"product_cat-sandalen","7":"product_cat-schuhe-fuer-maenner-und-frauen","8":"product_tag-frau","9":"product_brands-nae-vegan-shoes-de","11":"first","12":"outofstock","13":"taxable","14":"shipping-taxable","15":"purchasable","16":"product-type-variable","17":"has-default-attributes","18":"entry","19":"content-bg","20":"loop-entry"},"acf":{"avantages":"\ud83d\udca8 Atmungsaktiv: Bietet eine gute Luftzirkulation, um deine F\u00fc\u00dfe frisch und trocken zu halten.\r\n\r\n\ud83c\udf0d Umweltfreundlich: Verwendet umweltfreundliche Materialien und Herstellungsprozesse, um deinen \u00f6kologischen Fu\u00dfabdruck zu reduzieren.\ud83d\udd2c Antimikrobiell: Behandelt, um Bakterien und Mikroben zu hemmen, f\u00fcr optimale Hygiene und Geruchspr\u00e4vention.\r\n\r\n\ud83c\udf31 Hypoallergen: Verwendet Materialien, die allergische Reaktionen und Hautirritationen minimieren.\r\n\r\n\ud83c\udf4d Riemen aus Pi\u00f1atex: Riemen aus Pi\u00f1atex, einem nachhaltigen Material aus Ananasblattfasern und PLA.\r\n\r\n\ud83c\udf1f Nickelfreie, vergoldete Metallschnalle: F\u00fcr einen eleganten und langlebigen Look.\r\n\r\n\ud83e\uddf4 Futter aus Mikrofaser und PU-Laminierung: F\u00fcr ein weiches, komfortables und langlebiges Innenfutter.\r\n\r\n\ud83c\udf33 Holzsohle mit nat\u00fcrlicher Gummibasis: F\u00fcr optimalen Komfort und nat\u00fcrlichen Gang.","entretien":"1. Reinigen Sie die Schuhe mit einem in Seifenwasser getr\u00e4nkten Tuch.\r\n\r\n2. Verwenden Sie f\u00fcr hartn\u00e4ckige Flecken eine weiche Schuhb\u00fcrste, ebenfalls in Seifenwasser getr\u00e4nkt, und reiben Sie sanft in kreisenden Bewegungen.\r\n\r\n3. Entfernen Sie die Seife mit einem feuchten Tuch.\r\n\r\n4. Lassen Sie die Schuhe an der Luft trocknen, bevor Sie eine Reinigungscreme auftragen.\r\n\r\n5. Verwenden Sie eine kleine Menge Reinigungscreme auf einer weichen, trockenen B\u00fcrste oder einem Tuch und reiben Sie sie sanft in kreisenden Bewegungen ein, bis sie vollst\u00e4ndig absorbiert ist.\r\n\r\n6. Lassen Sie die Schuhe schlie\u00dflich 24 Stunden lang an der Luft trocknen, gesch\u00fctzt vor direkter Sonneneinstrahlung.Achtung:\r\n\r\n\u2022 Geben Sie Ihre Schuhe nicht in die Waschmaschine.\r\n\r\n\u2022 Tauchen Sie sie nicht in Wasser ein, da dies zu irreparablen Sch\u00e4den f\u00fchren k\u00f6nnte.Wenn Ihre veganen Schuhe das Ende ihrer Lebensdauer erreicht haben oder Sie sie nicht mehr ben\u00f6tigen, denken Sie daran, ihnen ein zweites Leben zu schenken. Verwenden Sie sie auf eine andere Weise selbst oder geben Sie sie jemand anderem.","marque":""},"taxonomy_info":{"product_cat":[{"value":459,"label":"Sandalen"},{"value":413,"label":"Schuhe"}],"product_tag":[{"value":447,"label":"Damenboutique"}],"product_brands":[{"value":685,"label":"NAE Vegan Shoes"}]},"featured_image_src_large":["https:\/\/ekomfort.lu\/wp-content\/uploads\/2023\/08\/magnolia-red.jpg",700,700,false],"author_info":[],"comment_info":0,"_links":{"self":[{"href":"https:\/\/ekomfort.lu\/de\/wp-json\/wp\/v2\/product\/10913","targetHints":{"allow":["GET"]}}],"collection":[{"href":"https:\/\/ekomfort.lu\/de\/wp-json\/wp\/v2\/product"}],"about":[{"href":"https:\/\/ekomfort.lu\/de\/wp-json\/wp\/v2\/types\/product"}],"replies":[{"embeddable":true,"href":"https:\/\/ekomfort.lu\/de\/wp-json\/wp\/v2\/comments?post=10913"}],"wp:featuredmedia":[{"embeddable":true,"href":"https:\/\/ekomfort.lu\/de\/wp-json\/wp\/v2\/media\/8216"}],"wp:attachment":[{"href":"https:\/\/ekomfort.lu\/de\/wp-json\/wp\/v2\/media?parent=10913"}],"wp:term":[{"taxonomy":"product_brand","embeddable":true,"href":"https:\/\/ekomfort.lu\/de\/wp-json\/wp\/v2\/product_brand?post=10913"},{"taxonomy":"product_cat","embeddable":true,"href":"https:\/\/ekomfort.lu\/de\/wp-json\/wp\/v2\/product_cat?post=10913"},{"taxonomy":"product_tag","embeddable":true,"href":"https:\/\/ekomfort.lu\/de\/wp-json\/wp\/v2\/product_tag?post=10913"},{"taxonomy":"product_brands","embeddable":true,"href":"https:\/\/ekomfort.lu\/de\/wp-json\/wp\/v2\/product_brands?post=10913"}],"curies":[{"name":"wp","href":"https:\/\/api.w.org\/{rel}","templated":true}]}}