{"id":10897,"date":"2023-08-16T14:50:18","date_gmt":"2023-08-16T12:50:18","guid":{"rendered":"https:\/\/ekomfort.lu\/shop\/megan-white-weisse-derby-fuer-frauen-aus-apple-leather-laessiger-stil-der-oekologischen-anforderungen-entspricht"},"modified":"2024-07-01T12:11:55","modified_gmt":"2024-07-01T10:11:55","slug":"megan-white-weisse-derby-fuer-frauen-aus-apple-leather-laessiger-stil-der-oekologischen-anforderungen-entspricht","status":"publish","type":"product","link":"https:\/\/ekomfort.lu\/de\/shop\/megan-white-weisse-derby-fuer-frauen-aus-apple-leather-laessiger-stil-der-oekologischen-anforderungen-entspricht\/","title":{"rendered":"Megan White: Wei\u00dfe Derby f\u00fcr Frauen aus Apple Leather: L\u00e4ssiger Stil, der \u00f6kologischen Anforderungen entspricht"},"content":{"rendered":"\n<p>Sie sind eine moderne Frau, die den Komfort nicht im Namen der \u00f6kologischen Verantwortung opfern m\u00f6chte&#8230; Du suchst nach <strong>L\u00e4ssige Schuhe f\u00fcr Frauen<\/strong>, die Stil und Ethik verbinden?<\/p>\n\n\n\n<p>Embrassez l&#8217;harmonie de la nature <strong>derby blanche pour femme<\/strong> et du style avec les <strong>Megan White<\/strong> : chaussures derby arborant un cuir de pomme, un mat\u00e9riau innovant qui transforme les d\u00e9chets agricoles en un luxe durable.<\/p>\n\n\n\n<p>Erwerben Sie jetzt die <strong>Megan White Chunky-Sohlen-Schuhe<\/strong> und:<\/p>\n\n\n<style>.wp-block-kadence-iconlist.kt-svg-icon-list-items10897_2dd132-69:not(.this-stops-third-party-issues){margin-top:0px;margin-bottom:0px;}.wp-block-kadence-iconlist.kt-svg-icon-list-items10897_2dd132-69 ul.kt-svg-icon-list:not(.this-prevents-issues):not(.this-stops-third-party-issues):not(.tijsloc){margin-top:0px;margin-right:0px;margin-bottom:var(--global-kb-spacing-sm, 1.5rem);margin-left:0px;}.wp-block-kadence-iconlist.kt-svg-icon-list-items10897_2dd132-69 ul.kt-svg-icon-list{grid-row-gap:5px;}.wp-block-kadence-iconlist.kt-svg-icon-list-items10897_2dd132-69 .kb-svg-icon-wrap{font-size:18px;color:var(--global-palette1, #3182CE);}.wp-block-kadence-iconlist.kt-svg-icon-list-items10897_2dd132-69 ul.kt-svg-icon-list .kt-svg-icon-list-item-wrap .kt-svg-icon-list-single{margin-right:10px;}.kt-svg-icon-list-items10897_2dd132-69 ul.kt-svg-icon-list .kt-svg-icon-list-level-0 .kt-svg-icon-list-single svg{font-size:20px;}<\/style>\n<div class=\"wp-block-kadence-iconlist kt-svg-icon-list-items kt-svg-icon-list-items10897_2dd132-69 kt-svg-icon-list-columns-1 alignnone\"><ul class=\"kt-svg-icon-list\"><style>.kt-svg-icon-list-item-4540_7b12df-fb .kt-svg-icon-list-text mark.kt-highlight{background-color:unset;font-style:normal;color:#f76a0c;-webkit-box-decoration-break:clone;box-decoration-break:clone;padding-top:0px;padding-right:0px;padding-bottom:0px;padding-left:0px;}<\/style>\n<li class=\"wp-block-kadence-listitem kt-svg-icon-list-item-wrap kt-svg-icon-list-item-4540_7b12df-fb\"><span class=\"kb-svg-icon-wrap kb-svg-icon-fe_checkCircle kt-svg-icon-list-single\"><svg viewBox=\"0 0 24 24\"  fill=\"none\" stroke=\"currentColor\" stroke-width=\"3\" stroke-linecap=\"round\" stroke-linejoin=\"round\" xmlns=\"http:\/\/www.w3.org\/2000\/svg\"  aria-hidden=\"true\"><path d=\"M22 11.08V12a10 10 0 1 1-5.93-9.14\"\/><polyline points=\"22 4 12 14.01 9 11.01\"\/><\/svg><\/span><span class=\"kt-svg-icon-list-text\">Genie\u00dfen Sie h\u00f6chsten Komfort dank der Flexibilit\u00e4t und Leichtigkeit des Apfelleders, einem revolution\u00e4ren Stoff, der sich der einzigartigen Form Ihres Fu\u00dfes anpasst und Ihrer Haut gleichzeitig das Atmen erm\u00f6glicht.<\/span><\/li>\n\n\n<style>.kt-svg-icon-list-item-4540_a00e47-30 .kt-svg-icon-list-text mark.kt-highlight{background-color:unset;font-style:normal;color:#f76a0c;-webkit-box-decoration-break:clone;box-decoration-break:clone;padding-top:0px;padding-right:0px;padding-bottom:0px;padding-left:0px;}<\/style>\n<li class=\"wp-block-kadence-listitem kt-svg-icon-list-item-wrap kt-svg-icon-list-item-4540_a00e47-30\"><span class=\"kb-svg-icon-wrap kb-svg-icon-fe_checkCircle kt-svg-icon-list-single\"><svg viewBox=\"0 0 24 24\"  fill=\"none\" stroke=\"currentColor\" stroke-width=\"3\" stroke-linecap=\"round\" stroke-linejoin=\"round\" xmlns=\"http:\/\/www.w3.org\/2000\/svg\"  aria-hidden=\"true\"><path d=\"M22 11.08V12a10 10 0 1 1-5.93-9.14\"\/><polyline points=\"22 4 12 14.01 9 11.01\"\/><\/svg><\/span><span class=\"kt-svg-icon-list-text\">Kombinieren Sie diese eleganten wei\u00dfen Schuhe mit Ihren l\u00e4ssigen Outfits f\u00fcr einen m\u00fchelosen Look, dank ihres minimalistischen und vielseitigen Designs.<\/span><\/li>\n\n\n<style>.kt-svg-icon-list-item-4540_5d6d64-d2 .kt-svg-icon-list-text mark.kt-highlight{background-color:unset;font-style:normal;color:#f76a0c;-webkit-box-decoration-break:clone;box-decoration-break:clone;padding-top:0px;padding-right:0px;padding-bottom:0px;padding-left:0px;}<\/style>\n<li class=\"wp-block-kadence-listitem kt-svg-icon-list-item-wrap kt-svg-icon-list-item-4540_5d6d64-d2\"><span class=\"kb-svg-icon-wrap kb-svg-icon-fe_checkCircle kt-svg-icon-list-single\"><svg viewBox=\"0 0 24 24\"  fill=\"none\" stroke=\"currentColor\" stroke-width=\"3\" stroke-linecap=\"round\" stroke-linejoin=\"round\" xmlns=\"http:\/\/www.w3.org\/2000\/svg\"  aria-hidden=\"true\"><path d=\"M22 11.08V12a10 10 0 1 1-5.93-9.14\"\/><polyline points=\"22 4 12 14.01 9 11.01\"\/><\/svg><\/span><span class=\"kt-svg-icon-list-text\">Nehmen Sie einen umweltfreundlicheren Schritt mit Schuhen, die aus Abf\u00e4llen der Apfelsaftproduktion hergestellt sind und zu hochwertigem veganem Leder verarbeitet wurden.<\/span><\/li>\n<\/ul><\/div>\n\n\n\n<p>ohne Kompromisse beim Komfort, ohne Grausamkeit und ohne Schuldgef\u00fchle&#8230;<\/p>\n\n\n\n<p>Stellen Sie sich vor, Sie tragen Schuhe, die sowohl bequem als auch langlebig sind, genauso trendig wie umweltfreundlich. Mit <strong>Megan White<\/strong> wird dieser Traum wahr.<\/p>\n\n\n\n<p>Also, sind Sie bereit, mit Stil und Bewusstsein die Stra\u00dfen zu erkunden? Das Modell <strong>Megan White<\/strong> ist sehr gefragt und unsere Vorr\u00e4te nehmen schnell ab. Warten Sie nicht lange, um Ihre Bestellung aufzugeben!<\/p>\n","protected":false},"excerpt":{"rendered":"<p>Sie sind eine moderne Frau, die den Komfort nicht im Namen der \u00f6kologischen Verantwortung opfern m\u00f6chte&#8230; Du suchst nach L\u00e4ssige Schuhe f\u00fcr Frauen, die Stil und Ethik verbinden? Embrassez l&#8217;harmonie de la nature derby blanche pour femme et du style avec les Megan White : chaussures derby arborant un cuir de pomme, un mat\u00e9riau innovant&#8230;<\/p>\n","protected":false},"featured_media":8226,"comment_status":"open","ping_status":"closed","template":"","meta":{"_acf_changed":false,"_kad_blocks_custom_css":"","_kad_blocks_head_custom_js":"","_kad_blocks_body_custom_js":"","_kad_blocks_footer_custom_js":"","_kad_post_transparent":"","_kad_post_title":"","_kad_post_layout":"","_kad_post_sidebar_id":"","_kad_post_content_style":"","_kad_post_vertical_padding":"","_kad_post_feature":"","_kad_post_feature_position":"","_kad_post_header":false,"_kad_post_footer":false,"_kad_post_classname":""},"product_brand":[],"product_cat":[425,413],"product_tag":[447],"product_brands":[685],"class_list":{"0":"post-10897","1":"product","2":"type-product","3":"status-publish","4":"has-post-thumbnail","6":"product_cat-flache-schuhe","7":"product_cat-schuhe-fuer-maenner-und-frauen","8":"product_tag-frau","9":"product_brands-nae-vegan-shoes-de","11":"first","12":"outofstock","13":"taxable","14":"shipping-taxable","15":"purchasable","16":"product-type-variable","17":"has-default-attributes","18":"entry","19":"content-bg","20":"loop-entry"},"acf":{"avantages":"\u2728 Vielseitiger Stil: Schlichtes einfarbiges Design mit l\u00e4ssigen Akzenten. Ein vielseitiger und attraktiver Look.\r\n\r\n\ud83d\udc5e Rutschfeste Sohle: Bessere Haftung und optimale Sicherheit dank speziell entwickelter Sohle.\r\n\r\n\ud83c\udf2c\ufe0f Hypoallergene Materialien: Atmungsaktiv, antibakteriell und hypoallergen, um \u00fcberm\u00e4\u00dfiges Schwitzen und schlechte Ger\u00fcche zu vermeiden.\r\n\r\n\ud83d\udc5f Feuchtigkeitsabweisende Sohle: Mehr Flexibilit\u00e4t und Komfort dank gepolsterter Sohle, die Feuchtigkeit aufnimmt.\r\n\r\n\u26aa\ufe0f Erh\u00e4ltlich in Wei\u00df und Schwarz: Perfekt f\u00fcr jeden Anlass.\r\n\r\n\ud83d\udca7 Wasserdicht: Sch\u00fctzt Ihre F\u00fc\u00dfe vor Feuchtigkeit.\r\n\r\n\ud83c\udf31 Umweltfreundlich: Nachhaltige und umweltfreundliche Herstellung.\ud83c\uddf5\ud83c\uddf9 Hergestellt in Portugal: Ein Zeichen f\u00fcr erstklassige Qualit\u00e4t, sorgf\u00e4ltig hergestellt in Portugal.\r\n\r\n\ud83c\udf4f Apple Leather-Material: Obermaterial aus umweltfreundlichem Leder, hergestellt aus Resten der Apfelsaftproduktion.\r\n\r\n\ud83c\udf3f Futter aus veganem Leder OnSteam: Atmungsaktiv, antibakteriell und umweltfreundlich. Produziert ohne CO2-Emissionen, Energie- oder Wasserverschwendung.","entretien":"Reinigen Sie die Schuhe mit einem in Seifenwasser getr\u00e4nkten Tuch.Lassen Sie sie an der Luft trocknen, bevor Sie eine Reinigungscreme auftragen.Verwenden Sie eine Reinigungscreme, um Ihren Schuhen mehr Glanz zu verleihen. Geben Sie eine kleine Menge des Produkts auf eine weiche, trockene B\u00fcrste oder ein Tuch und reiben Sie es sanft in kreisenden Bewegungen ein, bis es vollst\u00e4ndig vom Stoff aufgenommen wird.Lassen Sie die Schuhe schlie\u00dflich 24 Stunden lang an der Luft trocknen, fern von direktem Sonnenlicht.Achtung: Geben Sie Ihre Schuhe nicht in die Waschmaschine. Tauchen Sie sie nicht in Wasser ein, da sie irreparable Sch\u00e4den erleiden k\u00f6nnten.Wenn Ihre veganen Schuhe das Ende ihrer Lebensdauer erreicht haben oder Sie sie nicht mehr ben\u00f6tigen, \u00fcberlegen Sie, ihnen ein zweites Leben zu geben. Verwenden Sie sie auf eine andere Weise selbst oder geben Sie sie jemand anderem.","marque":""},"taxonomy_info":{"product_cat":[{"value":425,"label":"Flache Schuhe"},{"value":413,"label":"Schuhe"}],"product_tag":[{"value":447,"label":"Damenboutique"}],"product_brands":[{"value":685,"label":"NAE Vegan Shoes"}]},"featured_image_src_large":["https:\/\/ekomfort.lu\/wp-content\/uploads\/2023\/08\/megan-white-magasin-chaussures.jpg",700,700,false],"author_info":[],"comment_info":0,"_links":{"self":[{"href":"https:\/\/ekomfort.lu\/de\/wp-json\/wp\/v2\/product\/10897","targetHints":{"allow":["GET"]}}],"collection":[{"href":"https:\/\/ekomfort.lu\/de\/wp-json\/wp\/v2\/product"}],"about":[{"href":"https:\/\/ekomfort.lu\/de\/wp-json\/wp\/v2\/types\/product"}],"replies":[{"embeddable":true,"href":"https:\/\/ekomfort.lu\/de\/wp-json\/wp\/v2\/comments?post=10897"}],"wp:featuredmedia":[{"embeddable":true,"href":"https:\/\/ekomfort.lu\/de\/wp-json\/wp\/v2\/media\/8226"}],"wp:attachment":[{"href":"https:\/\/ekomfort.lu\/de\/wp-json\/wp\/v2\/media?parent=10897"}],"wp:term":[{"taxonomy":"product_brand","embeddable":true,"href":"https:\/\/ekomfort.lu\/de\/wp-json\/wp\/v2\/product_brand?post=10897"},{"taxonomy":"product_cat","embeddable":true,"href":"https:\/\/ekomfort.lu\/de\/wp-json\/wp\/v2\/product_cat?post=10897"},{"taxonomy":"product_tag","embeddable":true,"href":"https:\/\/ekomfort.lu\/de\/wp-json\/wp\/v2\/product_tag?post=10897"},{"taxonomy":"product_brands","embeddable":true,"href":"https:\/\/ekomfort.lu\/de\/wp-json\/wp\/v2\/product_brands?post=10897"}],"curies":[{"name":"wp","href":"https:\/\/api.w.org\/{rel}","templated":true}]}}