{"id":10881,"date":"2023-08-16T14:50:18","date_gmt":"2023-08-16T12:50:18","guid":{"rendered":"https:\/\/ekomfort.lu\/shop\/melita-bordeaux-bequeme-ballerinas-mit-kleinem-absatz-aus-veganem-wildleder-eleganz-an-den-fuessen"},"modified":"2024-07-01T12:12:00","modified_gmt":"2024-07-01T10:12:00","slug":"melita-bordeaux-bequeme-ballerinas-mit-kleinem-absatz-aus-veganem-wildleder-eleganz-an-den-fuessen","status":"publish","type":"product","link":"https:\/\/ekomfort.lu\/de\/shop\/melita-bordeaux-bequeme-ballerinas-mit-kleinem-absatz-aus-veganem-wildleder-eleganz-an-den-fuessen\/","title":{"rendered":"Melita Bordeaux: Bequeme Ballerinas mit kleinem Absatz aus veganem Wildleder, Eleganz an den F\u00fc\u00dfen"},"content":{"rendered":"\n<p>Tr\u00e4umst du von eleganten, nachhaltigen <strong>offenen Damenschuhen<\/strong>, die auch deine Werte der Nachhaltigkeit respektieren? Suchen Sie nach einer Verbindung von Weiblichkeit, Komfort und Ethik bei Ihrer Wahl von Schuhen?<\/p>\n\n\n\n<p>Entdecken Sie <strong>Melita Bordeaux<\/strong>, die quadratischen veganen Ballerinas aus veganem Wildleder, ein schickes Accessoire f\u00fcr jede Gelegenheit.<\/p>\n\n\n\n<p>Hier ist der Grund, warum Sie sich f\u00fcr die <strong>Melita Bordeaux Damenschuhe mit niedrigem Absatz<\/strong> entscheiden sollten:<\/p>\n\n\n<style>.wp-block-kadence-iconlist.kt-svg-icon-list-items10881_d76f0b-6b:not(.this-stops-third-party-issues){margin-top:0px;margin-bottom:0px;}.wp-block-kadence-iconlist.kt-svg-icon-list-items10881_d76f0b-6b ul.kt-svg-icon-list:not(.this-prevents-issues):not(.this-stops-third-party-issues):not(.tijsloc){margin-top:0px;margin-right:0px;margin-bottom:var(--global-kb-spacing-sm, 1.5rem);margin-left:0px;}.wp-block-kadence-iconlist.kt-svg-icon-list-items10881_d76f0b-6b ul.kt-svg-icon-list{grid-row-gap:5px;}.wp-block-kadence-iconlist.kt-svg-icon-list-items10881_d76f0b-6b .kb-svg-icon-wrap{font-size:18px;color:var(--global-palette1, #3182CE);}.wp-block-kadence-iconlist.kt-svg-icon-list-items10881_d76f0b-6b ul.kt-svg-icon-list .kt-svg-icon-list-item-wrap .kt-svg-icon-list-single{margin-right:10px;}.kt-svg-icon-list-items10881_d76f0b-6b ul.kt-svg-icon-list .kt-svg-icon-list-level-0 .kt-svg-icon-list-single svg{font-size:20px;}<\/style>\n<div class=\"wp-block-kadence-iconlist kt-svg-icon-list-items kt-svg-icon-list-items10881_d76f0b-6b kt-svg-icon-list-columns-1 alignnone\"><ul class=\"kt-svg-icon-list\"><style>.kt-svg-icon-list-item-4542_d9ec51-83 .kt-svg-icon-list-text mark.kt-highlight{background-color:unset;font-style:normal;color:#f76a0c;-webkit-box-decoration-break:clone;box-decoration-break:clone;padding-top:0px;padding-right:0px;padding-bottom:0px;padding-left:0px;}<\/style>\n<li class=\"wp-block-kadence-listitem kt-svg-icon-list-item-wrap kt-svg-icon-list-item-4542_d9ec51-83\"><span class=\"kb-svg-icon-wrap kb-svg-icon-fe_checkCircle kt-svg-icon-list-single\"><svg viewBox=\"0 0 24 24\"  fill=\"none\" stroke=\"currentColor\" stroke-width=\"3\" stroke-linecap=\"round\" stroke-linejoin=\"round\" xmlns=\"http:\/\/www.w3.org\/2000\/svg\"  aria-hidden=\"true\"><path d=\"M22 11.08V12a10 10 0 1 1-5.93-9.14\"\/><polyline points=\"22 4 12 14.01 9 11.01\"\/><\/svg><\/span><span class=\"kt-svg-icon-list-text\">Erleben Sie das Vergn\u00fcgen, leichte, robuste und komfortable Schuhe aus hochwertigem veganen Veloursleder zu tragen.<\/span><\/li>\n\n\n<style>.kt-svg-icon-list-item-4542_456066-5b .kt-svg-icon-list-text mark.kt-highlight{background-color:unset;font-style:normal;color:#f76a0c;-webkit-box-decoration-break:clone;box-decoration-break:clone;padding-top:0px;padding-right:0px;padding-bottom:0px;padding-left:0px;}<\/style>\n<li class=\"wp-block-kadence-listitem kt-svg-icon-list-item-wrap kt-svg-icon-list-item-4542_456066-5b\"><span class=\"kb-svg-icon-wrap kb-svg-icon-fe_checkCircle kt-svg-icon-list-single\"><svg viewBox=\"0 0 24 24\"  fill=\"none\" stroke=\"currentColor\" stroke-width=\"3\" stroke-linecap=\"round\" stroke-linejoin=\"round\" xmlns=\"http:\/\/www.w3.org\/2000\/svg\"  aria-hidden=\"true\"><path d=\"M22 11.08V12a10 10 0 1 1-5.93-9.14\"\/><polyline points=\"22 4 12 14.01 9 11.01\"\/><\/svg><\/span><span class=\"kt-svg-icon-list-text\">Zeigen Sie Ihre Eleganz mit einem h\u00fcbschen Hauch von Bordeaux-Farbe. Diese Ballerinas werden jedes Outfit versch\u00f6nern, egal ob l\u00e4ssig oder schicker.<\/span><\/li>\n\n\n<style>.kt-svg-icon-list-item-4542_646761-d2 .kt-svg-icon-list-text mark.kt-highlight{background-color:unset;font-style:normal;color:#f76a0c;-webkit-box-decoration-break:clone;box-decoration-break:clone;padding-top:0px;padding-right:0px;padding-bottom:0px;padding-left:0px;}<\/style>\n<li class=\"wp-block-kadence-listitem kt-svg-icon-list-item-wrap kt-svg-icon-list-item-4542_646761-d2\"><span class=\"kb-svg-icon-wrap kb-svg-icon-fe_checkCircle kt-svg-icon-list-single\"><svg viewBox=\"0 0 24 24\"  fill=\"none\" stroke=\"currentColor\" stroke-width=\"3\" stroke-linecap=\"round\" stroke-linejoin=\"round\" xmlns=\"http:\/\/www.w3.org\/2000\/svg\"  aria-hidden=\"true\"><path d=\"M22 11.08V12a10 10 0 1 1-5.93-9.14\"\/><polyline points=\"22 4 12 14.01 9 11.01\"\/><\/svg><\/span><span class=\"kt-svg-icon-list-text\">Entscheiden Sie sich f\u00fcr eine tierschutzfreundliche Alternative, die aus einem umweltfreundlichen Material besteht und daf\u00fcr entworfen wurde, die Natur und die Umwelt zu respektieren.<\/span><\/li>\n<\/ul><\/div>\n\n\n\n<p>Ohne Kompromisse beim Stil, ohne Tierqu\u00e4lerei und ohne Bedauern&#8230;<\/p>\n\n\n\n<p>Mit nur einem Klick g\u00f6nnen Sie sich nicht nur ein Paar Ballerinas, sondern auch die Zufriedenheit, eine Wahl im Einklang mit Ihren Werten zu treffen.<\/p>\n\n\n\n<p>Sind Sie bereit, ein umweltfreundliches Komfort- und Eleganzerlebnis mit den <strong>Melita Bordeaux<\/strong>, <strong>Melita Bordeaux Damenschuhe mit niedrigem Absatz<\/strong> zu erleben? Die Lagerbest\u00e4nde sind begrenzt und die Nachfrage ist hoch. Nicht mehr warten!<\/p>\n","protected":false},"excerpt":{"rendered":"<p>Tr\u00e4umst du von eleganten, nachhaltigen offenen Damenschuhen, die auch deine Werte der Nachhaltigkeit respektieren? Suchen Sie nach einer Verbindung von Weiblichkeit, Komfort und Ethik bei Ihrer Wahl von Schuhen? Entdecken Sie Melita Bordeaux, die quadratischen veganen Ballerinas aus veganem Wildleder, ein schickes Accessoire f\u00fcr jede Gelegenheit. Hier ist der Grund, warum Sie sich f\u00fcr die&#8230;<\/p>\n","protected":false},"featured_media":8240,"comment_status":"open","ping_status":"closed","template":"","meta":{"_acf_changed":false,"_kad_blocks_custom_css":"","_kad_blocks_head_custom_js":"","_kad_blocks_body_custom_js":"","_kad_blocks_footer_custom_js":"","_kad_post_transparent":"","_kad_post_title":"","_kad_post_layout":"","_kad_post_sidebar_id":"","_kad_post_content_style":"","_kad_post_vertical_padding":"","_kad_post_feature":"","_kad_post_feature_position":"","_kad_post_header":false,"_kad_post_footer":false,"_kad_post_classname":""},"product_brand":[],"product_cat":[425,413],"product_tag":[447],"product_brands":[685],"class_list":{"0":"post-10881","1":"product","2":"type-product","3":"status-publish","4":"has-post-thumbnail","6":"product_cat-flache-schuhe","7":"product_cat-schuhe-fuer-maenner-und-frauen","8":"product_tag-frau","9":"product_brands-nae-vegan-shoes-de","11":"first","12":"instock","13":"taxable","14":"shipping-taxable","15":"purchasable","16":"product-type-variable","17":"has-default-attributes","18":"entry","19":"content-bg","20":"loop-entry"},"acf":{"avantages":"\ud83c\udf3f Sichere Materialien f\u00fcr Gesundheit und Umwelt, hypoallergen und ungiftig.\r\n\r\n\ud83d\udca8 Atmungsaktiv f\u00fcr eine gute Luftzirkulation und um \u00fcberm\u00e4\u00dfiges Schwitzen zu vermeiden.\r\n\r\n\ud83d\udeab Antimikrobiell, um schlechte Ger\u00fcche zu verhindern, indem das Wachstum von Bakterien gehemmt wird.\r\n\r\n\ud83d\udc5f Gepolsterte, feuchtigkeitsabweisende Innensohle f\u00fcr optimalen Komfort.\r\n\r\n\ud83c\udf31 Atmungsaktives, antibakterielles und antimikrobielles OnSteam-Veganlederfutter.\r\n\r\n\ud83d\udc4c Elegant und modern im Wildleder-Look.\r\n\r\n\ud83c\udfaf Vielseitig, passt zu einer Vielzahl von Kleidungsst\u00fccken.\r\n\r\n\ud83c\udfa8 Erh\u00e4ltlich in verschiedenen Farben: Schwarz, Bordeaux, Gr\u00fcn und Naturkork.\r\n\r\n\ud83d\udc63 Langlebige und rutschfeste Neolite-Gummilaufsohle f\u00fcr optimale Haftung und Haltbarkeit.\r\n\r\n\ud83c\uddf5\ud83c\uddf9 Mit Sorgfalt in Portugal unter fairen Arbeitsbedingungen hergestellt und umweltfreundliche Materialien und Herstellungsprozesse verwendet.","entretien":"1. Reinigen Sie die Schuhe mit einem in Seifenwasser getr\u00e4nkten Tuch.\r\n\r\n2. Verwenden Sie f\u00fcr hartn\u00e4ckige Flecken eine weiche Schuhb\u00fcrste, ebenfalls in Seifenwasser getr\u00e4nkt, und reiben Sie sanft in kreisenden Bewegungen.\r\n\r\n3. Entfernen Sie die Seife mit einem feuchten Tuch.\r\n\r\n4. Lassen Sie die Schuhe 24 Stunden lang an der Luft trocknen, ohne sie direkter Sonneneinstrahlung auszusetzen.Achtung:\r\n\r\n\u2022 Verwenden Sie keine Reinigungscreme.\r\n\r\n\u2022 Geben Sie Ihre Schuhe nicht in die Waschmaschine.\r\n\r\n\u2022 Tauchen Sie sie nicht in Wasser ein, da sie irreparable Sch\u00e4den erleiden k\u00f6nnten.Wenn Sie der Meinung sind, dass Ihre veganen Schuhe das Ende ihrer Lebensdauer erreicht haben oder Sie sie nicht mehr ben\u00f6tigen, erw\u00e4gen Sie, ihnen ein zweites Leben zu geben. Verwenden Sie sie auf eine andere Weise selbst oder geben Sie sie jemand anderem.","marque":""},"taxonomy_info":{"product_cat":[{"value":425,"label":"Flache Schuhe"},{"value":413,"label":"Schuhe"}],"product_tag":[{"value":447,"label":"Damenboutique"}],"product_brands":[{"value":685,"label":"NAE Vegan Shoes"}]},"featured_image_src_large":["https:\/\/ekomfort.lu\/wp-content\/uploads\/2023\/08\/melita-bordeaux-ballerine-plate.jpg",700,700,false],"author_info":[],"comment_info":0,"_links":{"self":[{"href":"https:\/\/ekomfort.lu\/de\/wp-json\/wp\/v2\/product\/10881","targetHints":{"allow":["GET"]}}],"collection":[{"href":"https:\/\/ekomfort.lu\/de\/wp-json\/wp\/v2\/product"}],"about":[{"href":"https:\/\/ekomfort.lu\/de\/wp-json\/wp\/v2\/types\/product"}],"replies":[{"embeddable":true,"href":"https:\/\/ekomfort.lu\/de\/wp-json\/wp\/v2\/comments?post=10881"}],"wp:featuredmedia":[{"embeddable":true,"href":"https:\/\/ekomfort.lu\/de\/wp-json\/wp\/v2\/media\/8240"}],"wp:attachment":[{"href":"https:\/\/ekomfort.lu\/de\/wp-json\/wp\/v2\/media?parent=10881"}],"wp:term":[{"taxonomy":"product_brand","embeddable":true,"href":"https:\/\/ekomfort.lu\/de\/wp-json\/wp\/v2\/product_brand?post=10881"},{"taxonomy":"product_cat","embeddable":true,"href":"https:\/\/ekomfort.lu\/de\/wp-json\/wp\/v2\/product_cat?post=10881"},{"taxonomy":"product_tag","embeddable":true,"href":"https:\/\/ekomfort.lu\/de\/wp-json\/wp\/v2\/product_tag?post=10881"},{"taxonomy":"product_brands","embeddable":true,"href":"https:\/\/ekomfort.lu\/de\/wp-json\/wp\/v2\/product_brands?post=10881"}],"curies":[{"name":"wp","href":"https:\/\/api.w.org\/{rel}","templated":true}]}}