{"id":10873,"date":"2023-08-16T14:50:18","date_gmt":"2023-08-16T12:50:18","guid":{"rendered":"https:\/\/ekomfort.lu\/shop\/ballerinas-aus-der-nae-kollektion-fuer-damen-melita-brown-exquisite-natuerliche-einfachheit-fuer-einen-leichten-und-schicken-auftritt"},"modified":"2024-07-01T12:12:02","modified_gmt":"2024-07-01T10:12:02","slug":"ballerinas-aus-der-nae-kollektion-fuer-damen-melita-brown-exquisite-natuerliche-einfachheit-fuer-einen-leichten-und-schicken-auftritt","status":"publish","type":"product","link":"https:\/\/ekomfort.lu\/de\/shop\/ballerinas-aus-der-nae-kollektion-fuer-damen-melita-brown-exquisite-natuerliche-einfachheit-fuer-einen-leichten-und-schicken-auftritt\/","title":{"rendered":"Ballerinas aus der Nae-Kollektion f\u00fcr Damen: Melita Brown. Exquisite nat\u00fcrliche Einfachheit f\u00fcr einen leichten und schicken Auftritt"},"content":{"rendered":"\n<p>Sind Sie m\u00fcde von Ballerinas, die Ihren F\u00fc\u00dfen den ganzen Tag \u00fcber strangulieren? M\u00f6chten Sie <strong>braune bequeme Damen-Ballerinas aus Leder<\/strong>, die Ethik und Natur verk\u00f6rpern und gleichzeitig Eleganz bewahren?<\/p>\n\n\n\n<p>Integrieren Sie Leichtigkeit in Ihre Sammlung mit <strong>Melita Brown<\/strong>, den veganen Ballerinas mit quadratischer Spitze, die aus biologischer Kork gefertigt sind.<\/p>\n\n\n\n<p>Mit den Ballerinas <strong>Melita Brown<\/strong> zu Ihren F\u00fc\u00dfen:<\/p>\n\n\n<style>.wp-block-kadence-iconlist.kt-svg-icon-list-items10873_f378b2-a0:not(.this-stops-third-party-issues){margin-top:0px;margin-bottom:0px;}.wp-block-kadence-iconlist.kt-svg-icon-list-items10873_f378b2-a0 ul.kt-svg-icon-list:not(.this-prevents-issues):not(.this-stops-third-party-issues):not(.tijsloc){margin-top:0px;margin-right:0px;margin-bottom:var(--global-kb-spacing-sm, 1.5rem);margin-left:0px;}.wp-block-kadence-iconlist.kt-svg-icon-list-items10873_f378b2-a0 ul.kt-svg-icon-list{grid-row-gap:5px;}.wp-block-kadence-iconlist.kt-svg-icon-list-items10873_f378b2-a0 .kb-svg-icon-wrap{font-size:18px;color:var(--global-palette1, #3182CE);}.wp-block-kadence-iconlist.kt-svg-icon-list-items10873_f378b2-a0 ul.kt-svg-icon-list .kt-svg-icon-list-item-wrap .kt-svg-icon-list-single{margin-right:10px;}.kt-svg-icon-list-items10873_f378b2-a0 ul.kt-svg-icon-list .kt-svg-icon-list-level-0 .kt-svg-icon-list-single svg{font-size:20px;}<\/style>\n<div class=\"wp-block-kadence-iconlist kt-svg-icon-list-items kt-svg-icon-list-items10873_f378b2-a0 kt-svg-icon-list-columns-1 alignnone\"><ul class=\"kt-svg-icon-list\"><style>.kt-svg-icon-list-item-4543_71506e-82 .kt-svg-icon-list-text mark.kt-highlight{background-color:unset;font-style:normal;color:#f76a0c;-webkit-box-decoration-break:clone;box-decoration-break:clone;padding-top:0px;padding-right:0px;padding-bottom:0px;padding-left:0px;}<\/style>\n<li class=\"wp-block-kadence-listitem kt-svg-icon-list-item-wrap kt-svg-icon-list-item-4543_71506e-82\"><span class=\"kb-svg-icon-wrap kb-svg-icon-fe_checkCircle kt-svg-icon-list-single\"><svg viewBox=\"0 0 24 24\"  fill=\"none\" stroke=\"currentColor\" stroke-width=\"3\" stroke-linecap=\"round\" stroke-linejoin=\"round\" xmlns=\"http:\/\/www.w3.org\/2000\/svg\"  aria-hidden=\"true\"><path d=\"M22 11.08V12a10 10 0 1 1-5.93-9.14\"\/><polyline points=\"22 4 12 14.01 9 11.01\"\/><\/svg><\/span><span class=\"kt-svg-icon-list-text\">Genie\u00dfen Sie die nat\u00fcrliche Weichheit von Kork unter Ihren F\u00fc\u00dfen, ein atmungsaktives Material, das Ihre Morphologie respektiert und unvergleichlichen Komfort bietet und sie zu Ihren neuen <strong>braunen Skechers-Ballerinas<\/strong> macht.<\/span><\/li>\n\n\n<style>.kt-svg-icon-list-item-4543_47dc10-22 .kt-svg-icon-list-text mark.kt-highlight{background-color:unset;font-style:normal;color:#f76a0c;-webkit-box-decoration-break:clone;box-decoration-break:clone;padding-top:0px;padding-right:0px;padding-bottom:0px;padding-left:0px;}<\/style>\n<li class=\"wp-block-kadence-listitem kt-svg-icon-list-item-wrap kt-svg-icon-list-item-4543_47dc10-22\"><span class=\"kb-svg-icon-wrap kb-svg-icon-fe_checkCircle kt-svg-icon-list-single\"><svg viewBox=\"0 0 24 24\"  fill=\"none\" stroke=\"currentColor\" stroke-width=\"3\" stroke-linecap=\"round\" stroke-linejoin=\"round\" xmlns=\"http:\/\/www.w3.org\/2000\/svg\"  aria-hidden=\"true\"><path d=\"M22 11.08V12a10 10 0 1 1-5.93-9.14\"\/><polyline points=\"22 4 12 14.01 9 11.01\"\/><\/svg><\/span><span class=\"kt-svg-icon-list-text\">Zeigen Sie echte Eleganz mit diesen bequemen Damenballerinas mit einer quadratischen Spitze, die durch ihre nat\u00fcrliche Farbe problemlos zu all Ihren Outfits passen.<\/span><\/li>\n\n\n<style>.kt-svg-icon-list-item-4543_d1bd6b-1c .kt-svg-icon-list-text mark.kt-highlight{background-color:unset;font-style:normal;color:#f76a0c;-webkit-box-decoration-break:clone;box-decoration-break:clone;padding-top:0px;padding-right:0px;padding-bottom:0px;padding-left:0px;}<\/style>\n<li class=\"wp-block-kadence-listitem kt-svg-icon-list-item-wrap kt-svg-icon-list-item-4543_d1bd6b-1c\"><span class=\"kb-svg-icon-wrap kb-svg-icon-fe_checkCircle kt-svg-icon-list-single\"><svg viewBox=\"0 0 24 24\"  fill=\"none\" stroke=\"currentColor\" stroke-width=\"3\" stroke-linecap=\"round\" stroke-linejoin=\"round\" xmlns=\"http:\/\/www.w3.org\/2000\/svg\"  aria-hidden=\"true\"><path d=\"M22 11.08V12a10 10 0 1 1-5.93-9.14\"\/><polyline points=\"22 4 12 14.01 9 11.01\"\/><\/svg><\/span><span class=\"kt-svg-icon-list-text\">Genie\u00dfen Sie die Ruhe einer umweltfreundlichen Wahl, hergestellt aus organischer Kork, einem fortschrittlichen Material, das leicht abbaubar und frei von Grausamkeit ist.<\/span><\/li>\n<\/ul><\/div>\n\n\n\n<p>Sag den Schmerzen, Schuldgef\u00fchlen und Bedauern Lebewohl&#8230;<\/p>\n\n\n\n<p>F\u00fcr den Preis eines gew\u00f6hnlichen Ballettschuh-Paares g\u00f6nnen Sie sich eine umweltfreundliche Wahl, die Komfort, Mode und \u00d6kologie vereint.<\/p>\n\n\n\n<p>Bereit, Ihrem Stil eine nat\u00fcrliche Note hinzuzuf\u00fcgen und gleichzeitig unseren Planeten zu sch\u00e4tzen? Die Best\u00e4nde von <strong>Melita Brown<\/strong> gehen schnell zur Neige, also warten Sie nicht l\u00e4nger!<\/p>\n","protected":false},"excerpt":{"rendered":"<p>Sind Sie m\u00fcde von Ballerinas, die Ihren F\u00fc\u00dfen den ganzen Tag \u00fcber strangulieren? M\u00f6chten Sie braune bequeme Damen-Ballerinas aus Leder, die Ethik und Natur verk\u00f6rpern und gleichzeitig Eleganz bewahren? Integrieren Sie Leichtigkeit in Ihre Sammlung mit Melita Brown, den veganen Ballerinas mit quadratischer Spitze, die aus biologischer Kork gefertigt sind. Mit den Ballerinas Melita Brown&#8230;<\/p>\n","protected":false},"featured_media":8248,"comment_status":"open","ping_status":"closed","template":"","meta":{"_acf_changed":false,"_kad_blocks_custom_css":"","_kad_blocks_head_custom_js":"","_kad_blocks_body_custom_js":"","_kad_blocks_footer_custom_js":"","_kad_post_transparent":"","_kad_post_title":"","_kad_post_layout":"","_kad_post_sidebar_id":"","_kad_post_content_style":"","_kad_post_vertical_padding":"","_kad_post_feature":"","_kad_post_feature_position":"","_kad_post_header":false,"_kad_post_footer":false,"_kad_post_classname":""},"product_brand":[],"product_cat":[425,413],"product_tag":[447],"product_brands":[685],"class_list":{"0":"post-10873","1":"product","2":"type-product","3":"status-publish","4":"has-post-thumbnail","6":"product_cat-flache-schuhe","7":"product_cat-schuhe-fuer-maenner-und-frauen","8":"product_tag-frau","9":"product_brands-nae-vegan-shoes-de","11":"first","12":"outofstock","13":"taxable","14":"shipping-taxable","15":"purchasable","16":"product-type-variable","17":"has-default-attributes","18":"entry","19":"content-bg","20":"loop-entry"},"acf":{"avantages":"\ud83c\udf3f Hypoallergene Materialien: Keine giftigen Produkte hier, um Allergien zu vermeiden.\r\n\r\n\ud83c\udf2c\ufe0f Atmungsaktiv: Die Luft zirkuliert gut in diesen Schuhen, um ein Gef\u00fchl von Erstickung oder \u00fcberm\u00e4\u00dfigem Schwitzen zu vermeiden.\r\n\r\n\ud83d\udca6 Antimikrobiell: Antibakterielle Behandlung, um sich von schlechten Ger\u00fcchen zu verabschieden.\r\n\r\n\ud83d\udee0\ufe0f Gepolsterte, feuchtigkeitsabweisende Innensohle: Weicher Komfort, immer trocken.\r\n\r\n\ud83c\udfa8 Gepr\u00e4gter Naturkork-Schnitt: Ein originelles und auff\u00e4lliges Design mit Korkpr\u00e4gung.\r\n\r\n\ud83d\ude0c Absoluter Komfort den ganzen Tag: F\u00fcr optimalen Komfort konzipiert, begleiten sie Sie stundenlang.\r\n\r\n\ud83d\udc57 Elegantes und modernes Design: Ein Design, das zu jedem Stil passt.\r\n\r\n\ud83c\udf3e Obermaterial aus Naturkork: Ein umweltfreundliches Material f\u00fcr den oberen Teil der Schuhe.","entretien":"1. Entfernen Sie Staub und Schmutz vorsichtig mit einem trockenen Tuch.\r\n\r\n2. Verwenden Sie ein feuchtes Tuch und reiben Sie sanft in kreisenden Bewegungen, um den gesamten Schuh zu reinigen.\r\n\r\n3. Reinigen Sie regelm\u00e4\u00dfig Ihr Tuch, um Schmutz zu vermeiden.\r\n\r\n4. Verwenden Sie f\u00fcr hartn\u00e4ckige Flecken eine weiche B\u00fcrste und Wasser, und reiben Sie sanft in kreisenden Bewegungen. Seien Sie beim Reinigen des Korks vorsichtig.\r\n\r\n5. Lassen Sie die Schuhe an der Luft trocknen, ohne direkte Sonneneinstrahlung.Achtung:\r\n\r\n- Verwenden Sie keine Reinigungscreme.\r\n\r\n- Geben Sie Ihre Schuhe nicht in die Waschmaschine.\r\n\r\n- Tauchen Sie sie nicht in Wasser ein, da sie irreparable Sch\u00e4den erleiden k\u00f6nnten.Wenn Ihre veganen Schuhe das Ende ihrer Lebensdauer erreicht haben oder Sie sie nicht mehr ben\u00f6tigen, erw\u00e4gen Sie, ihnen ein zweites Leben zu geben. Verwenden Sie sie auf eine andere Weise selbst oder geben Sie sie jemand anderem.","marque":""},"taxonomy_info":{"product_cat":[{"value":425,"label":"Flache Schuhe"},{"value":413,"label":"Schuhe"}],"product_tag":[{"value":447,"label":"Damenboutique"}],"product_brands":[{"value":685,"label":"NAE Vegan Shoes"}]},"featured_image_src_large":["https:\/\/ekomfort.lu\/wp-content\/uploads\/2023\/08\/melita-black-ballerine.jpg",700,700,false],"author_info":[],"comment_info":0,"_links":{"self":[{"href":"https:\/\/ekomfort.lu\/de\/wp-json\/wp\/v2\/product\/10873","targetHints":{"allow":["GET"]}}],"collection":[{"href":"https:\/\/ekomfort.lu\/de\/wp-json\/wp\/v2\/product"}],"about":[{"href":"https:\/\/ekomfort.lu\/de\/wp-json\/wp\/v2\/types\/product"}],"replies":[{"embeddable":true,"href":"https:\/\/ekomfort.lu\/de\/wp-json\/wp\/v2\/comments?post=10873"}],"wp:featuredmedia":[{"embeddable":true,"href":"https:\/\/ekomfort.lu\/de\/wp-json\/wp\/v2\/media\/8248"}],"wp:attachment":[{"href":"https:\/\/ekomfort.lu\/de\/wp-json\/wp\/v2\/media?parent=10873"}],"wp:term":[{"taxonomy":"product_brand","embeddable":true,"href":"https:\/\/ekomfort.lu\/de\/wp-json\/wp\/v2\/product_brand?post=10873"},{"taxonomy":"product_cat","embeddable":true,"href":"https:\/\/ekomfort.lu\/de\/wp-json\/wp\/v2\/product_cat?post=10873"},{"taxonomy":"product_tag","embeddable":true,"href":"https:\/\/ekomfort.lu\/de\/wp-json\/wp\/v2\/product_tag?post=10873"},{"taxonomy":"product_brands","embeddable":true,"href":"https:\/\/ekomfort.lu\/de\/wp-json\/wp\/v2\/product_brands?post=10873"}],"curies":[{"name":"wp","href":"https:\/\/api.w.org\/{rel}","templated":true}]}}