{"id":10823,"date":"2023-08-16T14:50:18","date_gmt":"2023-08-16T12:50:18","guid":{"rendered":"https:\/\/ekomfort.lu\/shop\/blucher-nachhaltige-mikel-black-von-nae-nachhaltige-eleganz-fuer-jeden-moment-ihres-alltags"},"modified":"2024-07-01T12:12:06","modified_gmt":"2024-07-01T10:12:06","slug":"blucher-nachhaltige-mikel-black-von-nae-nachhaltige-eleganz-fuer-jeden-moment-ihres-alltags","status":"publish","type":"product","link":"https:\/\/ekomfort.lu\/de\/shop\/blucher-nachhaltige-mikel-black-von-nae-nachhaltige-eleganz-fuer-jeden-moment-ihres-alltags\/","title":{"rendered":"Blucher nachhaltige Mikel Black von Nae: Nachhaltige Eleganz f\u00fcr jeden Moment Ihres Alltags"},"content":{"rendered":"\n<p>Tr\u00e4umen Sie von <strong>schwarzen flachen Schuhen<\/strong>, die den Komfort Ihrer F\u00fc\u00dfe maximieren? Treten Sie auf nachhaltige Excellence mit <strong>Mikel Black<\/strong>, dem veganen Lederschuh, der den Begriff von Komfort, Design und Umweltethik neu definiert.<\/p>\n\n\n\n<p>Treffen Sie nachhaltige Exzellenz mit <strong>Mikel Black<\/strong>, dem veganen Lederschuh, der das Konzept von Komfort, Design und Umweltethik neu definiert.<\/p>\n\n\n\n<p>Adoptiere heute noch den <strong>Mikel Black<\/strong> und:<\/p>\n\n\n<style>.wp-block-kadence-iconlist.kt-svg-icon-list-items10823_11edd5-a7:not(.this-stops-third-party-issues){margin-top:0px;margin-bottom:0px;}.wp-block-kadence-iconlist.kt-svg-icon-list-items10823_11edd5-a7 ul.kt-svg-icon-list:not(.this-prevents-issues):not(.this-stops-third-party-issues):not(.tijsloc){margin-top:0px;margin-right:0px;margin-bottom:var(--global-kb-spacing-sm, 1.5rem);margin-left:0px;}.wp-block-kadence-iconlist.kt-svg-icon-list-items10823_11edd5-a7 ul.kt-svg-icon-list{grid-row-gap:5px;}.wp-block-kadence-iconlist.kt-svg-icon-list-items10823_11edd5-a7 .kb-svg-icon-wrap{font-size:18px;color:var(--global-palette1, #3182CE);}.wp-block-kadence-iconlist.kt-svg-icon-list-items10823_11edd5-a7 ul.kt-svg-icon-list .kt-svg-icon-list-item-wrap .kt-svg-icon-list-single{margin-right:10px;}.kt-svg-icon-list-items10823_11edd5-a7 ul.kt-svg-icon-list .kt-svg-icon-list-level-0 .kt-svg-icon-list-single svg{font-size:20px;}<\/style>\n<div class=\"wp-block-kadence-iconlist kt-svg-icon-list-items kt-svg-icon-list-items10823_11edd5-a7 kt-svg-icon-list-columns-1 alignnone\"><ul class=\"kt-svg-icon-list\"><style>.kt-svg-icon-list-item-4545_c00dee-df .kt-svg-icon-list-text mark.kt-highlight{background-color:unset;font-style:normal;color:#f76a0c;-webkit-box-decoration-break:clone;box-decoration-break:clone;padding-top:0px;padding-right:0px;padding-bottom:0px;padding-left:0px;}<\/style>\n<li class=\"wp-block-kadence-listitem kt-svg-icon-list-item-wrap kt-svg-icon-list-item-4545_c00dee-df\"><span class=\"kb-svg-icon-wrap kb-svg-icon-fe_checkCircle kt-svg-icon-list-single\"><svg viewBox=\"0 0 24 24\"  fill=\"none\" stroke=\"currentColor\" stroke-width=\"3\" stroke-linecap=\"round\" stroke-linejoin=\"round\" xmlns=\"http:\/\/www.w3.org\/2000\/svg\"  aria-hidden=\"true\"><path d=\"M22 11.08V12a10 10 0 1 1-5.93-9.14\"\/><polyline points=\"22 4 12 14.01 9 11.01\"\/><\/svg><\/span><span class=\"kt-svg-icon-list-text\">Erleben Sie den ultimativen Komfort einer gepolsterten EVA-Gummisohle und einem atmungsaktiven Material, das Ihren F\u00fc\u00dfen kontinuierlichen Komfort w\u00e4hrend des gesamten Tages bietet.<\/span><\/li>\n\n\n<style>.kt-svg-icon-list-item-4545_800695-39 .kt-svg-icon-list-text mark.kt-highlight{background-color:unset;font-style:normal;color:#f76a0c;-webkit-box-decoration-break:clone;box-decoration-break:clone;padding-top:0px;padding-right:0px;padding-bottom:0px;padding-left:0px;}<\/style>\n<li class=\"wp-block-kadence-listitem kt-svg-icon-list-item-wrap kt-svg-icon-list-item-4545_800695-39\"><span class=\"kb-svg-icon-wrap kb-svg-icon-fe_checkCircle kt-svg-icon-list-single\"><svg viewBox=\"0 0 24 24\"  fill=\"none\" stroke=\"currentColor\" stroke-width=\"3\" stroke-linecap=\"round\" stroke-linejoin=\"round\" xmlns=\"http:\/\/www.w3.org\/2000\/svg\"  aria-hidden=\"true\"><path d=\"M22 11.08V12a10 10 0 1 1-5.93-9.14\"\/><polyline points=\"22 4 12 14.01 9 11.01\"\/><\/svg><\/span><span class=\"kt-svg-icon-list-text\">Heben Sie Ihren Stil mit diesen vielseitig gestalteten Schuhen hervor, die perfekt f\u00fcr einen professionellen Look und ebenso geeignet f\u00fcr Ihre legeren Ausfl\u00fcge sind.<\/span><\/li>\n\n\n<style>.kt-svg-icon-list-item-4545_973e9f-aa .kt-svg-icon-list-text mark.kt-highlight{background-color:unset;font-style:normal;color:#f76a0c;-webkit-box-decoration-break:clone;box-decoration-break:clone;padding-top:0px;padding-right:0px;padding-bottom:0px;padding-left:0px;}<\/style>\n<li class=\"wp-block-kadence-listitem kt-svg-icon-list-item-wrap kt-svg-icon-list-item-4545_973e9f-aa\"><span class=\"kb-svg-icon-wrap kb-svg-icon-fe_checkCircle kt-svg-icon-list-single\"><svg viewBox=\"0 0 24 24\"  fill=\"none\" stroke=\"currentColor\" stroke-width=\"3\" stroke-linecap=\"round\" stroke-linejoin=\"round\" xmlns=\"http:\/\/www.w3.org\/2000\/svg\"  aria-hidden=\"true\"><path d=\"M22 11.08V12a10 10 0 1 1-5.93-9.14\"\/><polyline points=\"22 4 12 14.01 9 11.01\"\/><\/svg><\/span><span class=\"kt-svg-icon-list-text\">Verwirklichen Sie Ihr Engagement f\u00fcr eine nachhaltigere Zukunft mit hochwertigem veganem Leder, das ohne Grausamkeit oder giftige Substanzen entwickelt wurde.<\/span><\/li>\n<\/ul><\/div>\n\n\n\n<p>Sich keine Sorgen mehr \u00fcber Reibungen machen, sich von schlechten Ger\u00fcchen verabschieden, Tierversuche ablehnen, ohne Bedauern\u2026<\/p>\n\n\n\n<p>F\u00fcr einen vern\u00fcnftigen Preis w\u00e4hlen Sie Schuhe, die nicht nur eine Investition in Ihren Komfort sind, sondern auch einen Schritt nach vorne f\u00fcr unseren Planeten bedeuten.<\/p>\n\n\n\n<p>Sind Sie bereit, den Schritt in eine elegantere und umweltbewusstere Zukunft mit <strong>Mikel Black<\/strong> zu wagen? Dieses Modell ist bereits ein Bestseller und unsere Vorr\u00e4te sind schnell ausverkauft. Verpassen Sie nicht Ihre Chance!<\/p>\n","protected":false},"excerpt":{"rendered":"<p>Tr\u00e4umen Sie von schwarzen flachen Schuhen, die den Komfort Ihrer F\u00fc\u00dfe maximieren? Treten Sie auf nachhaltige Excellence mit Mikel Black, dem veganen Lederschuh, der den Begriff von Komfort, Design und Umweltethik neu definiert. Treffen Sie nachhaltige Exzellenz mit Mikel Black, dem veganen Lederschuh, der das Konzept von Komfort, Design und Umweltethik neu definiert. Adoptiere heute&#8230;<\/p>\n","protected":false},"featured_media":8258,"comment_status":"open","ping_status":"closed","template":"","meta":{"_acf_changed":false,"_kad_blocks_custom_css":"","_kad_blocks_head_custom_js":"","_kad_blocks_body_custom_js":"","_kad_blocks_footer_custom_js":"","_kad_post_transparent":"","_kad_post_title":"","_kad_post_layout":"","_kad_post_sidebar_id":"","_kad_post_content_style":"","_kad_post_vertical_padding":"","_kad_post_feature":"","_kad_post_feature_position":"","_kad_post_header":false,"_kad_post_footer":false,"_kad_post_classname":""},"product_brand":[],"product_cat":[425,413],"product_tag":[415],"product_brands":[685],"class_list":{"0":"post-10823","1":"product","2":"type-product","3":"status-publish","4":"has-post-thumbnail","6":"product_cat-flache-schuhe","7":"product_cat-schuhe-fuer-maenner-und-frauen","8":"product_tag-mann","9":"product_brands-nae-vegan-shoes-de","11":"first","12":"outofstock","13":"taxable","14":"shipping-taxable","15":"purchasable","16":"product-type-variable","17":"has-default-attributes","18":"entry","19":"content-bg","20":"loop-entry"},"acf":{"avantages":"\ud83c\udf3f Schaft und Futter: Aus Mikrofaser f\u00fcr optimale Hygiene und Komfort.\r\n\r\n\ud83d\udca7 Wasserfest, atmungsaktiv, antimikrobiell und hypoallergen f\u00fcr ein extrem frisches Gef\u00fchl.\r\n\r\n\ud83d\udee1 Feuchtigkeitsabweisende Einlegesohle mit EVA-Gummi f\u00fcr optimalen Schutz vor Feuchtigkeit.\r\n\r\n\ud83d\udc63 Rutschfeste und langlebige TRU-Gummilaufsohle f\u00fcr maximale Haftung und Haltbarkeit.\r\n\r\n\u2b06 2,5 cm Absatz f\u00fcr optimale Unterst\u00fctzung und Komfort.\r\n\r\n\ud83c\udfa8 Gewachste Baumwoll-Schn\u00fcrsenkel, ein langlebiges und \u00e4sthetisches Material.\r\n\r\n\ud83c\udf0d Mit Liebe in Portugal hergestellt, unter Verwendung von umweltfreundlichen Materialien und Herstellungsprozessen sowie fairen Arbeitsbedingungen.","entretien":"1. Entfernen Sie den Staub oder Schlamm von den Schuhen mit einer weichen B\u00fcrste oder einem trockenen Tuch, bevor Sie sie anfeuchten.\r\n\r\n2. Verwenden Sie ein feuchtes Tuch und reiben Sie sanft in kreisenden Bewegungen, um den gesamten Schuh zu reinigen. Reinigen Sie das Tuch regelm\u00e4\u00dfig, um das Verschmutzen zu vermeiden.\r\n\r\n3. F\u00fcr hartn\u00e4ckige Flecken verwenden Sie eine weiche B\u00fcrste und Wasser, und reiben Sie sanft in kreisenden Bewegungen.\r\n\r\n4. Lassen Sie die Schuhe an der Luft trocknen, bevor Sie eine Reinigungscreme auftragen.\r\n\r\n5. Geben Sie eine kleine Menge Reinigungscreme auf eine weiche, trockene B\u00fcrste oder ein Tuch und reiben Sie sie sanft in kreisenden Bewegungen ein, bis sie vollst\u00e4ndig vom Material aufgenommen wurde.\r\n\r\n6. Lassen Sie die Schuhe 24 Stunden lang an der Luft trocknen, fern von direktem Sonnenlicht.Achtung:\r\n\r\n- Geben Sie Ihre Schuhe nicht in die Waschmaschine.\r\n\r\n- Tauchen Sie sie nicht in Wasser ein, da sie irreparable Sch\u00e4den erleiden k\u00f6nnten.Produktlebensdauer:Wenn Sie der Meinung sind, dass Ihre veganen Schuhe das Ende ihrer Lebensdauer erreicht haben oder Sie sie nicht mehr ben\u00f6tigen, denken Sie daran, ihnen ein zweites Leben zu geben. Verwenden Sie sie auf eine andere Weise selbst oder","marque":""},"taxonomy_info":{"product_cat":[{"value":425,"label":"Flache Schuhe"},{"value":413,"label":"Schuhe"}],"product_tag":[{"value":415,"label":"Herrenboutique"}],"product_brands":[{"value":685,"label":"NAE Vegan Shoes"}]},"featured_image_src_large":["https:\/\/ekomfort.lu\/wp-content\/uploads\/2023\/08\/Mikel_Black-chaussure-travail.jpg",700,700,false],"author_info":[],"comment_info":0,"_links":{"self":[{"href":"https:\/\/ekomfort.lu\/de\/wp-json\/wp\/v2\/product\/10823","targetHints":{"allow":["GET"]}}],"collection":[{"href":"https:\/\/ekomfort.lu\/de\/wp-json\/wp\/v2\/product"}],"about":[{"href":"https:\/\/ekomfort.lu\/de\/wp-json\/wp\/v2\/types\/product"}],"replies":[{"embeddable":true,"href":"https:\/\/ekomfort.lu\/de\/wp-json\/wp\/v2\/comments?post=10823"}],"wp:featuredmedia":[{"embeddable":true,"href":"https:\/\/ekomfort.lu\/de\/wp-json\/wp\/v2\/media\/8258"}],"wp:attachment":[{"href":"https:\/\/ekomfort.lu\/de\/wp-json\/wp\/v2\/media?parent=10823"}],"wp:term":[{"taxonomy":"product_brand","embeddable":true,"href":"https:\/\/ekomfort.lu\/de\/wp-json\/wp\/v2\/product_brand?post=10823"},{"taxonomy":"product_cat","embeddable":true,"href":"https:\/\/ekomfort.lu\/de\/wp-json\/wp\/v2\/product_cat?post=10823"},{"taxonomy":"product_tag","embeddable":true,"href":"https:\/\/ekomfort.lu\/de\/wp-json\/wp\/v2\/product_tag?post=10823"},{"taxonomy":"product_brands","embeddable":true,"href":"https:\/\/ekomfort.lu\/de\/wp-json\/wp\/v2\/product_brands?post=10823"}],"curies":[{"name":"wp","href":"https:\/\/api.w.org\/{rel}","templated":true}]}}