{"id":10797,"date":"2023-08-16T14:50:19","date_gmt":"2023-08-16T12:50:19","guid":{"rendered":"https:\/\/ekomfort.lu\/shop\/noah-green-orgcot-sportliche-gruene-unisex-stiefel-aus-bio-baumwolle-von-nae-eine-ethisch-komfortable-wahl-bei-jedem-schritt"},"modified":"2024-07-01T12:11:54","modified_gmt":"2024-07-01T10:11:54","slug":"noah-green-orgcot-sportliche-gruene-unisex-stiefel-aus-bio-baumwolle-von-nae-eine-ethisch-komfortable-wahl-bei-jedem-schritt","status":"publish","type":"product","link":"https:\/\/ekomfort.lu\/de\/shop\/noah-green-orgcot-sportliche-gruene-unisex-stiefel-aus-bio-baumwolle-von-nae-eine-ethisch-komfortable-wahl-bei-jedem-schritt\/","title":{"rendered":"Noah Green OrgCot: Sportliche Gr\u00fcne Unisex-Stiefel aus Bio-Baumwolle von Nae, eine ethisch komfortable Wahl bei jedem Schritt"},"content":{"rendered":"\n<p>Haben Sie Lust auf <strong>gr\u00fcne Damenstiefel<\/strong>, die so robust wie bequem sind und Ihr Engagement f\u00fcr eine gr\u00fcnere Welt verk\u00f6rpern? M\u00fcde von Schuhen, die nicht mit Ihren Werten \u00fcbereinstimmen?<\/p>\n\n\n\n<p>Entdecken Sie die<strong> gr\u00fcnen sportlichen Unisex-Stiefel<\/strong>, die aus organischer Baumwolle hergestellt sind, um perfekten Komfort, Stil und Haltbarkeit zu vereinen.<\/p>\n\n\n\n<p>Mit <strong>Noah Green OrgCot<\/strong>:<\/p>\n\n\n<style>.wp-block-kadence-iconlist.kt-svg-icon-list-items10797_0734ea-1a:not(.this-stops-third-party-issues){margin-top:0px;margin-bottom:0px;}.wp-block-kadence-iconlist.kt-svg-icon-list-items10797_0734ea-1a ul.kt-svg-icon-list:not(.this-prevents-issues):not(.this-stops-third-party-issues):not(.tijsloc){margin-top:0px;margin-right:0px;margin-bottom:var(--global-kb-spacing-sm, 1.5rem);margin-left:0px;}.wp-block-kadence-iconlist.kt-svg-icon-list-items10797_0734ea-1a ul.kt-svg-icon-list{grid-row-gap:5px;}.wp-block-kadence-iconlist.kt-svg-icon-list-items10797_0734ea-1a .kb-svg-icon-wrap{font-size:18px;color:var(--global-palette1, #3182CE);}.wp-block-kadence-iconlist.kt-svg-icon-list-items10797_0734ea-1a ul.kt-svg-icon-list .kt-svg-icon-list-item-wrap .kt-svg-icon-list-single{margin-right:10px;}.kt-svg-icon-list-items10797_0734ea-1a ul.kt-svg-icon-list .kt-svg-icon-list-level-0 .kt-svg-icon-list-single svg{font-size:20px;}<\/style>\n<div class=\"wp-block-kadence-iconlist kt-svg-icon-list-items kt-svg-icon-list-items10797_0734ea-1a kt-svg-icon-list-columns-1 alignnone\"><ul class=\"kt-svg-icon-list\"><style>.kt-svg-icon-list-item-4548_082776-ec .kt-svg-icon-list-text mark.kt-highlight{background-color:unset;font-style:normal;color:#f76a0c;-webkit-box-decoration-break:clone;box-decoration-break:clone;padding-top:0px;padding-right:0px;padding-bottom:0px;padding-left:0px;}<\/style>\n<li class=\"wp-block-kadence-listitem kt-svg-icon-list-item-wrap kt-svg-icon-list-item-4548_082776-ec\"><span class=\"kb-svg-icon-wrap kb-svg-icon-fe_checkCircle kt-svg-icon-list-single\"><svg viewBox=\"0 0 24 24\"  fill=\"none\" stroke=\"currentColor\" stroke-width=\"3\" stroke-linecap=\"round\" stroke-linejoin=\"round\" xmlns=\"http:\/\/www.w3.org\/2000\/svg\"  aria-hidden=\"true\"><path d=\"M22 11.08V12a10 10 0 1 1-5.93-9.14\"\/><polyline points=\"22 4 12 14.01 9 11.01\"\/><\/svg><\/span><span class=\"kt-svg-icon-list-text\">Erleben Sie unvergleichlichen Komfort mit OEKO-TEX STANDARD 100 zertifizierten Mikrofaser-Futter, das atmungsaktiv, hypoallergen und antibakteriell ist, um Ihre F\u00fc\u00dfe den ganzen Tag \u00fcber frisch und trocken zu halten.<\/span><\/li>\n\n\n<style>.kt-svg-icon-list-item-4548_69c507-ab .kt-svg-icon-list-text mark.kt-highlight{background-color:unset;font-style:normal;color:#f76a0c;-webkit-box-decoration-break:clone;box-decoration-break:clone;padding-top:0px;padding-right:0px;padding-bottom:0px;padding-left:0px;}<\/style>\n<li class=\"wp-block-kadence-listitem kt-svg-icon-list-item-wrap kt-svg-icon-list-item-4548_69c507-ab\"><span class=\"kb-svg-icon-wrap kb-svg-icon-fe_checkCircle kt-svg-icon-list-single\"><svg viewBox=\"0 0 24 24\"  fill=\"none\" stroke=\"currentColor\" stroke-width=\"3\" stroke-linecap=\"round\" stroke-linejoin=\"round\" xmlns=\"http:\/\/www.w3.org\/2000\/svg\"  aria-hidden=\"true\"><path d=\"M22 11.08V12a10 10 0 1 1-5.93-9.14\"\/><polyline points=\"22 4 12 14.01 9 11.01\"\/><\/svg><\/span><span class=\"kt-svg-icon-list-text\">Zeigen Sie Ihre umweltfreundliche Verpflichtung bei jedem Ausgang mit sportlichen <strong>veganen High-Top-Schuhen<\/strong> aus biologischer Baumwolle und recycelten Polyesterb\u00e4ndern.<\/span><\/li>\n\n\n<style>.kt-svg-icon-list-item-4548_30762b-a9 .kt-svg-icon-list-text mark.kt-highlight{background-color:unset;font-style:normal;color:#f76a0c;-webkit-box-decoration-break:clone;box-decoration-break:clone;padding-top:0px;padding-right:0px;padding-bottom:0px;padding-left:0px;}<\/style>\n<li class=\"wp-block-kadence-listitem kt-svg-icon-list-item-wrap kt-svg-icon-list-item-4548_30762b-a9\"><span class=\"kb-svg-icon-wrap kb-svg-icon-fe_checkCircle kt-svg-icon-list-single\"><svg viewBox=\"0 0 24 24\"  fill=\"none\" stroke=\"currentColor\" stroke-width=\"3\" stroke-linecap=\"round\" stroke-linejoin=\"round\" xmlns=\"http:\/\/www.w3.org\/2000\/svg\"  aria-hidden=\"true\"><path d=\"M22 11.08V12a10 10 0 1 1-5.93-9.14\"\/><polyline points=\"22 4 12 14.01 9 11.01\"\/><\/svg><\/span><span class=\"kt-svg-icon-list-text\">Bringen Sie mit diesen <strong>sportlichen gr\u00fcnen Stiefeln<\/strong> Farbe in Ihre Outfits und verleihen Sie ihnen Originalit\u00e4t, w\u00e4hrend sie gleichzeitig ausreichend schlicht sind, um zu jedem Look zu passen.<\/span><\/li>\n<\/ul><\/div>\n\n\n\n<p>ohne unangenehme Ger\u00fcche, ohne Ausbeutung, einfach ein Paar Schuhe, das Ihnen wie angegossen passt&#8230;<\/p>\n\n\n\n<p>F\u00fcr den Preis eines gew\u00f6hnlichen, kurzlebigen Schuhpaars, w\u00e4hlen Sie Schuhe, die Sie jahrelang begleiten und gleichzeitig Ihr Engagement f\u00fcr einen nachhaltigeren Lebensstil widerspiegeln.<\/p>\n\n\n\n<p>Bereit f\u00fcr eine gr\u00fcnere Zukunft? Der <strong>Noah Green OrgCot<\/strong> ist bereits ein Favorit in unserer verantwortungsbewussten Verbrauchergemeinschaft und die Best\u00e4nde schwinden schnell. Lassen Sie sich Ihre Chance nicht entgehen!<\/p>\n","protected":false},"excerpt":{"rendered":"<p>Haben Sie Lust auf gr\u00fcne Damenstiefel, die so robust wie bequem sind und Ihr Engagement f\u00fcr eine gr\u00fcnere Welt verk\u00f6rpern? M\u00fcde von Schuhen, die nicht mit Ihren Werten \u00fcbereinstimmen? Entdecken Sie die gr\u00fcnen sportlichen Unisex-Stiefel, die aus organischer Baumwolle hergestellt sind, um perfekten Komfort, Stil und Haltbarkeit zu vereinen. Mit Noah Green OrgCot: ohne unangenehme&#8230;<\/p>\n","protected":false},"featured_media":8288,"comment_status":"open","ping_status":"closed","template":"","meta":{"_acf_changed":false,"_kad_blocks_custom_css":"","_kad_blocks_head_custom_js":"","_kad_blocks_body_custom_js":"","_kad_blocks_footer_custom_js":"","_kad_post_transparent":"","_kad_post_title":"","_kad_post_layout":"","_kad_post_sidebar_id":"","_kad_post_content_style":"","_kad_post_vertical_padding":"","_kad_post_feature":"","_kad_post_feature_position":"","_kad_post_header":false,"_kad_post_footer":false,"_kad_post_classname":""},"product_brand":[],"product_cat":[414,413],"product_tag":[445],"product_brands":[685],"class_list":{"0":"post-10797","1":"product","2":"type-product","3":"status-publish","4":"has-post-thumbnail","6":"product_cat-stiefel","7":"product_cat-schuhe-fuer-maenner-und-frauen","8":"product_tag-unisex-de","9":"product_brands-nae-vegan-shoes-de","11":"first","12":"outofstock","13":"taxable","14":"shipping-taxable","15":"purchasable","16":"product-type-variable","17":"has-default-attributes","18":"entry","19":"content-bg","20":"loop-entry"},"acf":{"avantages":"\ud83c\udf2c\ufe0f Atmungsaktives Obermaterial aus 100% Bio-Baumwolle, um Ihre F\u00fc\u00dfe trocken und gut bel\u00fcftet zu halten.\r\n\r\n\ud83c\udf3f Futter zertifiziert nach OEKO-TEX Standard 100, bestehend aus 90% Mikrofasern und 10% PU, f\u00fcr optimale Hygiene.\r\n\r\n\ud83c\udfc3 Laufsohle aus thermoplastischem Gummi und Schn\u00fcrsenkel aus recyceltem Polyester f\u00fcr ultimativen Halt und Langlebigkeit.\r\n\r\n\ud83c\udf21\ufe0f Hypoallergenes, antibakterielles und antimikrobielles Futter und Einlegesohle f\u00fcr bessere Hygiene und weniger allergische Reaktionen.\r\n\r\n\ud83d\udca6 Wasserdichte vegane Stiefel f\u00fcr eine nachhaltige und umweltfreundliche Alternative.\r\n\r\n\ud83c\uddf5\ud83c\uddf9 Handgefertigt in Portugal, um traditionelles Handwerk und Qualit\u00e4t zu betonen.\r\n\r\n\u26bd Langlebige Sportschuhe, die den neuesten Modetrends folgen.","entretien":"1. Entfernen Sie vorsichtig Staub- und Schmutzspuren von Ihren veganen Schuhen mit einem trockenen Tuch.\r\n\r\n2. Verwenden Sie ein feuchtes Tuch, um die Reinigung abzuschlie\u00dfen, indem Sie kreisende Bewegungen machen.\r\n\r\n3. Waschen Sie die T\u00fccher regelm\u00e4\u00dfig, um Flecken auf den Schuhen zu vermeiden.\r\n\r\n4. F\u00fcr hartn\u00e4ckige Flecken verwenden Sie eine leicht feuchte weiche B\u00fcrste und reiben Sie in kreisenden Bewegungen.\r\n\r\n5. Vermeiden Sie die Verwendung von Reinigungscreme.Produktnutzungsdauer:Wenn Ihre veganen Schuhe das Ende ihrer Nutzungsdauer erreicht haben, abgenutzt, veraltet sind oder Sie sie einfach nicht mehr ben\u00f6tigen oder m\u00f6chten, denken Sie daran, ihnen ein anderes Leben, eine andere Verwendung zu geben. Oder geben Sie sie weiter.","marque":""},"taxonomy_info":{"product_cat":[{"value":414,"label":"Stiefel"},{"value":413,"label":"Schuhe"}],"product_tag":[{"value":445,"label":"Unisex"}],"product_brands":[{"value":685,"label":"NAE Vegan Shoes"}]},"featured_image_src_large":["https:\/\/ekomfort.lu\/wp-content\/uploads\/2023\/08\/noah-green-orgcot-botte-montante.jpg",700,700,false],"author_info":[],"comment_info":0,"_links":{"self":[{"href":"https:\/\/ekomfort.lu\/de\/wp-json\/wp\/v2\/product\/10797","targetHints":{"allow":["GET"]}}],"collection":[{"href":"https:\/\/ekomfort.lu\/de\/wp-json\/wp\/v2\/product"}],"about":[{"href":"https:\/\/ekomfort.lu\/de\/wp-json\/wp\/v2\/types\/product"}],"replies":[{"embeddable":true,"href":"https:\/\/ekomfort.lu\/de\/wp-json\/wp\/v2\/comments?post=10797"}],"wp:featuredmedia":[{"embeddable":true,"href":"https:\/\/ekomfort.lu\/de\/wp-json\/wp\/v2\/media\/8288"}],"wp:attachment":[{"href":"https:\/\/ekomfort.lu\/de\/wp-json\/wp\/v2\/media?parent=10797"}],"wp:term":[{"taxonomy":"product_brand","embeddable":true,"href":"https:\/\/ekomfort.lu\/de\/wp-json\/wp\/v2\/product_brand?post=10797"},{"taxonomy":"product_cat","embeddable":true,"href":"https:\/\/ekomfort.lu\/de\/wp-json\/wp\/v2\/product_cat?post=10797"},{"taxonomy":"product_tag","embeddable":true,"href":"https:\/\/ekomfort.lu\/de\/wp-json\/wp\/v2\/product_tag?post=10797"},{"taxonomy":"product_brands","embeddable":true,"href":"https:\/\/ekomfort.lu\/de\/wp-json\/wp\/v2\/product_brands?post=10797"}],"curies":[{"name":"wp","href":"https:\/\/api.w.org\/{rel}","templated":true}]}}