{"id":10784,"date":"2023-08-16T14:50:19","date_gmt":"2023-08-16T12:50:19","guid":{"rendered":"https:\/\/ekomfort.lu\/shop\/botte-montante-femme-homme-noah-suede-camel-de-nae-ein-herausragender-stil-fuer-eine-positive-auswirkung-auf-den-planeten"},"modified":"2024-07-01T12:11:57","modified_gmt":"2024-07-01T10:11:57","slug":"botte-montante-femme-homme-noah-suede-camel-de-nae-ein-herausragender-stil-fuer-eine-positive-auswirkung-auf-den-planeten","status":"publish","type":"product","link":"https:\/\/ekomfort.lu\/de\/shop\/botte-montante-femme-homme-noah-suede-camel-de-nae-ein-herausragender-stil-fuer-eine-positive-auswirkung-auf-den-planeten\/","title":{"rendered":"Botte montante femme homme Noah Suede Camel de Nae: Ein erhabener Stil mit positiver Auswirkung auf den Planeten"},"content":{"rendered":"\n<p>Sie sind auf der Suche nach vielseitigen <strong>beigen hohen Stiefeln<\/strong>, die Ihre Leidenschaft f\u00fcr die Umwelt widerspiegeln, ohne auf Stil zu verzichten? F\u00f6rdern Sie immer noch Produkte, die Innovation, Nachhaltigkeit und Ethik vereinen?<\/p>\n\n\n\n<p>Machen Sie die Erfahrung mit den <strong>Noah Suede Camel<\/strong>: Unisex-<strong>beige Sportschuhe<\/strong> aus Kunstwildleder, die die perfekte Harmonie zwischen modernem Design, Komfort und Umweltschutz verk\u00f6rpern.<\/p>\n\n\n\n<p>Umarme die <strong><strong>beige Overknee-Stiefel<\/strong> unisex Noah Suede Camel<\/strong> von Nae und:<\/p>\n\n\n<style>.wp-block-kadence-iconlist.kt-svg-icon-list-items10784_6c3c8b-73:not(.this-stops-third-party-issues){margin-top:0px;margin-bottom:0px;}.wp-block-kadence-iconlist.kt-svg-icon-list-items10784_6c3c8b-73 ul.kt-svg-icon-list:not(.this-prevents-issues):not(.this-stops-third-party-issues):not(.tijsloc){margin-top:0px;margin-right:0px;margin-bottom:var(--global-kb-spacing-sm, 1.5rem);margin-left:0px;}.wp-block-kadence-iconlist.kt-svg-icon-list-items10784_6c3c8b-73 ul.kt-svg-icon-list{grid-row-gap:5px;}.wp-block-kadence-iconlist.kt-svg-icon-list-items10784_6c3c8b-73 .kb-svg-icon-wrap{font-size:18px;color:var(--global-palette1, #3182CE);}.wp-block-kadence-iconlist.kt-svg-icon-list-items10784_6c3c8b-73 ul.kt-svg-icon-list .kt-svg-icon-list-item-wrap .kt-svg-icon-list-single{margin-right:10px;}.kt-svg-icon-list-items10784_6c3c8b-73 ul.kt-svg-icon-list .kt-svg-icon-list-level-0 .kt-svg-icon-list-single svg{font-size:20px;}<\/style>\n<div class=\"wp-block-kadence-iconlist kt-svg-icon-list-items kt-svg-icon-list-items10784_6c3c8b-73 kt-svg-icon-list-columns-1 alignnone\"><ul class=\"kt-svg-icon-list\"><style>.kt-svg-icon-list-item-4547_73b0ab-81 .kt-svg-icon-list-text mark.kt-highlight{background-color:unset;font-style:normal;color:#f76a0c;-webkit-box-decoration-break:clone;box-decoration-break:clone;padding-top:0px;padding-right:0px;padding-bottom:0px;padding-left:0px;}<\/style>\n<li class=\"wp-block-kadence-listitem kt-svg-icon-list-item-wrap kt-svg-icon-list-item-4547_73b0ab-81\"><span class=\"kb-svg-icon-wrap kb-svg-icon-fe_checkCircle kt-svg-icon-list-single\"><svg viewBox=\"0 0 24 24\"  fill=\"none\" stroke=\"currentColor\" stroke-width=\"3\" stroke-linecap=\"round\" stroke-linejoin=\"round\" xmlns=\"http:\/\/www.w3.org\/2000\/svg\"  aria-hidden=\"true\"><path d=\"M22 11.08V12a10 10 0 1 1-5.93-9.14\"\/><polyline points=\"22 4 12 14.01 9 11.01\"\/><\/svg><\/span><span class=\"kt-svg-icon-list-text\">Erleben Sie unvergleichlichen Komfort mit einem hypoallergenen und antibakteriellen Mikrofaserfutter, das unerw\u00fcnschte Ger\u00fcche verhindert.<\/span><\/li>\n\n\n<style>.kt-svg-icon-list-item-10784_e83731-77 .kt-svg-icon-list-text mark.kt-highlight{background-color:unset;font-style:normal;color:#f76a0c;-webkit-box-decoration-break:clone;box-decoration-break:clone;padding-top:0px;padding-right:0px;padding-bottom:0px;padding-left:0px;}<\/style>\n<li class=\"wp-block-kadence-listitem kt-svg-icon-list-item-wrap kt-svg-icon-list-item-10784_e83731-77\"><span class=\"kb-svg-icon-wrap kb-svg-icon-fe_checkCircle kt-svg-icon-list-single\"><svg viewBox=\"0 0 24 24\"  fill=\"none\" stroke=\"currentColor\" stroke-width=\"3\" stroke-linecap=\"round\" stroke-linejoin=\"round\" xmlns=\"http:\/\/www.w3.org\/2000\/svg\"  aria-hidden=\"true\"><path d=\"M22 11.08V12a10 10 0 1 1-5.93-9.14\"\/><polyline points=\"22 4 12 14.01 9 11.01\"\/><\/svg><\/span><span class=\"kt-svg-icon-list-text\">Agr\u00e9mentez vos tenues d&#8217;une touche distinctive avec ces bottes sportives \u00e0 l&#8217;esth\u00e9tique soign\u00e9e et \u00e0 la couleur camel tendance.<\/span><\/li>\n\n\n<style>.kt-svg-icon-list-item-4547_1edcc3-58 .kt-svg-icon-list-text mark.kt-highlight{background-color:unset;font-style:normal;color:#f76a0c;-webkit-box-decoration-break:clone;box-decoration-break:clone;padding-top:0px;padding-right:0px;padding-bottom:0px;padding-left:0px;}<\/style>\n<li class=\"wp-block-kadence-listitem kt-svg-icon-list-item-wrap kt-svg-icon-list-item-4547_1edcc3-58\"><span class=\"kb-svg-icon-wrap kb-svg-icon-fe_checkCircle kt-svg-icon-list-single\"><svg viewBox=\"0 0 24 24\"  fill=\"none\" stroke=\"currentColor\" stroke-width=\"3\" stroke-linecap=\"round\" stroke-linejoin=\"round\" xmlns=\"http:\/\/www.w3.org\/2000\/svg\"  aria-hidden=\"true\"><path d=\"M22 11.08V12a10 10 0 1 1-5.93-9.14\"\/><polyline points=\"22 4 12 14.01 9 11.01\"\/><\/svg><\/span><span class=\"kt-svg-icon-list-text\">Treffen Sie verantwortungsbewusste Entscheidungen, indem Sie sich f\u00fcr Stiefel aus synthetischem Wildleder entscheiden, die unter fairen Arbeitsbedingungen hergestellt werden und aus innovativem und umweltfreundlichem Material bestehen.<\/span><\/li>\n<\/ul><\/div>\n\n\n\n<p>ohne Grausamkeit, ohne Auswirkungen auf das Klima, einfach ein selbstbewusster Stil&#8230;<\/p>\n\n\n\n<p>Dar\u00fcber hinaus werden diese Stiefel zu einem erschwinglichen Preis angeboten, w\u00e4hrend ihre Qualit\u00e4t konventionelle Marken \u00fcbertrifft.<\/p>\n\n\n\n<p>Also, sind Sie bereit, Ihre F\u00fc\u00dfe stilvoll zu schm\u00fccken und gleichzeitig zu einer gr\u00fcneren Zukunft beizutragen? Die <strong>Noah Suede Camel<\/strong> sind schnell ausverkauft, machen Sie den Schritt zu einer modebewussteren Alternative. Agieren Sie jetzt!<\/p>\n","protected":false},"excerpt":{"rendered":"<p>Sie sind auf der Suche nach vielseitigen beigen hohen Stiefeln, die Ihre Leidenschaft f\u00fcr die Umwelt widerspiegeln, ohne auf Stil zu verzichten? F\u00f6rdern Sie immer noch Produkte, die Innovation, Nachhaltigkeit und Ethik vereinen? Machen Sie die Erfahrung mit den Noah Suede Camel: Unisex-beige Sportschuhe aus Kunstwildleder, die die perfekte Harmonie zwischen modernem Design, Komfort und&#8230;<\/p>\n","protected":false},"featured_media":8280,"comment_status":"open","ping_status":"closed","template":"","meta":{"_acf_changed":false,"_kad_blocks_custom_css":"","_kad_blocks_head_custom_js":"","_kad_blocks_body_custom_js":"","_kad_blocks_footer_custom_js":"","_kad_post_transparent":"","_kad_post_title":"","_kad_post_layout":"","_kad_post_sidebar_id":"","_kad_post_content_style":"","_kad_post_vertical_padding":"","_kad_post_feature":"","_kad_post_feature_position":"","_kad_post_header":false,"_kad_post_footer":false,"_kad_post_classname":""},"product_brand":[],"product_cat":[414,413],"product_tag":[445],"product_brands":[685],"class_list":{"0":"post-10784","1":"product","2":"type-product","3":"status-publish","4":"has-post-thumbnail","6":"product_cat-stiefel","7":"product_cat-schuhe-fuer-maenner-und-frauen","8":"product_tag-unisex-de","9":"product_brands-nae-vegan-shoes-de","11":"first","12":"outofstock","13":"taxable","14":"shipping-taxable","15":"purchasable","16":"product-type-variable","17":"has-default-attributes","18":"entry","19":"content-bg","20":"loop-entry"},"acf":{"avantages":"\ud83c\udf2c\ufe0f Atmungsaktives Obermaterial aus 100% Bio-Baumwolle, um Ihre F\u00fc\u00dfe trocken und gut bel\u00fcftet zu halten.\r\n\r\n\ud83c\udf3f Futter zertifiziert nach OEKO-TEX Standard 100, bestehend aus 90% Mikrofasern und 10% PU, f\u00fcr optimale Hygiene.\r\n\r\n\ud83c\udfc3 Laufsohle aus thermoplastischem Gummi und Schn\u00fcrsenkel aus recyceltem Polyester f\u00fcr ultimativen Halt und Langlebigkeit.\r\n\r\n\ud83c\udf21\ufe0f Hypoallergenes, antibakterielles und antimikrobielles Futter und Einlegesohle f\u00fcr bessere Hygiene und weniger allergische Reaktionen.\r\n\r\n\ud83d\udca6 Wasserdichte vegane Stiefel f\u00fcr eine nachhaltige und umweltfreundliche Alternative.\ud83c\uddf5\ud83c\uddf9 Handgefertigt in Portugal, um traditionelles Handwerk und Qualit\u00e4t zu betonen.\r\n\r\n\u26bd Langlebige Sportschuhe, die den neuesten Modetrends folgen.","entretien":"1. Entfernen Sie vorsichtig Staub- und Schmutzspuren von Ihren veganen Schuhen mit einem trockenen Tuch.\r\n\r\n2. Verwenden Sie ein feuchtes Tuch, um die Reinigung abzuschlie\u00dfen, indem Sie kreisende Bewegungen machen.\r\n\r\n3. Waschen Sie die T\u00fccher regelm\u00e4\u00dfig, um Flecken auf den Schuhen zu vermeiden.\r\n\r\n4. F\u00fcr hartn\u00e4ckige Flecken verwenden Sie eine leicht feuchte weiche B\u00fcrste und reiben Sie in kreisenden Bewegungen.\r\n\r\n5. Vermeiden Sie die Verwendung von Reinigungscreme.Produktnutzungsdauer:Wenn Ihre veganen Schuhe das Ende ihrer Nutzungsdauer erreicht haben, abgenutzt, veraltet sind oder Sie sie einfach nicht mehr ben\u00f6tigen oder m\u00f6chten, denken Sie daran, ihnen ein anderes Leben, eine andere Verwendung zu geben. Oder geben Sie sie weiter.","marque":""},"taxonomy_info":{"product_cat":[{"value":414,"label":"Stiefel"},{"value":413,"label":"Schuhe"}],"product_tag":[{"value":445,"label":"Unisex"}],"product_brands":[{"value":685,"label":"NAE Vegan Shoes"}]},"featured_image_src_large":["https:\/\/ekomfort.lu\/wp-content\/uploads\/2023\/08\/noah-camel-botte-cheville.jpg",700,700,false],"author_info":[],"comment_info":0,"_links":{"self":[{"href":"https:\/\/ekomfort.lu\/de\/wp-json\/wp\/v2\/product\/10784","targetHints":{"allow":["GET"]}}],"collection":[{"href":"https:\/\/ekomfort.lu\/de\/wp-json\/wp\/v2\/product"}],"about":[{"href":"https:\/\/ekomfort.lu\/de\/wp-json\/wp\/v2\/types\/product"}],"replies":[{"embeddable":true,"href":"https:\/\/ekomfort.lu\/de\/wp-json\/wp\/v2\/comments?post=10784"}],"wp:featuredmedia":[{"embeddable":true,"href":"https:\/\/ekomfort.lu\/de\/wp-json\/wp\/v2\/media\/8280"}],"wp:attachment":[{"href":"https:\/\/ekomfort.lu\/de\/wp-json\/wp\/v2\/media?parent=10784"}],"wp:term":[{"taxonomy":"product_brand","embeddable":true,"href":"https:\/\/ekomfort.lu\/de\/wp-json\/wp\/v2\/product_brand?post=10784"},{"taxonomy":"product_cat","embeddable":true,"href":"https:\/\/ekomfort.lu\/de\/wp-json\/wp\/v2\/product_cat?post=10784"},{"taxonomy":"product_tag","embeddable":true,"href":"https:\/\/ekomfort.lu\/de\/wp-json\/wp\/v2\/product_tag?post=10784"},{"taxonomy":"product_brands","embeddable":true,"href":"https:\/\/ekomfort.lu\/de\/wp-json\/wp\/v2\/product_brands?post=10784"}],"curies":[{"name":"wp","href":"https:\/\/api.w.org\/{rel}","templated":true}]}}