{"id":10775,"date":"2023-08-16T14:50:20","date_gmt":"2023-08-16T12:50:20","guid":{"rendered":"https:\/\/ekomfort.lu\/shop\/chaussures-de-ville-homme-tendances-siro-brown-de-nae-chic-und-ethisch-bei-treffen"},"modified":"2024-07-01T12:11:41","modified_gmt":"2024-07-01T10:11:41","slug":"chaussures-de-ville-homme-tendances-siro-brown-de-nae-chic-und-ethisch-bei-treffen","status":"publish","type":"product","link":"https:\/\/ekomfort.lu\/de\/shop\/chaussures-de-ville-homme-tendances-siro-brown-de-nae-chic-und-ethisch-bei-treffen\/","title":{"rendered":"Chaussures de ville homme tendances Siro Brown de Nae : Chic und ethisch bei Treffen"},"content":{"rendered":"\n<p>Sie streben danach, Ihren allt\u00e4glichen Stil mit einer eleganten Note aufzuwerten, die auch die Umwelt respektiert? Auf der Suche nach <strong>eleganten braunen Schuhen<\/strong>, die perfekt zu Ihren beruflichen und lockeren Aktivit\u00e4ten passen und mit Ihren Werten im Einklang stehen?<\/p>\n\n\n\n<p>Entdecken Sie die <strong>Siro Brown<\/strong>: braune <strong>Stadtschuhe f\u00fcr M\u00e4nner aus veganem Leder<\/strong>, die eine ideale Harmonie zwischen klassischer Eleganz, Komfort und \u00f6kologischer Nachhaltigkeit symbolisieren.<\/p>\n\n\n\n<p>Nutzen Sie die Gelegenheit, die <strong>modernen Herrenschuhe &#8220;Siro Brown&#8221;<\/strong> zu besitzen.<\/p>\n\n\n<style>.wp-block-kadence-iconlist.kt-svg-icon-list-items10775_451770-1f:not(.this-stops-third-party-issues){margin-top:0px;margin-bottom:0px;}.wp-block-kadence-iconlist.kt-svg-icon-list-items10775_451770-1f ul.kt-svg-icon-list:not(.this-prevents-issues):not(.this-stops-third-party-issues):not(.tijsloc){margin-top:0px;margin-right:0px;margin-bottom:var(--global-kb-spacing-sm, 1.5rem);margin-left:0px;}.wp-block-kadence-iconlist.kt-svg-icon-list-items10775_451770-1f ul.kt-svg-icon-list{grid-row-gap:5px;}.wp-block-kadence-iconlist.kt-svg-icon-list-items10775_451770-1f .kb-svg-icon-wrap{font-size:18px;color:var(--global-palette1, #3182CE);}.wp-block-kadence-iconlist.kt-svg-icon-list-items10775_451770-1f ul.kt-svg-icon-list .kt-svg-icon-list-item-wrap .kt-svg-icon-list-single{margin-right:10px;}.kt-svg-icon-list-items10775_451770-1f ul.kt-svg-icon-list .kt-svg-icon-list-level-0 .kt-svg-icon-list-single svg{font-size:20px;}<\/style>\n<div class=\"wp-block-kadence-iconlist kt-svg-icon-list-items kt-svg-icon-list-items10775_451770-1f kt-svg-icon-list-columns-1 alignnone\"><ul class=\"kt-svg-icon-list\"><style>.kt-svg-icon-list-item-4562_f01be4-b2 .kt-svg-icon-list-text mark.kt-highlight{background-color:unset;font-style:normal;color:#f76a0c;-webkit-box-decoration-break:clone;box-decoration-break:clone;padding-top:0px;padding-right:0px;padding-bottom:0px;padding-left:0px;}<\/style>\n<li class=\"wp-block-kadence-listitem kt-svg-icon-list-item-wrap kt-svg-icon-list-item-4562_f01be4-b2\"><span class=\"kb-svg-icon-wrap kb-svg-icon-fe_checkCircle kt-svg-icon-list-single\"><svg viewBox=\"0 0 24 24\"  fill=\"none\" stroke=\"currentColor\" stroke-width=\"3\" stroke-linecap=\"round\" stroke-linejoin=\"round\" xmlns=\"http:\/\/www.w3.org\/2000\/svg\"  aria-hidden=\"true\"><path d=\"M22 11.08V12a10 10 0 1 1-5.93-9.14\"\/><polyline points=\"22 4 12 14.01 9 11.01\"\/><\/svg><\/span><span class=\"kt-svg-icon-list-text\">Zeigen Sie nat\u00fcrliche Eleganz mit diesen liebevoll gestalteten Brogue-Schuhen, die sich perfekt mit all Ihren Outfits, von formell bis leger, kombinieren lassen.<\/span><\/li>\n\n\n<style>.kt-svg-icon-list-item-4562_b806d7-07 .kt-svg-icon-list-text mark.kt-highlight{background-color:unset;font-style:normal;color:#f76a0c;-webkit-box-decoration-break:clone;box-decoration-break:clone;padding-top:0px;padding-right:0px;padding-bottom:0px;padding-left:0px;}<\/style>\n<li class=\"wp-block-kadence-listitem kt-svg-icon-list-item-wrap kt-svg-icon-list-item-4562_b806d7-07\"><span class=\"kb-svg-icon-wrap kb-svg-icon-fe_checkCircle kt-svg-icon-list-single\"><svg viewBox=\"0 0 24 24\"  fill=\"none\" stroke=\"currentColor\" stroke-width=\"3\" stroke-linecap=\"round\" stroke-linejoin=\"round\" xmlns=\"http:\/\/www.w3.org\/2000\/svg\"  aria-hidden=\"true\"><path d=\"M22 11.08V12a10 10 0 1 1-5.93-9.14\"\/><polyline points=\"22 4 12 14.01 9 11.01\"\/><\/svg><\/span><span class=\"kt-svg-icon-list-text\">Genie\u00dfen Sie unvergleichlichen Komfort durch hochwertiges, leichtes und strapazierf\u00e4higes veganes Leder, das daf\u00fcr gemacht ist, Sie nachhaltig zu begleiten, ohne Ihr Wohlbefinden zu beeintr\u00e4chtigen.<\/span><\/li>\n\n\n<style>.kt-svg-icon-list-item-4562_3345c2-49 .kt-svg-icon-list-text mark.kt-highlight{background-color:unset;font-style:normal;color:#f76a0c;-webkit-box-decoration-break:clone;box-decoration-break:clone;padding-top:0px;padding-right:0px;padding-bottom:0px;padding-left:0px;}<\/style>\n<li class=\"wp-block-kadence-listitem kt-svg-icon-list-item-wrap kt-svg-icon-list-item-4562_3345c2-49\"><span class=\"kb-svg-icon-wrap kb-svg-icon-fe_checkCircle kt-svg-icon-list-single\"><svg viewBox=\"0 0 24 24\"  fill=\"none\" stroke=\"currentColor\" stroke-width=\"3\" stroke-linecap=\"round\" stroke-linejoin=\"round\" xmlns=\"http:\/\/www.w3.org\/2000\/svg\"  aria-hidden=\"true\"><path d=\"M22 11.08V12a10 10 0 1 1-5.93-9.14\"\/><polyline points=\"22 4 12 14.01 9 11.01\"\/><\/svg><\/span><span class=\"kt-svg-icon-list-text\">Zeigen Sie Ihr Engagement f\u00fcr unseren sch\u00f6nen Planeten mit umweltfreundlichen und tierfreundlichen Materialien, die die Tierwelt und die Umwelt respektieren.<\/span><\/li>\n<\/ul><\/div>\n\n\n\n<p>Ohne den Stil zu beeintr\u00e4chtigen, ohne Grausamkeit, einfach ein positives Zeichen&#8230;<\/p>\n\n\n\n<p>F\u00fcr den Preis eines Markenschuhs entscheiden Sie sich f\u00fcr ein umweltfreundliches Produkt von h\u00f6chster Qualit\u00e4t, das Ihren Ansatz f\u00fcr eine bewusstere Lebensweise w\u00fcrdigt.<\/p>\n\n\n\n<p>Sind Sie bereit, mit Zuversicht zu gehen und gleichzeitig Ihr Engagement zu ehren? Die <strong>trendigen Siro Brown Herren-Stadtschuhe<\/strong> sind ein absolutes Muss aus unserer Kollektion und gehen weg wie warme Semmeln. Lassen Sie sich diese Gelegenheit nicht entgehen!<\/p>\n","protected":false},"excerpt":{"rendered":"<p>Sie streben danach, Ihren allt\u00e4glichen Stil mit einer eleganten Note aufzuwerten, die auch die Umwelt respektiert? Auf der Suche nach eleganten braunen Schuhen, die perfekt zu Ihren beruflichen und lockeren Aktivit\u00e4ten passen und mit Ihren Werten im Einklang stehen? Entdecken Sie die Siro Brown: braune Stadtschuhe f\u00fcr M\u00e4nner aus veganem Leder, die eine ideale Harmonie&#8230;<\/p>\n","protected":false},"featured_media":8412,"comment_status":"open","ping_status":"closed","template":"","meta":{"_acf_changed":false,"_kad_blocks_custom_css":"","_kad_blocks_head_custom_js":"","_kad_blocks_body_custom_js":"","_kad_blocks_footer_custom_js":"","_kad_post_transparent":"","_kad_post_title":"","_kad_post_layout":"","_kad_post_sidebar_id":"","_kad_post_content_style":"","_kad_post_vertical_padding":"","_kad_post_feature":"","_kad_post_feature_position":"","_kad_post_header":false,"_kad_post_footer":false},"product_brand":[],"product_cat":[425,413],"product_tag":[415],"product_brands":[685],"class_list":{"0":"post-10775","1":"product","2":"type-product","3":"status-publish","4":"has-post-thumbnail","6":"product_cat-flache-schuhe","7":"product_cat-schuhe-fuer-maenner-und-frauen","8":"product_tag-mann","9":"product_brands-nae-vegan-shoes-de","11":"first","12":"outofstock","13":"taxable","14":"shipping-taxable","15":"purchasable","16":"product-type-variable","17":"has-default-attributes","18":"entry","19":"content-bg","20":"loop-entry"},"acf":{"avantages":"\u2728 Klassischer und eleganter Stil, ideal f\u00fcr die Arbeit und formelle und halbformelle Veranstaltungen.\r\n\r\n\ud83c\udf2c\ufe0f Hypoallergene, atmungsaktive und antibakterielle Materialien, um \u00fcberm\u00e4\u00dfiges Schwitzen und schlechte Ger\u00fcche zu vermeiden.\r\n\r\n\ud83d\udca6 Feuchtigkeitsabweisende und gepolsterte Sohle f\u00fcr \u00fcberlegene Flexibilit\u00e4t und Komfort.\r\n\r\n\ud83c\udf08 Erh\u00e4ltlich in Braun und Schwarz, um zu jedem Stil zu passen.\r\n\r\n\ud83d\udee1\ufe0f Wasserdicht, atmungsaktiv, antimikrobiell und hypoallergen f\u00fcr eine sichere Verwendung f\u00fcr Ihre Gesundheit.\r\n\r\n\ud83c\udf3f Obermaterial aus umweltfreundlichen Mikrofaser-Veganleder f\u00fcr eine umweltfreundliche Alternative.\r\n\r\n\ud83c\udf2c\ufe0f Futter aus veganem Leder OnSteam, einem atmungsaktiven, antibakteriellen, antimikrobiellen und umweltfreundlichen Material.\r\n\r\n\ud83d\udee0\ufe0f Gepolsterte Einlegesohle aus EVA-Gummi, laminiert mit feuchtigkeitsabweisender Mikrofaser f\u00fcr lang anhaltenden Komfort.\r\n\r\n\ud83d\udc63 Langlebige und rutschfeste TR-Gummisohle f\u00fcr maximale Sicherheit.\ud83c\uddf5\ud83c\uddf9 Sorgf\u00e4ltig in Portugal hergestellt, unter Verwendung nachhaltiger Materialien und fairer Arbeitsbedingungen.","entretien":"1. Entfernen Sie Staub oder Schlamm von Ihren Schuhen mit einer weichen B\u00fcrste oder einem trockenen Tuch.\r\n\r\n2. Verwenden Sie ein feuchtes Tuch und reiben Sie sanft in kreisenden Bewegungen, um den gesamten Schuh zu reinigen. Reinigen Sie regelm\u00e4\u00dfig Ihr Tuch, um Schmutz zu vermeiden.\r\n\r\n3. Verwenden Sie f\u00fcr hartn\u00e4ckige Flecken eine weiche B\u00fcrste und Wasser, und reiben Sie sanft in kreisenden Bewegungen.\r\n\r\n4. Lassen Sie die Schuhe vor dem Auftragen einer Reinigungscreme an der Luft trocknen.\r\n\r\n5. Tragen Sie eine kleine Menge Reinigungscreme auf eine weiche, trockene B\u00fcrste oder ein Tuch auf und reiben Sie sanft in kreisenden Bewegungen, bis sie vollst\u00e4ndig eingezogen ist.\r\n\r\n6. Lassen Sie die Schuhe 24 Stunden lang an der Luft trocknen, fern von direktem Sonnenlicht.Achtung:\r\n\r\n- Geben Sie Ihre Schuhe nicht in die Waschmaschine.\r\n\r\n- Tauchen Sie sie nicht in Wasser ein, da dies zu irreparablen Sch\u00e4den f\u00fchren k\u00f6nnte.Produktlebensdauer:Wenn Sie der Meinung sind, dass Ihre veganen Schuhe das Ende ihrer Lebensdauer erreicht haben oder Sie sie nicht mehr ben\u00f6tigen, \u00fcberlegen Sie, ihnen ein zweites Leben zu geben. Verwenden Sie sie auf eine andere Weise selbst oder geben Sie sie jemand anderem.","marque":""},"_wp_attached_file":null,"_wp_attachment_image_alt":null,"rank_math_facebook_image":null,"rank_math_facebook_image_id":null,"wpml_language":null,"_wp_attachment_metadata":null,"rank_math_focus_keyword":"Siro Brown, trendige Herren-Stadtschuhe","rank_math_title":"Herrenschuhe Siro Brown: Eleganz und Komfort","rank_math_description":"Entdecken Sie den urbanen Trend mit unseren Siro Brown Herren Stadtschuhen. Ein eleganter Look. Klicken Sie hier, um jetzt zu bestellen!","taxonomy_info":{"product_cat":[{"value":425,"label":"Flache Schuhe"},{"value":413,"label":"Schuhe"}],"product_tag":[{"value":415,"label":"Herrenboutique"}],"product_brands":[{"value":685,"label":"NAE Vegan Shoes"}]},"featured_image_src_large":["https:\/\/ekomfort.lu\/wp-content\/uploads\/2023\/08\/siro-brown-chaussures-homme.jpg",700,700,false],"author_info":[],"comment_info":0,"_links":{"self":[{"href":"https:\/\/ekomfort.lu\/de\/wp-json\/wp\/v2\/product\/10775","targetHints":{"allow":["GET"]}}],"collection":[{"href":"https:\/\/ekomfort.lu\/de\/wp-json\/wp\/v2\/product"}],"about":[{"href":"https:\/\/ekomfort.lu\/de\/wp-json\/wp\/v2\/types\/product"}],"replies":[{"embeddable":true,"href":"https:\/\/ekomfort.lu\/de\/wp-json\/wp\/v2\/comments?post=10775"}],"wp:featuredmedia":[{"embeddable":true,"href":"https:\/\/ekomfort.lu\/de\/wp-json\/wp\/v2\/media\/8412"}],"wp:attachment":[{"href":"https:\/\/ekomfort.lu\/de\/wp-json\/wp\/v2\/media?parent=10775"}],"wp:term":[{"taxonomy":"product_brand","embeddable":true,"href":"https:\/\/ekomfort.lu\/de\/wp-json\/wp\/v2\/product_brand?post=10775"},{"taxonomy":"product_cat","embeddable":true,"href":"https:\/\/ekomfort.lu\/de\/wp-json\/wp\/v2\/product_cat?post=10775"},{"taxonomy":"product_tag","embeddable":true,"href":"https:\/\/ekomfort.lu\/de\/wp-json\/wp\/v2\/product_tag?post=10775"},{"taxonomy":"product_brands","embeddable":true,"href":"https:\/\/ekomfort.lu\/de\/wp-json\/wp\/v2\/product_brands?post=10775"}],"curies":[{"name":"wp","href":"https:\/\/api.w.org\/{rel}","templated":true}]}}