{"id":10742,"date":"2023-08-16T14:50:20","date_gmt":"2023-08-16T12:50:20","guid":{"rendered":"https:\/\/ekomfort.lu\/shop\/bottes-chelsea-noires-rebe-black-de-nae-nachhaltige-eleganz-fuer-jeden-tag"},"modified":"2024-07-01T12:11:31","modified_gmt":"2024-07-01T10:11:31","slug":"bottes-chelsea-noires-rebe-black-de-nae-nachhaltige-eleganz-fuer-jeden-tag","status":"publish","type":"product","link":"https:\/\/ekomfort.lu\/de\/shop\/bottes-chelsea-noires-rebe-black-de-nae-nachhaltige-eleganz-fuer-jeden-tag\/","title":{"rendered":"Bottes chelsea noires Rebe Black de Nae: Nachhaltige Eleganz f\u00fcr jeden Tag"},"content":{"rendered":"\n<p>Tr\u00e4umen Sie von Stiefeln, die Eleganz, Langlebigkeit und Umweltschutz vereinen? M\u00fcde von Schuhen, die nicht bequem und widerstandsf\u00e4hig genug sind?<\/p>\n\n<p>Pr\u00e4sentieren wir <strong>Rebe Black<\/strong>, die <strong>schwarzen Chelsea-Stiefel<\/strong> aus veganem Leder, die Stil, Komfort und \u00f6kologisches Bewusstsein perfekt vereinen.<\/p>\n\n<p>W\u00e4hlen Sie die <strong>veganen schwarzen Rebe Black Schuhe<\/strong> und:<\/p>\n<style>.wp-block-kadence-iconlist.kt-svg-icon-list-items4557_ce80a1-39:not(.this-stops-third-party-issues){margin-top:0px;margin-bottom:0px;}.wp-block-kadence-iconlist.kt-svg-icon-list-items4557_ce80a1-39 ul.kt-svg-icon-list:not(.this-prevents-issues):not(.this-stops-third-party-issues):not(.tijsloc){margin-top:0px;margin-right:0px;margin-bottom:var(--global-kb-spacing-sm, 1.5rem);margin-left:0px;}.wp-block-kadence-iconlist.kt-svg-icon-list-items4557_ce80a1-39 ul.kt-svg-icon-list{grid-row-gap:5px;}.wp-block-kadence-iconlist.kt-svg-icon-list-items4557_ce80a1-39 .kb-svg-icon-wrap{font-size:18px;color:var(--global-palette1, #3182CE);}.wp-block-kadence-iconlist.kt-svg-icon-list-items4557_ce80a1-39 ul.kt-svg-icon-list .kt-svg-icon-list-item-wrap .kt-svg-icon-list-single{margin-right:10px;}.kt-svg-icon-list-items4557_ce80a1-39 ul.kt-svg-icon-list .kt-svg-icon-list-level-0 .kt-svg-icon-list-single svg{font-size:20px;}<\/style>\n<div class=\"wp-block-kadence-iconlist kt-svg-icon-list-items kt-svg-icon-list-items4557_ce80a1-39 kt-svg-icon-list-columns-1 alignnone\"><ul class=\"kt-svg-icon-list\"><style>.kt-svg-icon-list-item-4557_68680f-8a .kt-svg-icon-list-text mark.kt-highlight{background-color:unset;font-style:normal;color:#f76a0c;-webkit-box-decoration-break:clone;box-decoration-break:clone;padding-top:0px;padding-right:0px;padding-bottom:0px;padding-left:0px;}<\/style>\n<li class=\"wp-block-kadence-listitem kt-svg-icon-list-item-wrap kt-svg-icon-list-item-4557_68680f-8a\"><span class=\"kb-svg-icon-wrap kb-svg-icon-fe_checkCircle kt-svg-icon-list-single\"><svg viewBox=\"0 0 24 24\"  fill=\"none\" stroke=\"currentColor\" stroke-width=\"3\" stroke-linecap=\"round\" stroke-linejoin=\"round\" xmlns=\"http:\/\/www.w3.org\/2000\/svg\"  aria-hidden=\"true\"><path d=\"M22 11.08V12a10 10 0 1 1-5.93-9.14\"\/><polyline points=\"22 4 12 14.01 9 11.01\"\/><\/svg><\/span><span class=\"kt-svg-icon-list-text\">Durchstreifen Sie die Stra\u00dfen in aller Ruhe mit einer rutschfesten Profilsohle, die Ihnen perfekte Stabilit\u00e4t bei allen Bedingungen bietet.<\/span><\/li>\n\n\n<style>.kt-svg-icon-list-item-4557_33686f-50 .kt-svg-icon-list-text mark.kt-highlight{background-color:unset;font-style:normal;color:#f76a0c;-webkit-box-decoration-break:clone;box-decoration-break:clone;padding-top:0px;padding-right:0px;padding-bottom:0px;padding-left:0px;}<\/style>\n<li class=\"wp-block-kadence-listitem kt-svg-icon-list-item-wrap kt-svg-icon-list-item-4557_33686f-50\"><span class=\"kb-svg-icon-wrap kb-svg-icon-fe_checkCircle kt-svg-icon-list-single\"><svg viewBox=\"0 0 24 24\"  fill=\"none\" stroke=\"currentColor\" stroke-width=\"3\" stroke-linecap=\"round\" stroke-linejoin=\"round\" xmlns=\"http:\/\/www.w3.org\/2000\/svg\"  aria-hidden=\"true\"><path d=\"M22 11.08V12a10 10 0 1 1-5.93-9.14\"\/><polyline points=\"22 4 12 14.01 9 11.01\"\/><\/svg><\/span><span class=\"kt-svg-icon-list-text\">Bleiben Sie immer stilvoll mit diesen halbhohen Chelsea-Stiefeln : eine klassische Wahl f\u00fcr einen raffinierten und trendigen Look.<\/span><\/li>\n\n\n<style>.kt-svg-icon-list-item-4557_d66d2d-19 .kt-svg-icon-list-text mark.kt-highlight{background-color:unset;font-style:normal;color:#f76a0c;-webkit-box-decoration-break:clone;box-decoration-break:clone;padding-top:0px;padding-right:0px;padding-bottom:0px;padding-left:0px;}<\/style>\n<li class=\"wp-block-kadence-listitem kt-svg-icon-list-item-wrap kt-svg-icon-list-item-4557_d66d2d-19\"><span class=\"kb-svg-icon-wrap kb-svg-icon-fe_checkCircle kt-svg-icon-list-single\"><svg viewBox=\"0 0 24 24\"  fill=\"none\" stroke=\"currentColor\" stroke-width=\"3\" stroke-linecap=\"round\" stroke-linejoin=\"round\" xmlns=\"http:\/\/www.w3.org\/2000\/svg\"  aria-hidden=\"true\"><path d=\"M22 11.08V12a10 10 0 1 1-5.93-9.14\"\/><polyline points=\"22 4 12 14.01 9 11.01\"\/><\/svg><\/span><span class=\"kt-svg-icon-list-text\">Tragen Sie zum Schutz unseres sch\u00f6nen Planeten mit hochwertigem, umweltfreundlichem und tierfreundlichem veganem Leder bei.<\/span><\/li>\n<\/ul><\/div>\n\n<p>Sagen Sie Auf Wiedersehen zu dem Dilemma zwischen Stil und Nachhaltigkeit, beenden Sie das Schuldgef\u00fchl aufgrund der Umweltauswirkungen, opfern Sie nicht l\u00e4nger Ihren Komfort f\u00fcr die Mode&#8230;<\/p>\n\n<p>F\u00fcr den Preis eines Standardstiefelpaares w\u00e4hlen Sie die Qualit\u00e4t, die Ethik und das \u00e4sthetische Begleiten, die Sie von einer Saison zur n\u00e4chsten begleiten werden.<\/p>\n\n<p>Bereit, Eleganz und Langlebigkeit mit den <strong>veganen Damenschuhen Rebe Black<\/strong> zu verbinden? Unsere Best\u00e4nde sind begrenzt und dieses Modell ist bereits sehr beliebt bei unseren Kundinnen. Verpassen Sie diese Gelegenheit nicht!<\/p>\n","protected":false},"excerpt":{"rendered":"<p>Tr\u00e4umen Sie von Stiefeln, die Eleganz, Langlebigkeit und Umweltschutz vereinen? M\u00fcde von Schuhen, die nicht bequem und widerstandsf\u00e4hig genug sind? Pr\u00e4sentieren wir Rebe Black, die schwarzen Chelsea-Stiefel aus veganem Leder, die Stil, Komfort und \u00f6kologisches Bewusstsein perfekt vereinen. W\u00e4hlen Sie die veganen schwarzen Rebe Black Schuhe und: Sagen Sie Auf Wiedersehen zu dem Dilemma zwischen&#8230;<\/p>\n","protected":false},"featured_media":8358,"comment_status":"open","ping_status":"closed","template":"","meta":{"_acf_changed":false,"_kad_blocks_custom_css":"","_kad_blocks_head_custom_js":"","_kad_blocks_body_custom_js":"","_kad_blocks_footer_custom_js":"","_kad_post_transparent":"","_kad_post_title":"","_kad_post_layout":"","_kad_post_sidebar_id":"","_kad_post_content_style":"","_kad_post_vertical_padding":"","_kad_post_feature":"","_kad_post_feature_position":"","_kad_post_header":false,"_kad_post_footer":false,"_kad_post_classname":""},"product_brand":[],"product_cat":[413,414],"product_tag":[447],"product_brands":[685],"class_list":{"0":"post-10742","1":"product","2":"type-product","3":"status-publish","4":"has-post-thumbnail","6":"product_cat-schuhe-fuer-maenner-und-frauen","7":"product_cat-stiefel","8":"product_tag-frau","9":"product_brands-nae-vegan-shoes-de","11":"first","12":"outofstock","13":"taxable","14":"shipping-taxable","15":"purchasable","16":"product-type-variable","17":"has-default-attributes","18":"entry","19":"content-bg","20":"loop-entry"},"acf":{"avantages":"","entretien":"","marque":""},"taxonomy_info":{"product_cat":[{"value":413,"label":"Schuhe"},{"value":414,"label":"Stiefel"}],"product_tag":[{"value":447,"label":"Damenboutique"}],"product_brands":[{"value":685,"label":"NAE Vegan Shoes"}]},"featured_image_src_large":["https:\/\/ekomfort.lu\/wp-content\/uploads\/2023\/08\/rebe-black-botte-chealsea.jpg",700,700,false],"author_info":[],"comment_info":0,"_links":{"self":[{"href":"https:\/\/ekomfort.lu\/de\/wp-json\/wp\/v2\/product\/10742","targetHints":{"allow":["GET"]}}],"collection":[{"href":"https:\/\/ekomfort.lu\/de\/wp-json\/wp\/v2\/product"}],"about":[{"href":"https:\/\/ekomfort.lu\/de\/wp-json\/wp\/v2\/types\/product"}],"replies":[{"embeddable":true,"href":"https:\/\/ekomfort.lu\/de\/wp-json\/wp\/v2\/comments?post=10742"}],"wp:featuredmedia":[{"embeddable":true,"href":"https:\/\/ekomfort.lu\/de\/wp-json\/wp\/v2\/media\/8358"}],"wp:attachment":[{"href":"https:\/\/ekomfort.lu\/de\/wp-json\/wp\/v2\/media?parent=10742"}],"wp:term":[{"taxonomy":"product_brand","embeddable":true,"href":"https:\/\/ekomfort.lu\/de\/wp-json\/wp\/v2\/product_brand?post=10742"},{"taxonomy":"product_cat","embeddable":true,"href":"https:\/\/ekomfort.lu\/de\/wp-json\/wp\/v2\/product_cat?post=10742"},{"taxonomy":"product_tag","embeddable":true,"href":"https:\/\/ekomfort.lu\/de\/wp-json\/wp\/v2\/product_tag?post=10742"},{"taxonomy":"product_brands","embeddable":true,"href":"https:\/\/ekomfort.lu\/de\/wp-json\/wp\/v2\/product_brands?post=10742"}],"curies":[{"name":"wp","href":"https:\/\/api.w.org\/{rel}","templated":true}]}}