{"id":10733,"date":"2023-08-16T14:50:20","date_gmt":"2023-08-16T12:50:20","guid":{"rendered":"https:\/\/ekomfort.lu\/shop\/mocassin-penny-loafer-aus-veganem-leder-tango-brown-ethische-eleganz-und-komfort-im-alltag"},"modified":"2024-07-01T12:11:40","modified_gmt":"2024-07-01T10:11:40","slug":"mocassin-penny-loafer-aus-veganem-leder-tango-brown-ethische-eleganz-und-komfort-im-alltag","status":"publish","type":"product","link":"https:\/\/ekomfort.lu\/de\/shop\/mocassin-penny-loafer-aus-veganem-leder-tango-brown-ethische-eleganz-und-komfort-im-alltag\/","title":{"rendered":"Mocassin Penny Loafer aus veganem Leder, Tango Brown: Ethische Eleganz und Komfort im Alltag"},"content":{"rendered":"\n<p>Auf der Suche nach Schuhen, die einen schick-l\u00e4ssigen Look mit Umweltfreundlichkeit vereinen? M\u00fcde von Modellen, die der Zeit nicht standhalten?<\/p>\n\n\n\n<p>Entdecken Sie den <strong>Tango Brown Penny<\/strong>, die <strong>Penny Loafer Herrenschuhe<\/strong> aus veganem Leder mit Wildleder-Effekt. Diese Schuhe vereinen perfekt makellosen Stil, ultimativen Komfort, Haltbarkeit und respektieren gleichzeitig Ihre umweltbewussten Werte.<\/p>\n\n\n\n<p>Bei der Auswahl der <strong>Tango Brown Penny<\/strong>:<\/p>\n\n\n<style>.wp-block-kadence-iconlist.kt-svg-icon-list-items10733_cee6f8-65:not(.this-stops-third-party-issues){margin-top:0px;margin-bottom:0px;}.wp-block-kadence-iconlist.kt-svg-icon-list-items10733_cee6f8-65 ul.kt-svg-icon-list:not(.this-prevents-issues):not(.this-stops-third-party-issues):not(.tijsloc){margin-top:0px;margin-right:0px;margin-bottom:var(--global-kb-spacing-sm, 1.5rem);margin-left:0px;}.wp-block-kadence-iconlist.kt-svg-icon-list-items10733_cee6f8-65 ul.kt-svg-icon-list{grid-row-gap:5px;}.wp-block-kadence-iconlist.kt-svg-icon-list-items10733_cee6f8-65 .kb-svg-icon-wrap{font-size:18px;color:var(--global-palette1, #3182CE);}.wp-block-kadence-iconlist.kt-svg-icon-list-items10733_cee6f8-65 ul.kt-svg-icon-list .kt-svg-icon-list-item-wrap .kt-svg-icon-list-single{margin-right:10px;}.kt-svg-icon-list-items10733_cee6f8-65 ul.kt-svg-icon-list .kt-svg-icon-list-level-0 .kt-svg-icon-list-single svg{font-size:20px;}<\/style>\n<div class=\"wp-block-kadence-iconlist kt-svg-icon-list-items kt-svg-icon-list-items10733_cee6f8-65 kt-svg-icon-list-columns-1 alignnone\"><ul class=\"kt-svg-icon-list\"><style>.kt-svg-icon-list-item-4563_ae16f5-f7 .kt-svg-icon-list-text mark.kt-highlight{background-color:unset;font-style:normal;color:#f76a0c;-webkit-box-decoration-break:clone;box-decoration-break:clone;padding-top:0px;padding-right:0px;padding-bottom:0px;padding-left:0px;}<\/style>\n<li class=\"wp-block-kadence-listitem kt-svg-icon-list-item-wrap kt-svg-icon-list-item-4563_ae16f5-f7\"><span class=\"kb-svg-icon-wrap kb-svg-icon-fe_checkCircle kt-svg-icon-list-single\"><svg viewBox=\"0 0 24 24\"  fill=\"none\" stroke=\"currentColor\" stroke-width=\"3\" stroke-linecap=\"round\" stroke-linejoin=\"round\" xmlns=\"http:\/\/www.w3.org\/2000\/svg\"  aria-hidden=\"true\"><path d=\"M22 11.08V12a10 10 0 1 1-5.93-9.14\"\/><polyline points=\"22 4 12 14.01 9 11.01\"\/><\/svg><\/span><span class=\"kt-svg-icon-list-text\">Stellen Sie sich ein Paar l\u00e4ssige, aber schicke Schuhe vor, die perfekt zu vielen halbformellen Outfits passen werden.<\/span><\/li>\n\n\n<style>.kt-svg-icon-list-item-4563_60f845-30 .kt-svg-icon-list-text mark.kt-highlight{background-color:unset;font-style:normal;color:#f76a0c;-webkit-box-decoration-break:clone;box-decoration-break:clone;padding-top:0px;padding-right:0px;padding-bottom:0px;padding-left:0px;}<\/style>\n<li class=\"wp-block-kadence-listitem kt-svg-icon-list-item-wrap kt-svg-icon-list-item-4563_60f845-30\"><span class=\"kb-svg-icon-wrap kb-svg-icon-fe_checkCircle kt-svg-icon-list-single\"><svg viewBox=\"0 0 24 24\"  fill=\"none\" stroke=\"currentColor\" stroke-width=\"3\" stroke-linecap=\"round\" stroke-linejoin=\"round\" xmlns=\"http:\/\/www.w3.org\/2000\/svg\"  aria-hidden=\"true\"><path d=\"M22 11.08V12a10 10 0 1 1-5.93-9.14\"\/><polyline points=\"22 4 12 14.01 9 11.01\"\/><\/svg><\/span><span class=\"kt-svg-icon-list-text\">Stellen Sie sich den Komfort eines atmungsaktiven Schuhs vor, mit antimikrobieller Behandlung, die \u00fcberm\u00e4\u00dfiges Schwitzen und unangenehme Ger\u00fcche verhindert.<\/span><\/li>\n\n\n<style>.kt-svg-icon-list-item-4563_c49a95-14 .kt-svg-icon-list-text mark.kt-highlight{background-color:unset;font-style:normal;color:#f76a0c;-webkit-box-decoration-break:clone;box-decoration-break:clone;padding-top:0px;padding-right:0px;padding-bottom:0px;padding-left:0px;}<\/style>\n<li class=\"wp-block-kadence-listitem kt-svg-icon-list-item-wrap kt-svg-icon-list-item-4563_c49a95-14\"><span class=\"kb-svg-icon-wrap kb-svg-icon-fe_checkCircle kt-svg-icon-list-single\"><svg viewBox=\"0 0 24 24\"  fill=\"none\" stroke=\"currentColor\" stroke-width=\"3\" stroke-linecap=\"round\" stroke-linejoin=\"round\" xmlns=\"http:\/\/www.w3.org\/2000\/svg\"  aria-hidden=\"true\"><path d=\"M22 11.08V12a10 10 0 1 1-5.93-9.14\"\/><polyline points=\"22 4 12 14.01 9 11.01\"\/><\/svg><\/span><span class=\"kt-svg-icon-list-text\">Atmen Sie die Luft des ruhigen Gewissens ein mit diesen verantwortlichen, aus innovativen und tierfreien Materialien hergestellten <strong>braunen Herren-Mokassins<\/strong>.<\/span><\/li>\n<\/ul><\/div>\n\n\n\n<p>Sagen Sie &#8220;Auf Wiedersehen&#8221; zu unbequemen Schuhen, verschwitzten F\u00fc\u00dfen und dem Gewicht der Reue, Produkte zu tragen, die ohne R\u00fccksicht auf die Umwelt hergestellt wurden&#8230;<\/p>\n\n\n\n<p>F\u00fcr den Preis eines Abendessens mit Freunden g\u00f6nnen Sie sich dauerhaften Komfort f\u00fcr Ihre F\u00fc\u00dfe und Erleichterung f\u00fcr Ihr Gewissen.<\/p>\n\n\n\n<p>Bereit, einen Schritt zu einem bewussteren und komfortableren Lebensstil mit dem <strong>Tango Brown Penny<\/strong> zu machen? Ces <strong>Penny-Loafer-Herren-Mokassins<\/strong> sind sehr gefragt und die Best\u00e4nde schwinden schnell. Warten Sie nicht lange und geben Sie Ihre Bestellung auf!<\/p>\n","protected":false},"excerpt":{"rendered":"<p>Auf der Suche nach Schuhen, die einen schick-l\u00e4ssigen Look mit Umweltfreundlichkeit vereinen? M\u00fcde von Modellen, die der Zeit nicht standhalten? Entdecken Sie den Tango Brown Penny, die Penny Loafer Herrenschuhe aus veganem Leder mit Wildleder-Effekt. Diese Schuhe vereinen perfekt makellosen Stil, ultimativen Komfort, Haltbarkeit und respektieren gleichzeitig Ihre umweltbewussten Werte. Bei der Auswahl der Tango&#8230;<\/p>\n","protected":false},"featured_media":8420,"comment_status":"open","ping_status":"closed","template":"","meta":{"_acf_changed":false,"_kad_blocks_custom_css":"","_kad_blocks_head_custom_js":"","_kad_blocks_body_custom_js":"","_kad_blocks_footer_custom_js":"","_kad_post_transparent":"","_kad_post_title":"","_kad_post_layout":"","_kad_post_sidebar_id":"","_kad_post_content_style":"","_kad_post_vertical_padding":"","_kad_post_feature":"","_kad_post_feature_position":"","_kad_post_header":false,"_kad_post_footer":false},"product_brand":[],"product_cat":[425,413],"product_tag":[415],"product_brands":[685],"class_list":{"0":"post-10733","1":"product","2":"type-product","3":"status-publish","4":"has-post-thumbnail","6":"product_cat-flache-schuhe","7":"product_cat-schuhe-fuer-maenner-und-frauen","8":"product_tag-mann","9":"product_brands-nae-vegan-shoes-de","11":"first","12":"outofstock","13":"taxable","14":"shipping-taxable","15":"purchasable","16":"product-type-variable","17":"has-default-attributes","18":"entry","19":"content-bg","20":"loop-entry"},"acf":{"avantages":"\ud83c\udf2c\ufe0f Atmungsaktiv, um Ihre F\u00fc\u00dfe k\u00fchl und trocken zu halten.\r\n\r\n\ud83e\udda0 Antimikrobiell f\u00fcr perfekte Hygiene und Verhinderung von Bakterienwachstum.\r\n\r\n\ud83c\udf0d Umweltfreundlich f\u00fcr eine reduzierte Umweltbelastung und nachhaltige Praktiken.\r\n\r\n\ud83e\udd27 Hypoallergen f\u00fcr beruhigte Haut und minimierte Allergierisiken.\r\n\r\n\ud83d\udc5f Obermaterial aus veganem Wildleder, das dem Aussehen und der Textur von echtem Leder \u00e4hnelt, ohne den Tieren zu schaden.\r\n\r\n\ud83d\udee1\ufe0f Futter aus Mikrofasern und PU f\u00fcr au\u00dfergew\u00f6hnlichen Komfort und Langlebigkeit.\r\n\r\n\ud83e\uddfd Gepolsterte Einlegesohle mit feuchtigkeitsabweisender EVA-Gummischicht f\u00fcr optimale D\u00e4mpfung und Feuchtigkeitsschutz.\r\n\r\n\ud83d\udc63 Gepolsterte und rutschfeste EVA-Gummilaufsohle f\u00fcr un\u00fcbertroffene Griffigkeit und Komfort.\r\n\r\n\ud83d\udc60 2,5 cm Absatz f\u00fcr perfekten Halt und Stabilit\u00e4t.\ud83c\uddf5\ud83c\uddf9 Sorgf\u00e4ltig hergestellt in Portugal unter Verwendung umweltfreundlicher Materialien und ethischer Herstellungsverfahren.","entretien":"1. Reinigen Sie die Schuhe mit einem in Seifenwasser getr\u00e4nkten Tuch.\r\n\r\n2. Verwenden Sie f\u00fcr hartn\u00e4ckige Flecken eine weiche Schuhb\u00fcrste, ebenfalls in Seifenwasser getr\u00e4nkt, und reiben Sie sanft in kreisenden Bewegungen.\r\n\r\n3. Entfernen Sie die Seife mit einem feuchten Tuch.\r\n\r\n4. Lassen Sie die Schuhe 24 Stunden lang an der Luft trocknen, ohne sie direkter Sonneneinstrahlung auszusetzen.Achtung:\r\n\r\n\u2022 Verwenden Sie keine Reinigungscreme.\r\n\r\n\u2022 Geben Sie Ihre Schuhe nicht in die Waschmaschine.\r\n\r\n\u2022 Tauchen Sie sie nicht in Wasser ein, da sie irreparable Sch\u00e4den erleiden k\u00f6nnten.Wenn Sie der Meinung sind, dass Ihre veganen Schuhe das Ende ihrer Lebensdauer erreicht haben oder Sie sie nicht mehr ben\u00f6tigen, \u00fcberlegen Sie, ihnen ein zweites Leben zu geben. Verwenden Sie sie auf eine andere Weise selbst oder geben Sie sie jemand anderem.","marque":""},"_wp_attached_file":null,"_wp_attachment_image_alt":null,"rank_math_facebook_image":null,"rank_math_facebook_image_id":null,"wpml_language":null,"_wp_attachment_metadata":null,"rank_math_focus_keyword":"Tango Brown, Mokassins Penny Loafer f\u00fcr M\u00e4nner.","rank_math_title":"Mokassin Penny Loafer f\u00fcr Herren in Tango Braun - Stil und Komfort","rank_math_description":"W\u00e4hlen Sie l\u00e4ssige Eleganz mit unseren Penny Loafer Mokassins Tango Brown f\u00fcr M\u00e4nner. Ein zeitloser Stil und au\u00dfergew\u00f6hnlicher Komfort f\u00fcr alle Ihre Anl\u00e4sse. Achetez-les d\u00e8s maintenant !","taxonomy_info":{"product_cat":[{"value":425,"label":"Flache Schuhe"},{"value":413,"label":"Schuhe"}],"product_tag":[{"value":415,"label":"Herrenboutique"}],"product_brands":[{"value":685,"label":"NAE Vegan Shoes"}]},"featured_image_src_large":["https:\/\/ekomfort.lu\/wp-content\/uploads\/2023\/08\/tango-brown-mocassins-homme.jpg",700,700,false],"author_info":[],"comment_info":0,"_links":{"self":[{"href":"https:\/\/ekomfort.lu\/de\/wp-json\/wp\/v2\/product\/10733","targetHints":{"allow":["GET"]}}],"collection":[{"href":"https:\/\/ekomfort.lu\/de\/wp-json\/wp\/v2\/product"}],"about":[{"href":"https:\/\/ekomfort.lu\/de\/wp-json\/wp\/v2\/types\/product"}],"replies":[{"embeddable":true,"href":"https:\/\/ekomfort.lu\/de\/wp-json\/wp\/v2\/comments?post=10733"}],"wp:featuredmedia":[{"embeddable":true,"href":"https:\/\/ekomfort.lu\/de\/wp-json\/wp\/v2\/media\/8420"}],"wp:attachment":[{"href":"https:\/\/ekomfort.lu\/de\/wp-json\/wp\/v2\/media?parent=10733"}],"wp:term":[{"taxonomy":"product_brand","embeddable":true,"href":"https:\/\/ekomfort.lu\/de\/wp-json\/wp\/v2\/product_brand?post=10733"},{"taxonomy":"product_cat","embeddable":true,"href":"https:\/\/ekomfort.lu\/de\/wp-json\/wp\/v2\/product_cat?post=10733"},{"taxonomy":"product_tag","embeddable":true,"href":"https:\/\/ekomfort.lu\/de\/wp-json\/wp\/v2\/product_tag?post=10733"},{"taxonomy":"product_brands","embeddable":true,"href":"https:\/\/ekomfort.lu\/de\/wp-json\/wp\/v2\/product_brands?post=10733"}],"curies":[{"name":"wp","href":"https:\/\/api.w.org\/{rel}","templated":true}]}}