{"id":10724,"date":"2023-08-16T14:50:20","date_gmt":"2023-08-16T12:50:20","guid":{"rendered":"https:\/\/ekomfort.lu\/shop\/oeko-verantwortliche-laufschuhe-sandro-blue-von-nae-leistung-und-langlebigkeit-kombiniert-mit-schickem-stil"},"modified":"2024-07-01T12:11:32","modified_gmt":"2024-07-01T10:11:32","slug":"oeko-verantwortliche-laufschuhe-sandro-blue-von-nae-leistung-und-langlebigkeit-kombiniert-mit-schickem-stil","status":"publish","type":"product","link":"https:\/\/ekomfort.lu\/de\/shop\/oeko-verantwortliche-laufschuhe-sandro-blue-von-nae-leistung-und-langlebigkeit-kombiniert-mit-schickem-stil\/","title":{"rendered":"\u00d6ko-verantwortliche Laufschuhe Sandro Blue von Nae: Leistung und Langlebigkeit kombiniert mit schickem Stil"},"content":{"rendered":"\n<p>Sie sind ein moderner Sportler, der k\u00f6rperliche Fitness, Stil und ethische Werte verbinden m\u00f6chte? Suchen Sie ein Paar <strong>Sportschuhe<\/strong>, die Leistung, Komfort, Langlebigkeit und Ethik vereinen?<\/p>\n\n\n\n<p>Erleben Sie das Sandro Blue-Erlebnis: umweltfreundliche Laufschuhe, die dank einer perfekten Sohle eine ideale D\u00e4mpfung bieten. <strong>Sandro Blue<\/strong> und <strong>umweltfreundliche Laufschuhe<\/strong> Hergestellt aus recyceltem PES und technischem Nylon passen sich diese Schuhe perfekt Ihrer Verpflichtung f\u00fcr einen umweltfreundlichen Lebensstil an.<\/p>\n\n\n\n<p>Anziehen dieser <strong>Herren-Sneaker Sandro Blue<\/strong> :<\/p>\n\n\n<style>.wp-block-kadence-iconlist.kt-svg-icon-list-items10724_f2d886-53:not(.this-stops-third-party-issues){margin-top:0px;margin-bottom:0px;}.wp-block-kadence-iconlist.kt-svg-icon-list-items10724_f2d886-53 ul.kt-svg-icon-list:not(.this-prevents-issues):not(.this-stops-third-party-issues):not(.tijsloc){margin-top:0px;margin-right:0px;margin-bottom:var(--global-kb-spacing-sm, 1.5rem);margin-left:0px;}.wp-block-kadence-iconlist.kt-svg-icon-list-items10724_f2d886-53 ul.kt-svg-icon-list{grid-row-gap:5px;}.wp-block-kadence-iconlist.kt-svg-icon-list-items10724_f2d886-53 .kb-svg-icon-wrap{font-size:18px;color:var(--global-palette1, #3182CE);}.wp-block-kadence-iconlist.kt-svg-icon-list-items10724_f2d886-53 ul.kt-svg-icon-list .kt-svg-icon-list-item-wrap .kt-svg-icon-list-single{margin-right:10px;}.kt-svg-icon-list-items10724_f2d886-53 ul.kt-svg-icon-list .kt-svg-icon-list-level-0 .kt-svg-icon-list-single svg{font-size:20px;}<\/style>\n<div class=\"wp-block-kadence-iconlist kt-svg-icon-list-items kt-svg-icon-list-items10724_f2d886-53 kt-svg-icon-list-columns-1 alignnone\"><ul class=\"kt-svg-icon-list\"><style>.kt-svg-icon-list-item-4558_97d46a-96 .kt-svg-icon-list-text mark.kt-highlight{background-color:unset;font-style:normal;color:#f76a0c;-webkit-box-decoration-break:clone;box-decoration-break:clone;padding-top:0px;padding-right:0px;padding-bottom:0px;padding-left:0px;}<\/style>\n<li class=\"wp-block-kadence-listitem kt-svg-icon-list-item-wrap kt-svg-icon-list-item-4558_97d46a-96\"><span class=\"kb-svg-icon-wrap kb-svg-icon-fe_checkCircle kt-svg-icon-list-single\"><svg viewBox=\"0 0 24 24\"  fill=\"none\" stroke=\"currentColor\" stroke-width=\"3\" stroke-linecap=\"round\" stroke-linejoin=\"round\" xmlns=\"http:\/\/www.w3.org\/2000\/svg\"  aria-hidden=\"true\"><path d=\"M22 11.08V12a10 10 0 1 1-5.93-9.14\"\/><polyline points=\"22 4 12 14.01 9 11.01\"\/><\/svg><\/span><span class=\"kt-svg-icon-list-text\">Sp\u00fcren Sie die Kraft jedes Schrittes, verbessert durch eine perfekte Balance f\u00fcr all Ihre \u00dcbungen im Freien, sei es beim Laufen oder bei anderen sportlichen Aktivit\u00e4ten.<\/span><\/li>\n\n\n<style>.kt-svg-icon-list-item-4558_a4de5a-49 .kt-svg-icon-list-text mark.kt-highlight{background-color:unset;font-style:normal;color:#f76a0c;-webkit-box-decoration-break:clone;box-decoration-break:clone;padding-top:0px;padding-right:0px;padding-bottom:0px;padding-left:0px;}<\/style>\n<li class=\"wp-block-kadence-listitem kt-svg-icon-list-item-wrap kt-svg-icon-list-item-4558_a4de5a-49\"><span class=\"kb-svg-icon-wrap kb-svg-icon-fe_checkCircle kt-svg-icon-list-single\"><svg viewBox=\"0 0 24 24\"  fill=\"none\" stroke=\"currentColor\" stroke-width=\"3\" stroke-linecap=\"round\" stroke-linejoin=\"round\" xmlns=\"http:\/\/www.w3.org\/2000\/svg\"  aria-hidden=\"true\"><path d=\"M22 11.08V12a10 10 0 1 1-5.93-9.14\"\/><polyline points=\"22 4 12 14.01 9 11.01\"\/><\/svg><\/span><span class=\"kt-svg-icon-list-text\">Genie\u00dfen Sie den Komfort dieser Schuhe mit doppelter Verst\u00e4rkung an potenziellen Verschlei\u00dfpunkten und atmungsaktivem Gewebe, das f\u00fcr einen guten Feuchtigkeitstransport sorgt.<\/span><\/li>\n\n\n<style>.kt-svg-icon-list-item-4558_cd2946-02 .kt-svg-icon-list-text mark.kt-highlight{background-color:unset;font-style:normal;color:#f76a0c;-webkit-box-decoration-break:clone;box-decoration-break:clone;padding-top:0px;padding-right:0px;padding-bottom:0px;padding-left:0px;}<\/style>\n<li class=\"wp-block-kadence-listitem kt-svg-icon-list-item-wrap kt-svg-icon-list-item-4558_cd2946-02\"><span class=\"kb-svg-icon-wrap kb-svg-icon-fe_checkCircle kt-svg-icon-list-single\"><svg viewBox=\"0 0 24 24\"  fill=\"none\" stroke=\"currentColor\" stroke-width=\"3\" stroke-linecap=\"round\" stroke-linejoin=\"round\" xmlns=\"http:\/\/www.w3.org\/2000\/svg\"  aria-hidden=\"true\"><path d=\"M22 11.08V12a10 10 0 1 1-5.93-9.14\"\/><polyline points=\"22 4 12 14.01 9 11.01\"\/><\/svg><\/span><span class=\"kt-svg-icon-list-text\">Zeigen Sie Ihren modernen und gewagten Stil \u00fcberall, wo Sie hingehen, mit ihrem dynamischen geometrischen Muster und den leuchtenden Farben, die niemanden gleichg\u00fcltig lassen werden.<\/span><\/li>\n<\/ul><\/div>\n\n\n\n<p>Ohne Tierqu\u00e4lerei, ohne giftige Produkte, ohne Kompromisse bei der Leistung&#8230;<\/p>\n\n\n\n<p>Und das alles zum Preis eines Standardpaars Sportschuhe, aber mit der Gewissheit einer l\u00e4ngeren Lebensdauer und einer positiven Auswirkung auf die Umwelt.<\/p>\n\n\n\n<p>Sind Sie bereit, in eine ethischere und nachhaltigere Zukunft zu sprinten? Die<strong>Sandro Blue<\/strong> sind sehr gefragt und die Best\u00e4nde nehmen schnell ab. Lassen Sie sich diese Gelegenheit nicht entgehen!<\/p>\n","protected":false},"excerpt":{"rendered":"<p>Sie sind ein moderner Sportler, der k\u00f6rperliche Fitness, Stil und ethische Werte verbinden m\u00f6chte? Suchen Sie ein Paar Sportschuhe, die Leistung, Komfort, Langlebigkeit und Ethik vereinen? Erleben Sie das Sandro Blue-Erlebnis: umweltfreundliche Laufschuhe, die dank einer perfekten Sohle eine ideale D\u00e4mpfung bieten. Sandro Blue und umweltfreundliche Laufschuhe Hergestellt aus recyceltem PES und technischem Nylon passen&#8230;<\/p>\n","protected":false},"featured_media":8400,"comment_status":"open","ping_status":"closed","template":"","meta":{"_acf_changed":false,"_kad_blocks_custom_css":"","_kad_blocks_head_custom_js":"","_kad_blocks_body_custom_js":"","_kad_blocks_footer_custom_js":"","_kad_post_transparent":"","_kad_post_title":"","_kad_post_layout":"","_kad_post_sidebar_id":"","_kad_post_content_style":"","_kad_post_vertical_padding":"","_kad_post_feature":"","_kad_post_feature_position":"","_kad_post_header":false,"_kad_post_footer":false,"_kad_post_classname":""},"product_brand":[],"product_cat":[476,413,477],"product_tag":[415],"product_brands":[685],"class_list":{"0":"post-10724","1":"product","2":"type-product","3":"status-publish","4":"has-post-thumbnail","6":"product_cat-turnschuhe","7":"product_cat-schuhe-fuer-maenner-und-frauen","8":"product_cat-sneakers-de","9":"product_tag-mann","10":"product_brands-nae-vegan-shoes-de","12":"first","13":"outofstock","14":"taxable","15":"shipping-taxable","16":"purchasable","17":"product-type-variable","18":"has-default-attributes","19":"entry","20":"content-bg","21":"loop-entry"},"acf":{"avantages":"\ud83c\udf31 Gesunde Materialien: Schaft, Futter und Einlegesohle aus gesundheitlich unbedenklichen Materialien. Keine Risiken f\u00fcr den Verbraucher!\r\n\r\n\ud83c\udf2c\ufe0f Atmungsaktiv und antimikrobiell: Halten Sie Ihre F\u00fc\u00dfe jederzeit frisch und hygienisch.\r\n\r\n\ud83c\udf0d Umweltfreundlich: Schaft aus recyceltem PES und Eco-Nylon. Schn\u00fcrsenkel aus recyceltem Polyester. Nachhaltige Entscheidungen f\u00fcr eine gr\u00fcnere Welt.\r\n\r\n\ud83d\udcaa Komfort und Langlebigkeit: Futter aus Mikrofasern und PU f\u00fcr optimalen Komfort und Langlebigkeit.\r\n\r\n\ud83d\udd25 Schutz vor Feuchtigkeit: Gepolsterte Einlegesohle mit feuchtigkeitsabweisendem EVA-Gummi. Ihre F\u00fc\u00dfe bleiben trocken, egal unter welchen Bedingungen.\r\n\r\n\ud83d\udc4c Haftung und Langlebigkeit: Laufsohle aus TR-Gummi (synthetischer Gummi) f\u00fcr optimale Haftung und Langlebigkeit.\r\n\r\n\ud83c\uddf5\ud83c\uddf9 Sorgf\u00e4ltig in Portugal hergestellt: Umweltfreundliche Materialien und Herstellungsverfahren. Eine faire Arbeitsumgebung f\u00fcr alle.","entretien":"1. Entfernen Sie den Staub oder den Schlamm von den Schuhen mit einer weichen B\u00fcrste oder einem trockenen Tuch.\r\n\r\n2. Reinigen Sie die verschiedenen Teile der Schuhe separat, indem Sie zuerst die Schn\u00fcrsenkel und die Einlegesohlen entfernen. Die Schn\u00fcrsenkel k\u00f6nnen Sie in die Waschmaschine geben.\r\n\r\n3. F\u00fcllen Sie einen Eimer mit warmem Wasser und geben Sie etwas mildes Reinigungsmittel hinzu. Reinigen Sie die Laufsohlen, das Obermaterial und die Einlegesohlen mit einem Schwamm oder einer weichen B\u00fcrste, die in dieses Wasser getaucht ist, und reiben Sie sie von Hand ab. Sp\u00fclen Sie diese Teile mit einem feuchten Handtuch ab.\r\n\r\n4. Lassen Sie die Schuhe an der Luft trocknen, ohne sie direkter Sonneneinstrahlung auszusetzen.Achtung:\r\n\r\n- Verwenden Sie keine Reinigungscreme.\r\n\r\n- Geben Sie Ihre Schuhe nicht in die Waschmaschine.\r\n\r\n- Tauchen Sie sie nicht in Wasser ein, da dies zu irreparablen Sch\u00e4den f\u00fchren k\u00f6nnte.Produktlebensdauer:Wenn Ihre veganen Schuhe das Ende ihrer Lebensdauer erreicht haben oder Sie sie nicht mehr ben\u00f6tigen, erw\u00e4gen Sie, ihnen ein zweites Leben zu geben. Verwenden Sie sie auf eine andere Weise selbst oder geben Sie sie jemand anderem.","marque":""},"taxonomy_info":{"product_cat":[{"value":476,"label":"Turnschuhe"},{"value":413,"label":"Schuhe"},{"value":477,"label":"Sneakers"}],"product_tag":[{"value":415,"label":"Herrenboutique"}],"product_brands":[{"value":685,"label":"NAE Vegan Shoes"}]},"featured_image_src_large":["https:\/\/ekomfort.lu\/wp-content\/uploads\/2023\/08\/Sandro_Blue-sneakers.jpg",700,700,false],"author_info":[],"comment_info":0,"_links":{"self":[{"href":"https:\/\/ekomfort.lu\/de\/wp-json\/wp\/v2\/product\/10724","targetHints":{"allow":["GET"]}}],"collection":[{"href":"https:\/\/ekomfort.lu\/de\/wp-json\/wp\/v2\/product"}],"about":[{"href":"https:\/\/ekomfort.lu\/de\/wp-json\/wp\/v2\/types\/product"}],"replies":[{"embeddable":true,"href":"https:\/\/ekomfort.lu\/de\/wp-json\/wp\/v2\/comments?post=10724"}],"wp:featuredmedia":[{"embeddable":true,"href":"https:\/\/ekomfort.lu\/de\/wp-json\/wp\/v2\/media\/8400"}],"wp:attachment":[{"href":"https:\/\/ekomfort.lu\/de\/wp-json\/wp\/v2\/media?parent=10724"}],"wp:term":[{"taxonomy":"product_brand","embeddable":true,"href":"https:\/\/ekomfort.lu\/de\/wp-json\/wp\/v2\/product_brand?post=10724"},{"taxonomy":"product_cat","embeddable":true,"href":"https:\/\/ekomfort.lu\/de\/wp-json\/wp\/v2\/product_cat?post=10724"},{"taxonomy":"product_tag","embeddable":true,"href":"https:\/\/ekomfort.lu\/de\/wp-json\/wp\/v2\/product_tag?post=10724"},{"taxonomy":"product_brands","embeddable":true,"href":"https:\/\/ekomfort.lu\/de\/wp-json\/wp\/v2\/product_brands?post=10724"}],"curies":[{"name":"wp","href":"https:\/\/api.w.org\/{rel}","templated":true}]}}