{"id":10711,"date":"2023-08-16T14:50:20","date_gmt":"2023-08-16T12:50:20","guid":{"rendered":"https:\/\/ekomfort.lu\/shop\/botte-mi-haute-seasheapherd-black-von-nae-komfort-waerme-und-ethischer-stil-unisex"},"modified":"2024-07-01T12:11:46","modified_gmt":"2024-07-01T10:11:46","slug":"botte-mi-haute-seasheapherd-black-von-nae-komfort-waerme-und-ethischer-stil-unisex","status":"publish","type":"product","link":"https:\/\/ekomfort.lu\/de\/shop\/botte-mi-haute-seasheapherd-black-von-nae-komfort-waerme-und-ethischer-stil-unisex\/","title":{"rendered":"Botte mi-haute SeaSheapherd Black von Nae: Komfort, W\u00e4rme und ethischer Stil, unisex"},"content":{"rendered":"\n<p>Auf der Suche nach <strong>halbhohe Stiefel<\/strong>, die \u00c4sthetik und Ethik vereinen? Auf der Suche nach einem Paar <strong>halbhohen Stiefeln f\u00fcr Frauen und M\u00e4nner<\/strong>, die organische Materialien betonen und gleichzeitig un\u00fcbertroffenen Komfort an k\u00fchlen Tagen garantieren?<\/p>\n\n\n\n<p>Entdecken Sie die <strong>SeaSheapherd Black<\/strong> Kollektion: Unisex <strong>halbhoch schwarze Stiefel<\/strong>, hergestellt aus Pi\u00f1atex und mit Bio-Baumwolle gef\u00fcttert, f\u00fcr zeitlosen Stil und eine Weichheit, die mit den angenehmsten Wintermorgen vergleichbar ist.<\/p>\n\n\n\n<p>Ziehen Sie die veganen Stiefel SeaSheapherd Black an: &#8222;`html <strong>SeaSheapherd Black<\/strong> &#8222;`<\/p>\n\n\n<style>.wp-block-kadence-iconlist.kt-svg-icon-list-items10711_318ad7-10:not(.this-stops-third-party-issues){margin-top:0px;margin-bottom:0px;}.wp-block-kadence-iconlist.kt-svg-icon-list-items10711_318ad7-10 ul.kt-svg-icon-list:not(.this-prevents-issues):not(.this-stops-third-party-issues):not(.tijsloc){margin-top:0px;margin-right:0px;margin-bottom:var(--global-kb-spacing-sm, 1.5rem);margin-left:0px;}.wp-block-kadence-iconlist.kt-svg-icon-list-items10711_318ad7-10 ul.kt-svg-icon-list{grid-row-gap:5px;}.wp-block-kadence-iconlist.kt-svg-icon-list-items10711_318ad7-10 .kb-svg-icon-wrap{font-size:18px;color:var(--global-palette1, #3182CE);}.wp-block-kadence-iconlist.kt-svg-icon-list-items10711_318ad7-10 ul.kt-svg-icon-list .kt-svg-icon-list-item-wrap .kt-svg-icon-list-single{margin-right:10px;}.kt-svg-icon-list-items10711_318ad7-10 ul.kt-svg-icon-list .kt-svg-icon-list-level-0 .kt-svg-icon-list-single svg{font-size:20px;}<\/style>\n<div class=\"wp-block-kadence-iconlist kt-svg-icon-list-items kt-svg-icon-list-items10711_318ad7-10 kt-svg-icon-list-columns-1 alignnone\"><ul class=\"kt-svg-icon-list\"><style>.kt-svg-icon-list-item-4559_0f559b-a7 .kt-svg-icon-list-text mark.kt-highlight{background-color:unset;font-style:normal;color:#f76a0c;-webkit-box-decoration-break:clone;box-decoration-break:clone;padding-top:0px;padding-right:0px;padding-bottom:0px;padding-left:0px;}<\/style>\n<li class=\"wp-block-kadence-listitem kt-svg-icon-list-item-wrap kt-svg-icon-list-item-4559_0f559b-a7\"><span class=\"kb-svg-icon-wrap kb-svg-icon-fe_checkCircle kt-svg-icon-list-single\"><svg viewBox=\"0 0 24 24\"  fill=\"none\" stroke=\"currentColor\" stroke-width=\"3\" stroke-linecap=\"round\" stroke-linejoin=\"round\" xmlns=\"http:\/\/www.w3.org\/2000\/svg\"  aria-hidden=\"true\"><path d=\"M22 11.08V12a10 10 0 1 1-5.93-9.14\"\/><polyline points=\"22 4 12 14.01 9 11.01\"\/><\/svg><\/span><span class=\"kt-svg-icon-list-text\">Genie\u00dfen Sie die angenehme W\u00e4rme, die Ihre F\u00fc\u00dfe umh\u00fcllt, dank des bemerkenswerten Innenfutters aus Bio-Baumwolle. Diese Stiefel, die gleichzeitig atmungsaktiv und antibakteriell sind, bewahren die Frische Ihrer F\u00fc\u00dfe im t\u00e4glichen Gebrauch.<\/span><\/li>\n\n\n<style>.kt-svg-icon-list-item-4559_23fc12-d6 .kt-svg-icon-list-text mark.kt-highlight{background-color:unset;font-style:normal;color:#f76a0c;-webkit-box-decoration-break:clone;box-decoration-break:clone;padding-top:0px;padding-right:0px;padding-bottom:0px;padding-left:0px;}<\/style>\n<li class=\"wp-block-kadence-listitem kt-svg-icon-list-item-wrap kt-svg-icon-list-item-4559_23fc12-d6\"><span class=\"kb-svg-icon-wrap kb-svg-icon-fe_checkCircle kt-svg-icon-list-single\"><svg viewBox=\"0 0 24 24\"  fill=\"none\" stroke=\"currentColor\" stroke-width=\"3\" stroke-linecap=\"round\" stroke-linejoin=\"round\" xmlns=\"http:\/\/www.w3.org\/2000\/svg\"  aria-hidden=\"true\"><path d=\"M22 11.08V12a10 10 0 1 1-5.93-9.14\"\/><polyline points=\"22 4 12 14.01 9 11.01\"\/><\/svg><\/span><span class=\"kt-svg-icon-list-text\">Genie\u00dfen Sie ein entspanntes und zeitloses Design. Diese schwarzen Stiefel passen zu jedem Outfit und bleiben immer eine ausgezeichnete Wahl.<\/span><\/li>\n\n\n<style>.kt-svg-icon-list-item-4559_3b02d0-7e .kt-svg-icon-list-text mark.kt-highlight{background-color:unset;font-style:normal;color:#f76a0c;-webkit-box-decoration-break:clone;box-decoration-break:clone;padding-top:0px;padding-right:0px;padding-bottom:0px;padding-left:0px;}<\/style>\n<li class=\"wp-block-kadence-listitem kt-svg-icon-list-item-wrap kt-svg-icon-list-item-4559_3b02d0-7e\"><span class=\"kb-svg-icon-wrap kb-svg-icon-fe_checkCircle kt-svg-icon-list-single\"><svg viewBox=\"0 0 24 24\"  fill=\"none\" stroke=\"currentColor\" stroke-width=\"3\" stroke-linecap=\"round\" stroke-linejoin=\"round\" xmlns=\"http:\/\/www.w3.org\/2000\/svg\"  aria-hidden=\"true\"><path d=\"M22 11.08V12a10 10 0 1 1-5.93-9.14\"\/><polyline points=\"22 4 12 14.01 9 11.01\"\/><\/svg><\/span><span class=\"kt-svg-icon-list-text\">Integrieren Sie eine engagierte Bewegung, indem Sie ein Paar aus Pi\u00f1atex w\u00e4hlen, einem umweltfreundlichen Ersatz, der die Fasern von Ananasbl\u00e4ttern nutzt.<\/span><\/li>\n<\/ul><\/div>\n\n\n\n<p>ohne giftiges Material, ohne Tierversuche und eine starke Verpflichtung f\u00fcr Ihren eigenen Stil&#8230;<\/p>\n\n\n\n<p>Bewerten Sie diese qualitativ hochwertigen Schuhe auf einer Ebene mit denen der High-End-Marken, jedoch mit einem Zusatz: ihrer ethischen und umweltfreundlichen Ausstrahlung.<\/p>\n\n\n\n<p>Also, bereit, die k\u00e4ltesten Tage mit Stil und \u00f6kologischem Bewusstsein zu bew\u00e4ltigen? Die <strong>SeaSheapherd Black halbhohen Stiefel<\/strong> sind sehr beliebt, also bestellen Sie schnell, bevor sie ausverkauft sind!<\/p>\n","protected":false},"excerpt":{"rendered":"<p>Auf der Suche nach halbhohe Stiefel, die \u00c4sthetik und Ethik vereinen? Auf der Suche nach einem Paar halbhohen Stiefeln f\u00fcr Frauen und M\u00e4nner, die organische Materialien betonen und gleichzeitig un\u00fcbertroffenen Komfort an k\u00fchlen Tagen garantieren? Entdecken Sie die SeaSheapherd Black Kollektion: Unisex halbhoch schwarze Stiefel, hergestellt aus Pi\u00f1atex und mit Bio-Baumwolle gef\u00fcttert, f\u00fcr zeitlosen Stil&#8230;<\/p>\n","protected":false},"featured_media":8394,"comment_status":"open","ping_status":"closed","template":"","meta":{"_acf_changed":false,"_kad_blocks_custom_css":"","_kad_blocks_head_custom_js":"","_kad_blocks_body_custom_js":"","_kad_blocks_footer_custom_js":"","_kad_post_transparent":"","_kad_post_title":"","_kad_post_layout":"","_kad_post_sidebar_id":"","_kad_post_content_style":"","_kad_post_vertical_padding":"","_kad_post_feature":"","_kad_post_feature_position":"","_kad_post_header":false,"_kad_post_footer":false,"_kad_post_classname":""},"product_brand":[],"product_cat":[414,413],"product_tag":[445],"product_brands":[685],"class_list":{"0":"post-10711","1":"product","2":"type-product","3":"status-publish","4":"has-post-thumbnail","6":"product_cat-stiefel","7":"product_cat-schuhe-fuer-maenner-und-frauen","8":"product_tag-unisex-de","9":"product_brands-nae-vegan-shoes-de","11":"first","12":"outofstock","13":"taxable","14":"shipping-taxable","15":"purchasable","16":"product-type-variable","17":"has-default-attributes","18":"entry","19":"content-bg","20":"loop-entry"},"acf":{"avantages":"\ud83d\udca7 Wasserfest, um die F\u00fc\u00dfe trocken zu halten.\r\n\r\n\ud83c\udf2c\ufe0f Atmungsaktiv f\u00fcr optimale Luftzirkulation und frische F\u00fc\u00dfe.\r\n\r\n\ud83c\udf3f Antimikrobiell und hypoallergen f\u00fcr optimale Hygiene und Minimierung allergischer Reaktionen.\r\n\r\n\ud83d\udeab Sichere Materialien f\u00fcr die Gesundheit, ohne Risiken f\u00fcr Verbraucherinnen und Verbraucher.\r\n\r\n\ud83c\udf4d Obermaterial aus Pi\u00f1atex, hergestellt aus Ananasblattfasern und PLA, einer nachhaltigen Alternative.\r\n\r\n\ud83c\udf31 Futter aus GOTS-zertifizierter Bio-Baumwolle, umweltfreundlich.\r\n\r\n\u267b\ufe0f Schn\u00fcrsenkel aus recyceltem Polyester f\u00fcr M\u00fcllreduzierung.\r\n\r\n\ud83d\udd90\ufe0f Gepolsterte Einlegesohle mit EVA-Gummi und mit feuchtigkeitsabweisender Mikrofaser laminiert, f\u00fcr optimalen Komfort und Feuchtigkeitsschutz.\r\n\r\n\ud83e\uddb6 Langlebige und rutschfeste SBR-Gummilaufsohle f\u00fcr optimale Haftung.\r\n\r\n\ud83c\uddf5\ud83c\uddf9 Hergestellt in Portugal: Mit Sorgfalt unter fairen Arbeitsbedingungen und mit nachhaltigen Materialien und Prozessen f\u00fcr die Umwelt.","entretien":"1. Entfernen Sie Staub oder Schlamm mit einer weichen B\u00fcrste oder einem trockenen Tuch, bevor Sie sie anfeuchten.\r\n\r\n2. Verwenden Sie ein feuchtes Tuch und reiben Sie sanft in kreisenden Bewegungen, um den gesamten Schuh zu reinigen.\r\n\r\n3. Reinigen Sie Ihr Tuch regelm\u00e4\u00dfig, um eine Verschmutzung zu vermeiden.\r\n\r\n4. Verwenden Sie f\u00fcr hartn\u00e4ckige Flecken eine weiche B\u00fcrste und Wasser, und reiben Sie sanft in kreisenden Bewegungen.\r\n\r\n5. Tragen Sie regelm\u00e4\u00dfig eine Pflegecreme auf, um die Farbe und Haltbarkeit des Obermaterials zu erhalten.\r\n\r\n6. Lassen Sie die Schuhe vor dem Auftragen einer Reinigungscreme an der Luft trocknen.\r\n\r\n7. Verwenden Sie eine Reinigungscreme, um Ihren Schuhen mehr Glanz zu verleihen. Geben Sie eine kleine Menge Produkt auf eine weiche, trockene B\u00fcrste oder ein Tuch und reiben Sie es sanft in kreisenden Bewegungen ein, bis es vollst\u00e4ndig eingezogen ist.\r\n\r\n8. Lassen Sie die Schuhe 24 Stunden lang an der Luft trocknen, fern von direktem Sonnenlicht.Achtung:\r\n\r\n- Geben Sie Ihre Schuhe nicht in die Waschmaschine.- Tauchen Sie sie nicht in Wasser ein, da dies zu irreparablen Sch\u00e4den f\u00fchren k\u00f6nnte.","marque":""},"taxonomy_info":{"product_cat":[{"value":414,"label":"Stiefel"},{"value":413,"label":"Schuhe"}],"product_tag":[{"value":445,"label":"Unisex"}],"product_brands":[{"value":685,"label":"NAE Vegan Shoes"}]},"featured_image_src_large":["https:\/\/ekomfort.lu\/wp-content\/uploads\/2023\/08\/seasheapherd-black-bottes-genoux.jpg",700,700,false],"author_info":[],"comment_info":0,"_links":{"self":[{"href":"https:\/\/ekomfort.lu\/de\/wp-json\/wp\/v2\/product\/10711","targetHints":{"allow":["GET"]}}],"collection":[{"href":"https:\/\/ekomfort.lu\/de\/wp-json\/wp\/v2\/product"}],"about":[{"href":"https:\/\/ekomfort.lu\/de\/wp-json\/wp\/v2\/types\/product"}],"replies":[{"embeddable":true,"href":"https:\/\/ekomfort.lu\/de\/wp-json\/wp\/v2\/comments?post=10711"}],"wp:featuredmedia":[{"embeddable":true,"href":"https:\/\/ekomfort.lu\/de\/wp-json\/wp\/v2\/media\/8394"}],"wp:attachment":[{"href":"https:\/\/ekomfort.lu\/de\/wp-json\/wp\/v2\/media?parent=10711"}],"wp:term":[{"taxonomy":"product_brand","embeddable":true,"href":"https:\/\/ekomfort.lu\/de\/wp-json\/wp\/v2\/product_brand?post=10711"},{"taxonomy":"product_cat","embeddable":true,"href":"https:\/\/ekomfort.lu\/de\/wp-json\/wp\/v2\/product_cat?post=10711"},{"taxonomy":"product_tag","embeddable":true,"href":"https:\/\/ekomfort.lu\/de\/wp-json\/wp\/v2\/product_tag?post=10711"},{"taxonomy":"product_brands","embeddable":true,"href":"https:\/\/ekomfort.lu\/de\/wp-json\/wp\/v2\/product_brands?post=10711"}],"curies":[{"name":"wp","href":"https:\/\/api.w.org\/{rel}","templated":true}]}}