{"id":10702,"date":"2023-08-16T14:50:20","date_gmt":"2023-08-16T12:50:20","guid":{"rendered":"https:\/\/ekomfort.lu\/shop\/schuh-stadtmode-herren-trend-siro-black-von-nae-ethische-eleganz-an-ihren-fuessen"},"modified":"2024-07-01T12:11:35","modified_gmt":"2024-07-01T10:11:35","slug":"schuh-stadtmode-herren-trend-siro-black-von-nae-ethische-eleganz-an-ihren-fuessen","status":"publish","type":"product","link":"https:\/\/ekomfort.lu\/de\/shop\/schuh-stadtmode-herren-trend-siro-black-von-nae-ethische-eleganz-an-ihren-fuessen\/","title":{"rendered":"Schuh Stadtmode Herren Trend Siro Black von Nae: Ethische Eleganz an Ihren F\u00fc\u00dfen"},"content":{"rendered":"\n<p>Sind Sie ein moderner Mann, der Eleganz und Raffinesse ohne Kompromisse bei seinen ethischen Werten propagiert? Suchen Sie nach einem trendigen und bequemen <strong>Herren-Stadtschuh<\/strong>, der Stil, Haltbarkeit und Umweltschutz vereint?<\/p>\n\n\n\n<p>Entdecken Sie die Essenz der umweltbewussten Eleganz mit <strong>Siro Black<\/strong>: stilvolle <strong>vegane Wing-Tip-Stil Schuhe<\/strong> aus Kunstleder, die zeitlose \u00c4sthetik, bemerkenswerten Komfort und eindeutiges ethisches Bewusstsein vereinen.<\/p>\n\n\n\n<p>Optieren Sie f\u00fcr die <strong><strong>Mode Herrenschuhe<\/strong> Siro Black<\/strong> und:<\/p>\n\n\n<style>.wp-block-kadence-iconlist.kt-svg-icon-list-items10702_f8d52a-09:not(.this-stops-third-party-issues){margin-top:0px;margin-bottom:0px;}.wp-block-kadence-iconlist.kt-svg-icon-list-items10702_f8d52a-09 ul.kt-svg-icon-list:not(.this-prevents-issues):not(.this-stops-third-party-issues):not(.tijsloc){margin-top:0px;margin-right:0px;margin-bottom:var(--global-kb-spacing-sm, 1.5rem);margin-left:0px;}.wp-block-kadence-iconlist.kt-svg-icon-list-items10702_f8d52a-09 ul.kt-svg-icon-list{grid-row-gap:5px;}.wp-block-kadence-iconlist.kt-svg-icon-list-items10702_f8d52a-09 .kb-svg-icon-wrap{font-size:18px;color:var(--global-palette1, #3182CE);}.wp-block-kadence-iconlist.kt-svg-icon-list-items10702_f8d52a-09 ul.kt-svg-icon-list .kt-svg-icon-list-item-wrap .kt-svg-icon-list-single{margin-right:10px;}.kt-svg-icon-list-items10702_f8d52a-09 ul.kt-svg-icon-list .kt-svg-icon-list-level-0 .kt-svg-icon-list-single svg{font-size:20px;}<\/style>\n<div class=\"wp-block-kadence-iconlist kt-svg-icon-list-items kt-svg-icon-list-items10702_f8d52a-09 kt-svg-icon-list-columns-1 alignnone\"><ul class=\"kt-svg-icon-list\"><style>.kt-svg-icon-list-item-4561_35e446-ca .kt-svg-icon-list-text mark.kt-highlight{background-color:unset;font-style:normal;color:#f76a0c;-webkit-box-decoration-break:clone;box-decoration-break:clone;padding-top:0px;padding-right:0px;padding-bottom:0px;padding-left:0px;}<\/style>\n<li class=\"wp-block-kadence-listitem kt-svg-icon-list-item-wrap kt-svg-icon-list-item-4561_35e446-ca\"><span class=\"kb-svg-icon-wrap kb-svg-icon-fe_checkCircle kt-svg-icon-list-single\"><svg viewBox=\"0 0 24 24\"  fill=\"none\" stroke=\"currentColor\" stroke-width=\"3\" stroke-linecap=\"round\" stroke-linejoin=\"round\" xmlns=\"http:\/\/www.w3.org\/2000\/svg\"  aria-hidden=\"true\"><path d=\"M22 11.08V12a10 10 0 1 1-5.93-9.14\"\/><polyline points=\"22 4 12 14.01 9 11.01\"\/><\/svg><\/span><span class=\"kt-svg-icon-list-text\">Gehen Sie mit einem beruhigten Gewissen und der Gewissheit, dass Ihre Schuhwahl durch hochwertiges veganes Leder vollst\u00e4ndig ethisch ist.<\/span><\/li>\n\n\n<style>.kt-svg-icon-list-item-4561_731f45-dc .kt-svg-icon-list-text mark.kt-highlight{background-color:unset;font-style:normal;color:#f76a0c;-webkit-box-decoration-break:clone;box-decoration-break:clone;padding-top:0px;padding-right:0px;padding-bottom:0px;padding-left:0px;}<\/style>\n<li class=\"wp-block-kadence-listitem kt-svg-icon-list-item-wrap kt-svg-icon-list-item-4561_731f45-dc\"><span class=\"kb-svg-icon-wrap kb-svg-icon-fe_checkCircle kt-svg-icon-list-single\"><svg viewBox=\"0 0 24 24\"  fill=\"none\" stroke=\"currentColor\" stroke-width=\"3\" stroke-linecap=\"round\" stroke-linejoin=\"round\" xmlns=\"http:\/\/www.w3.org\/2000\/svg\"  aria-hidden=\"true\"><path d=\"M22 11.08V12a10 10 0 1 1-5.93-9.14\"\/><polyline points=\"22 4 12 14.01 9 11.01\"\/><\/svg><\/span><span class=\"kt-svg-icon-list-text\">Stechen Sie mit Ihrem einzigartigen Stil hervor, der klassische Eleganz mit einem Hauch von Moderne durch die Wingtip-Veredelung und dekorative Perforationen verbindet und jedem Schritt eine au\u00dfergew\u00f6hnliche Note verleiht.<\/span><\/li>\n\n\n<style>.kt-svg-icon-list-item-4561_c76fb4-cb .kt-svg-icon-list-text mark.kt-highlight{background-color:unset;font-style:normal;color:#f76a0c;-webkit-box-decoration-break:clone;box-decoration-break:clone;padding-top:0px;padding-right:0px;padding-bottom:0px;padding-left:0px;}<\/style>\n<li class=\"wp-block-kadence-listitem kt-svg-icon-list-item-wrap kt-svg-icon-list-item-4561_c76fb4-cb\"><span class=\"kb-svg-icon-wrap kb-svg-icon-fe_checkCircle kt-svg-icon-list-single\"><svg viewBox=\"0 0 24 24\"  fill=\"none\" stroke=\"currentColor\" stroke-width=\"3\" stroke-linecap=\"round\" stroke-linejoin=\"round\" xmlns=\"http:\/\/www.w3.org\/2000\/svg\"  aria-hidden=\"true\"><path d=\"M22 11.08V12a10 10 0 1 1-5.93-9.14\"\/><polyline points=\"22 4 12 14.01 9 11.01\"\/><\/svg><\/span><span class=\"kt-svg-icon-list-text\">Profitieren Sie von herausragender Langlebigkeit und unvergleichlicher Leichtigkeit dank umweltvertr\u00e4glicher und avantgardistischer Materialien.<\/span><\/li>\n<\/ul><\/div>\n\n\n\n<p>ohne Grausamkeit, ohne Kompromisse beim Stil, nur die Zufriedenheit einer ethischen Wahl&#8230;<\/p>\n\n\n\n<p>F\u00fcr den Preis eines hochwertigen Schuhpaares investieren Sie in bequeme<strong> Herrenstadt Schuhe<\/strong>, die Ihre Werte und unseren sch\u00f6nen Planeten respektieren.<\/p>\n\n\n\n<p>Dann, bereit, Ihr Engagement und Ihren guten Geschmack zu best\u00e4tigen? Die trendigen Herrenschuhe der Marke Siro Black sind sehr beliebt und die Best\u00e4nde schwinden schnell. Verpassen Sie diese Gelegenheit nicht!<\/p>\n","protected":false},"excerpt":{"rendered":"<p>Sind Sie ein moderner Mann, der Eleganz und Raffinesse ohne Kompromisse bei seinen ethischen Werten propagiert? Suchen Sie nach einem trendigen und bequemen Herren-Stadtschuh, der Stil, Haltbarkeit und Umweltschutz vereint? Entdecken Sie die Essenz der umweltbewussten Eleganz mit Siro Black: stilvolle vegane Wing-Tip-Stil Schuhe aus Kunstleder, die zeitlose \u00c4sthetik, bemerkenswerten Komfort und eindeutiges ethisches Bewusstsein&#8230;<\/p>\n","protected":false},"featured_media":8410,"comment_status":"open","ping_status":"closed","template":"","meta":{"_acf_changed":false,"_kad_blocks_custom_css":"","_kad_blocks_head_custom_js":"","_kad_blocks_body_custom_js":"","_kad_blocks_footer_custom_js":"","_kad_post_transparent":"","_kad_post_title":"","_kad_post_layout":"","_kad_post_sidebar_id":"","_kad_post_content_style":"","_kad_post_vertical_padding":"","_kad_post_feature":"","_kad_post_feature_position":"","_kad_post_header":false,"_kad_post_footer":false,"_kad_post_classname":""},"product_brand":[],"product_cat":[425,413],"product_tag":[415],"product_brands":[685],"class_list":{"0":"post-10702","1":"product","2":"type-product","3":"status-publish","4":"has-post-thumbnail","6":"product_cat-flache-schuhe","7":"product_cat-schuhe-fuer-maenner-und-frauen","8":"product_tag-mann","9":"product_brands-nae-vegan-shoes-de","11":"first","12":"outofstock","13":"taxable","14":"shipping-taxable","15":"purchasable","16":"product-type-variable","17":"has-default-attributes","18":"entry","19":"content-bg","20":"loop-entry"},"acf":{"avantages":"\u2728 Klassischer und eleganter Stil, ideal f\u00fcr formelle und halbformelle gesch\u00e4ftliche Anl\u00e4sse.\r\n\r\n\u2705 Einfarbiges Obermaterial mit Perforationen und eleganter Fl\u00fcgel- oder W-f\u00f6rmiger Spitze.\r\n\r\n\ud83d\udca7 Hypoallergene, atmungsaktive und antibakterielle Materialien halten Ihre F\u00fc\u00dfe trocken und verhindern schlechte Ger\u00fcche.\r\n\r\n\ud83d\udcaf Feuchtigkeitsabweisende gepolsterte Sohle f\u00fcr optimalen Komfort und Schutz vor Reibung und Blasen.\r\n\r\n\ud83d\udda4 Erh\u00e4ltlich in Braun und Schwarz, um zu jedem Stil zu passen.\r\n\r\n\ud83c\udf27\ufe0f Wasserdicht, um Ihre F\u00fc\u00dfe auch bei feuchtem Wetter trocken zu halten.\r\n\r\n\ud83c\udf31 Hergestellt aus gesundheits- und umweltfreundlichen Materialien, ohne giftige Substanzen.\r\n\r\n\ud83d\udc5f Obermaterial aus umweltfreundlichen Mikrofaser-Veganleder f\u00fcr eine tierfreundliche Alternative.\r\n\r\n\ud83c\udf2c\ufe0f Atmungsaktives, antibakterielles, antimikrobielles und umweltfreundliches OnSteam-Veganlederfutter.\r\n\r\n\u26a1 Gepolsterte Einlegesohle aus EVA-Gummi, laminiert mit feuchtigkeitsabweisender Mikrofaser f\u00fcr optimale D\u00e4mpfung.","entretien":"1. Entfernen Sie Staub oder Schlamm mit einer weichen B\u00fcrste oder einem trockenen Tuch.\r\n\r\n2. Verwenden Sie ein feuchtes Tuch und reiben Sie sanft in kreisenden Bewegungen, um den gesamten Schuh zu reinigen.\r\n\r\n3. Reinigen Sie Ihr Tuch regelm\u00e4\u00dfig, um eine Verschmutzung zu vermeiden.\r\n\r\n4. Verwenden Sie f\u00fcr hartn\u00e4ckige Flecken eine weiche B\u00fcrste und Wasser, und reiben Sie sanft in kreisenden Bewegungen.\r\n\r\n5. Lassen Sie die Schuhe vor dem Auftragen einer Reinigungscreme an der Luft trocknen.\r\n\r\n6. Geben Sie eine kleine Menge Reinigungscreme auf eine weiche, trockene B\u00fcrste oder ein Tuch und reiben Sie sie sanft in kreisenden Bewegungen ein, bis sie vollst\u00e4ndig eingezogen ist.\r\n\r\n7. Lassen Sie die Schuhe 24 Stunden lang an der Luft trocknen, fern von direktem Sonnenlicht.Achtung:\r\n\r\n- Geben Sie Ihre Schuhe nicht in die Waschmaschine.- Tauchen Sie sie nicht in Wasser ein, da sie irreparable Sch\u00e4den erleiden k\u00f6nnten.Produktlebensdauer:Wenn Ihre veganen Schuhe das Ende ihrer Lebensdauer erreicht haben oder Sie sie nicht mehr ben\u00f6tigen, erw\u00e4gen Sie, ihnen ein zweites Leben zu geben. Verwenden Sie sie auf eine andere Weise selbst oder geben Sie sie jemand anderem.","marque":""},"taxonomy_info":{"product_cat":[{"value":425,"label":"Flache Schuhe"},{"value":413,"label":"Schuhe"}],"product_tag":[{"value":415,"label":"Herrenboutique"}],"product_brands":[{"value":685,"label":"NAE Vegan Shoes"}]},"featured_image_src_large":["https:\/\/ekomfort.lu\/wp-content\/uploads\/2023\/08\/siro-black-chaussures-ville-homme.jpg",700,700,false],"author_info":[],"comment_info":0,"_links":{"self":[{"href":"https:\/\/ekomfort.lu\/de\/wp-json\/wp\/v2\/product\/10702","targetHints":{"allow":["GET"]}}],"collection":[{"href":"https:\/\/ekomfort.lu\/de\/wp-json\/wp\/v2\/product"}],"about":[{"href":"https:\/\/ekomfort.lu\/de\/wp-json\/wp\/v2\/types\/product"}],"replies":[{"embeddable":true,"href":"https:\/\/ekomfort.lu\/de\/wp-json\/wp\/v2\/comments?post=10702"}],"wp:featuredmedia":[{"embeddable":true,"href":"https:\/\/ekomfort.lu\/de\/wp-json\/wp\/v2\/media\/8410"}],"wp:attachment":[{"href":"https:\/\/ekomfort.lu\/de\/wp-json\/wp\/v2\/media?parent=10702"}],"wp:term":[{"taxonomy":"product_brand","embeddable":true,"href":"https:\/\/ekomfort.lu\/de\/wp-json\/wp\/v2\/product_brand?post=10702"},{"taxonomy":"product_cat","embeddable":true,"href":"https:\/\/ekomfort.lu\/de\/wp-json\/wp\/v2\/product_cat?post=10702"},{"taxonomy":"product_tag","embeddable":true,"href":"https:\/\/ekomfort.lu\/de\/wp-json\/wp\/v2\/product_tag?post=10702"},{"taxonomy":"product_brands","embeddable":true,"href":"https:\/\/ekomfort.lu\/de\/wp-json\/wp\/v2\/product_brands?post=10702"}],"curies":[{"name":"wp","href":"https:\/\/api.w.org\/{rel}","templated":true}]}}