{"id":10668,"date":"2023-08-16T14:50:21","date_gmt":"2023-08-16T12:50:21","guid":{"rendered":"https:\/\/ekomfort.lu\/shop\/sandale-roemische-damen-aus-veganem-leder-in-schwarz-tulip-black-von-nae-ein-bequemer-natuerlicher-chic"},"modified":"2024-07-01T12:11:20","modified_gmt":"2024-07-01T10:11:20","slug":"sandale-roemische-damen-aus-veganem-leder-in-schwarz-tulip-black-von-nae-ein-bequemer-natuerlicher-chic","status":"publish","type":"product","link":"https:\/\/ekomfort.lu\/de\/shop\/sandale-roemische-damen-aus-veganem-leder-in-schwarz-tulip-black-von-nae-ein-bequemer-natuerlicher-chic\/","title":{"rendered":"Sandale r\u00f6mische Damen aus veganem Leder in Schwarz Tulip Black von Nae: Ein bequemer nat\u00fcrlicher Chic"},"content":{"rendered":"\n<p>Suchen Sie nach eleganten Sommerschuhen, ohne dabei Ihre Umweltengagement zu beeintr\u00e4chtigen? Tr\u00e4umen Sie von vielseitigen <strong>schwarzen r\u00f6mischen Sandalen<\/strong>, um Ihre Sommeroutfits zu vervollst\u00e4ndigen?<\/p>\n\n\n\n<p>Entdecken Sie <strong>Tulip Black<\/strong>: <strong>Sandalen <\/strong>f\u00fcr <strong>Damen <\/strong>aus veganem Leder, die die perfekte Harmonie zwischen zeitloser Eleganz, Komfort und Umweltbewusstsein verk\u00f6rpern.<\/p>\n\n\n\n<p>Mit der r\u00f6mischen Sandale f\u00fcr Frauen <strong>Tulip Schwarz<\/strong>:<\/p>\n\n\n<style>.wp-block-kadence-iconlist.kt-svg-icon-list-items10668_2a8743-0a:not(.this-stops-third-party-issues){margin-top:0px;margin-bottom:0px;}.wp-block-kadence-iconlist.kt-svg-icon-list-items10668_2a8743-0a ul.kt-svg-icon-list:not(.this-prevents-issues):not(.this-stops-third-party-issues):not(.tijsloc){margin-top:0px;margin-right:0px;margin-bottom:var(--global-kb-spacing-sm, 1.5rem);margin-left:0px;}.wp-block-kadence-iconlist.kt-svg-icon-list-items10668_2a8743-0a ul.kt-svg-icon-list{grid-row-gap:5px;}.wp-block-kadence-iconlist.kt-svg-icon-list-items10668_2a8743-0a .kb-svg-icon-wrap{font-size:18px;color:var(--global-palette1, #3182CE);}.wp-block-kadence-iconlist.kt-svg-icon-list-items10668_2a8743-0a ul.kt-svg-icon-list .kt-svg-icon-list-item-wrap .kt-svg-icon-list-single{margin-right:10px;}.kt-svg-icon-list-items10668_2a8743-0a ul.kt-svg-icon-list .kt-svg-icon-list-level-0 .kt-svg-icon-list-single svg{font-size:20px;}<\/style>\n<div class=\"wp-block-kadence-iconlist kt-svg-icon-list-items kt-svg-icon-list-items10668_2a8743-0a kt-svg-icon-list-columns-1 alignnone\"><ul class=\"kt-svg-icon-list\"><style>.kt-svg-icon-list-item-4569_1f7489-58 .kt-svg-icon-list-text mark.kt-highlight{background-color:unset;font-style:normal;color:#f76a0c;-webkit-box-decoration-break:clone;box-decoration-break:clone;padding-top:0px;padding-right:0px;padding-bottom:0px;padding-left:0px;}<\/style>\n<li class=\"wp-block-kadence-listitem kt-svg-icon-list-item-wrap kt-svg-icon-list-item-4569_1f7489-58\"><span class=\"kb-svg-icon-wrap kb-svg-icon-fe_checkCircle kt-svg-icon-list-single\"><svg viewBox=\"0 0 24 24\"  fill=\"none\" stroke=\"currentColor\" stroke-width=\"3\" stroke-linecap=\"round\" stroke-linejoin=\"round\" xmlns=\"http:\/\/www.w3.org\/2000\/svg\"  aria-hidden=\"true\"><path d=\"M22 11.08V12a10 10 0 1 1-5.93-9.14\"\/><polyline points=\"22 4 12 14.01 9 11.01\"\/><\/svg><\/span><span class=\"kt-svg-icon-list-text\">Stellen Sie sich vor, elegant mit diesen flachen Sandalen mit gekreuzten Riemen zu schlendern und einen minimalistischen Stil zu verbreiten, der perfekt f\u00fcr alle Ihre Sommergelegenheiten geeignet ist.<\/span><\/li>\n\n\n<style>.kt-svg-icon-list-item-4569_880c57-b9 .kt-svg-icon-list-text mark.kt-highlight{background-color:unset;font-style:normal;color:#f76a0c;-webkit-box-decoration-break:clone;box-decoration-break:clone;padding-top:0px;padding-right:0px;padding-bottom:0px;padding-left:0px;}<\/style>\n<li class=\"wp-block-kadence-listitem kt-svg-icon-list-item-wrap kt-svg-icon-list-item-4569_880c57-b9\"><span class=\"kb-svg-icon-wrap kb-svg-icon-fe_checkCircle kt-svg-icon-list-single\"><svg viewBox=\"0 0 24 24\"  fill=\"none\" stroke=\"currentColor\" stroke-width=\"3\" stroke-linecap=\"round\" stroke-linejoin=\"round\" xmlns=\"http:\/\/www.w3.org\/2000\/svg\"  aria-hidden=\"true\"><path d=\"M22 11.08V12a10 10 0 1 1-5.93-9.14\"\/><polyline points=\"22 4 12 14.01 9 11.01\"\/><\/svg><\/span><span class=\"kt-svg-icon-list-text\">Profitieren Sie von au\u00dfergew\u00f6hnlichem Komfort dank einer nat\u00fcrlichen Korksohle. Douce und anpassungsf\u00e4hig f\u00fcr alle Fu\u00dftypen, bietet sie un\u00fcbertroffenen Komfort bei jedem Schritt.<\/span><\/li>\n\n\n<style>.kt-svg-icon-list-item-4569_986e76-16 .kt-svg-icon-list-text mark.kt-highlight{background-color:unset;font-style:normal;color:#f76a0c;-webkit-box-decoration-break:clone;box-decoration-break:clone;padding-top:0px;padding-right:0px;padding-bottom:0px;padding-left:0px;}<\/style>\n<li class=\"wp-block-kadence-listitem kt-svg-icon-list-item-wrap kt-svg-icon-list-item-4569_986e76-16\"><span class=\"kb-svg-icon-wrap kb-svg-icon-fe_checkCircle kt-svg-icon-list-single\"><svg viewBox=\"0 0 24 24\"  fill=\"none\" stroke=\"currentColor\" stroke-width=\"3\" stroke-linecap=\"round\" stroke-linejoin=\"round\" xmlns=\"http:\/\/www.w3.org\/2000\/svg\"  aria-hidden=\"true\"><path d=\"M22 11.08V12a10 10 0 1 1-5.93-9.14\"\/><polyline points=\"22 4 12 14.01 9 11.01\"\/><\/svg><\/span><span class=\"kt-svg-icon-list-text\">Feiern Sie Ihre ethische Wahl, indem Sie innovative vegane Lederprodukte ausw\u00e4hlen, die frei von giftigen Stoffen sind und die Erde respektieren.<\/span><\/li>\n<\/ul><\/div>\n\n\n\n<p>Ohne Kompromisse bei der Qualit\u00e4t, ohne Grausamkeit, ohne Unbehagen&#8230;<\/p>\n\n\n\n<p>F\u00fcr einen Bruchteil der Kosten von Designer-Sandalen g\u00f6nnen Sie sich au\u00dfergew\u00f6hnlichen Komfort, zeitlosen Stil und unvergleichliche Haltbarkeit.<\/p>\n\n\n\n<p>Sind Sie bereit, sich mit den <strong>umweltfreundlichen Tulip Black r\u00f6mischen Schuhen<\/strong> der nachhaltigen Mode anzuschlie\u00dfen? Der Bestand dieser stark nachgefragten Sandalen nimmt st\u00e4ndig ab. Verpassen Sie nicht die Gelegenheit, sie diesen Sommer zu tragen!<\/p>\n","protected":false},"excerpt":{"rendered":"<p>Suchen Sie nach eleganten Sommerschuhen, ohne dabei Ihre Umweltengagement zu beeintr\u00e4chtigen? Tr\u00e4umen Sie von vielseitigen schwarzen r\u00f6mischen Sandalen, um Ihre Sommeroutfits zu vervollst\u00e4ndigen? Entdecken Sie Tulip Black: Sandalen f\u00fcr Damen aus veganem Leder, die die perfekte Harmonie zwischen zeitloser Eleganz, Komfort und Umweltbewusstsein verk\u00f6rpern. Mit der r\u00f6mischen Sandale f\u00fcr Frauen Tulip Schwarz: Ohne Kompromisse bei&#8230;<\/p>\n","protected":false},"featured_media":8472,"comment_status":"open","ping_status":"closed","template":"","meta":{"_acf_changed":false,"_kad_blocks_custom_css":"","_kad_blocks_head_custom_js":"","_kad_blocks_body_custom_js":"","_kad_blocks_footer_custom_js":"","_kad_post_transparent":"","_kad_post_title":"","_kad_post_layout":"","_kad_post_sidebar_id":"","_kad_post_content_style":"","_kad_post_vertical_padding":"","_kad_post_feature":"","_kad_post_feature_position":"","_kad_post_header":false,"_kad_post_footer":false,"_kad_post_classname":""},"product_brand":[],"product_cat":[459,413],"product_tag":[447],"product_brands":[685],"class_list":{"0":"post-10668","1":"product","2":"type-product","3":"status-publish","4":"has-post-thumbnail","6":"product_cat-sandalen","7":"product_cat-schuhe-fuer-maenner-und-frauen","8":"product_tag-frau","9":"product_brands-nae-vegan-shoes-de","11":"first","12":"outofstock","13":"taxable","14":"shipping-taxable","15":"purchasable","16":"product-type-variable","17":"has-default-attributes","18":"entry","19":"content-bg","20":"loop-entry"},"acf":{"avantages":"\ud83d\udca8 Atmungsaktiv: Um deine F\u00fc\u00dfe den ganzen Tag \u00fcber frisch und trocken zu halten.\r\n\r\n\ud83c\udf0d Umweltfreundlich: Verwende umweltfreundliche Materialien, um deinen \u00f6kologischen Fu\u00dfabdruck zu reduzieren.\r\n\r\n\ud83c\udf21\ufe0f Antimikrobiell: F\u00fcr bessere Hygiene und Schutz vor Bakterien und Mikroben.\r\n\r\n\ud83d\udcab Hypoallergen: Verwende Materialien, die allergische Reaktionen und Hautreizungen minimieren.\r\n\r\n\ud83d\udc3e Veganes Material: Verwende veganes Leder aus umweltfreundlichen Mikrofasern f\u00fcr die Riemen. Eine tierfreundliche Alternative.\r\n\r\n\u26d3\ufe0f Elegante Schnallen: Verwende nickelfreie Metallschnallen in antikem Gold, um dem Design eine elegante Note zu verleihen.\r\n\r\n\u2699\ufe0f Langlebige Sohle: Verwende eine Laufsohle aus recyceltem Reifen und recyceltem Gummi, laminiert mit Kork, f\u00fcr optimale Haftung und erh\u00f6hte Haltbarkeit.\r\n\r\n\ud83d\udec0 Gepolstert und feuchtigkeitsabweisend: F\u00fcr \u00fcberlegenen Komfort und Schutz vor Feuchtigkeit.\r\n\r\n\ud83c\uddf5\ud83c\uddf9 Sorgf\u00e4ltig hergestellt: In Portugal unter Verwendung von umweltfreundlichen Materialien und Prozessen. Mit Unterst\u00fctzung f\u00fcr faire Arbeitsbedingungen.","entretien":"1. Entfernen Sie Staub oder Schlamm mit einer weichen B\u00fcrste oder einem trockenen Tuch.\r\n\r\n2. Verwenden Sie ein feuchtes Tuch und reiben Sie sanft in kreisenden Bewegungen, um den gesamten Schuh zu reinigen.\r\n\r\n3. Reinigen Sie Ihr Tuch regelm\u00e4\u00dfig, um Schmutz zu vermeiden.\r\n\r\n4. Verwenden Sie f\u00fcr hartn\u00e4ckige Flecken eine weiche B\u00fcrste und Wasser, und reiben Sie sanft in kreisenden Bewegungen.\r\n\r\n5. Lassen Sie die Schuhe vor dem Auftragen einer Reinigungscreme an der Luft trocknen.\r\n\r\n6. Verwenden Sie eine Reinigungscreme, um Ihren Schuhen mehr Glanz zu verleihen.\r\n\r\n7. Geben Sie eine kleine Menge des Produkts auf eine weiche, trockene B\u00fcrste oder ein Tuch und reiben Sie sanft in kreisenden Bewegungen, bis es vollst\u00e4ndig eingezogen ist.8. Lassen Sie die Schuhe 24 Stunden lang an der Luft trocknen, fernab von direktem Sonnenlicht.Achtung:\r\n\r\n- Geben Sie Ihre Schuhe nicht in die Waschmaschine.\r\n\r\n- Tauchen Sie sie nicht in Wasser ein, da sie irreparable Sch\u00e4den erleiden k\u00f6nnten.Produktlebensdauer:Wenn Ihre veganen Schuhe das Ende ihrer Lebensdauer erreicht haben oder Sie sie nicht mehr ben\u00f6tigen, erw\u00e4gen Sie, ihnen ein zweites Leben zu geben. Verwenden Sie sie auf eine andere Weise selbst","marque":""},"taxonomy_info":{"product_cat":[{"value":459,"label":"Sandalen"},{"value":413,"label":"Schuhe"}],"product_tag":[{"value":447,"label":"Damenboutique"}],"product_brands":[{"value":685,"label":"NAE Vegan Shoes"}]},"featured_image_src_large":["https:\/\/ekomfort.lu\/wp-content\/uploads\/2023\/08\/tulip-black-sandales.jpg",700,700,false],"author_info":[],"comment_info":0,"_links":{"self":[{"href":"https:\/\/ekomfort.lu\/de\/wp-json\/wp\/v2\/product\/10668","targetHints":{"allow":["GET"]}}],"collection":[{"href":"https:\/\/ekomfort.lu\/de\/wp-json\/wp\/v2\/product"}],"about":[{"href":"https:\/\/ekomfort.lu\/de\/wp-json\/wp\/v2\/types\/product"}],"replies":[{"embeddable":true,"href":"https:\/\/ekomfort.lu\/de\/wp-json\/wp\/v2\/comments?post=10668"}],"wp:featuredmedia":[{"embeddable":true,"href":"https:\/\/ekomfort.lu\/de\/wp-json\/wp\/v2\/media\/8472"}],"wp:attachment":[{"href":"https:\/\/ekomfort.lu\/de\/wp-json\/wp\/v2\/media?parent=10668"}],"wp:term":[{"taxonomy":"product_brand","embeddable":true,"href":"https:\/\/ekomfort.lu\/de\/wp-json\/wp\/v2\/product_brand?post=10668"},{"taxonomy":"product_cat","embeddable":true,"href":"https:\/\/ekomfort.lu\/de\/wp-json\/wp\/v2\/product_cat?post=10668"},{"taxonomy":"product_tag","embeddable":true,"href":"https:\/\/ekomfort.lu\/de\/wp-json\/wp\/v2\/product_tag?post=10668"},{"taxonomy":"product_brands","embeddable":true,"href":"https:\/\/ekomfort.lu\/de\/wp-json\/wp\/v2\/product_brands?post=10668"}],"curies":[{"name":"wp","href":"https:\/\/api.w.org\/{rel}","templated":true}]}}