{"id":10660,"date":"2023-08-16T14:50:21","date_gmt":"2023-08-16T12:50:21","guid":{"rendered":"https:\/\/ekomfort.lu\/shop\/naes-mary-jane-damenschuhe-schwarz-teresa-black-casual-elegance-gepaart-mit-ethik"},"modified":"2024-07-01T12:11:17","modified_gmt":"2024-07-01T10:11:17","slug":"naes-mary-jane-damenschuhe-schwarz-teresa-black-casual-elegance-gepaart-mit-ethik","status":"publish","type":"product","link":"https:\/\/ekomfort.lu\/de\/shop\/naes-mary-jane-damenschuhe-schwarz-teresa-black-casual-elegance-gepaart-mit-ethik\/","title":{"rendered":"Nae&#8217;s Mary Jane Damenschuhe Schwarz Teresa Black: Casual Elegance gepaart mit Ethik"},"content":{"rendered":"\n<p>Sind Sie auf der Suche nach bequemen schwarzen <strong>Schnallenschuhen<\/strong>, ohne auf Stil zu verzichten? M\u00f6chten Sie einen ethischen Schuh, der sich leicht mit Ihren verschiedenen Outfits kombinieren l\u00e4sst?<\/p>\n\n\n\n<p>Lassen Sie sich von <strong>Teresa Black<\/strong>, einem entspannten <strong>Schuhe Jane Black<\/strong>, aus Apfelleder verf\u00fchrt werden. Es kombiniert harmonisch Komfort, Design und Umweltschutz.<\/p>\n\n\n\n<p>Durch die Annahme <strong>der mary jane schuhe damen Teresa Black :<\/strong><\/p>\n\n\n<style>.wp-block-kadence-iconlist.kt-svg-icon-list-items10660_1049c2-b1:not(.this-stops-third-party-issues){margin-top:0px;margin-bottom:0px;}.wp-block-kadence-iconlist.kt-svg-icon-list-items10660_1049c2-b1 ul.kt-svg-icon-list:not(.this-prevents-issues):not(.this-stops-third-party-issues):not(.tijsloc){margin-top:0px;margin-right:0px;margin-bottom:var(--global-kb-spacing-sm, 1.5rem);margin-left:0px;}.wp-block-kadence-iconlist.kt-svg-icon-list-items10660_1049c2-b1 ul.kt-svg-icon-list{grid-row-gap:5px;}.wp-block-kadence-iconlist.kt-svg-icon-list-items10660_1049c2-b1 .kb-svg-icon-wrap{font-size:18px;color:var(--global-palette1, #3182CE);}.wp-block-kadence-iconlist.kt-svg-icon-list-items10660_1049c2-b1 ul.kt-svg-icon-list .kt-svg-icon-list-item-wrap .kt-svg-icon-list-single{margin-right:10px;}.kt-svg-icon-list-items10660_1049c2-b1 ul.kt-svg-icon-list .kt-svg-icon-list-level-0 .kt-svg-icon-list-single svg{font-size:20px;}<\/style>\n<div class=\"wp-block-kadence-iconlist kt-svg-icon-list-items kt-svg-icon-list-items10660_1049c2-b1 kt-svg-icon-list-columns-1 alignnone\"><ul class=\"kt-svg-icon-list\"><style>.kt-svg-icon-list-item-4567_3b8d78-de .kt-svg-icon-list-text mark.kt-highlight{background-color:unset;font-style:normal;color:#f76a0c;-webkit-box-decoration-break:clone;box-decoration-break:clone;padding-top:0px;padding-right:0px;padding-bottom:0px;padding-left:0px;}<\/style>\n<li class=\"wp-block-kadence-listitem kt-svg-icon-list-item-wrap kt-svg-icon-list-item-4567_3b8d78-de\"><span class=\"kb-svg-icon-wrap kb-svg-icon-fe_checkCircle kt-svg-icon-list-single\"><svg viewBox=\"0 0 24 24\"  fill=\"none\" stroke=\"currentColor\" stroke-width=\"3\" stroke-linecap=\"round\" stroke-linejoin=\"round\" xmlns=\"http:\/\/www.w3.org\/2000\/svg\"  aria-hidden=\"true\"><path d=\"M22 11.08V12a10 10 0 1 1-5.93-9.14\"\/><polyline points=\"22 4 12 14.01 9 11.01\"\/><\/svg><\/span><span class=\"kt-svg-icon-list-text\">Genie\u00dfen Sie die Leichtigkeit jedes Schrittes dank der geriffelten Sohle und des Schnallenverschlusses, die den ganzen Tag lang optimalen Komfort garantieren.<\/span><\/li>\n\n\n<style>.kt-svg-icon-list-item-4567_843a0f-14 .kt-svg-icon-list-text mark.kt-highlight{background-color:unset;font-style:normal;color:#f76a0c;-webkit-box-decoration-break:clone;box-decoration-break:clone;padding-top:0px;padding-right:0px;padding-bottom:0px;padding-left:0px;}<\/style>\n<li class=\"wp-block-kadence-listitem kt-svg-icon-list-item-wrap kt-svg-icon-list-item-4567_843a0f-14\"><span class=\"kb-svg-icon-wrap kb-svg-icon-fe_checkCircle kt-svg-icon-list-single\"><svg viewBox=\"0 0 24 24\"  fill=\"none\" stroke=\"currentColor\" stroke-width=\"3\" stroke-linecap=\"round\" stroke-linejoin=\"round\" xmlns=\"http:\/\/www.w3.org\/2000\/svg\"  aria-hidden=\"true\"><path d=\"M22 11.08V12a10 10 0 1 1-5.93-9.14\"\/><polyline points=\"22 4 12 14.01 9 11.01\"\/><\/svg><\/span><span class=\"kt-svg-icon-list-text\">Modularisieren Sie Ihren Stil je nach Lust und Laune und Anlass mit einer vielseitigen schwarzen Farbe und einem klassischen Design, das zu den meisten Ihrer Outfits passt.<\/span><\/li>\n\n\n<style>.kt-svg-icon-list-item-4567_86127a-52 .kt-svg-icon-list-text mark.kt-highlight{background-color:unset;font-style:normal;color:#f76a0c;-webkit-box-decoration-break:clone;box-decoration-break:clone;padding-top:0px;padding-right:0px;padding-bottom:0px;padding-left:0px;}<\/style>\n<li class=\"wp-block-kadence-listitem kt-svg-icon-list-item-wrap kt-svg-icon-list-item-4567_86127a-52\"><span class=\"kb-svg-icon-wrap kb-svg-icon-fe_checkCircle kt-svg-icon-list-single\"><svg viewBox=\"0 0 24 24\"  fill=\"none\" stroke=\"currentColor\" stroke-width=\"3\" stroke-linecap=\"round\" stroke-linejoin=\"round\" xmlns=\"http:\/\/www.w3.org\/2000\/svg\"  aria-hidden=\"true\"><path d=\"M22 11.08V12a10 10 0 1 1-5.93-9.14\"\/><polyline points=\"22 4 12 14.01 9 11.01\"\/><\/svg><\/span><span class=\"kt-svg-icon-list-text\">Machen Sie einen bewussten Schritt in eine umweltbewusste Zukunft und entscheiden Sie sich f\u00fcr Schuhe aus Apfelleder, einer innovativen und umweltfreundlichen Alternative.<\/span><\/li>\n<\/ul><\/div>\n\n\n\n<p>ohne Tierqu\u00e4lerei, ohne Kompromisse in Stil oder Komfort &#8230;<\/p>\n\n\n\n<p>Das Ganze, zu einem vergleichbaren Preis wie ein Standardpaar Schuhe von renommierten Marken.<\/p>\n\n\n\n<p>Also, sind Sie bereit, Ihren Kleiderschrank mit diesem Juwel aus Ethik, Komfort und Eleganz zu bereichern? Warten Sie nicht, unsere Best\u00e4nde an <strong>Mary Jane Damenschuhen<\/strong> <strong>Teresa Black<\/strong> nehmen rapide ab. Saisissez votre chance d\u00e8s maintenant !<\/p>\n","protected":false},"excerpt":{"rendered":"<p>Sind Sie auf der Suche nach bequemen schwarzen Schnallenschuhen, ohne auf Stil zu verzichten? M\u00f6chten Sie einen ethischen Schuh, der sich leicht mit Ihren verschiedenen Outfits kombinieren l\u00e4sst? Lassen Sie sich von Teresa Black, einem entspannten Schuhe Jane Black, aus Apfelleder verf\u00fchrt werden. Es kombiniert harmonisch Komfort, Design und Umweltschutz. Durch die Annahme der mary&#8230;<\/p>\n","protected":false},"featured_media":8466,"comment_status":"open","ping_status":"closed","template":"","meta":{"_acf_changed":false,"_kad_blocks_custom_css":"","_kad_blocks_head_custom_js":"","_kad_blocks_body_custom_js":"","_kad_blocks_footer_custom_js":"","_kad_post_transparent":"","_kad_post_title":"","_kad_post_layout":"","_kad_post_sidebar_id":"","_kad_post_content_style":"","_kad_post_vertical_padding":"","_kad_post_feature":"","_kad_post_feature_position":"","_kad_post_header":false,"_kad_post_footer":false,"_kad_post_classname":""},"product_brand":[],"product_cat":[425,413],"product_tag":[447],"product_brands":[685],"class_list":{"0":"post-10660","1":"product","2":"type-product","3":"status-publish","4":"has-post-thumbnail","6":"product_cat-flache-schuhe","7":"product_cat-schuhe-fuer-maenner-und-frauen","8":"product_tag-frau","9":"product_brands-nae-vegan-shoes-de","11":"first","12":"outofstock","13":"taxable","14":"shipping-taxable","15":"purchasable","16":"product-type-variable","17":"has-default-attributes","18":"entry","19":"content-bg","20":"loop-entry"},"acf":{"avantages":"\ud83c\udfa8 Einheitliches Muster mit markanten Akzenten: Ein einfaches, aber einzigartiges Design mit rutschfester Sohle und Schnallenriemen f\u00fcr eine perfekte Passform.\r\n\r\n\ud83c\udf3f Hypoallergene Materialien: Ohne giftige Chemikalien, um allergische Reaktionen und schlechte Ger\u00fcche zu minimieren.\r\n\r\n\ud83d\udc63 Feuchtigkeitsabweisende und gepolsterte Sohle: Optimaler Komfort, um Reibung und Blasen zu vermeiden.\r\n\r\n\ud83d\udc57 Bequem und vielseitig: Passt perfekt zu allen Arten von Kleidung und f\u00fcr viele Anl\u00e4sse geeignet.\r\n\r\n\ud83c\udf0d Umweltfreundlich: Umweltbewusste Herstellung im Einklang mit der Umwelt.\r\n\r\n\u26aa Erh\u00e4ltlich in Wei\u00df und Schwarz.\r\n\r\n\ud83d\udca6 Wasserfest: Sch\u00fctzt Ihre F\u00fc\u00dfe vor Feuchtigkeit.\r\n\r\n\ud83c\udf4f Obermaterial aus Apfelleder: Ein umweltfreundliches Material, hergestellt aus Resten der Apfelsaftproduktion.\r\n\r\n\ud83d\udd12 Schnallenverschluss aus nickelfreiem Metall: F\u00fcr maximale Haltbarkeit.\r\n\r\n\ud83c\udf3f Futter aus veganem Leder OnSteam: Atmungsaktiv und antimikrobiell, umweltfreundlich hergestellt.","entretien":"1. Reinigen Sie die Schuhe mit einem in Seifenwasser getr\u00e4nkten Tuch.\r\n\r\n2. Lassen Sie die Schuhe an der Luft trocknen, bevor Sie eine Reinigungscreme auftragen.\r\n\r\n3. Verwenden Sie eine Reinigungscreme, um Ihren Schuhen mehr Glanz zu verleihen. Geben Sie eine kleine Menge des Produkts auf eine weiche, trockene B\u00fcrste oder ein Tuch und reiben Sie es sanft in kreisenden Bewegungen ein, bis es vollst\u00e4ndig eingezogen ist.\r\n\r\n4. Lassen Sie die Schuhe 24 Stunden lang an der Luft trocknen, fernab von direktem Sonnenlicht.Achtung:\r\n\r\n\u2022 Geben Sie Ihre Schuhe nicht in die Waschmaschine.\r\n\r\n\u2022 Tauchen Sie sie nicht in Wasser ein, da sie irreparable Sch\u00e4den erleiden k\u00f6nnten.Wenn Sie der Meinung sind, dass Ihre veganen Schuhe das Ende ihrer Lebensdauer erreicht haben oder Sie sie nicht mehr ben\u00f6tigen, denken Sie daran, ihnen ein zweites Leben zu schenken. Verwenden Sie sie auf eine andere Weise f\u00fcr sich selbst oder geben Sie sie jemand anderem.","marque":""},"taxonomy_info":{"product_cat":[{"value":425,"label":"Flache Schuhe"},{"value":413,"label":"Schuhe"}],"product_tag":[{"value":447,"label":"Damenboutique"}],"product_brands":[{"value":685,"label":"NAE Vegan Shoes"}]},"featured_image_src_large":["https:\/\/ekomfort.lu\/wp-content\/uploads\/2023\/08\/teresa-black-chaussure-sport-decontractee.jpg",700,700,false],"author_info":[],"comment_info":0,"_links":{"self":[{"href":"https:\/\/ekomfort.lu\/de\/wp-json\/wp\/v2\/product\/10660","targetHints":{"allow":["GET"]}}],"collection":[{"href":"https:\/\/ekomfort.lu\/de\/wp-json\/wp\/v2\/product"}],"about":[{"href":"https:\/\/ekomfort.lu\/de\/wp-json\/wp\/v2\/types\/product"}],"replies":[{"embeddable":true,"href":"https:\/\/ekomfort.lu\/de\/wp-json\/wp\/v2\/comments?post=10660"}],"wp:featuredmedia":[{"embeddable":true,"href":"https:\/\/ekomfort.lu\/de\/wp-json\/wp\/v2\/media\/8466"}],"wp:attachment":[{"href":"https:\/\/ekomfort.lu\/de\/wp-json\/wp\/v2\/media?parent=10660"}],"wp:term":[{"taxonomy":"product_brand","embeddable":true,"href":"https:\/\/ekomfort.lu\/de\/wp-json\/wp\/v2\/product_brand?post=10660"},{"taxonomy":"product_cat","embeddable":true,"href":"https:\/\/ekomfort.lu\/de\/wp-json\/wp\/v2\/product_cat?post=10660"},{"taxonomy":"product_tag","embeddable":true,"href":"https:\/\/ekomfort.lu\/de\/wp-json\/wp\/v2\/product_tag?post=10660"},{"taxonomy":"product_brands","embeddable":true,"href":"https:\/\/ekomfort.lu\/de\/wp-json\/wp\/v2\/product_brands?post=10660"}],"curies":[{"name":"wp","href":"https:\/\/api.w.org\/{rel}","templated":true}]}}