{"id":10652,"date":"2023-08-16T14:50:21","date_gmt":"2023-08-16T12:50:21","guid":{"rendered":"https:\/\/ekomfort.lu\/shop\/teresa-white-schuhe-mit-schnalle-fuer-frauen-ein-eleganter-schritt-in-richtung-verantwortungsbewusste-mode"},"modified":"2024-07-01T12:11:18","modified_gmt":"2024-07-01T10:11:18","slug":"teresa-white-schuhe-mit-schnalle-fuer-frauen-ein-eleganter-schritt-in-richtung-verantwortungsbewusste-mode","status":"publish","type":"product","link":"https:\/\/ekomfort.lu\/de\/shop\/teresa-white-schuhe-mit-schnalle-fuer-frauen-ein-eleganter-schritt-in-richtung-verantwortungsbewusste-mode\/","title":{"rendered":"Teresa White &#8211; Schuhe mit Schnalle f\u00fcr Frauen: Ein eleganter Schritt in Richtung verantwortungsbewusste Mode"},"content":{"rendered":"\n<p>Bist du eine moderne Frau, die in ihrer Schuhauswahl auf Stil und Einfachheit setzt? M\u00f6chten Sie elegante <strong>Frauenschuhe mit Schnalle<\/strong>, die auch Ihre ethische Vision widerspiegeln?<\/p>\n\n\n\n<p>Entdecken Sie <strong>Teresa White<\/strong>, die umweltfreundlichen <strong>Mary Jane- Schuhe aus Apfelleder<\/strong>, die l\u00e4ssige Eleganz, unvergleichlichen Komfort und tiefen Respekt vor der Natur vereinen.<\/p>\n\n\n\n<p>Bestellen Sie jetzt die <strong>wei\u00dfen slip-on Schuhe Teresa White<\/strong> und:<\/p>\n\n\n<style>.wp-block-kadence-iconlist.kt-svg-icon-list-items10652_f3cf0e-eb:not(.this-stops-third-party-issues){margin-top:0px;margin-bottom:0px;}.wp-block-kadence-iconlist.kt-svg-icon-list-items10652_f3cf0e-eb ul.kt-svg-icon-list:not(.this-prevents-issues):not(.this-stops-third-party-issues):not(.tijsloc){margin-top:0px;margin-right:0px;margin-bottom:var(--global-kb-spacing-sm, 1.5rem);margin-left:0px;}.wp-block-kadence-iconlist.kt-svg-icon-list-items10652_f3cf0e-eb ul.kt-svg-icon-list{grid-row-gap:5px;}.wp-block-kadence-iconlist.kt-svg-icon-list-items10652_f3cf0e-eb .kb-svg-icon-wrap{font-size:18px;color:var(--global-palette1, #3182CE);}.wp-block-kadence-iconlist.kt-svg-icon-list-items10652_f3cf0e-eb ul.kt-svg-icon-list .kt-svg-icon-list-item-wrap .kt-svg-icon-list-single{margin-right:10px;}.kt-svg-icon-list-items10652_f3cf0e-eb ul.kt-svg-icon-list .kt-svg-icon-list-level-0 .kt-svg-icon-list-single svg{font-size:20px;}<\/style>\n<div class=\"wp-block-kadence-iconlist kt-svg-icon-list-items kt-svg-icon-list-items10652_f3cf0e-eb kt-svg-icon-list-columns-1 alignnone\"><ul class=\"kt-svg-icon-list\"><style>.kt-svg-icon-list-item-4568_2f06d2-8f .kt-svg-icon-list-text mark.kt-highlight{background-color:unset;font-style:normal;color:#f76a0c;-webkit-box-decoration-break:clone;box-decoration-break:clone;padding-top:0px;padding-right:0px;padding-bottom:0px;padding-left:0px;}<\/style>\n<li class=\"wp-block-kadence-listitem kt-svg-icon-list-item-wrap kt-svg-icon-list-item-4568_2f06d2-8f\"><span class=\"kb-svg-icon-wrap kb-svg-icon-fe_checkCircle kt-svg-icon-list-single\"><svg viewBox=\"0 0 24 24\"  fill=\"none\" stroke=\"currentColor\" stroke-width=\"3\" stroke-linecap=\"round\" stroke-linejoin=\"round\" xmlns=\"http:\/\/www.w3.org\/2000\/svg\"  aria-hidden=\"true\"><path d=\"M22 11.08V12a10 10 0 1 1-5.93-9.14\"\/><polyline points=\"22 4 12 14.01 9 11.01\"\/><\/svg><\/span><span class=\"kt-svg-icon-list-text\">\u00dcberarbeiten Sie Ihren Stil und lassen Sie sich von der klassischen Mary-Jane-Silhouette mit ihrem reizvollen Retro-Chic, betont durch eine verf\u00fchrerische Schleife und eine elegant gestreifte Sohle, begeistern.<\/span><\/li>\n\n\n<style>.kt-svg-icon-list-item-4568_cb26e6-fd .kt-svg-icon-list-text mark.kt-highlight{background-color:unset;font-style:normal;color:#f76a0c;-webkit-box-decoration-break:clone;box-decoration-break:clone;padding-top:0px;padding-right:0px;padding-bottom:0px;padding-left:0px;}<\/style>\n<li class=\"wp-block-kadence-listitem kt-svg-icon-list-item-wrap kt-svg-icon-list-item-4568_cb26e6-fd\"><span class=\"kb-svg-icon-wrap kb-svg-icon-fe_checkCircle kt-svg-icon-list-single\"><svg viewBox=\"0 0 24 24\"  fill=\"none\" stroke=\"currentColor\" stroke-width=\"3\" stroke-linecap=\"round\" stroke-linejoin=\"round\" xmlns=\"http:\/\/www.w3.org\/2000\/svg\"  aria-hidden=\"true\"><path d=\"M22 11.08V12a10 10 0 1 1-5.93-9.14\"\/><polyline points=\"22 4 12 14.01 9 11.01\"\/><\/svg><\/span><span class=\"kt-svg-icon-list-text\">Genie\u00dfen Sie einen sanften und m\u00fchelosen Spaziergang, der Ihnen schmerzfreie Tage garantiert.<\/span><\/li>\n\n\n<style>.kt-svg-icon-list-item-4568_b6a39c-cf .kt-svg-icon-list-text mark.kt-highlight{background-color:unset;font-style:normal;color:#f76a0c;-webkit-box-decoration-break:clone;box-decoration-break:clone;padding-top:0px;padding-right:0px;padding-bottom:0px;padding-left:0px;}<\/style>\n<li class=\"wp-block-kadence-listitem kt-svg-icon-list-item-wrap kt-svg-icon-list-item-4568_b6a39c-cf\"><span class=\"kb-svg-icon-wrap kb-svg-icon-fe_checkCircle kt-svg-icon-list-single\"><svg viewBox=\"0 0 24 24\"  fill=\"none\" stroke=\"currentColor\" stroke-width=\"3\" stroke-linecap=\"round\" stroke-linejoin=\"round\" xmlns=\"http:\/\/www.w3.org\/2000\/svg\"  aria-hidden=\"true\"><path d=\"M22 11.08V12a10 10 0 1 1-5.93-9.14\"\/><polyline points=\"22 4 12 14.01 9 11.01\"\/><\/svg><\/span><span class=\"kt-svg-icon-list-text\">Umarmen Sie eine umweltfreundliche Innovation mit AppleSkin. Ein umweltfreundliches Material, hergestellt aus R\u00fcckst\u00e4nden der Apfelsaftproduktion, v\u00f6llig frei von Tierqu\u00e4lerei.<\/span><\/li>\n<\/ul><\/div>\n\n\n\n<p>Ohne Kompromisse beim Stil, ohne Schmerz, ohne Reue&#8230;<\/p>\n\n\n\n<p>Und das alles zu einem erstaunlich erschwinglichen Preis f\u00fcr ein so innovatives und umweltfreundliches Produkt angeboten.<\/p>\n\n\n\n<p>Also, bist du bereit, Stil und Bewusstsein mit <strong>Teresa White<\/strong> zu vereinen? Dieses Modell ist bereits sehr beliebt und die Lagerbest\u00e4nde nehmen schnell ab. Verpassen Sie diese Gelegenheit nicht!<\/p>\n","protected":false},"excerpt":{"rendered":"<p>Bist du eine moderne Frau, die in ihrer Schuhauswahl auf Stil und Einfachheit setzt? M\u00f6chten Sie elegante Frauenschuhe mit Schnalle, die auch Ihre ethische Vision widerspiegeln? Entdecken Sie Teresa White, die umweltfreundlichen Mary Jane- Schuhe aus Apfelleder, die l\u00e4ssige Eleganz, unvergleichlichen Komfort und tiefen Respekt vor der Natur vereinen. Bestellen Sie jetzt die wei\u00dfen slip-on&#8230;<\/p>\n","protected":false},"featured_media":8456,"comment_status":"open","ping_status":"closed","template":"","meta":{"_acf_changed":false,"_kad_blocks_custom_css":"","_kad_blocks_head_custom_js":"","_kad_blocks_body_custom_js":"","_kad_blocks_footer_custom_js":"","_kad_post_transparent":"","_kad_post_title":"","_kad_post_layout":"","_kad_post_sidebar_id":"","_kad_post_content_style":"","_kad_post_vertical_padding":"","_kad_post_feature":"","_kad_post_feature_position":"","_kad_post_header":false,"_kad_post_footer":false},"product_brand":[],"product_cat":[425,413],"product_tag":[447],"product_brands":[685],"class_list":{"0":"post-10652","1":"product","2":"type-product","3":"status-publish","4":"has-post-thumbnail","6":"product_cat-flache-schuhe","7":"product_cat-schuhe-fuer-maenner-und-frauen","8":"product_tag-frau","9":"product_brands-nae-vegan-shoes-de","11":"first","12":"outofstock","13":"taxable","14":"shipping-taxable","15":"purchasable","16":"product-type-variable","17":"has-default-attributes","18":"entry","19":"content-bg","20":"loop-entry"},"acf":{"avantages":"\ud83d\udda4 Einfarbige Muster mit markanten Elementen wie rutschfester und auff\u00e4lliger Sohle sowie einer Schnallenriemen f\u00fcr perfekte Passform.\r\n\r\n\ud83c\udf31 Hypoallergene Materialien, die keine umweltsch\u00e4dlichen Toxine enthalten. Ihre F\u00fc\u00dfe werden es Ihnen danken.\r\n\r\n\ud83c\udf2c\ufe0f Atmungsaktive und antibakterielle Materialien, um Ihre F\u00fc\u00dfe frisch zu halten und schlechte Ger\u00fcche zu vermeiden.\r\n\r\n\ud83d\udca7 Feuchtigkeitsabweisende und gepolsterte Sohle f\u00fcr ultimative Flexibilit\u00e4t und Komfort.\r\n\r\n\ud83d\udc57 Bequemes und vielseitiges Design, das zu jedem Outfit und Anlass passt.\r\n\r\n\ud83c\udf0d Umweltfreundlich hergestellt. Jeder Schritt z\u00e4hlt.\r\n\r\n\u26aa Erh\u00e4ltlich in Wei\u00df und Schwarz. Perfekt f\u00fcr jeden Kleiderschrank.\r\n\r\n\ud83d\udca6 Wasserdicht. Gehen Sie unabh\u00e4ngig vom Wetter sorgenfrei.\r\n\r\n\ud83c\uddf5\ud83c\uddf9 Mit Liebe und unter Beachtung der Umwelt in Portugal hergestellt. Fairer Handel steht im Mittelpunkt unseres Engagements.","entretien":"1. Reinigen Sie die Schuhe mit einem in Seifenwasser getr\u00e4nkten Tuch.\r\n\r\n2. Lassen Sie die Schuhe an der Luft trocknen, bevor Sie eine Reinigungscreme auftragen.\r\n\r\n3. Verwenden Sie eine Reinigungscreme, um Ihren Schuhen mehr Glanz zu verleihen. Tragen Sie eine kleine Menge Produkt auf eine weiche, trockene B\u00fcrste oder ein Tuch auf und reiben Sie es sanft in kreisenden Bewegungen ein, bis es vollst\u00e4ndig vom Material aufgenommen wurde.\r\n\r\n4. Lassen Sie die Schuhe 24 Stunden lang an der Luft trocknen, fern von direktem Sonnenlicht.Achtung:\r\n\r\n\u2022 Geben Sie Ihre Schuhe nicht in die Waschmaschine.\r\n\r\n\u2022 Tauchen Sie sie nicht in Wasser ein, da sie irreparable Sch\u00e4den erleiden k\u00f6nnten.Wenn Ihre veganen Schuhe das Ende ihrer Lebensdauer erreicht haben oder Sie sie nicht mehr ben\u00f6tigen, denken Sie daran, ihnen ein zweites Leben zu schenken. Verwenden Sie sie auf eine andere Weise f\u00fcr sich selbst oder geben Sie sie einer anderen Person.","marque":""},"_wp_attached_file":null,"_wp_attachment_image_alt":null,"rank_math_facebook_image":null,"rank_math_facebook_image_id":null,"wpml_language":null,"_wp_attachment_metadata":null,"rank_math_focus_keyword":"teresa white, schuhe mit schnalle f\u00fcr damen","rank_math_title":"Schuhe mit Schnalle f\u00fcr Damen Teresa White: Eleganz und Komfort","rank_math_description":"Entscheiden Sie sich f\u00fcr einen schicken und anspruchsvollen Look mit unseren Damenschuhen mit Teresa White Schnalle f\u00fcr Frauen. Bestellen Sie jetzt und machen Sie den Unterschied!","taxonomy_info":{"product_cat":[{"value":425,"label":"Flache Schuhe"},{"value":413,"label":"Schuhe"}],"product_tag":[{"value":447,"label":"Damenboutique"}],"product_brands":[{"value":685,"label":"NAE Vegan Shoes"}]},"featured_image_src_large":["https:\/\/ekomfort.lu\/wp-content\/uploads\/2023\/08\/Teresa-white-chaussure-decontractee.jpg",700,700,false],"author_info":[],"comment_info":0,"_links":{"self":[{"href":"https:\/\/ekomfort.lu\/de\/wp-json\/wp\/v2\/product\/10652","targetHints":{"allow":["GET"]}}],"collection":[{"href":"https:\/\/ekomfort.lu\/de\/wp-json\/wp\/v2\/product"}],"about":[{"href":"https:\/\/ekomfort.lu\/de\/wp-json\/wp\/v2\/types\/product"}],"replies":[{"embeddable":true,"href":"https:\/\/ekomfort.lu\/de\/wp-json\/wp\/v2\/comments?post=10652"}],"wp:featuredmedia":[{"embeddable":true,"href":"https:\/\/ekomfort.lu\/de\/wp-json\/wp\/v2\/media\/8456"}],"wp:attachment":[{"href":"https:\/\/ekomfort.lu\/de\/wp-json\/wp\/v2\/media?parent=10652"}],"wp:term":[{"taxonomy":"product_brand","embeddable":true,"href":"https:\/\/ekomfort.lu\/de\/wp-json\/wp\/v2\/product_brand?post=10652"},{"taxonomy":"product_cat","embeddable":true,"href":"https:\/\/ekomfort.lu\/de\/wp-json\/wp\/v2\/product_cat?post=10652"},{"taxonomy":"product_tag","embeddable":true,"href":"https:\/\/ekomfort.lu\/de\/wp-json\/wp\/v2\/product_tag?post=10652"},{"taxonomy":"product_brands","embeddable":true,"href":"https:\/\/ekomfort.lu\/de\/wp-json\/wp\/v2\/product_brands?post=10652"}],"curies":[{"name":"wp","href":"https:\/\/api.w.org\/{rel}","templated":true}]}}