{"id":10639,"date":"2023-08-16T14:50:21","date_gmt":"2023-08-16T12:50:21","guid":{"rendered":"https:\/\/ekomfort.lu\/shop\/flache-sandalen-fuer-damen-mit-riemen-von-nae-in-grau-vereinen-sie-komfort-tradition-und-modernitaet"},"modified":"2024-07-01T12:11:29","modified_gmt":"2024-07-01T10:11:29","slug":"flache-sandalen-fuer-damen-mit-riemen-von-nae-in-grau-vereinen-sie-komfort-tradition-und-modernitaet","status":"publish","type":"product","link":"https:\/\/ekomfort.lu\/de\/shop\/flache-sandalen-fuer-damen-mit-riemen-von-nae-in-grau-vereinen-sie-komfort-tradition-und-modernitaet\/","title":{"rendered":"Flache Sandalen Vasil Grey f\u00fcr Frauen von Nae: Kombinieren Sie Komfort, Tradition und Moderne."},"content":{"rendered":"\n<p>Suchen Sie nach einer Kombination aus warmherziger Tradition und aktuellem Trend in Ihrem Schuhpaar? Lehnen Sie es ab, Komfort zugunsten von Ethik zu opfern?<\/p>\n\n<p>Entwickeln Sie sich mit Vertrauen und Stil, indem Sie die <strong>Vasil Grey<\/strong> w\u00e4hlen: Diese <strong>Buckle-Sandalen<\/strong> werden aus Kunstleder hergestellt und bieten eine perfekte Balance zwischen au\u00dfergew\u00f6hnlichem Komfort, Schonung der Umwelt und moderner \u00c4sthetik.<\/p>\n\n<p>F\u00fcgen Sie die <strong>grauen Riemchensandalen Vasil Grey<\/strong> zu Ihrer Garderobe hinzu und:<\/p>\n<style>.wp-block-kadence-iconlist.kt-svg-icon-list-items4571_1b0d6a-6b:not(.this-stops-third-party-issues){margin-top:0px;margin-bottom:0px;}.wp-block-kadence-iconlist.kt-svg-icon-list-items4571_1b0d6a-6b ul.kt-svg-icon-list:not(.this-prevents-issues):not(.this-stops-third-party-issues):not(.tijsloc){margin-top:0px;margin-right:0px;margin-bottom:var(--global-kb-spacing-sm, 1.5rem);margin-left:0px;}.wp-block-kadence-iconlist.kt-svg-icon-list-items4571_1b0d6a-6b ul.kt-svg-icon-list{grid-row-gap:5px;}.wp-block-kadence-iconlist.kt-svg-icon-list-items4571_1b0d6a-6b .kb-svg-icon-wrap{font-size:18px;color:var(--global-palette1, #3182CE);}.wp-block-kadence-iconlist.kt-svg-icon-list-items4571_1b0d6a-6b ul.kt-svg-icon-list .kt-svg-icon-list-item-wrap .kt-svg-icon-list-single{margin-right:10px;}.kt-svg-icon-list-items4571_1b0d6a-6b ul.kt-svg-icon-list .kt-svg-icon-list-level-0 .kt-svg-icon-list-single svg{font-size:20px;}<\/style>\n<div class=\"wp-block-kadence-iconlist kt-svg-icon-list-items kt-svg-icon-list-items4571_1b0d6a-6b kt-svg-icon-list-columns-1 alignnone\"><ul class=\"kt-svg-icon-list\"><style>.kt-svg-icon-list-item-4571_bc28ba-e8 .kt-svg-icon-list-text mark.kt-highlight{background-color:unset;font-style:normal;color:#f76a0c;-webkit-box-decoration-break:clone;box-decoration-break:clone;padding-top:0px;padding-right:0px;padding-bottom:0px;padding-left:0px;}<\/style>\n<li class=\"wp-block-kadence-listitem kt-svg-icon-list-item-wrap kt-svg-icon-list-item-4571_bc28ba-e8\"><span class=\"kb-svg-icon-wrap kb-svg-icon-fe_checkCircle kt-svg-icon-list-single\"><svg viewBox=\"0 0 24 24\"  fill=\"none\" stroke=\"currentColor\" stroke-width=\"3\" stroke-linecap=\"round\" stroke-linejoin=\"round\" xmlns=\"http:\/\/www.w3.org\/2000\/svg\"  aria-hidden=\"true\"><path d=\"M22 11.08V12a10 10 0 1 1-5.93-9.14\"\/><polyline points=\"22 4 12 14.01 9 11.01\"\/><\/svg><\/span><span class=\"kt-svg-icon-list-text\">Stellen Sie sich das sanfte Gef\u00fchl vor, das Ihre F\u00fc\u00dfe umh\u00fcllt, dank dem wasserabweisenden und langlebigen veganen Nubuk-Leder.<\/span><\/li>\n\n\n<style>.kt-svg-icon-list-item-4571_b2e2fd-de .kt-svg-icon-list-text mark.kt-highlight{background-color:unset;font-style:normal;color:#f76a0c;-webkit-box-decoration-break:clone;box-decoration-break:clone;padding-top:0px;padding-right:0px;padding-bottom:0px;padding-left:0px;}<\/style>\n<li class=\"wp-block-kadence-listitem kt-svg-icon-list-item-wrap kt-svg-icon-list-item-4571_b2e2fd-de\"><span class=\"kb-svg-icon-wrap kb-svg-icon-fe_checkCircle kt-svg-icon-list-single\"><svg viewBox=\"0 0 24 24\"  fill=\"none\" stroke=\"currentColor\" stroke-width=\"3\" stroke-linecap=\"round\" stroke-linejoin=\"round\" xmlns=\"http:\/\/www.w3.org\/2000\/svg\"  aria-hidden=\"true\"><path d=\"M22 11.08V12a10 10 0 1 1-5.93-9.14\"\/><polyline points=\"22 4 12 14.01 9 11.01\"\/><\/svg><\/span><span class=\"kt-svg-icon-list-text\">Entdecken Sie den unvergleichlichen Komfort von ergonomischen gepolsterten Einlegesohlen, die un\u00fcbertroffenen Fu\u00dfgew\u00f6lbest\u00fctz und au\u00dfergew\u00f6hnliche Stabilit\u00e4t bieten &#8211; f\u00fcr erm\u00fcdungsfreie und beschwerdefreie Tage.<\/span><\/li>\n\n\n<style>.kt-svg-icon-list-item-4571_dd07b9-09 .kt-svg-icon-list-text mark.kt-highlight{background-color:unset;font-style:normal;color:#f76a0c;-webkit-box-decoration-break:clone;box-decoration-break:clone;padding-top:0px;padding-right:0px;padding-bottom:0px;padding-left:0px;}<\/style>\n<li class=\"wp-block-kadence-listitem kt-svg-icon-list-item-wrap kt-svg-icon-list-item-4571_dd07b9-09\"><span class=\"kb-svg-icon-wrap kb-svg-icon-fe_checkCircle kt-svg-icon-list-single\"><svg viewBox=\"0 0 24 24\"  fill=\"none\" stroke=\"currentColor\" stroke-width=\"3\" stroke-linecap=\"round\" stroke-linejoin=\"round\" xmlns=\"http:\/\/www.w3.org\/2000\/svg\"  aria-hidden=\"true\"><path d=\"M22 11.08V12a10 10 0 1 1-5.93-9.14\"\/><polyline points=\"22 4 12 14.01 9 11.01\"\/><\/svg><\/span><span class=\"kt-svg-icon-list-text\">Visualisieren Sie sich in diesen <strong>flachen Damensandalen mit Riemen<\/strong>, mit ihren verstellbaren Riemen, die mit vergoldeten Details verziert sind und einen Hauch von Eleganz zu Ihrem t\u00e4glichen Outfit hinzuf\u00fcgen, ob Sie zu Hause sind oder ausgehen.<\/span><\/li>\n<\/ul><\/div>\n\n<p>Ohne Gl\u00fchbirnen, ohne schlechten Geruch und ohne Grausamkeit&#8230;<\/p>\n\n<p>F\u00fcr den Preis eines traditionellen Schuhpaars g\u00f6nnen Sie sich das Wohlbefinden eines Hausschuhs und den Charme einer Sandale.<\/p>\n\n<p>Sind Sie bereit, die Erfahrung des ethischen Komforts mit einem Paar <strong>Vasil Grey-Sandalen mit Schnalle<\/strong> zu genie\u00dfen? Warten Sie nicht, denn unser Lagerbestand ist begrenzt und dieses Modell, das von denen, die Qualit\u00e4t sch\u00e4tzen, sehr begehrt ist, verkauft sich schnell. Geben Sie Ihre Chance ein!<\/p>\n","protected":false},"excerpt":{"rendered":"<p>Suchen Sie nach einer Kombination aus warmherziger Tradition und aktuellem Trend in Ihrem Schuhpaar? Lehnen Sie es ab, Komfort zugunsten von Ethik zu opfern? Entwickeln Sie sich mit Vertrauen und Stil, indem Sie die Vasil Grey w\u00e4hlen: Diese Buckle-Sandalen werden aus Kunstleder hergestellt und bieten eine perfekte Balance zwischen au\u00dfergew\u00f6hnlichem Komfort, Schonung der Umwelt und&#8230;<\/p>\n","protected":false},"featured_media":8106,"comment_status":"open","ping_status":"closed","template":"","meta":{"_acf_changed":false,"_kad_blocks_custom_css":"","_kad_blocks_head_custom_js":"","_kad_blocks_body_custom_js":"","_kad_blocks_footer_custom_js":"","_kad_post_transparent":"","_kad_post_title":"","_kad_post_layout":"","_kad_post_sidebar_id":"","_kad_post_content_style":"","_kad_post_vertical_padding":"","_kad_post_feature":"","_kad_post_feature_position":"","_kad_post_header":false,"_kad_post_footer":false,"_kad_post_classname":""},"product_brand":[],"product_cat":[459,413],"product_tag":[445],"product_brands":[685],"class_list":{"0":"post-10639","1":"product","2":"type-product","3":"status-publish","4":"has-post-thumbnail","6":"product_cat-sandalen","7":"product_cat-schuhe-fuer-maenner-und-frauen","8":"product_tag-unisex-de","9":"product_brands-nae-vegan-shoes-de","11":"first","12":"outofstock","13":"taxable","14":"shipping-taxable","15":"purchasable","16":"product-type-variable","17":"has-default-attributes","18":"entry","19":"content-bg","20":"loop-entry"},"acf":{"avantages":"<ul>\n \t<li>\n<h6>\ud83d\udca7 Wasserabweisend, um Ihre F\u00fc\u00dfe trocken zu halten.<\/h6>\n<\/li>\n<\/ul>\n\u00a0\n<ul>\n \t<li>\n<h6>\ud83c\udf2c\ufe0f Atmungsaktiv f\u00fcr optimale Luftzirkulation und frische, trockene F\u00fc\u00dfe.<\/h6>\n<\/li>\n<\/ul>\n\u00a0\n<ul>\n \t<li>\n<h6>\ud83e\udd12 Antimikrobiell und hypoallergen f\u00fcr perfekte Hygiene und minimierte allergische Reaktionen.<\/h6>\n<\/li>\n<\/ul>\n\u00a0\n<ul>\n \t<li>\n<h6>\ud83c\udf31 Gesundheitlich unbedenklich - es wurden keine giftigen Materialien verwendet.<\/h6>\n<\/li>\n<\/ul>\n\u00a0\n<ul>\n \t<li>\n<h6>\ud83c\udf80 Obermaterial aus Nubuk-Mikrofaser f\u00fcr ein elegantes Aussehen und eine weiche Textur.<\/h6>\n<\/li>\n<\/ul>\n\u00a0\n<ul>\n \t<li>\n<h6>\ud83d\udd12 Nickel-freie Metallschnallen, ideal f\u00fcr Personen mit Allergien.<\/h6>\n<\/li>\n<\/ul>\n\u00a0\n<ul>\n \t<li>\n<h6>\ud83c\udfde\ufe0f Umweltfreundliches Futter aus 90% Mikrofasern und 10% PU.<\/h6>\n<\/li>\n<\/ul>\n\u00a0\n<ul>\n \t<li>\n<h6>\ud83c\udf3f Ergonomische Einlegesohle aus organischer Kork- und Gummimischung f\u00fcr weichen Komfort und Feuchtigkeitsschutz.<\/h6>\n<\/li>\n<\/ul>\n\u00a0\n<ul>\n \t<li>\n<h6>\ud83d\ude80 Laufsohle aus recyceltem Reifenkautschuk f\u00fcr au\u00dfergew\u00f6hnliche Langlebigkeit und optimale Griffigkeit.<\/h6>\n<\/li>\n<\/ul>\n\u00a0\n<ul>\n \t<li>\n<h6>\ud83c\uddf5\ud83c\uddf9 Hergestellt in Portugal mit Sorgfalt, unter Einhaltung der Umwelt und fairer Arbeitsbedingungen.<\/h6>\n<\/li>\n<\/ul>","entretien":"1. Reinigen Sie die Schuhe mit einem in Seifenwasser getr\u00e4nkten Tuch.\r\n\r\n2. Verwenden Sie f\u00fcr hartn\u00e4ckige Flecken eine weiche Schuhb\u00fcrste, ebenfalls in Seifenwasser getr\u00e4nkt, und reiben Sie sanft in kreisenden Bewegungen.\r\n\r\n3. Entfernen Sie die Seife mit einem feuchten Tuch.\r\n\r\n4. Lassen Sie die Schuhe 24 Stunden lang an der Luft trocknen, ohne sie direkter Sonneneinstrahlung auszusetzen.Achtung:\r\n\r\n- Verwenden Sie keine Reinigungscreme.- Geben Sie Ihre Schuhe nicht in die Waschmaschine.\r\n\r\n- Tauchen Sie sie nicht in Wasser ein, da dies zu irreparablen Sch\u00e4den f\u00fchren k\u00f6nnte.Produktlebensdauer:Wenn Ihre veganen Schuhe das Ende ihrer Lebensdauer erreicht haben oder Sie sie nicht mehr ben\u00f6tigen, erw\u00e4gen Sie, ihnen ein zweites Leben zu geben. Verwenden Sie sie auf eine andere Weise selbst oder geben Sie sie jemand anderem.","marque":""},"taxonomy_info":{"product_cat":[{"value":459,"label":"Sandalen"},{"value":413,"label":"Schuhe"}],"product_tag":[{"value":445,"label":"Unisex"}],"product_brands":[{"value":685,"label":"NAE Vegan Shoes"}]},"featured_image_src_large":["https:\/\/ekomfort.lu\/wp-content\/uploads\/2023\/08\/vasil-grey-1024x1024.jpg",1024,1024,true],"author_info":[],"comment_info":0,"_links":{"self":[{"href":"https:\/\/ekomfort.lu\/de\/wp-json\/wp\/v2\/product\/10639","targetHints":{"allow":["GET"]}}],"collection":[{"href":"https:\/\/ekomfort.lu\/de\/wp-json\/wp\/v2\/product"}],"about":[{"href":"https:\/\/ekomfort.lu\/de\/wp-json\/wp\/v2\/types\/product"}],"replies":[{"embeddable":true,"href":"https:\/\/ekomfort.lu\/de\/wp-json\/wp\/v2\/comments?post=10639"}],"wp:featuredmedia":[{"embeddable":true,"href":"https:\/\/ekomfort.lu\/de\/wp-json\/wp\/v2\/media\/8106"}],"wp:attachment":[{"href":"https:\/\/ekomfort.lu\/de\/wp-json\/wp\/v2\/media?parent=10639"}],"wp:term":[{"taxonomy":"product_brand","embeddable":true,"href":"https:\/\/ekomfort.lu\/de\/wp-json\/wp\/v2\/product_brand?post=10639"},{"taxonomy":"product_cat","embeddable":true,"href":"https:\/\/ekomfort.lu\/de\/wp-json\/wp\/v2\/product_cat?post=10639"},{"taxonomy":"product_tag","embeddable":true,"href":"https:\/\/ekomfort.lu\/de\/wp-json\/wp\/v2\/product_tag?post=10639"},{"taxonomy":"product_brands","embeddable":true,"href":"https:\/\/ekomfort.lu\/de\/wp-json\/wp\/v2\/product_brands?post=10639"}],"curies":[{"name":"wp","href":"https:\/\/api.w.org\/{rel}","templated":true}]}}