{"id":10631,"date":"2023-08-16T14:50:21","date_gmt":"2023-08-16T12:50:21","guid":{"rendered":"https:\/\/ekomfort.lu\/shop\/botte-chelsea-crantee-vivian-schwarz-von-nae-eleganz-langlebigkeit-und-umweltbewusstsein-fuer-ihre-fuesse"},"modified":"2024-07-01T12:11:14","modified_gmt":"2024-07-01T10:11:14","slug":"botte-chelsea-crantee-vivian-schwarz-von-nae-eleganz-langlebigkeit-und-umweltbewusstsein-fuer-ihre-fuesse","status":"publish","type":"product","link":"https:\/\/ekomfort.lu\/de\/shop\/botte-chelsea-crantee-vivian-schwarz-von-nae-eleganz-langlebigkeit-und-umweltbewusstsein-fuer-ihre-fuesse\/","title":{"rendered":"Botte chelsea crant\u00e9e Vivian Schwarz von Nae: Eleganz, Langlebigkeit und Umweltbewusstsein f\u00fcr Ihre F\u00fc\u00dfe"},"content":{"rendered":"\n<p>Sind Sie auf der Suche nach eleganten und komfortablen <strong>hohen Schuhen<\/strong>, die umweltfreundlich und frei von Tierqu\u00e4lerei sind? Sie wollen den Stil nicht im Namen der Nachhaltigkeit gef\u00e4hrden?<\/p>\n\n\n\n<p>Entdecken Sie <strong>Vivian Black<\/strong>, einen <strong>veganen Chelsea-Stiefel mit mittlerer Wadenh\u00f6he<\/strong>, der zeitlose Eleganz und \u00f6kologische Verantwortung perfekt miteinander vereint.<\/p>\n\n\n\n<p>Mit <strong>Vivian Black<\/strong> ist der <strong>Chelsea-Ankle-Boot f\u00fcr Frauen<\/strong> gemeint:<\/p>\n\n\n<style>.wp-block-kadence-iconlist.kt-svg-icon-list-items10631_bb1359-6a:not(.this-stops-third-party-issues){margin-top:0px;margin-bottom:0px;}.wp-block-kadence-iconlist.kt-svg-icon-list-items10631_bb1359-6a ul.kt-svg-icon-list:not(.this-prevents-issues):not(.this-stops-third-party-issues):not(.tijsloc){margin-top:0px;margin-right:0px;margin-bottom:var(--global-kb-spacing-sm, 1.5rem);margin-left:0px;}.wp-block-kadence-iconlist.kt-svg-icon-list-items10631_bb1359-6a ul.kt-svg-icon-list{grid-row-gap:5px;}.wp-block-kadence-iconlist.kt-svg-icon-list-items10631_bb1359-6a .kb-svg-icon-wrap{font-size:18px;color:var(--global-palette1, #3182CE);}.wp-block-kadence-iconlist.kt-svg-icon-list-items10631_bb1359-6a ul.kt-svg-icon-list .kt-svg-icon-list-item-wrap .kt-svg-icon-list-single{margin-right:10px;}.kt-svg-icon-list-items10631_bb1359-6a ul.kt-svg-icon-list .kt-svg-icon-list-level-0 .kt-svg-icon-list-single svg{font-size:20px;}<\/style>\n<div class=\"wp-block-kadence-iconlist kt-svg-icon-list-items kt-svg-icon-list-items10631_bb1359-6a kt-svg-icon-list-columns-1 alignnone\"><ul class=\"kt-svg-icon-list\"><style>.kt-svg-icon-list-item-4574_63f435-67 .kt-svg-icon-list-text mark.kt-highlight{background-color:unset;font-style:normal;color:#f76a0c;-webkit-box-decoration-break:clone;box-decoration-break:clone;padding-top:0px;padding-right:0px;padding-bottom:0px;padding-left:0px;}<\/style>\n<li class=\"wp-block-kadence-listitem kt-svg-icon-list-item-wrap kt-svg-icon-list-item-4574_63f435-67\"><span class=\"kb-svg-icon-wrap kb-svg-icon-fe_checkCircle kt-svg-icon-list-single\"><svg viewBox=\"0 0 24 24\"  fill=\"none\" stroke=\"currentColor\" stroke-width=\"3\" stroke-linecap=\"round\" stroke-linejoin=\"round\" xmlns=\"http:\/\/www.w3.org\/2000\/svg\"  aria-hidden=\"true\"><path d=\"M22 11.08V12a10 10 0 1 1-5.93-9.14\"\/><polyline points=\"22 4 12 14.01 9 11.01\"\/><\/svg><\/span><span class=\"kt-svg-icon-list-text\">Erleben Sie Vertrauen und Komfort bei jedem Schritt mit einer rutschfesten profilierten Sohle, die f\u00fcr eine optimale Haftung entwickelt wurde.<\/span><\/li>\n\n\n<style>.kt-svg-icon-list-item-4574_43cef4-36 .kt-svg-icon-list-text mark.kt-highlight{background-color:unset;font-style:normal;color:#f76a0c;-webkit-box-decoration-break:clone;box-decoration-break:clone;padding-top:0px;padding-right:0px;padding-bottom:0px;padding-left:0px;}<\/style>\n<li class=\"wp-block-kadence-listitem kt-svg-icon-list-item-wrap kt-svg-icon-list-item-4574_43cef4-36\"><span class=\"kb-svg-icon-wrap kb-svg-icon-fe_checkCircle kt-svg-icon-list-single\"><svg viewBox=\"0 0 24 24\"  fill=\"none\" stroke=\"currentColor\" stroke-width=\"3\" stroke-linecap=\"round\" stroke-linejoin=\"round\" xmlns=\"http:\/\/www.w3.org\/2000\/svg\"  aria-hidden=\"true\"><path d=\"M22 11.08V12a10 10 0 1 1-5.93-9.14\"\/><polyline points=\"22 4 12 14.01 9 11.01\"\/><\/svg><\/span><span class=\"kt-svg-icon-list-text\">Inkarnieren Sie Eleganz mit einem schwarzen Stehkragen-Style und einem klassischen Chelsea-Cut, der zu all Ihren Outfits passt.<\/span><\/li>\n\n\n<style>.kt-svg-icon-list-item-4574_2494fc-17 .kt-svg-icon-list-text mark.kt-highlight{background-color:unset;font-style:normal;color:#f76a0c;-webkit-box-decoration-break:clone;box-decoration-break:clone;padding-top:0px;padding-right:0px;padding-bottom:0px;padding-left:0px;}<\/style>\n<li class=\"wp-block-kadence-listitem kt-svg-icon-list-item-wrap kt-svg-icon-list-item-4574_2494fc-17\"><span class=\"kb-svg-icon-wrap kb-svg-icon-fe_checkCircle kt-svg-icon-list-single\"><svg viewBox=\"0 0 24 24\"  fill=\"none\" stroke=\"currentColor\" stroke-width=\"3\" stroke-linecap=\"round\" stroke-linejoin=\"round\" xmlns=\"http:\/\/www.w3.org\/2000\/svg\"  aria-hidden=\"true\"><path d=\"M22 11.08V12a10 10 0 1 1-5.93-9.14\"\/><polyline points=\"22 4 12 14.01 9 11.01\"\/><\/svg><\/span><span class=\"kt-svg-icon-list-text\">Treffen Sie eine ethische und verantwortungsbewusste Entscheidung mit hochwertigem veganem Leder: Ein nachhaltiges, tierleidfreies und umweltfreundliches Material.<\/span><\/li>\n<\/ul><\/div>\n\n\n\n<p>ohne Kompromisse in Stil, ohne Tierqu\u00e4lerei, ohne Bedauern&#8230;<\/p>\n\n\n\n<p>F\u00fcr den Preis eines gew\u00f6hnlichen Stiefelpaares investieren Sie in <strong>gezackte Damenstiefel<\/strong>, die Ihre Pers\u00f6nlichkeit unterstreichen und gleichzeitig eine positive Auswirkung auf die Umwelt haben.<\/p>\n\n\n\n<p>Alles bereit, einen Schritt hin zu einer eleganteren und verantwortungsbewussteren Zukunft zu machen? Unser Vorrat an <strong>gerillten Chelsea-Stiefeln f\u00fcr Frauen<\/strong> <strong>Vivian Black<\/strong> ist schnell ersch\u00f6pft, da sie von Menschen wie Ihnen bevorzugt werden, die erkennen, dass Luxus auch ethisch sein kann. N&#8217;h\u00e9sitez pas !<\/p>\n","protected":false},"excerpt":{"rendered":"<p>Sind Sie auf der Suche nach eleganten und komfortablen hohen Schuhen, die umweltfreundlich und frei von Tierqu\u00e4lerei sind? Sie wollen den Stil nicht im Namen der Nachhaltigkeit gef\u00e4hrden? Entdecken Sie Vivian Black, einen veganen Chelsea-Stiefel mit mittlerer Wadenh\u00f6he, der zeitlose Eleganz und \u00f6kologische Verantwortung perfekt miteinander vereint. Mit Vivian Black ist der Chelsea-Ankle-Boot f\u00fcr Frauen&#8230;<\/p>\n","protected":false},"featured_media":8080,"comment_status":"open","ping_status":"closed","template":"","meta":{"_acf_changed":false,"_kad_blocks_custom_css":"","_kad_blocks_head_custom_js":"","_kad_blocks_body_custom_js":"","_kad_blocks_footer_custom_js":"","_kad_post_transparent":"","_kad_post_title":"","_kad_post_layout":"","_kad_post_sidebar_id":"","_kad_post_content_style":"","_kad_post_vertical_padding":"","_kad_post_feature":"","_kad_post_feature_position":"","_kad_post_header":false,"_kad_post_footer":false,"_kad_post_classname":""},"product_brand":[],"product_cat":[414,413],"product_tag":[447],"product_brands":[685],"class_list":{"0":"post-10631","1":"product","2":"type-product","3":"status-publish","4":"has-post-thumbnail","6":"product_cat-stiefel","7":"product_cat-schuhe-fuer-maenner-und-frauen","8":"product_tag-frau","9":"product_brands-nae-vegan-shoes-de","11":"first","12":"outofstock","13":"taxable","14":"shipping-taxable","15":"purchasable","16":"product-type-variable","17":"has-default-attributes","18":"entry","19":"content-bg","20":"loop-entry"},"acf":{"avantages":"\ud83d\udc83 Moderne und elegante Optik mit elastischen Eins\u00e4tzen und Rei\u00dfverschl\u00fcssen f\u00fcr einfaches Anziehen und maximale Sicherheit.\r\n\r\n\ud83c\udf2c\ufe0f Hypoallergene, atmungsaktive und antimikrobielle Materialien, um \u00fcberm\u00e4\u00dfiges Schwitzen und schlechte Ger\u00fcche zu vermeiden.\r\n\r\n\ud83d\udca4 Gepolsterte, feuchtigkeitsabweisende Sohle f\u00fcr optimalen Komfort und erh\u00f6hte Flexibilit\u00e4t.\r\n\r\n\ud83c\udf1f Vielseitig und attraktiv, um zu einer Vielzahl von Kleidungsst\u00fccken und Anl\u00e4ssen zu passen.\r\n\r\n\ud83d\udca7 Wasserdicht, um die F\u00fc\u00dfe bei jedem Wetter trocken zu halten.\r\n\r\n\ud83c\udf3f Obermaterial aus umweltfreundlichen Mikrofaser-Veganleder, eine umweltfreundliche Alternative zu herk\u00f6mmlichem Leder.\r\n\r\n\ud83c\udf2c\ufe0f Atmungsaktives und umweltfreundliches Innenfutter aus veganem Leder OnSteam f\u00fcr bessere Hygiene.\r\n\r\n\ud83d\udcaa Gepolsterte Einlegesohle f\u00fcr bessere D\u00e4mpfung und Schutz vor Feuchtigkeit.\r\n\r\n\ud83d\udc63 Langlebige Gummilaufsohle mit rutschfestem Profil f\u00fcr optimale Haftung.\r\n\r\n\ud83c\udf0d Hergestellt in Portugal mit nachhaltigen Materialien und umweltfreundlichen Herstellungsprozessen unter fairen Arbeitsbedingungen.","entretien":"1. Entfernen Sie den Staub oder Schlamm von Ihren Schuhen, bevor Sie sie anfeuchten. Verwenden Sie eine weiche B\u00fcrste oder ein trockenes Tuch.\r\n\r\n2. Verwenden Sie ein feuchtes Tuch und reinigen Sie die gesamten Schuhe sanft in kreisenden Bewegungen. Reinigen Sie Ihr Tuch regelm\u00e4\u00dfig, um Schmutz zu vermeiden.\r\n\r\n3. Verwenden Sie f\u00fcr hartn\u00e4ckige Flecken eine weiche B\u00fcrste und Wasser. Reiben Sie sanft in kreisenden Bewegungen.\r\n\r\n4. Lassen Sie die Schuhe an der Luft trocknen, bevor Sie eine Reinigungscreme auftragen.\r\n\r\n5. Verwenden Sie eine Reinigungscreme, um Ihren Schuhen mehr Glanz zu verleihen. Geben Sie eine kleine Menge Produkt auf eine weiche, trockene B\u00fcrste oder ein Tuch und reiben Sie es sanft in kreisenden Bewegungen ein, bis es vollst\u00e4ndig eingezogen ist.\r\n\r\n6. Lassen Sie die Schuhe 24 Stunden lang an der Luft trocknen, fernab von direktem Sonnenlicht.Achtung:\r\n\r\n- Geben Sie Ihre Schuhe nicht in die Waschmaschine.\r\n\r\n- Tauchen Sie sie nicht in Wasser ein, da dies zu irreparablen Sch\u00e4den f\u00fchren k\u00f6nnte.Wenn Ihre veganen Schuhe das Ende ihrer Lebensdauer erreicht haben oder Sie sie nicht mehr ben\u00f6tigen, erw\u00e4gen Sie, ihnen ein anderes Verwendungszweck zu geben.","marque":""},"taxonomy_info":{"product_cat":[{"value":414,"label":"Stiefel"},{"value":413,"label":"Schuhe"}],"product_tag":[{"value":447,"label":"Damenboutique"}],"product_brands":[{"value":685,"label":"NAE Vegan Shoes"}]},"featured_image_src_large":["https:\/\/ekomfort.lu\/wp-content\/uploads\/2023\/08\/vivian-black-1024x1024.jpg",1024,1024,true],"author_info":[],"comment_info":0,"_links":{"self":[{"href":"https:\/\/ekomfort.lu\/de\/wp-json\/wp\/v2\/product\/10631","targetHints":{"allow":["GET"]}}],"collection":[{"href":"https:\/\/ekomfort.lu\/de\/wp-json\/wp\/v2\/product"}],"about":[{"href":"https:\/\/ekomfort.lu\/de\/wp-json\/wp\/v2\/types\/product"}],"replies":[{"embeddable":true,"href":"https:\/\/ekomfort.lu\/de\/wp-json\/wp\/v2\/comments?post=10631"}],"wp:featuredmedia":[{"embeddable":true,"href":"https:\/\/ekomfort.lu\/de\/wp-json\/wp\/v2\/media\/8080"}],"wp:attachment":[{"href":"https:\/\/ekomfort.lu\/de\/wp-json\/wp\/v2\/media?parent=10631"}],"wp:term":[{"taxonomy":"product_brand","embeddable":true,"href":"https:\/\/ekomfort.lu\/de\/wp-json\/wp\/v2\/product_brand?post=10631"},{"taxonomy":"product_cat","embeddable":true,"href":"https:\/\/ekomfort.lu\/de\/wp-json\/wp\/v2\/product_cat?post=10631"},{"taxonomy":"product_tag","embeddable":true,"href":"https:\/\/ekomfort.lu\/de\/wp-json\/wp\/v2\/product_tag?post=10631"},{"taxonomy":"product_brands","embeddable":true,"href":"https:\/\/ekomfort.lu\/de\/wp-json\/wp\/v2\/product_brands?post=10631"}],"curies":[{"name":"wp","href":"https:\/\/api.w.org\/{rel}","templated":true}]}}