{"id":10622,"date":"2023-08-27T19:11:52","date_gmt":"2023-08-27T17:11:52","guid":{"rendered":"https:\/\/ekomfort.lu\/shop\/translate-the-following-text-to-de-preserving-any-code-chaussure-derby-homme-noire-vegane-newbcn-elegance-sans-cruaute-pour-homme-moderneschwarze-derby-schuhe-fuer-herren-vegane-newbcn-eleganz-oh"},"modified":"2024-07-01T12:07:24","modified_gmt":"2024-07-01T10:07:24","slug":"moderneschwarze-derby-schuhe-fuer-herren-vegane-newbcn","status":"publish","type":"product","link":"https:\/\/ekomfort.lu\/de\/shop\/moderneschwarze-derby-schuhe-fuer-herren-vegane-newbcn\/","title":{"rendered":"ModerneSchwarze Derby-Schuhe f\u00fcr Herren V\u00e9gane NewBCN: Eleganz ohne Grausamkeit f\u00fcr moderne M\u00e4nner"},"content":{"rendered":"\n<p>Sie sind ein <strong>moderner Mann<\/strong>, der keine Kompromisse zwischen Stil, Komfort und dem Respekt vor dem Planeten eingehen m\u00f6chte? Suchen Sie nach einem <strong>veganen schwarzen Herren Derby-Schuh mit Schn\u00fcrung<\/strong>, der Eleganz und Langlebigkeit vereint?<\/p>\n\n\n\n<p>Entdecken Sie den <strong>NewBCN<\/strong> Noir, den <strong>veganen Derby-Schuh<\/strong> aus umweltfreundlichem wasserfestem schwarzen Kunstleder. Sie verbindet das zeitlose Design eines Derby-Schuhs mit den Vorteilen einer ethischen Herstellung.<\/p>\n\n\n\n<p>Bei der Auswahl des <strong>veganen Schuhs NewBCN <\/strong> f\u00fcr M\u00e4nner:<\/p>\n\n\n<style>.wp-block-kadence-iconlist.kt-svg-icon-list-items10622_909514-39:not(.this-stops-third-party-issues){margin-top:0px;margin-bottom:0px;}.wp-block-kadence-iconlist.kt-svg-icon-list-items10622_909514-39 ul.kt-svg-icon-list:not(.this-prevents-issues):not(.this-stops-third-party-issues):not(.tijsloc){margin-top:0px;margin-right:0px;margin-bottom:var(--global-kb-spacing-sm, 1.5rem);margin-left:0px;}.wp-block-kadence-iconlist.kt-svg-icon-list-items10622_909514-39 ul.kt-svg-icon-list{grid-row-gap:15px;}.wp-block-kadence-iconlist.kt-svg-icon-list-items10622_909514-39 .kb-svg-icon-wrap{font-size:18px;color:var(--global-palette1, #3182CE);}.wp-block-kadence-iconlist.kt-svg-icon-list-items10622_909514-39 ul.kt-svg-icon-list .kt-svg-icon-list-item-wrap .kt-svg-icon-list-single{margin-right:10px;}.kt-svg-icon-list-items10622_909514-39 ul.kt-svg-icon-list .kt-svg-icon-list-level-0 .kt-svg-icon-list-single svg{font-size:20px;}<\/style>\n<div class=\"wp-block-kadence-iconlist kt-svg-icon-list-items kt-svg-icon-list-items10622_909514-39 kt-svg-icon-list-columns-1 alignnone\"><ul class=\"kt-svg-icon-list\"><style>.kt-svg-icon-list-item-5900_32d596-92 .kt-svg-icon-list-text mark.kt-highlight{background-color:unset;font-style:normal;color:#f76a0c;-webkit-box-decoration-break:clone;box-decoration-break:clone;padding-top:0px;padding-right:0px;padding-bottom:0px;padding-left:0px;}<\/style>\n<li class=\"wp-block-kadence-listitem kt-svg-icon-list-item-wrap kt-svg-icon-list-item-5900_32d596-92\"><span class=\"kb-svg-icon-wrap kb-svg-icon-fe_checkCircle kt-svg-icon-list-single\"><svg viewBox=\"0 0 24 24\"  fill=\"none\" stroke=\"currentColor\" stroke-width=\"3\" stroke-linecap=\"round\" stroke-linejoin=\"round\" xmlns=\"http:\/\/www.w3.org\/2000\/svg\"  aria-hidden=\"true\"><path d=\"M22 11.08V12a10 10 0 1 1-5.93-9.14\"\/><polyline points=\"22 4 12 14.01 9 11.01\"\/><\/svg><\/span><span class=\"kt-svg-icon-list-text\">Genie\u00dfen Sie den atmungsaktiven Komfort dank des antiallergischen Mikrofaserfutters. Sie m\u00fcssen nie wieder zwischen Ihrem Wohlbefinden und Ihrem Stil w\u00e4hlen.<\/span><\/li>\n\n\n<style>.kt-svg-icon-list-item-5900_5e1015-f9 .kt-svg-icon-list-text mark.kt-highlight{background-color:unset;font-style:normal;color:#f76a0c;-webkit-box-decoration-break:clone;box-decoration-break:clone;padding-top:0px;padding-right:0px;padding-bottom:0px;padding-left:0px;}<\/style>\n<li class=\"wp-block-kadence-listitem kt-svg-icon-list-item-wrap kt-svg-icon-list-item-5900_5e1015-f9\"><span class=\"kb-svg-icon-wrap kb-svg-icon-fe_checkCircle kt-svg-icon-list-single\"><svg viewBox=\"0 0 24 24\"  fill=\"none\" stroke=\"currentColor\" stroke-width=\"3\" stroke-linecap=\"round\" stroke-linejoin=\"round\" xmlns=\"http:\/\/www.w3.org\/2000\/svg\"  aria-hidden=\"true\"><path d=\"M22 11.08V12a10 10 0 1 1-5.93-9.14\"\/><polyline points=\"22 4 12 14.01 9 11.01\"\/><\/svg><\/span><span class=\"kt-svg-icon-list-text\">Gehen Sie stolz und wissen Sie, dass jeder Schritt ein verantwortungsbewusster Schritt ist, dank des wasserbest\u00e4ndigen, umweltfreundlichen Mikrofaser-Materials.<\/span><\/li>\n\n\n<style>.kt-svg-icon-list-item-5900_b5c9d2-d9 .kt-svg-icon-list-text mark.kt-highlight{background-color:unset;font-style:normal;color:#f76a0c;-webkit-box-decoration-break:clone;box-decoration-break:clone;padding-top:0px;padding-right:0px;padding-bottom:0px;padding-left:0px;}<\/style>\n<li class=\"wp-block-kadence-listitem kt-svg-icon-list-item-wrap kt-svg-icon-list-item-5900_b5c9d2-d9\"><span class=\"kb-svg-icon-wrap kb-svg-icon-fe_checkCircle kt-svg-icon-list-single\"><svg viewBox=\"0 0 24 24\"  fill=\"none\" stroke=\"currentColor\" stroke-width=\"3\" stroke-linecap=\"round\" stroke-linejoin=\"round\" xmlns=\"http:\/\/www.w3.org\/2000\/svg\"  aria-hidden=\"true\"><path d=\"M22 11.08V12a10 10 0 1 1-5.93-9.14\"\/><polyline points=\"22 4 12 14.01 9 11.01\"\/><\/svg><\/span><span class=\"kt-svg-icon-list-text\">G\u00f6nnen Sie sich einen perfekten letzten Schliff mit einer Oberseite aus Kork- und Latexsohle sowie einer Poliercreme f\u00fcr eine einfache Pflege.<\/span><\/li>\n<\/ul><\/div>\n\n\n\n<p>Ohne Tierversuche, ohne giftige Inhaltsstoffe, ohne auf Ihre Eleganz zu verzichten&#8230;<\/p>\n\n\n\n<p>F\u00fcr den Preis eines traditionellen Schuhpaars, das nicht Ihren ethischen oder umweltbezogenen Werten entspricht, investieren Sie in handwerkliches Know-how, das mit neuesten nachhaltigen Technologien verbunden ist.<\/p>\n\n\n\n<p>Sind Sie bereit, den Schritt zu einem bewussteren Modestil zu gehen und dabei gleichzeitig Vertrauen in Ihr Erscheinungsbild zu haben? Warten Sie nicht, weil die Vorr\u00e4te von <strong>veganen schwarzen Herren Derby-Schuhen<\/strong> <strong>NewBCN<\/strong> begrenzt sind. Bestellen Sie jetzt!<\/p>\n","protected":false},"excerpt":{"rendered":"<p>Sie sind ein moderner Mann, der keine Kompromisse zwischen Stil, Komfort und dem Respekt vor dem Planeten eingehen m\u00f6chte? Suchen Sie nach einem veganen schwarzen Herren Derby-Schuh mit Schn\u00fcrung, der Eleganz und Langlebigkeit vereint? Entdecken Sie den NewBCN Noir, den veganen Derby-Schuh aus umweltfreundlichem wasserfestem schwarzen Kunstleder. Sie verbindet das zeitlose Design eines Derby-Schuhs mit&#8230;<\/p>\n","protected":false},"featured_media":8184,"comment_status":"open","ping_status":"closed","template":"","meta":{"_acf_changed":false,"_kad_blocks_custom_css":"","_kad_blocks_head_custom_js":"","_kad_blocks_body_custom_js":"","_kad_blocks_footer_custom_js":"","_kad_post_transparent":"","_kad_post_title":"","_kad_post_layout":"","_kad_post_sidebar_id":"","_kad_post_content_style":"","_kad_post_vertical_padding":"","_kad_post_feature":"","_kad_post_feature_position":"","_kad_post_header":false,"_kad_post_footer":false,"_kad_post_classname":""},"product_brand":[],"product_cat":[425,413],"product_tag":[],"product_brands":[685],"class_list":{"0":"post-10622","1":"product","2":"type-product","3":"status-publish","4":"has-post-thumbnail","6":"product_cat-flache-schuhe","7":"product_cat-schuhe-fuer-maenner-und-frauen","8":"product_brands-nae-vegan-shoes-de","10":"first","11":"outofstock","12":"taxable","13":"shipping-taxable","14":"purchasable","15":"product-type-variable","16":"has-default-attributes","17":"entry","18":"content-bg","19":"loop-entry"},"acf":{"avantages":"\u2696\ufe0f W\u00e4hlen Sie Ihre gewohnte Gr\u00f6\u00dfe f\u00fcr eine optimale Passform. Bei Zwischengr\u00f6\u00dfen w\u00e4hlen Sie bitte die gr\u00f6\u00dfere Gr\u00f6\u00dfe.\r\n\r\n\ud83d\udc9a Au\u00dfenmaterial aus umweltfreundlicher Mikrofaser, zertifiziert nach OEKO-Tex, f\u00fcr Langlebigkeit und Materialqualit\u00e4t.\r\n\r\n\ud83c\udf2c\ufe0f Innenfutter aus atmungsaktiver, allergikerfreundlicher und umweltfreundlicher Mikrofaser f\u00fcr maximalen Komfort und Hygiene. Dar\u00fcber hinaus ist es CO2-frei, was zur Reduzierung des CO2-Fu\u00dfabdrucks beitr\u00e4gt.\r\n\r\n\ud83d\udee1\ufe0f Innensohle aus laminiertem Kartonagglomerat mit Mikrofaser, bietet zus\u00e4tzliche Unterst\u00fctzung und gute D\u00e4mpfung.\r\n\r\n\ud83d\udc63 Au\u00dfensohle aus Gummi f\u00fcr optimale Haftung und Haltbarkeit auf verschiedenen Oberfl\u00e4chen.\r\n\r\n\ud83c\uddf5\ud83c\uddf9 Hergestellt in Portugal, mit sorgf\u00e4ltiger Aufmerksamkeit f\u00fcr Details und erstklassiger Verarbeitungsqualit\u00e4t.","entretien":"Bewahren und sch\u00fctzen Sie Ihre Nae-Produkte auf!F\u00fcr Produkte aus Pi\u00f1atex verwenden Sie regelm\u00e4\u00dfig eine Politurcreme in derselben Farbe wie die Oberfl\u00e4che des Materials.\r\n\r\nStellen Sie sicher, dass Sie die spezifische Creme f\u00fcr das Produkt verwenden, um die Farbe und das urspr\u00fcngliche Aussehen zu erhalten.\r\n\r\nF\u00fcr Produkte aus Mikrofaser oder Kork verwenden Sie ein feuchtes Tuch und bei hartn\u00e4ckigem Schmutz oder Flecken verwenden Sie eine neutrale Seife.\r\n\r\nF\u00fcr weitere Informationen zur Garantie unserer Produkte lesen Sie bitte unsere Versand- und R\u00fcckgaberichtlinien.","marque":""},"taxonomy_info":{"product_cat":[{"value":425,"label":"Flache Schuhe"},{"value":413,"label":"Schuhe"}],"product_brands":[{"value":685,"label":"NAE Vegan Shoes"}]},"featured_image_src_large":["https:\/\/ekomfort.lu\/wp-content\/uploads\/2023\/08\/newbcn-black.jpg",700,700,false],"author_info":[],"comment_info":0,"_links":{"self":[{"href":"https:\/\/ekomfort.lu\/de\/wp-json\/wp\/v2\/product\/10622","targetHints":{"allow":["GET"]}}],"collection":[{"href":"https:\/\/ekomfort.lu\/de\/wp-json\/wp\/v2\/product"}],"about":[{"href":"https:\/\/ekomfort.lu\/de\/wp-json\/wp\/v2\/types\/product"}],"replies":[{"embeddable":true,"href":"https:\/\/ekomfort.lu\/de\/wp-json\/wp\/v2\/comments?post=10622"}],"wp:featuredmedia":[{"embeddable":true,"href":"https:\/\/ekomfort.lu\/de\/wp-json\/wp\/v2\/media\/8184"}],"wp:attachment":[{"href":"https:\/\/ekomfort.lu\/de\/wp-json\/wp\/v2\/media?parent=10622"}],"wp:term":[{"taxonomy":"product_brand","embeddable":true,"href":"https:\/\/ekomfort.lu\/de\/wp-json\/wp\/v2\/product_brand?post=10622"},{"taxonomy":"product_cat","embeddable":true,"href":"https:\/\/ekomfort.lu\/de\/wp-json\/wp\/v2\/product_cat?post=10622"},{"taxonomy":"product_tag","embeddable":true,"href":"https:\/\/ekomfort.lu\/de\/wp-json\/wp\/v2\/product_tag?post=10622"},{"taxonomy":"product_brands","embeddable":true,"href":"https:\/\/ekomfort.lu\/de\/wp-json\/wp\/v2\/product_brands?post=10622"}],"curies":[{"name":"wp","href":"https:\/\/api.w.org\/{rel}","templated":true}]}}