{"id":10614,"date":"2023-08-16T14:50:21","date_gmt":"2023-08-16T12:50:21","guid":{"rendered":"https:\/\/ekomfort.lu\/shop\/bottes-hohe-gerade-victoria-black-von-nae-umweltbewusster-luxus-fuer-kalte-tage"},"modified":"2024-07-01T12:11:11","modified_gmt":"2024-07-01T10:11:11","slug":"bottes-hohe-gerade-victoria-black-von-nae-umweltbewusster-luxus-fuer-kalte-tage","status":"publish","type":"product","link":"https:\/\/ekomfort.lu\/de\/shop\/bottes-hohe-gerade-victoria-black-von-nae-umweltbewusster-luxus-fuer-kalte-tage\/","title":{"rendered":"Bottes hohe gerade Victoria Black von Nae: Umweltbewusster Luxus f\u00fcr kalte Tage"},"content":{"rendered":"\n<p>Sind Sie von dem Charme der <strong>knielangen Stiefeln<\/strong> angezogen, aber m\u00f6chten Sie keine Kompromisse bei Ethik und Nachhaltigkeit eingehen? M\u00f6chten Sie unangenehme Beschwerden wie Reibungen, Blasen und schlechten Geruch beenden?<\/p>\n\n\n\n<p>Entdecken Sie die <strong>Victoria Black<\/strong>, Ihr neues Paar <strong>vegane Damenstiefel<\/strong> aus Leder, das geschickt Komfort, schlichte Eleganz und Umweltfreundlichkeit vereint.<\/p>\n\n\n\n<p>Mit den <strong>hohen geraden Stiefeln Victoria Black<\/strong>:<\/p>\n\n\n<style>.wp-block-kadence-iconlist.kt-svg-icon-list-items10614_16b958-47:not(.this-stops-third-party-issues){margin-top:0px;margin-bottom:0px;}.wp-block-kadence-iconlist.kt-svg-icon-list-items10614_16b958-47 ul.kt-svg-icon-list:not(.this-prevents-issues):not(.this-stops-third-party-issues):not(.tijsloc){margin-top:0px;margin-right:0px;margin-bottom:var(--global-kb-spacing-sm, 1.5rem);margin-left:0px;}.wp-block-kadence-iconlist.kt-svg-icon-list-items10614_16b958-47 ul.kt-svg-icon-list{grid-row-gap:5px;}.wp-block-kadence-iconlist.kt-svg-icon-list-items10614_16b958-47 .kb-svg-icon-wrap{font-size:18px;color:var(--global-palette1, #3182CE);}.wp-block-kadence-iconlist.kt-svg-icon-list-items10614_16b958-47 ul.kt-svg-icon-list .kt-svg-icon-list-item-wrap .kt-svg-icon-list-single{margin-right:10px;}.kt-svg-icon-list-items10614_16b958-47 ul.kt-svg-icon-list .kt-svg-icon-list-level-0 .kt-svg-icon-list-single svg{font-size:20px;}<\/style>\n<div class=\"wp-block-kadence-iconlist kt-svg-icon-list-items kt-svg-icon-list-items10614_16b958-47 kt-svg-icon-list-columns-1 alignnone\"><ul class=\"kt-svg-icon-list\"><style>.kt-svg-icon-list-item-4572_10491d-c1 .kt-svg-icon-list-text mark.kt-highlight{background-color:unset;font-style:normal;color:#f76a0c;-webkit-box-decoration-break:clone;box-decoration-break:clone;padding-top:0px;padding-right:0px;padding-bottom:0px;padding-left:0px;}<\/style>\n<li class=\"wp-block-kadence-listitem kt-svg-icon-list-item-wrap kt-svg-icon-list-item-4572_10491d-c1\"><span class=\"kb-svg-icon-wrap kb-svg-icon-fe_checkCircle kt-svg-icon-list-single\"><svg viewBox=\"0 0 24 24\"  fill=\"none\" stroke=\"currentColor\" stroke-width=\"3\" stroke-linecap=\"round\" stroke-linejoin=\"round\" xmlns=\"http:\/\/www.w3.org\/2000\/svg\"  aria-hidden=\"true\"><path d=\"M22 11.08V12a10 10 0 1 1-5.93-9.14\"\/><polyline points=\"22 4 12 14.01 9 11.01\"\/><\/svg><\/span><span class=\"kt-svg-icon-list-text\">Stellen Sie sich vor, Sie gehen selbstbewusst, trotz K\u00e4lte und Regen, dank ihrer Wasserbest\u00e4ndigkeit und einer robusten rutschfesten Sohle.<\/span><\/li>\n\n\n<style>.kt-svg-icon-list-item-4572_13a6a1-fa .kt-svg-icon-list-text mark.kt-highlight{background-color:unset;font-style:normal;color:#f76a0c;-webkit-box-decoration-break:clone;box-decoration-break:clone;padding-top:0px;padding-right:0px;padding-bottom:0px;padding-left:0px;}<\/style>\n<li class=\"wp-block-kadence-listitem kt-svg-icon-list-item-wrap kt-svg-icon-list-item-4572_13a6a1-fa\"><span class=\"kb-svg-icon-wrap kb-svg-icon-fe_checkCircle kt-svg-icon-list-single\"><svg viewBox=\"0 0 24 24\"  fill=\"none\" stroke=\"currentColor\" stroke-width=\"3\" stroke-linecap=\"round\" stroke-linejoin=\"round\" xmlns=\"http:\/\/www.w3.org\/2000\/svg\"  aria-hidden=\"true\"><path d=\"M22 11.08V12a10 10 0 1 1-5.93-9.14\"\/><polyline points=\"22 4 12 14.01 9 11.01\"\/><\/svg><\/span><span class=\"kt-svg-icon-list-text\">Genie\u00dfen Sie den un\u00fcbertroffenen Komfort einer gepolsterten Sohle, die sich perfekt an die Form Ihres Fu\u00dfes anpasst, und eines geraden Schafts, der Ihre Beine betont.<\/span><\/li>\n\n\n<style>.kt-svg-icon-list-item-4572_30b425-a9 .kt-svg-icon-list-text mark.kt-highlight{background-color:unset;font-style:normal;color:#f76a0c;-webkit-box-decoration-break:clone;box-decoration-break:clone;padding-top:0px;padding-right:0px;padding-bottom:0px;padding-left:0px;}<\/style>\n<li class=\"wp-block-kadence-listitem kt-svg-icon-list-item-wrap kt-svg-icon-list-item-4572_30b425-a9\"><span class=\"kb-svg-icon-wrap kb-svg-icon-fe_checkCircle kt-svg-icon-list-single\"><svg viewBox=\"0 0 24 24\"  fill=\"none\" stroke=\"currentColor\" stroke-width=\"3\" stroke-linecap=\"round\" stroke-linejoin=\"round\" xmlns=\"http:\/\/www.w3.org\/2000\/svg\"  aria-hidden=\"true\"><path d=\"M22 11.08V12a10 10 0 1 1-5.93-9.14\"\/><polyline points=\"22 4 12 14.01 9 11.01\"\/><\/svg><\/span><span class=\"kt-svg-icon-list-text\">Ziehen Sie mit der zeitlosen Eleganz dieser schwarzen veganen Lederstiefel alle Blicke auf sich, die perfekte Erg\u00e4nzung zu all Ihren Outfits.<\/span><\/li>\n<\/ul><\/div>\n\n\n\n<p>Ohne tierisches Leder, ohne giftige Produkte, ohne schmerzhafte Reibungen&#8230;<\/p>\n\n\n\n<p>F\u00fcr den Preis eines minderwertigen traditionellen Stiefelpaares w\u00e4hlen Sie ein langlebiges Paar, das Ihre Werte verk\u00f6rpert und subtil Ihren Stil vervollst\u00e4ndigt.<\/p>\n\n\n\n<p>Dann, sind Sie bereit, einen stilvolleren und gewissenhafteren Stil anzunehmen? Die hohen geraden Stiefel <strong>Victoria Black<\/strong> sind sehr gefragt und ihr Bestand nimmt schnell ab. Nutzen Sie jetzt Ihre Chance, um Entt\u00e4uschungen zu vermeiden!<\/p>\n","protected":false},"excerpt":{"rendered":"<p>Sind Sie von dem Charme der knielangen Stiefeln angezogen, aber m\u00f6chten Sie keine Kompromisse bei Ethik und Nachhaltigkeit eingehen? M\u00f6chten Sie unangenehme Beschwerden wie Reibungen, Blasen und schlechten Geruch beenden? Entdecken Sie die Victoria Black, Ihr neues Paar vegane Damenstiefel aus Leder, das geschickt Komfort, schlichte Eleganz und Umweltfreundlichkeit vereint. Mit den hohen geraden Stiefeln&#8230;<\/p>\n","protected":false},"featured_media":8098,"comment_status":"open","ping_status":"closed","template":"","meta":{"_acf_changed":false,"_kad_blocks_custom_css":"","_kad_blocks_head_custom_js":"","_kad_blocks_body_custom_js":"","_kad_blocks_footer_custom_js":"","_kad_post_transparent":"","_kad_post_title":"","_kad_post_layout":"","_kad_post_sidebar_id":"","_kad_post_content_style":"","_kad_post_vertical_padding":"","_kad_post_feature":"","_kad_post_feature_position":"","_kad_post_header":false,"_kad_post_footer":false,"_kad_post_classname":""},"product_brand":[],"product_cat":[414,413],"product_tag":[447],"product_brands":[685],"class_list":{"0":"post-10614","1":"product","2":"type-product","3":"status-publish","4":"has-post-thumbnail","6":"product_cat-stiefel","7":"product_cat-schuhe-fuer-maenner-und-frauen","8":"product_tag-frau","9":"product_brands-nae-vegan-shoes-de","11":"first","12":"outofstock","13":"taxable","14":"shipping-taxable","15":"purchasable","16":"product-type-variable","17":"has-default-attributes","18":"entry","19":"content-bg","20":"loop-entry"},"acf":{"avantages":"\ud83c\udf27\ufe0f Wasserdicht, um die F\u00fc\u00dfe auch bei feuchtem Wetter trocken zu halten.\r\n\r\n\ud83d\ude0c Atmungsaktiv f\u00fcr optimale Luftzirkulation und den ganzen Tag \u00fcber frische und trockene F\u00fc\u00dfe.\r\n\r\n\ud83c\udf21\ufe0f Antimikrobiell und hypoallergen f\u00fcr makellose Hygiene und Minimierung allergischer Reaktionen.\r\n\r\n\ud83c\udf31 Sichere Materialien f\u00fcr die Gesundheit von Verbrauchern.\r\n\r\n\ud83d\udc5f Obermaterial aus umweltfreundlichen Mikrofaser-Veganleder, eine \u00f6kologische Alternative zu herk\u00f6mmlichem Leder.\r\n\r\n\ud83d\udcaa Futter aus Mikrofasern und PU f\u00fcr optimalen Komfort und Haltbarkeit.\r\n\r\n\ud83d\udee1\ufe0f Gepolsterte Einlegesohle aus EVA-Gummi und mit feuchtigkeitsabweisender Mikrofaser laminiert f\u00fcr bessere D\u00e4mpfung und Feuchtigkeitsschutz.\r\n\r\n\ud83d\udc63 Laufsohle aus TR-Light-Gummi f\u00fcr optimale Haftung und Haltbarkeit.\r\n\r\n\ud83d\udc60 Absatz- und Plattformh\u00f6he: 3 cm und 2 cm f\u00fcr leicht erh\u00f6hten Halt und Komfort.\r\n\r\n\u2728 Sorgf\u00e4ltig in Portugal hergestellt unter Verwendung von umweltfreundlichen Materialien und Verfahren.","entretien":"1. Entfernen Sie Staub oder Schlamm mit einer weichen B\u00fcrste oder einem trockenen Tuch.\r\n\r\n2. Verwenden Sie ein feuchtes Tuch und reiben Sie sanft in kreisenden Bewegungen, um den gesamten Schuh zu reinigen.\r\n\r\n3. Reinigen Sie regelm\u00e4\u00dfig Ihr Tuch, um das Versch\u00fctten von Schmutz zu vermeiden.\r\n\r\n4. Verwenden Sie f\u00fcr hartn\u00e4ckige Flecken eine weiche B\u00fcrste und Wasser, und reiben Sie sanft in kreisenden Bewegungen.\r\n\r\n5. Lassen Sie die Schuhe vor dem Auftragen einer Reinigungscreme an der Luft trocknen.\r\n\r\n6. Geben Sie eine kleine Menge Reinigungscreme auf eine weiche, trockene B\u00fcrste oder ein Tuch und reiben Sie sanft in kreisenden Bewegungen, bis sie vollst\u00e4ndig in den Stoff eingezogen ist.\r\n\r\n7. Lassen Sie die Schuhe 24 Stunden lang an der Luft trocknen, fernab direkter Sonneneinstrahlung.Achtung:\r\n\r\n- Geben Sie Ihre Schuhe nicht in die Waschmaschine.\r\n\r\n- Tauchen Sie sie nicht in Wasser ein, da dies zu irreparablen Sch\u00e4den f\u00fchren k\u00f6nnte.Produktlebensdauer:Wenn Ihre veganen Schuhe das Ende ihrer Lebensdauer erreicht haben oder Sie sie nicht mehr ben\u00f6tigen, erw\u00e4gen Sie, ihnen ein zweites Leben zu geben. Verwenden Sie sie auf eine andere Weise selbst oder geben Sie sie jemand anderem.","marque":""},"taxonomy_info":{"product_cat":[{"value":414,"label":"Stiefel"},{"value":413,"label":"Schuhe"}],"product_tag":[{"value":447,"label":"Damenboutique"}],"product_brands":[{"value":685,"label":"NAE Vegan Shoes"}]},"featured_image_src_large":["https:\/\/ekomfort.lu\/wp-content\/uploads\/2023\/08\/victoria-black-1024x1024.jpg",1024,1024,true],"author_info":[],"comment_info":0,"_links":{"self":[{"href":"https:\/\/ekomfort.lu\/de\/wp-json\/wp\/v2\/product\/10614","targetHints":{"allow":["GET"]}}],"collection":[{"href":"https:\/\/ekomfort.lu\/de\/wp-json\/wp\/v2\/product"}],"about":[{"href":"https:\/\/ekomfort.lu\/de\/wp-json\/wp\/v2\/types\/product"}],"replies":[{"embeddable":true,"href":"https:\/\/ekomfort.lu\/de\/wp-json\/wp\/v2\/comments?post=10614"}],"wp:featuredmedia":[{"embeddable":true,"href":"https:\/\/ekomfort.lu\/de\/wp-json\/wp\/v2\/media\/8098"}],"wp:attachment":[{"href":"https:\/\/ekomfort.lu\/de\/wp-json\/wp\/v2\/media?parent=10614"}],"wp:term":[{"taxonomy":"product_brand","embeddable":true,"href":"https:\/\/ekomfort.lu\/de\/wp-json\/wp\/v2\/product_brand?post=10614"},{"taxonomy":"product_cat","embeddable":true,"href":"https:\/\/ekomfort.lu\/de\/wp-json\/wp\/v2\/product_cat?post=10614"},{"taxonomy":"product_tag","embeddable":true,"href":"https:\/\/ekomfort.lu\/de\/wp-json\/wp\/v2\/product_tag?post=10614"},{"taxonomy":"product_brands","embeddable":true,"href":"https:\/\/ekomfort.lu\/de\/wp-json\/wp\/v2\/product_brands?post=10614"}],"curies":[{"name":"wp","href":"https:\/\/api.w.org\/{rel}","templated":true}]}}