{"id":10598,"date":"2023-08-16T14:50:21","date_gmt":"2023-08-16T12:50:21","guid":{"rendered":"https:\/\/ekomfort.lu\/shop\/vane-black-von-nae-der-quadratische-absatzschuh-in-schwarzem-veganem-wildleder-fuer-eine-verantwortungsbewusste-eleganz"},"modified":"2024-07-01T12:11:24","modified_gmt":"2024-07-01T10:11:24","slug":"vane-black-von-nae-der-quadratische-absatzschuh-in-schwarzem-veganem-wildleder-fuer-eine-verantwortungsbewusste-eleganz","status":"publish","type":"product","link":"https:\/\/ekomfort.lu\/de\/shop\/vane-black-von-nae-der-quadratische-absatzschuh-in-schwarzem-veganem-wildleder-fuer-eine-verantwortungsbewusste-eleganz\/","title":{"rendered":"Vane Black von Nae: Der quadratische Absatzschuh in schwarzem veganem Wildleder f\u00fcr eine verantwortungsbewusste Eleganz"},"content":{"rendered":"\n<p>Sind Sie es leid, Schuhe zu tragen, die den Komfort f\u00fcr den Stil opfern oder nicht mit Ihren ethischen Grunds\u00e4tzen \u00fcbereinstimmen? Sie streben nach einem Paar schwarzen spitzen <strong>Pumps mit quadratischem Absatz<\/strong>, das Eleganz verk\u00f6rpert und gleichzeitig die Umwelt respektiert?<\/p>\n\n\n\n<p>Machen Sie die Erfahrung mit <strong>Vane Black<\/strong>, dem veganen Wildlederpumps, der Raffinesse, Komfort und Umweltfreundlichkeit vereint.<\/p>\n\n\n\n<p>Durch die Wahl des <strong>schwarzen Pumps mit quadratischem Absatz Vane Black<\/strong> erhalten Sie:<\/p>\n\n\n<style>.wp-block-kadence-iconlist.kt-svg-icon-list-items10598_f3d93c-16:not(.this-stops-third-party-issues){margin-top:0px;margin-bottom:0px;}.wp-block-kadence-iconlist.kt-svg-icon-list-items10598_f3d93c-16 ul.kt-svg-icon-list:not(.this-prevents-issues):not(.this-stops-third-party-issues):not(.tijsloc){margin-top:0px;margin-right:0px;margin-bottom:var(--global-kb-spacing-sm, 1.5rem);margin-left:0px;}.wp-block-kadence-iconlist.kt-svg-icon-list-items10598_f3d93c-16 ul.kt-svg-icon-list{grid-row-gap:5px;}.wp-block-kadence-iconlist.kt-svg-icon-list-items10598_f3d93c-16 .kb-svg-icon-wrap{font-size:18px;color:var(--global-palette1, #3182CE);}.wp-block-kadence-iconlist.kt-svg-icon-list-items10598_f3d93c-16 ul.kt-svg-icon-list .kt-svg-icon-list-item-wrap .kt-svg-icon-list-single{margin-right:10px;}.kt-svg-icon-list-items10598_f3d93c-16 ul.kt-svg-icon-list .kt-svg-icon-list-level-0 .kt-svg-icon-list-single svg{font-size:20px;}<\/style>\n<div class=\"wp-block-kadence-iconlist kt-svg-icon-list-items kt-svg-icon-list-items10598_f3d93c-16 kt-svg-icon-list-columns-1 alignnone\"><ul class=\"kt-svg-icon-list\"><style>.kt-svg-icon-list-item-4570_e358cb-d0 .kt-svg-icon-list-text mark.kt-highlight{background-color:unset;font-style:normal;color:#f76a0c;-webkit-box-decoration-break:clone;box-decoration-break:clone;padding-top:0px;padding-right:0px;padding-bottom:0px;padding-left:0px;}<\/style>\n<li class=\"wp-block-kadence-listitem kt-svg-icon-list-item-wrap kt-svg-icon-list-item-4570_e358cb-d0\"><span class=\"kb-svg-icon-wrap kb-svg-icon-fe_checkCircle kt-svg-icon-list-single\"><svg viewBox=\"0 0 24 24\"  fill=\"none\" stroke=\"currentColor\" stroke-width=\"3\" stroke-linecap=\"round\" stroke-linejoin=\"round\" xmlns=\"http:\/\/www.w3.org\/2000\/svg\"  aria-hidden=\"true\"><path d=\"M22 11.08V12a10 10 0 1 1-5.93-9.14\"\/><polyline points=\"22 4 12 14.01 9 11.01\"\/><\/svg><\/span><span class=\"kt-svg-icon-list-text\">Ein unvergleichlicher Stil: Stellen Sie sich vor, sich bei jeder Veranstaltung mit diesen hochwertigen schwarzen <strong>Schuhen<\/strong> abzuheben, die perfekt zu Ihren elegantesten Outfits passen.<\/span><\/li>\n\n\n<style>.kt-svg-icon-list-item-4570_16e9ef-da .kt-svg-icon-list-text mark.kt-highlight{background-color:unset;font-style:normal;color:#f76a0c;-webkit-box-decoration-break:clone;box-decoration-break:clone;padding-top:0px;padding-right:0px;padding-bottom:0px;padding-left:0px;}<\/style>\n<li class=\"wp-block-kadence-listitem kt-svg-icon-list-item-wrap kt-svg-icon-list-item-4570_16e9ef-da\"><span class=\"kb-svg-icon-wrap kb-svg-icon-fe_checkCircle kt-svg-icon-list-single\"><svg viewBox=\"0 0 24 24\"  fill=\"none\" stroke=\"currentColor\" stroke-width=\"3\" stroke-linecap=\"round\" stroke-linejoin=\"round\" xmlns=\"http:\/\/www.w3.org\/2000\/svg\"  aria-hidden=\"true\"><path d=\"M22 11.08V12a10 10 0 1 1-5.93-9.14\"\/><polyline points=\"22 4 12 14.01 9 11.01\"\/><\/svg><\/span><span class=\"kt-svg-icon-list-text\">Ein un\u00fcbertroffener Komfort: Stellen Sie sich vor, wie Sie dank ihrer Leichtigkeit den ganzen Abend lang selbstbewusst umherwandern.<\/span><\/li>\n\n\n<style>.kt-svg-icon-list-item-4570_0973fc-fe .kt-svg-icon-list-text mark.kt-highlight{background-color:unset;font-style:normal;color:#f76a0c;-webkit-box-decoration-break:clone;box-decoration-break:clone;padding-top:0px;padding-right:0px;padding-bottom:0px;padding-left:0px;}<\/style>\n<li class=\"wp-block-kadence-listitem kt-svg-icon-list-item-wrap kt-svg-icon-list-item-4570_0973fc-fe\"><span class=\"kb-svg-icon-wrap kb-svg-icon-fe_checkCircle kt-svg-icon-list-single\"><svg viewBox=\"0 0 24 24\"  fill=\"none\" stroke=\"currentColor\" stroke-width=\"3\" stroke-linecap=\"round\" stroke-linejoin=\"round\" xmlns=\"http:\/\/www.w3.org\/2000\/svg\"  aria-hidden=\"true\"><path d=\"M22 11.08V12a10 10 0 1 1-5.93-9.14\"\/><polyline points=\"22 4 12 14.01 9 11.01\"\/><\/svg><\/span><span class=\"kt-svg-icon-list-text\">Eine ethische Gestaltung: Entscheiden Sie sich f\u00fcr die Verantwortung, indem Sie sich f\u00fcr Schuhe aus veganem Wildleder entscheiden, einem nachhaltigen, tierfreundlichen und umweltfreundlichen Material.<\/span><\/li>\n<\/ul><\/div>\n\n\n\n<p>Kein Bedarf mehr, Kompromisse zwischen Stil und Ihren Werten einzugehen, ohne Schmerzen an den F\u00fc\u00dfen, ohne Bedauern&#8230;<\/p>\n\n\n\n<p>Und all das zu einem Preis, der Ihrem Budget und Ihrer Verpflichtung gegen\u00fcber einer ethischen Mode gerecht wird.<\/p>\n\n\n\n<p>Dann, bereit, deine Eleganz und \u00f6kologischen Prinzipien mit diesen Schuhen mit quadratischen Abs\u00e4tzen zur Geltung zu bringen? Handeln Sie schnell, die Best\u00e4nde von <strong>Vane Black<\/strong> gehen schnell zur Neige und dieses Modell wird immer beliebter!<\/p>\n","protected":false},"excerpt":{"rendered":"<p>Sind Sie es leid, Schuhe zu tragen, die den Komfort f\u00fcr den Stil opfern oder nicht mit Ihren ethischen Grunds\u00e4tzen \u00fcbereinstimmen? Sie streben nach einem Paar schwarzen spitzen Pumps mit quadratischem Absatz, das Eleganz verk\u00f6rpert und gleichzeitig die Umwelt respektiert? Machen Sie die Erfahrung mit Vane Black, dem veganen Wildlederpumps, der Raffinesse, Komfort und Umweltfreundlichkeit&#8230;<\/p>\n","protected":false},"featured_media":8478,"comment_status":"open","ping_status":"closed","template":"","meta":{"_acf_changed":false,"_kad_blocks_custom_css":"","_kad_blocks_head_custom_js":"","_kad_blocks_body_custom_js":"","_kad_blocks_footer_custom_js":"","_kad_post_transparent":"","_kad_post_title":"","_kad_post_layout":"","_kad_post_sidebar_id":"","_kad_post_content_style":"","_kad_post_vertical_padding":"","_kad_post_feature":"","_kad_post_feature_position":"","_kad_post_header":false,"_kad_post_footer":false,"_kad_post_classname":""},"product_brand":[],"product_cat":[463,413],"product_tag":[447],"product_brands":[685],"class_list":{"0":"post-10598","1":"product","2":"type-product","3":"status-publish","4":"has-post-thumbnail","6":"product_cat-escarpins-de","7":"product_cat-schuhe-fuer-maenner-und-frauen","8":"product_tag-frau","9":"product_brands-nae-vegan-shoes-de","11":"first","12":"outofstock","13":"taxable","14":"shipping-taxable","15":"purchasable","16":"product-type-variable","17":"has-default-attributes","18":"entry","19":"content-bg","20":"loop-entry"},"acf":{"avantages":"\ud83d\udc83 Design: Elegant und modern, mit einem weichen Wildleder-Effekt. Unauff\u00e4llige N\u00e4hte und vielseitiges Ballerina-Profil.\r\n\r\n\ud83e\udd27 Hypoallergene, atmungsaktive und antibakterielle Materialien, um frisch zu bleiben und schlechte Ger\u00fcche zu vermeiden.\r\n\r\n\ud83d\udca4 Absoluter Komfort: Gepolsterte, feuchtigkeitsabweisende Sohle f\u00fcr optimalen Komfort.\r\n\r\n\ud83c\udf3f Umweltfreundliche Materialien: Schaft aus umweltfreundlichen Mikrofaser-Vegan-Wildleder. Atmungsaktives und umweltfreundliches OnSteam-Vegan-Lederfutter.\r\n\r\n\ud83d\udc63 Extra komfortable Sohle: Gepolsterte EVA-Gummi-Einlegesohle, laminiert mit feuchtigkeitsabweisender Mikrofaser.\r\n\r\n\ud83d\udc5e Strapazierf\u00e4hige Sohle: Neolite-Gummilaufsohle, langlebig und rutschfest.\r\n\r\n\ud83d\udc60 Eleganter Stil: 8 cm hoher Blockabsatz und spitz zulaufende Spitze f\u00fcr einen raffinierten Look.\r\n\r\n\ud83c\udf0d Hergestellt in Portugal: Mit nachhaltigen Materialien und ethischen Herstellungsprozessen unter fairen Arbeitsbedingungen.","entretien":"1. Reinigen Sie die veganen Schuhe mit einem in Seifenwasser getr\u00e4nkten Tuch.\r\n\r\n2. Verwenden Sie f\u00fcr hartn\u00e4ckige Flecken eine weiche Schuhb\u00fcrste, ebenfalls in Seifenwasser getr\u00e4nkt, und reiben Sie sanft in kreisenden Bewegungen.\r\n\r\n3. Entfernen Sie die Seife mit einem feuchten Tuch.\r\n\r\n4. Lassen Sie die Schuhe 24 Stunden lang an der Luft trocknen, ohne sie direkter Sonneneinstrahlung auszusetzen.Achtung:\r\n\r\n\u2022 Verwenden Sie keine Reinigungscreme.\r\n\r\n\u2022 Geben Sie Ihre Schuhe nicht in die Waschmaschine.\r\n\r\n\u2022 Tauchen Sie sie nicht in Wasser ein, da sie irreparable Sch\u00e4den erleiden k\u00f6nnten.Wenn Sie der Meinung sind, dass Ihre veganen Schuhe das Ende ihrer Lebensdauer erreicht haben oder Sie sie nicht mehr ben\u00f6tigen, erw\u00e4gen Sie, ihnen ein zweites Leben zu geben. Verwenden Sie sie auf eine andere Weise selbst oder lassen Sie jemand anderen davon profitieren.","marque":""},"taxonomy_info":{"product_cat":[{"value":463,"label":"Escarpins"},{"value":413,"label":"Schuhe"}],"product_tag":[{"value":447,"label":"Damenboutique"}],"product_brands":[{"value":685,"label":"NAE Vegan Shoes"}]},"featured_image_src_large":["https:\/\/ekomfort.lu\/wp-content\/uploads\/2023\/08\/vane-black-escarpins.jpg",700,700,false],"author_info":[],"comment_info":0,"_links":{"self":[{"href":"https:\/\/ekomfort.lu\/de\/wp-json\/wp\/v2\/product\/10598","targetHints":{"allow":["GET"]}}],"collection":[{"href":"https:\/\/ekomfort.lu\/de\/wp-json\/wp\/v2\/product"}],"about":[{"href":"https:\/\/ekomfort.lu\/de\/wp-json\/wp\/v2\/types\/product"}],"replies":[{"embeddable":true,"href":"https:\/\/ekomfort.lu\/de\/wp-json\/wp\/v2\/comments?post=10598"}],"wp:featuredmedia":[{"embeddable":true,"href":"https:\/\/ekomfort.lu\/de\/wp-json\/wp\/v2\/media\/8478"}],"wp:attachment":[{"href":"https:\/\/ekomfort.lu\/de\/wp-json\/wp\/v2\/media?parent=10598"}],"wp:term":[{"taxonomy":"product_brand","embeddable":true,"href":"https:\/\/ekomfort.lu\/de\/wp-json\/wp\/v2\/product_brand?post=10598"},{"taxonomy":"product_cat","embeddable":true,"href":"https:\/\/ekomfort.lu\/de\/wp-json\/wp\/v2\/product_cat?post=10598"},{"taxonomy":"product_tag","embeddable":true,"href":"https:\/\/ekomfort.lu\/de\/wp-json\/wp\/v2\/product_tag?post=10598"},{"taxonomy":"product_brands","embeddable":true,"href":"https:\/\/ekomfort.lu\/de\/wp-json\/wp\/v2\/product_brands?post=10598"}],"curies":[{"name":"wp","href":"https:\/\/api.w.org\/{rel}","templated":true}]}}