{"id":10589,"date":"2023-08-16T14:50:22","date_gmt":"2023-08-16T12:50:22","guid":{"rendered":"https:\/\/ekomfort.lu\/shop\/sandale-mit-mittelhohem-absatz-zinnia-orange-von-nae-ein-umweltbewusster-fruehling"},"modified":"2024-07-01T12:11:08","modified_gmt":"2024-07-01T10:11:08","slug":"sandale-mit-mittelhohem-absatz-zinnia-orange-von-nae-ein-umweltbewusster-fruehling","status":"publish","type":"product","link":"https:\/\/ekomfort.lu\/de\/shop\/sandale-mit-mittelhohem-absatz-zinnia-orange-von-nae-ein-umweltbewusster-fruehling\/","title":{"rendered":"Sandale mit mittelhohem Absatz Zinnia Orange von Nae: Ein umweltbewusster Fr\u00fchling"},"content":{"rendered":"\n<p>Suchen Sie nach <strong>Mittelhohe Absatzsandalen<\/strong>, die Glamour, Komfort und Umweltverantwortung vereinen? Suchen Sie nach einem modernen Look, der sowohl Stil, Wohlbefinden als auch Umweltfreundlichkeit verk\u00f6rpert?<\/p>\n\n\n\n<p>Entdecken Sie die <strong>Zinnia Orange<\/strong>, vegane <strong>Abendsandalen in Orange<\/strong> mit offenem Absatz und Kn\u00f6chelriemen, hergestellt aus Apple-Leder, einem innovativen und umweltbewussten Material, das aus \u00c4pfeln hergestellt wird.<\/p>\n\n\n\n<p>Mit den offenen Absatzsandalen <strong>Zinnia Orange<\/strong>:<\/p>\n\n\n<style>.wp-block-kadence-iconlist.kt-svg-icon-list-items10589_97dbcd-3a:not(.this-stops-third-party-issues){margin-top:0px;margin-bottom:0px;}.wp-block-kadence-iconlist.kt-svg-icon-list-items10589_97dbcd-3a ul.kt-svg-icon-list:not(.this-prevents-issues):not(.this-stops-third-party-issues):not(.tijsloc){margin-top:0px;margin-right:0px;margin-bottom:var(--global-kb-spacing-sm, 1.5rem);margin-left:0px;}.wp-block-kadence-iconlist.kt-svg-icon-list-items10589_97dbcd-3a ul.kt-svg-icon-list{grid-row-gap:5px;}.wp-block-kadence-iconlist.kt-svg-icon-list-items10589_97dbcd-3a .kb-svg-icon-wrap{font-size:18px;color:var(--global-palette1, #3182CE);}.wp-block-kadence-iconlist.kt-svg-icon-list-items10589_97dbcd-3a ul.kt-svg-icon-list .kt-svg-icon-list-item-wrap .kt-svg-icon-list-single{margin-right:10px;}.kt-svg-icon-list-items10589_97dbcd-3a ul.kt-svg-icon-list .kt-svg-icon-list-level-0 .kt-svg-icon-list-single svg{font-size:20px;}<\/style>\n<div class=\"wp-block-kadence-iconlist kt-svg-icon-list-items kt-svg-icon-list-items10589_97dbcd-3a kt-svg-icon-list-columns-1 alignnone kt-list-icon-aligntop\"><ul class=\"kt-svg-icon-list\"><style>.kt-svg-icon-list-item-4579_bbf567-8e .kt-svg-icon-list-text mark.kt-highlight{background-color:unset;font-style:normal;color:#f76a0c;-webkit-box-decoration-break:clone;box-decoration-break:clone;padding-top:0px;padding-right:0px;padding-bottom:0px;padding-left:0px;}<\/style>\n<li class=\"wp-block-kadence-listitem kt-svg-icon-list-item-wrap kt-svg-icon-list-item-4579_bbf567-8e\"><span class=\"kb-svg-icon-wrap kb-svg-icon-fe_checkCircle kt-svg-icon-list-single\"><svg viewBox=\"0 0 24 24\"  fill=\"none\" stroke=\"currentColor\" stroke-width=\"3\" stroke-linecap=\"round\" stroke-linejoin=\"round\" xmlns=\"http:\/\/www.w3.org\/2000\/svg\"  aria-hidden=\"true\"><path d=\"M22 11.08V12a10 10 0 1 1-5.93-9.14\"\/><polyline points=\"22 4 12 14.01 9 11.01\"\/><\/svg><\/span><span class=\"kt-svg-icon-list-text\">\n<p>Dr\u00fccken Sie Ihre k\u00fchne Weiblichkeit mit ihrem vielseitigen Design aus, das den Fr\u00fchling hervorruft. Spritzig und elegant werden diese Sandalen einen leuchtenden Akzent zu Ihrem gesamten Outfit setzen.<\/p>\n<\/span><\/li>\n\n\n<style>.kt-svg-icon-list-item-4579_18e718-b9 .kt-svg-icon-list-text mark.kt-highlight{background-color:unset;font-style:normal;color:#f76a0c;-webkit-box-decoration-break:clone;box-decoration-break:clone;padding-top:0px;padding-right:0px;padding-bottom:0px;padding-left:0px;}<\/style>\n<li class=\"wp-block-kadence-listitem kt-svg-icon-list-item-wrap kt-svg-icon-list-item-4579_18e718-b9\"><span class=\"kb-svg-icon-wrap kb-svg-icon-fe_checkCircle kt-svg-icon-list-single\"><svg viewBox=\"0 0 24 24\"  fill=\"none\" stroke=\"currentColor\" stroke-width=\"3\" stroke-linecap=\"round\" stroke-linejoin=\"round\" xmlns=\"http:\/\/www.w3.org\/2000\/svg\"  aria-hidden=\"true\"><path d=\"M22 11.08V12a10 10 0 1 1-5.93-9.14\"\/><polyline points=\"22 4 12 14.01 9 11.01\"\/><\/svg><\/span><span class=\"kt-svg-icon-list-text\">\n<p>Genie\u00dfen Sie den Komfort der bequemen <strong>Sandalen mit mittlerem Absatz<\/strong>, die perfekte Stabilit\u00e4t bieten und Ihren Fu\u00dfgew\u00f6lbe unterst\u00fctzen. Die Kn\u00f6chelriemen bieten einen sicheren Halt und schmiegen sich elegant um Ihren Kn\u00f6chel.<\/p>\n<\/span><\/li>\n\n\n<style>.kt-svg-icon-list-item-4579_27940b-fb .kt-svg-icon-list-text mark.kt-highlight{background-color:unset;font-style:normal;color:#f76a0c;-webkit-box-decoration-break:clone;box-decoration-break:clone;padding-top:0px;padding-right:0px;padding-bottom:0px;padding-left:0px;}<\/style>\n<li class=\"wp-block-kadence-listitem kt-svg-icon-list-item-wrap kt-svg-icon-list-item-4579_27940b-fb\"><span class=\"kb-svg-icon-wrap kb-svg-icon-fe_checkCircle kt-svg-icon-list-single\"><svg viewBox=\"0 0 24 24\"  fill=\"none\" stroke=\"currentColor\" stroke-width=\"3\" stroke-linecap=\"round\" stroke-linejoin=\"round\" xmlns=\"http:\/\/www.w3.org\/2000\/svg\"  aria-hidden=\"true\"><path d=\"M22 11.08V12a10 10 0 1 1-5.93-9.14\"\/><polyline points=\"22 4 12 14.01 9 11.01\"\/><\/svg><\/span><span class=\"kt-svg-icon-list-text\">\n<p>Umarme einen umweltbewussten Ansatz mit diesen Sandalen, die aus Apfelsaftresten hergestellt werden, einem innovativen Material, das eine respektvolle und tierfreundliche Alternative zu Leder darstellt.<\/p>\n<\/span><\/li>\n<\/ul><\/div>\n\n\n\n<p>Entscheiden Sie sich f\u00fcr einen kompromisslosen Stil, ohne sich um Schwei\u00df oder Geruch zu k\u00fcmmern, ohne Schuldgef\u00fchle&#8230;<\/p>\n\n\n\n<p>F\u00fcr eine sehr vern\u00fcnftige Investition nehmen Sie einen ethischen Ansatz an, der Ihr Budget respektiert und Ihren Werten entspricht.<\/p>\n\n\n\n<p>Also, bereit, Ihrem Look neuen Glanz zu verleihen und gleichzeitig Ihr \u00f6kologisches Bewusstsein mit der <strong>mittelhohen Absatzsandalette<\/strong> <strong>Zinnia Orange<\/strong> zu betonen? Dieses Modell ist sehr gefragt und die Best\u00e4nde schwinden schnell. Profitez-en d\u00e8s maintenant !<\/p>\n","protected":false},"excerpt":{"rendered":"<p>Suchen Sie nach Mittelhohe Absatzsandalen, die Glamour, Komfort und Umweltverantwortung vereinen? Suchen Sie nach einem modernen Look, der sowohl Stil, Wohlbefinden als auch Umweltfreundlichkeit verk\u00f6rpert? Entdecken Sie die Zinnia Orange, vegane Abendsandalen in Orange mit offenem Absatz und Kn\u00f6chelriemen, hergestellt aus Apple-Leder, einem innovativen und umweltbewussten Material, das aus \u00c4pfeln hergestellt wird. Mit den offenen&#8230;<\/p>\n","protected":false},"featured_media":8912,"comment_status":"open","ping_status":"closed","template":"","meta":{"_acf_changed":false,"_kad_blocks_custom_css":"","_kad_blocks_head_custom_js":"","_kad_blocks_body_custom_js":"","_kad_blocks_footer_custom_js":"","_kad_post_transparent":"","_kad_post_title":"","_kad_post_layout":"","_kad_post_sidebar_id":"","_kad_post_content_style":"","_kad_post_vertical_padding":"","_kad_post_feature":"","_kad_post_feature_position":"","_kad_post_header":false,"_kad_post_footer":false,"_kad_post_classname":""},"product_brand":[],"product_cat":[413,459],"product_tag":[],"product_brands":[685],"class_list":{"0":"post-10589","1":"product","2":"type-product","3":"status-publish","4":"has-post-thumbnail","6":"product_cat-schuhe-fuer-maenner-und-frauen","7":"product_cat-sandalen","8":"product_brands-nae-vegan-shoes-de","10":"first","11":"outofstock","12":"taxable","13":"shipping-taxable","14":"purchasable","15":"product-type-variable","16":"has-default-attributes","17":"entry","18":"content-bg","19":"loop-entry"},"acf":{"avantages":"","entretien":"","marque":""},"taxonomy_info":{"product_cat":[{"value":413,"label":"Schuhe"},{"value":459,"label":"Sandalen"}],"product_brands":[{"value":685,"label":"NAE Vegan Shoes"}]},"featured_image_src_large":["https:\/\/ekomfort.lu\/wp-content\/uploads\/2023\/09\/Zinnia.jpg",700,700,false],"author_info":[],"comment_info":0,"_links":{"self":[{"href":"https:\/\/ekomfort.lu\/de\/wp-json\/wp\/v2\/product\/10589","targetHints":{"allow":["GET"]}}],"collection":[{"href":"https:\/\/ekomfort.lu\/de\/wp-json\/wp\/v2\/product"}],"about":[{"href":"https:\/\/ekomfort.lu\/de\/wp-json\/wp\/v2\/types\/product"}],"replies":[{"embeddable":true,"href":"https:\/\/ekomfort.lu\/de\/wp-json\/wp\/v2\/comments?post=10589"}],"wp:featuredmedia":[{"embeddable":true,"href":"https:\/\/ekomfort.lu\/de\/wp-json\/wp\/v2\/media\/8912"}],"wp:attachment":[{"href":"https:\/\/ekomfort.lu\/de\/wp-json\/wp\/v2\/media?parent=10589"}],"wp:term":[{"taxonomy":"product_brand","embeddable":true,"href":"https:\/\/ekomfort.lu\/de\/wp-json\/wp\/v2\/product_brand?post=10589"},{"taxonomy":"product_cat","embeddable":true,"href":"https:\/\/ekomfort.lu\/de\/wp-json\/wp\/v2\/product_cat?post=10589"},{"taxonomy":"product_tag","embeddable":true,"href":"https:\/\/ekomfort.lu\/de\/wp-json\/wp\/v2\/product_tag?post=10589"},{"taxonomy":"product_brands","embeddable":true,"href":"https:\/\/ekomfort.lu\/de\/wp-json\/wp\/v2\/product_brands?post=10589"}],"curies":[{"name":"wp","href":"https:\/\/api.w.org\/{rel}","templated":true}]}}