{"id":10580,"date":"2023-08-16T14:50:22","date_gmt":"2023-08-16T12:50:22","guid":{"rendered":"https:\/\/ekomfort.lu\/shop\/yucca-black-schwarze-flache-damensandalen-aus-veganem-leder-fuer-einen-schicken-und-umweltfreundlichen-look"},"modified":"2024-07-01T12:11:09","modified_gmt":"2024-07-01T10:11:09","slug":"yucca-black-schwarze-flache-damensandalen-aus-veganem-leder-fuer-einen-schicken-und-umweltfreundlichen-look","status":"publish","type":"product","link":"https:\/\/ekomfort.lu\/de\/shop\/yucca-black-schwarze-flache-damensandalen-aus-veganem-leder-fuer-einen-schicken-und-umweltfreundlichen-look\/","title":{"rendered":"Yucca Black: Schwarze flache Damensandalen aus veganem Leder f\u00fcr einen schicken und umweltfreundlichen Look"},"content":{"rendered":"\n<p>Suchen Sie nach <strong>schwarzen flachen Damensandalen<\/strong>, die Komfort sch\u00e4tzen, ohne die Eleganz zu vernachl\u00e4ssigen? M\u00f6chten Sie Sandalen, die Ihre Leidenschaft f\u00fcr unseren Planeten verk\u00f6rpern?<\/p>\n\n\n\n<p>D\u00e9couvrez <strong>Yucca Black<\/strong> : des <strong>sandales plates chics femmes <\/strong> confectionn\u00e9es en cuir v\u00e9gan, id\u00e9ales pour celles qui souhaitent combiner style et conscience \u00e9cologique.<\/p>\n\n\n\n<p>Entdecken Sie <strong>Yucca Black<\/strong>: schicke flache Sandalen f\u00fcr Frauen, hergestellt aus veganem Leder, ideal f\u00fcr diejenigen, die Stil und \u00f6kologisches Bewusstsein kombinieren m\u00f6chten.<\/p>\n\n\n<style>.wp-block-kadence-iconlist.kt-svg-icon-list-items10580_a54ae7-18:not(.this-stops-third-party-issues){margin-top:0px;margin-bottom:0px;}.wp-block-kadence-iconlist.kt-svg-icon-list-items10580_a54ae7-18 ul.kt-svg-icon-list:not(.this-prevents-issues):not(.this-stops-third-party-issues):not(.tijsloc){margin-top:0px;margin-right:0px;margin-bottom:var(--global-kb-spacing-sm, 1.5rem);margin-left:0px;}.wp-block-kadence-iconlist.kt-svg-icon-list-items10580_a54ae7-18 ul.kt-svg-icon-list{grid-row-gap:5px;}.wp-block-kadence-iconlist.kt-svg-icon-list-items10580_a54ae7-18 .kb-svg-icon-wrap{font-size:18px;color:var(--global-palette1, #3182CE);}.wp-block-kadence-iconlist.kt-svg-icon-list-items10580_a54ae7-18 ul.kt-svg-icon-list .kt-svg-icon-list-item-wrap .kt-svg-icon-list-single{margin-right:10px;}.kt-svg-icon-list-items10580_a54ae7-18 ul.kt-svg-icon-list .kt-svg-icon-list-level-0 .kt-svg-icon-list-single svg{font-size:20px;}<\/style>\n<div class=\"wp-block-kadence-iconlist kt-svg-icon-list-items kt-svg-icon-list-items10580_a54ae7-18 kt-svg-icon-list-columns-1 alignnone\"><ul class=\"kt-svg-icon-list\"><style>.kt-svg-icon-list-item-4577_4acc75-8d .kt-svg-icon-list-text mark.kt-highlight{background-color:unset;font-style:normal;color:#f76a0c;-webkit-box-decoration-break:clone;box-decoration-break:clone;padding-top:0px;padding-right:0px;padding-bottom:0px;padding-left:0px;}<\/style>\n<li class=\"wp-block-kadence-listitem kt-svg-icon-list-item-wrap kt-svg-icon-list-item-4577_4acc75-8d\"><span class=\"kb-svg-icon-wrap kb-svg-icon-fe_checkCircle kt-svg-icon-list-single\"><svg viewBox=\"0 0 24 24\"  fill=\"none\" stroke=\"currentColor\" stroke-width=\"3\" stroke-linecap=\"round\" stroke-linejoin=\"round\" xmlns=\"http:\/\/www.w3.org\/2000\/svg\"  aria-hidden=\"true\"><path d=\"M22 11.08V12a10 10 0 1 1-5.93-9.14\"\/><polyline points=\"22 4 12 14.01 9 11.01\"\/><\/svg><\/span><span class=\"kt-svg-icon-list-text\">Genie\u00dfen Sie den ganzen Tag lang h\u00f6chsten Komfort mit ihrer weichen F\u00fctterung und ihrem offenen Design, das Ihren F\u00fc\u00dfen die ben\u00f6tigte Frische bietet.<\/span><\/li>\n\n\n<style>.kt-svg-icon-list-item-4577_1d0df3-61 .kt-svg-icon-list-text mark.kt-highlight{background-color:unset;font-style:normal;color:#f76a0c;-webkit-box-decoration-break:clone;box-decoration-break:clone;padding-top:0px;padding-right:0px;padding-bottom:0px;padding-left:0px;}<\/style>\n<li class=\"wp-block-kadence-listitem kt-svg-icon-list-item-wrap kt-svg-icon-list-item-4577_1d0df3-61\"><span class=\"kb-svg-icon-wrap kb-svg-icon-fe_checkCircle kt-svg-icon-list-single\"><svg viewBox=\"0 0 24 24\"  fill=\"none\" stroke=\"currentColor\" stroke-width=\"3\" stroke-linecap=\"round\" stroke-linejoin=\"round\" xmlns=\"http:\/\/www.w3.org\/2000\/svg\"  aria-hidden=\"true\"><path d=\"M22 11.08V12a10 10 0 1 1-5.93-9.14\"\/><polyline points=\"22 4 12 14.01 9 11.01\"\/><\/svg><\/span><span class=\"kt-svg-icon-list-text\">Zeigen Sie Ihre Einzigartigkeit mit recycelten PET-Schn\u00fcrsenkeln, die mit eleganter Eleganz elegant um Ihren Kn\u00f6chel gewickelt werden.<\/span><\/li>\n\n\n<style>.kt-svg-icon-list-item-4577_b1e5c3-c9 .kt-svg-icon-list-text mark.kt-highlight{background-color:unset;font-style:normal;color:#f76a0c;-webkit-box-decoration-break:clone;box-decoration-break:clone;padding-top:0px;padding-right:0px;padding-bottom:0px;padding-left:0px;}<\/style>\n<li class=\"wp-block-kadence-listitem kt-svg-icon-list-item-wrap kt-svg-icon-list-item-4577_b1e5c3-c9\"><span class=\"kb-svg-icon-wrap kb-svg-icon-fe_checkCircle kt-svg-icon-list-single\"><svg viewBox=\"0 0 24 24\"  fill=\"none\" stroke=\"currentColor\" stroke-width=\"3\" stroke-linecap=\"round\" stroke-linejoin=\"round\" xmlns=\"http:\/\/www.w3.org\/2000\/svg\"  aria-hidden=\"true\"><path d=\"M22 11.08V12a10 10 0 1 1-5.93-9.14\"\/><polyline points=\"22 4 12 14.01 9 11.01\"\/><\/svg><\/span><span class=\"kt-svg-icon-list-text\">Tragen Sie zum Umweltschutz bei, indem Sie sich f\u00fcr vegane Nubuk-Sandalen entscheiden &#8211; ein innovatives, langlebiges und umweltfreundliches Material.<\/span><\/li>\n<\/ul><\/div>\n\n\n\n<p>Ohne unangenehme Ger\u00fcche, ohne Unbehagen, nur ein Gef\u00fchl von Leichtigkeit und Ethik&#8230;<\/p>\n\n\n\n<p>F\u00fcr den Preis eines konventionellen Markensandalenpaars, entscheiden Sie sich f\u00fcr ein Paar eleganter, bequemer und ethischer <strong>schwarzer flacher Damensandalen<\/strong>.<\/p>\n\n\n\n<p>Bereit, den Sommer mit Stil und Leichtigkeit zu erobern? Die Best\u00e4nde von <strong>Yucca Black<\/strong> sind schnell zur Neige gegangen und dieses Modell ist bereits sehr gefragt. Greifen Sie sofort zu dieser Gelegenheit!<\/p>\n","protected":false},"excerpt":{"rendered":"<p>Suchen Sie nach schwarzen flachen Damensandalen, die Komfort sch\u00e4tzen, ohne die Eleganz zu vernachl\u00e4ssigen? M\u00f6chten Sie Sandalen, die Ihre Leidenschaft f\u00fcr unseren Planeten verk\u00f6rpern? D\u00e9couvrez Yucca Black : des sandales plates chics femmes confectionn\u00e9es en cuir v\u00e9gan, id\u00e9ales pour celles qui souhaitent combiner style et conscience \u00e9cologique. Entdecken Sie Yucca Black: schicke flache Sandalen f\u00fcr&#8230;<\/p>\n","protected":false},"featured_media":7876,"comment_status":"open","ping_status":"closed","template":"","meta":{"_acf_changed":false,"_kad_blocks_custom_css":"","_kad_blocks_head_custom_js":"","_kad_blocks_body_custom_js":"","_kad_blocks_footer_custom_js":"","_kad_post_transparent":"","_kad_post_title":"","_kad_post_layout":"","_kad_post_sidebar_id":"","_kad_post_content_style":"","_kad_post_vertical_padding":"","_kad_post_feature":"","_kad_post_feature_position":"","_kad_post_header":false,"_kad_post_footer":false,"_kad_post_classname":""},"product_brand":[],"product_cat":[459,413],"product_tag":[447],"product_brands":[685],"class_list":{"0":"post-10580","1":"product","2":"type-product","3":"status-publish","4":"has-post-thumbnail","6":"product_cat-sandalen","7":"product_cat-schuhe-fuer-maenner-und-frauen","8":"product_tag-frau","9":"product_brands-nae-vegan-shoes-de","11":"first","12":"outofstock","13":"taxable","14":"shipping-taxable","15":"purchasable","16":"product-type-variable","17":"has-default-attributes","18":"entry","19":"content-bg","20":"loop-entry"},"acf":{"avantages":"\ud83c\udf2c\ufe0f Atmungsaktiv: erm\u00f6glicht eine gute Luftzirkulation, um die F\u00fc\u00dfe frisch und trocken zu halten.\r\n\r\n\ud83c\udf0d Umweltfreundlich: umweltfreundliche Materialien und Herstellungsprozesse, um den \u00f6kologischen Fu\u00dfabdruck zu reduzieren.\r\n\r\n\ud83e\udda0 Antimikrobiell: behandelt, um das Wachstum von Bakterien und Mikroben zu verhindern, f\u00fcr eine bessere Hygiene und Geruchspr\u00e4vention.\r\n\r\n\ud83c\udf31 Hypoallergen: entwickelt, um allergische Reaktionen und Hautreizungen zu minimieren.\r\n\r\n\u2728 Riemen aus veganem Nobuk: hergestellt aus veganem Nobuk, einem synthetischen Material, das das Aussehen von Leder imitiert, ohne Tieren zu schaden.\r\n\r\n\ud83d\udd04 Schn\u00fcrsenkel aus recyceltem PET aus Post-Consumer-Abf\u00e4llen: hergestellt aus recyceltem PET, um Plastikabf\u00e4lle zu reduzieren.\r\n\r\n\ud83d\udc63 Futter aus Mikrofasern und PU-Laminierung: weich, bequem und langlebig.\r\n\r\n\ud83d\udc5f Laufsohle aus EVA-Gummi mit Mikrofaser-Laminierung: f\u00fcr optimalen Komfort.","entretien":"1. Reinigen Sie die Schuhe mit einem in Seifenwasser getr\u00e4nkten Tuch.\r\n\r\n2. Verwenden Sie f\u00fcr hartn\u00e4ckige Flecken eine weiche Schuhb\u00fcrste, ebenfalls in Seifenwasser getr\u00e4nkt, und reiben Sie sanft in kreisenden Bewegungen.\r\n\r\n3. Entfernen Sie die Seife mit einem feuchten Tuch.\r\n\r\n4. Lassen Sie die Schuhe 24 Stunden lang an der Luft trocknen, ohne sie direkter Sonneneinstrahlung auszusetzen.Achtung:\r\n\r\n- Verwenden Sie keine Reinigungscreme.\r\n\r\n- Geben Sie Ihre Schuhe nicht in die Waschmaschine.\r\n\r\n- Tauchen Sie sie nicht in Wasser ein, da sie irreparable Sch\u00e4den erleiden k\u00f6nnten.Wenn Sie der Meinung sind, dass Ihre veganen Schuhe das Ende ihrer Lebensdauer erreicht haben oder Sie sie nicht mehr ben\u00f6tigen, \u00fcberlegen Sie, ihnen ein zweites Leben zu geben. Verwenden Sie sie auf eine andere Weise selbst oder geben Sie sie jemand anderem.","marque":""},"taxonomy_info":{"product_cat":[{"value":459,"label":"Sandalen"},{"value":413,"label":"Schuhe"}],"product_tag":[{"value":447,"label":"Damenboutique"}],"product_brands":[{"value":685,"label":"NAE Vegan Shoes"}]},"featured_image_src_large":["https:\/\/ekomfort.lu\/wp-content\/uploads\/2023\/08\/yucca-black-1024x1024.jpg",1024,1024,true],"author_info":[],"comment_info":0,"_links":{"self":[{"href":"https:\/\/ekomfort.lu\/de\/wp-json\/wp\/v2\/product\/10580","targetHints":{"allow":["GET"]}}],"collection":[{"href":"https:\/\/ekomfort.lu\/de\/wp-json\/wp\/v2\/product"}],"about":[{"href":"https:\/\/ekomfort.lu\/de\/wp-json\/wp\/v2\/types\/product"}],"replies":[{"embeddable":true,"href":"https:\/\/ekomfort.lu\/de\/wp-json\/wp\/v2\/comments?post=10580"}],"wp:featuredmedia":[{"embeddable":true,"href":"https:\/\/ekomfort.lu\/de\/wp-json\/wp\/v2\/media\/7876"}],"wp:attachment":[{"href":"https:\/\/ekomfort.lu\/de\/wp-json\/wp\/v2\/media?parent=10580"}],"wp:term":[{"taxonomy":"product_brand","embeddable":true,"href":"https:\/\/ekomfort.lu\/de\/wp-json\/wp\/v2\/product_brand?post=10580"},{"taxonomy":"product_cat","embeddable":true,"href":"https:\/\/ekomfort.lu\/de\/wp-json\/wp\/v2\/product_cat?post=10580"},{"taxonomy":"product_tag","embeddable":true,"href":"https:\/\/ekomfort.lu\/de\/wp-json\/wp\/v2\/product_tag?post=10580"},{"taxonomy":"product_brands","embeddable":true,"href":"https:\/\/ekomfort.lu\/de\/wp-json\/wp\/v2\/product_brands?post=10580"}],"curies":[{"name":"wp","href":"https:\/\/api.w.org\/{rel}","templated":true}]}}