{"id":10567,"date":"2023-08-16T14:50:22","date_gmt":"2023-08-16T12:50:22","guid":{"rendered":"https:\/\/ekomfort.lu\/shop\/bequeme-vegane-sandalen-zander-black-stil-und-komfort-im-alltag"},"modified":"2024-07-01T12:11:06","modified_gmt":"2024-07-01T10:11:06","slug":"bequeme-vegane-sandalen-zander-black-stil-und-komfort-im-alltag","status":"publish","type":"product","link":"https:\/\/ekomfort.lu\/de\/shop\/bequeme-vegane-sandalen-zander-black-stil-und-komfort-im-alltag\/","title":{"rendered":"Bequeme vegane Sandalen Zander Black &#8211; Stil und Komfort im Alltag"},"content":{"rendered":"\n<p>Abenteurer von innen und au\u00dfen, sind Sie auf der Suche nach bequemen <strong>veganen Sandalen zum Wandern<\/strong>, die Ihr Engagement f\u00fcr unseren Planeten verk\u00f6rpern und gleichzeitig Komfort und \u00c4sthetik vereinen? M\u00f6chten Sie, dass jeder Schritt ein Schritt in eine nachhaltigere Zukunft ist?<\/p>\n\n\n\n<p>Entdecken Sie die <strong>veganen schwarzen Zander Black Sandalen.<\/strong><\/p>\n\n\n\n<p>Enfilbar in einem Augenblick, sind diese <strong>bequemen veganen Sandalen<\/strong> minimalistisch gestaltet und bestehen aus OEKO-TEX-zertifiziertem Mikrofasermaterial. Ein innovatives und umweltfreundliches Material, ohne CO2-Emissionen und ohne Kompromisse beim Komfort.<\/p>\n\n\n\n<p>Mit den bequemen <strong>veganen Sandalen zum Gehen<\/strong> <strong>Zander Black<\/strong>:<\/p>\n\n\n<style>.wp-block-kadence-iconlist.kt-svg-icon-list-items10567_c0e8a2-e7:not(.this-stops-third-party-issues){margin-top:0px;margin-bottom:0px;}.wp-block-kadence-iconlist.kt-svg-icon-list-items10567_c0e8a2-e7 ul.kt-svg-icon-list:not(.this-prevents-issues):not(.this-stops-third-party-issues):not(.tijsloc){margin-top:0px;margin-right:0px;margin-bottom:var(--global-kb-spacing-sm, 1.5rem);margin-left:0px;}.wp-block-kadence-iconlist.kt-svg-icon-list-items10567_c0e8a2-e7 ul.kt-svg-icon-list{grid-row-gap:5px;}.wp-block-kadence-iconlist.kt-svg-icon-list-items10567_c0e8a2-e7 .kb-svg-icon-wrap{font-size:18px;color:var(--global-palette1, #3182CE);}.wp-block-kadence-iconlist.kt-svg-icon-list-items10567_c0e8a2-e7 ul.kt-svg-icon-list .kt-svg-icon-list-item-wrap .kt-svg-icon-list-single{margin-right:10px;}.kt-svg-icon-list-items10567_c0e8a2-e7 ul.kt-svg-icon-list .kt-svg-icon-list-level-0 .kt-svg-icon-list-single svg{font-size:20px;}<\/style>\n<div class=\"wp-block-kadence-iconlist kt-svg-icon-list-items kt-svg-icon-list-items10567_c0e8a2-e7 kt-svg-icon-list-columns-1 alignnone\"><ul class=\"kt-svg-icon-list\"><style>.kt-svg-icon-list-item-4578_9ddc08-35 .kt-svg-icon-list-text mark.kt-highlight{background-color:unset;font-style:normal;color:#f76a0c;-webkit-box-decoration-break:clone;box-decoration-break:clone;padding-top:0px;padding-right:0px;padding-bottom:0px;padding-left:0px;}<\/style>\n<li class=\"wp-block-kadence-listitem kt-svg-icon-list-item-wrap kt-svg-icon-list-item-4578_9ddc08-35\"><span class=\"kb-svg-icon-wrap kb-svg-icon-fe_checkCircle kt-svg-icon-list-single\"><svg viewBox=\"0 0 24 24\"  fill=\"none\" stroke=\"currentColor\" stroke-width=\"3\" stroke-linecap=\"round\" stroke-linejoin=\"round\" xmlns=\"http:\/\/www.w3.org\/2000\/svg\"  aria-hidden=\"true\"><path d=\"M22 11.08V12a10 10 0 1 1-5.93-9.14\"\/><polyline points=\"22 4 12 14.01 9 11.01\"\/><\/svg><\/span><span class=\"kt-svg-icon-list-text\">Stellen Sie sich vor, Sie erkunden die st\u00e4dtischen Stra\u00dfen, Str\u00e4nde oder Bergpfade, eingeh\u00fcllt in den Komfort dieser Sandalen mit drei Riemen. Jede Sohle besteht aus recycelten Autoreifen und Naturkork, um eine optimale Unterst\u00fctzung f\u00fcr Ihren Fu\u00dfgew\u00f6lbe zu bieten.<\/span><\/li>\n\n\n<style>.kt-svg-icon-list-item-4578_8e3eb6-f8 .kt-svg-icon-list-text mark.kt-highlight{background-color:unset;font-style:normal;color:#f76a0c;-webkit-box-decoration-break:clone;box-decoration-break:clone;padding-top:0px;padding-right:0px;padding-bottom:0px;padding-left:0px;}<\/style>\n<li class=\"wp-block-kadence-listitem kt-svg-icon-list-item-wrap kt-svg-icon-list-item-4578_8e3eb6-f8\"><span class=\"kb-svg-icon-wrap kb-svg-icon-fe_checkCircle kt-svg-icon-list-single\"><svg viewBox=\"0 0 24 24\"  fill=\"none\" stroke=\"currentColor\" stroke-width=\"3\" stroke-linecap=\"round\" stroke-linejoin=\"round\" xmlns=\"http:\/\/www.w3.org\/2000\/svg\"  aria-hidden=\"true\"><path d=\"M22 11.08V12a10 10 0 1 1-5.93-9.14\"\/><polyline points=\"22 4 12 14.01 9 11.01\"\/><\/svg><\/span><span class=\"kt-svg-icon-list-text\">Atmen Sie bedenkenlos ein, ohne sich vor unerw\u00fcnschten Ger\u00fcchen zu f\u00fcrchten, dank eines hypoallergenen, antibakteriellen und antimikrobiellen Mikrofaser-Futters.<\/span><\/li>\n\n\n<style>.kt-svg-icon-list-item-4578_21ad4a-7f .kt-svg-icon-list-text mark.kt-highlight{background-color:unset;font-style:normal;color:#f76a0c;-webkit-box-decoration-break:clone;box-decoration-break:clone;padding-top:0px;padding-right:0px;padding-bottom:0px;padding-left:0px;}<\/style>\n<li class=\"wp-block-kadence-listitem kt-svg-icon-list-item-wrap kt-svg-icon-list-item-4578_21ad4a-7f\"><span class=\"kb-svg-icon-wrap kb-svg-icon-fe_checkCircle kt-svg-icon-list-single\"><svg viewBox=\"0 0 24 24\"  fill=\"none\" stroke=\"currentColor\" stroke-width=\"3\" stroke-linecap=\"round\" stroke-linejoin=\"round\" xmlns=\"http:\/\/www.w3.org\/2000\/svg\"  aria-hidden=\"true\"><path d=\"M22 11.08V12a10 10 0 1 1-5.93-9.14\"\/><polyline points=\"22 4 12 14.01 9 11.01\"\/><\/svg><\/span><span class=\"kt-svg-icon-list-text\">Tr\u00e4umen Sie von einem sommerlichen Freiheitsgef\u00fchl f\u00fcr Ihre F\u00fc\u00dfe, dank ihres leichten und atmungsaktiven Designs.<\/span><\/li>\n<\/ul><\/div>\n\n\n\n<p>Ohne \u00fcberm\u00e4\u00dfiges Schwitzen, ohne Ger\u00fcche, ohne Sorgen um die Haltbarkeit&#8230;<\/p>\n\n\n\n<p>Diese Sandalen sind eine kleine Investition f\u00fcr einen gro\u00dfen Schritt in eine umweltfreundlichere Zukunft.<\/p>\n\n\n\n<p>Also, sind Sie bereit, zu einem respektvolleren Lebensstil mit den <strong>veganen schwarzen Sandalen Zander Black<\/strong> zu wechseln? Achtung, unser Lagerbestand ist begrenzt. Es ist Zeit, den Schritt zu wagen!<\/p>\n","protected":false},"excerpt":{"rendered":"<p>Abenteurer von innen und au\u00dfen, sind Sie auf der Suche nach bequemen veganen Sandalen zum Wandern, die Ihr Engagement f\u00fcr unseren Planeten verk\u00f6rpern und gleichzeitig Komfort und \u00c4sthetik vereinen? M\u00f6chten Sie, dass jeder Schritt ein Schritt in eine nachhaltigere Zukunft ist? Entdecken Sie die veganen schwarzen Zander Black Sandalen. Enfilbar in einem Augenblick, sind diese&#8230;<\/p>\n","protected":false},"featured_media":7872,"comment_status":"open","ping_status":"closed","template":"","meta":{"_acf_changed":false,"_kad_blocks_custom_css":"","_kad_blocks_head_custom_js":"","_kad_blocks_body_custom_js":"","_kad_blocks_footer_custom_js":"","_kad_post_transparent":"","_kad_post_title":"","_kad_post_layout":"","_kad_post_sidebar_id":"","_kad_post_content_style":"","_kad_post_vertical_padding":"","_kad_post_feature":"","_kad_post_feature_position":"","_kad_post_header":false,"_kad_post_footer":false,"_kad_post_classname":""},"product_brand":[],"product_cat":[459,413],"product_tag":[445],"product_brands":[685],"class_list":{"0":"post-10567","1":"product","2":"type-product","3":"status-publish","4":"has-post-thumbnail","6":"product_cat-sandalen","7":"product_cat-schuhe-fuer-maenner-und-frauen","8":"product_tag-unisex-de","9":"product_brands-nae-vegan-shoes-de","11":"first","12":"instock","13":"taxable","14":"shipping-taxable","15":"purchasable","16":"product-type-variable","17":"has-default-attributes","18":"entry","19":"content-bg","20":"loop-entry"},"acf":{"avantages":"\ud83d\udd1d OEKO-TEX-zertifizierte Mikrofaser: Verwendung von Materialien ohne sch\u00e4dliche Substanzen.\r\n\r\n\ud83d\udd12 Futterzusammensetzung: 90% Mikrofaser und 10% PU, OEKO-TEX Standard 100 zertifiziert.\r\n\r\n\ud83c\udf21\ufe0f Maximale Hygiene: Antibakterielles, antimikrobielles und hypoallergenes Futter und Innensohle.\r\n\r\n\ud83c\udf31 Umweltschutz: Sohle aus nat\u00fcrlicher Kork und Latex aus recycelten Reifen f\u00fcr langanhaltenden Grip und Komfort.\ud83c\uddf5\ud83c\uddf9 Handgefertigt in Portugal: Zur Wertsch\u00e4tzung traditioneller Handwerkskunst und Qualit\u00e4t.","entretien":"1. Wischen Sie den Staub und Schmutz leicht mit einem trockenen Tuch von Ihren Sandalen ab.\r\n\r\n2. Reinigen Sie Ihre Schuhe mit einem Tuch, das mit Wasser und Seife getr\u00e4nkt ist.\r\n\r\n3. Tauchen Sie das Produkt niemals vollst\u00e4ndig ein, um irreversible Sch\u00e4den zu vermeiden.\r\n\r\n4. Lassen Sie es nat\u00fcrlich 24 Stunden lang trocknen.\r\n\r\n5. Verwenden Sie keine Poliercreme.","marque":""},"taxonomy_info":{"product_cat":[{"value":459,"label":"Sandalen"},{"value":413,"label":"Schuhe"}],"product_tag":[{"value":445,"label":"Unisex"}],"product_brands":[{"value":685,"label":"NAE Vegan Shoes"}]},"featured_image_src_large":["https:\/\/ekomfort.lu\/wp-content\/uploads\/2023\/08\/zander-black-1024x1024.jpg",1024,1024,true],"author_info":[],"comment_info":0,"_links":{"self":[{"href":"https:\/\/ekomfort.lu\/de\/wp-json\/wp\/v2\/product\/10567","targetHints":{"allow":["GET"]}}],"collection":[{"href":"https:\/\/ekomfort.lu\/de\/wp-json\/wp\/v2\/product"}],"about":[{"href":"https:\/\/ekomfort.lu\/de\/wp-json\/wp\/v2\/types\/product"}],"replies":[{"embeddable":true,"href":"https:\/\/ekomfort.lu\/de\/wp-json\/wp\/v2\/comments?post=10567"}],"wp:featuredmedia":[{"embeddable":true,"href":"https:\/\/ekomfort.lu\/de\/wp-json\/wp\/v2\/media\/7872"}],"wp:attachment":[{"href":"https:\/\/ekomfort.lu\/de\/wp-json\/wp\/v2\/media?parent=10567"}],"wp:term":[{"taxonomy":"product_brand","embeddable":true,"href":"https:\/\/ekomfort.lu\/de\/wp-json\/wp\/v2\/product_brand?post=10567"},{"taxonomy":"product_cat","embeddable":true,"href":"https:\/\/ekomfort.lu\/de\/wp-json\/wp\/v2\/product_cat?post=10567"},{"taxonomy":"product_tag","embeddable":true,"href":"https:\/\/ekomfort.lu\/de\/wp-json\/wp\/v2\/product_tag?post=10567"},{"taxonomy":"product_brands","embeddable":true,"href":"https:\/\/ekomfort.lu\/de\/wp-json\/wp\/v2\/product_brands?post=10567"}],"curies":[{"name":"wp","href":"https:\/\/api.w.org\/{rel}","templated":true}]}}