{"id":10566,"date":"2023-08-16T14:50:22","date_gmt":"2023-08-16T12:50:22","guid":{"rendered":"https:\/\/ekomfort.lu\/shop\/ella-brown-die-vegane-damenhandtasche-praktisch-und-elegant-fuer-einen-ethischen-alltag"},"modified":"2024-01-17T11:48:54","modified_gmt":"2024-01-17T10:48:54","slug":"ella-brown-die-vegane-damenhandtasche-praktisch-und-elegant-fuer-einen-ethischen-alltag","status":"publish","type":"product","link":"https:\/\/ekomfort.lu\/de\/shop\/ella-brown-die-vegane-damenhandtasche-praktisch-und-elegant-fuer-einen-ethischen-alltag\/","title":{"rendered":"Ella Brown &#8211; Die vegane Damenhandtasche: Praktisch und elegant f\u00fcr einen ethischen Alltag"},"content":{"rendered":"\n<p>M\u00f6chten Sie eine <strong>vegane Damenb\u00f6rse<\/strong>, um einen umweltfreundlichen Lebensstil zu f\u00f6rdern und gleichzeitig Eleganz und Praktikabilit\u00e4t zu sch\u00e4tzen? Suchen Sie nach dem perfekten Begleiter, um Ihre Essentials zu transportieren?<\/p>\n\n\n\n<p>Entdecken Sie <strong>Ella Braun<\/strong>, die <strong>schicke Damenbrieftasche<\/strong> aus veganem Leder, ein Accessoire mit raffiniertem Design, das leicht und langlebig ist und alle Ihre Erwartungen \u00fcbertreffen wird.<\/p>\n\n\n\n<p>Mit <strong>Ella Brown<\/strong> an deiner Seite:<\/p>\n\n\n<style>.wp-block-kadence-iconlist.kt-svg-icon-list-items10566_4be4e6-e1:not(.this-stops-third-party-issues){margin-top:0px;margin-bottom:0px;}.wp-block-kadence-iconlist.kt-svg-icon-list-items10566_4be4e6-e1 ul.kt-svg-icon-list:not(.this-prevents-issues):not(.this-stops-third-party-issues):not(.tijsloc){margin-top:0px;margin-right:0px;margin-bottom:var(--global-kb-spacing-sm, 1.5rem);margin-left:0px;}.wp-block-kadence-iconlist.kt-svg-icon-list-items10566_4be4e6-e1 ul.kt-svg-icon-list{grid-row-gap:5px;}.wp-block-kadence-iconlist.kt-svg-icon-list-items10566_4be4e6-e1 .kb-svg-icon-wrap{font-size:18px;color:var(--global-palette1, #3182CE);}.wp-block-kadence-iconlist.kt-svg-icon-list-items10566_4be4e6-e1 ul.kt-svg-icon-list .kt-svg-icon-list-item-wrap .kt-svg-icon-list-single{margin-right:10px;}.kt-svg-icon-list-items10566_4be4e6-e1 ul.kt-svg-icon-list .kt-svg-icon-list-level-0 .kt-svg-icon-list-single svg{font-size:20px;}<\/style>\n<div class=\"wp-block-kadence-iconlist kt-svg-icon-list-items kt-svg-icon-list-items10566_4be4e6-e1 kt-svg-icon-list-columns-1 alignnone\"><ul class=\"kt-svg-icon-list\"><style>.kt-svg-icon-list-item-4575_47ac0c-a5 .kt-svg-icon-list-text mark.kt-highlight{background-color:unset;font-style:normal;color:#f76a0c;-webkit-box-decoration-break:clone;box-decoration-break:clone;padding-top:0px;padding-right:0px;padding-bottom:0px;padding-left:0px;}<\/style>\n<li class=\"wp-block-kadence-listitem kt-svg-icon-list-item-wrap kt-svg-icon-list-item-4575_47ac0c-a5\"><span class=\"kb-svg-icon-wrap kb-svg-icon-fe_checkCircle kt-svg-icon-list-single\"><svg viewBox=\"0 0 24 24\"  fill=\"none\" stroke=\"currentColor\" stroke-width=\"3\" stroke-linecap=\"round\" stroke-linejoin=\"round\" xmlns=\"http:\/\/www.w3.org\/2000\/svg\"  aria-hidden=\"true\"><path d=\"M22 11.08V12a10 10 0 1 1-5.93-9.14\"\/><polyline points=\"22 4 12 14.01 9 11.01\"\/><\/svg><\/span><span class=\"kt-svg-icon-list-text\">\n<p>\u00dcbernehmen Sie die Leichtigkeit mit einem schlanken und kompakten Design, das ausreichend Platz f\u00fcr alle Ihre unverzichtbaren Gegenst\u00e4nde bietet, ohne dabei sperrig zu sein.<\/p>\n<\/span><\/li>\n\n\n<style>.kt-svg-icon-list-item-4575_f2d10e-9b .kt-svg-icon-list-text mark.kt-highlight{background-color:unset;font-style:normal;color:#f76a0c;-webkit-box-decoration-break:clone;box-decoration-break:clone;padding-top:0px;padding-right:0px;padding-bottom:0px;padding-left:0px;}<\/style>\n<li class=\"wp-block-kadence-listitem kt-svg-icon-list-item-wrap kt-svg-icon-list-item-4575_f2d10e-9b\"><span class=\"kb-svg-icon-wrap kb-svg-icon-fe_checkCircle kt-svg-icon-list-single\"><svg viewBox=\"0 0 24 24\"  fill=\"none\" stroke=\"currentColor\" stroke-width=\"3\" stroke-linecap=\"round\" stroke-linejoin=\"round\" xmlns=\"http:\/\/www.w3.org\/2000\/svg\"  aria-hidden=\"true\"><path d=\"M22 11.08V12a10 10 0 1 1-5.93-9.14\"\/><polyline points=\"22 4 12 14.01 9 11.01\"\/><\/svg><\/span><span class=\"kt-svg-icon-list-text\">\n<p>Verwalten Sie Ihre Verm\u00f6genswerte effizient mit seinen verschiedenen F\u00e4chern: 12 Kartenschlitze, zwei Fototaschen, zwei F\u00e4cher f\u00fcr Geldscheine und Notizen, ein reservierter Platz f\u00fcr Schl\u00fcssel und Tickets sowie ein Fach f\u00fcr M\u00fcnzen mit Rei\u00dfverschluss.<\/p>\n<\/span><\/li>\n\n\n<style>.kt-svg-icon-list-item-4575_07845a-94 .kt-svg-icon-list-text mark.kt-highlight{background-color:unset;font-style:normal;color:#f76a0c;-webkit-box-decoration-break:clone;box-decoration-break:clone;padding-top:0px;padding-right:0px;padding-bottom:0px;padding-left:0px;}<\/style>\n<li class=\"wp-block-kadence-listitem kt-svg-icon-list-item-wrap kt-svg-icon-list-item-4575_07845a-94\"><span class=\"kb-svg-icon-wrap kb-svg-icon-fe_checkCircle kt-svg-icon-list-single\"><svg viewBox=\"0 0 24 24\"  fill=\"none\" stroke=\"currentColor\" stroke-width=\"3\" stroke-linecap=\"round\" stroke-linejoin=\"round\" xmlns=\"http:\/\/www.w3.org\/2000\/svg\"  aria-hidden=\"true\"><path d=\"M22 11.08V12a10 10 0 1 1-5.93-9.14\"\/><polyline points=\"22 4 12 14.01 9 11.01\"\/><\/svg><\/span><span class=\"kt-svg-icon-list-text\">\n<p>Nehmen Sie eine ethische Wendung mit einer veganen Damenbrieftasche aus Leder. Dieses innovative und umweltfreundliche Material emittiert kein CO2, verschwendet weder Wasser noch Energie und ist f\u00fcr jede Organismus unbedenklich.<strong><\/strong><\/p>\n<\/span><\/li>\n<\/ul><\/div>\n\n\n\n<p>Ohne Grausamkeit, ohne Kompromisse in Bezug auf Qualit\u00e4t, ohne Bedauern&#8230;<\/p>\n\n\n\n<p>W\u00e4hlen Sie den <strong>Brieftasche Frau vegan<\/strong> <strong>Ella Braun<\/strong>, und entdecken Sie das Potenzial eines <strong>trendiges Damenportemonnaie<\/strong> viel mehr als nur ein Accessoire: Es spiegelt Ihre tiefsten \u00dcberzeugungen wider. Jedoch wird sich diese Gelegenheit nicht ewig bieten, da der Vorrat begrenzt ist und dieses Modell sehr beliebt ist. Nutzen Sie die Gelegenheit!<\/p>\n","protected":false},"excerpt":{"rendered":"<p>M\u00f6chten Sie eine vegane Damenb\u00f6rse, um einen umweltfreundlichen Lebensstil zu f\u00f6rdern und gleichzeitig Eleganz und Praktikabilit\u00e4t zu sch\u00e4tzen? Suchen Sie nach dem perfekten Begleiter, um Ihre Essentials zu transportieren? Entdecken Sie Ella Braun, die schicke Damenbrieftasche aus veganem Leder, ein Accessoire mit raffiniertem Design, das leicht und langlebig ist und alle Ihre Erwartungen \u00fcbertreffen wird&#8230;.<\/p>\n","protected":false},"featured_media":8058,"comment_status":"open","ping_status":"closed","template":"","meta":{"_acf_changed":false,"_kad_blocks_custom_css":"","_kad_blocks_head_custom_js":"","_kad_blocks_body_custom_js":"","_kad_blocks_footer_custom_js":"","_kad_post_transparent":"","_kad_post_title":"","_kad_post_layout":"","_kad_post_sidebar_id":"","_kad_post_content_style":"","_kad_post_vertical_padding":"","_kad_post_feature":"","_kad_post_feature_position":"","_kad_post_header":false,"_kad_post_footer":false},"product_brand":[],"product_cat":[454,455],"product_tag":[447],"product_brands":[685],"class_list":{"0":"post-10566","1":"product","2":"type-product","3":"status-publish","4":"has-post-thumbnail","6":"product_cat-accessoires-de","7":"product_cat-geldboersen","8":"product_tag-frau","9":"product_brands-nae-vegan-shoes-de","11":"first","12":"instock","13":"taxable","14":"shipping-taxable","15":"purchasable","16":"product-type-simple","17":"entry","18":"content-bg","19":"loop-entry"},"acf":{"avantages":"\ud83c\udf3f Material: Hergestellt aus umweltfreundlichen Mikrofaser-Veganleder. Eine umweltfreundliche Alternative zu traditionellem Leder.\r\n\r\n\ud83d\udd12 Verschluss: Druckkn\u00f6pfe und Innenrei\u00dfverschluss aus nickelfreiem Metall. F\u00fcr Langlebigkeit und Allergieschutz.\r\n\r\n\ud83d\udc5c Gr\u00f6\u00dfe: Einzigartig, aber ger\u00e4umig genug, um alle Ihre t\u00e4glichen Essentials zu verstauen.\r\n\r\n\ud83d\udccf Abmessungen: Misst 6,9 x 4,3 x 1,6 Zoll. Eine perfekte Balance zwischen Kompaktheit und Stauraum.\ud83c\uddea\ud83c\uddf8 Hergestellt in Spanien: Mit Sorgfalt in Spanien hergestellt, mit besonderem Augenmerk auf Details und Qualit\u00e4t.\r\n\r\n\u267b\ufe0f Nachhaltige Materialien und Herstellungsprozesse: Hergestellt aus umweltfreundlichen Materialien und unter Verwendung nachhaltiger Herstellungsprozesse, um den \u00f6kologischen Fu\u00dfabdruck zu reduzieren.\r\n\r\n\ud83e\udd1d Faire Arbeitsbedingungen: Hergestellt unter fairen Arbeitsbedingungen, die ethische Praktiken und die Rechte der Arbeitnehmer gew\u00e4hrleisten.","entretien":"1. Entfernen Sie Staub oder Schlamm mit einer weichen B\u00fcrste oder einem trockenen Tuch.\r\n\r\n2. Verwenden Sie ein feuchtes Tuch und reiben Sie sanft in kreisenden Bewegungen, um das gesamte Produkt zu reinigen.\r\n\r\n3. Reinigen Sie regelm\u00e4\u00dfig Ihr Tuch, um Schmutz zu vermeiden.\r\n\r\n4. Verwenden Sie f\u00fcr hartn\u00e4ckige Flecken eine weiche B\u00fcrste und Wasser, und reiben Sie sanft in kreisenden Bewegungen.\r\n\r\n5. Lassen Sie es vor dem Auftragen einer Reinigungscreme an der Luft trocknen.\r\n\r\n6. Verwenden Sie eine Reinigungscreme, um Ihrem Produkt mehr Glanz zu verleihen. Geben Sie eine kleine Menge auf eine weiche, trockene B\u00fcrste oder ein Tuch und reiben Sie sanft in kreisenden Bewegungen, bis sie vollst\u00e4ndig eingezogen ist.\r\n\r\n7. Lassen Sie es schlie\u00dflich 24 Stunden lang an der Luft trocknen, fern von direktem Sonnenlicht.Achtung:\r\n\r\n- Geben Sie Ihr Produkt nicht in die Waschmaschine.\r\n\r\n- Tauchen Sie es nicht in Wasser ein, da dies zu irreparablen Sch\u00e4den f\u00fchren k\u00f6nnte.Produktlebensdauer:Wenn Ihre veganen Schuhe das Ende ihrer Lebensdauer erreicht haben oder Sie sie nicht mehr ben\u00f6tigen, erw\u00e4gen Sie, ihnen ein zweites Leben zu geben. Verwenden Sie sie auf eine andere Weise selbst oder geben Sie sie jemand anderem.","marque":""},"_wp_attached_file":null,"_wp_attachment_image_alt":null,"rank_math_facebook_image":null,"rank_math_facebook_image_id":null,"wpml_language":null,"_wp_attachment_metadata":null,"rank_math_focus_keyword":"Ella Brown, vegan Damenportmonee","rank_math_title":"Portefeuille WalletElla Brown f\u00fcr Frauen - Ethik und Veganismus","rank_math_description":"W\u00e4hlen Sie unsere WalletElla Brown vegane Geldb\u00f6rse f\u00fcr Frauen. Verbinden Sie Stil und Ethik mit diesem trendigen Accessoire. Kaufen Sie es jetzt!","taxonomy_info":{"product_cat":[{"value":454,"label":"Accessoires"},{"value":455,"label":"Geldb\u00f6rsen"}],"product_tag":[{"value":447,"label":"Damenboutique"}],"product_brands":[{"value":685,"label":"NAE Vegan Shoes"}]},"featured_image_src_large":["https:\/\/ekomfort.lu\/wp-content\/uploads\/2023\/08\/wallet-ella-brown-1024x1024.jpg",1024,1024,true],"author_info":[],"comment_info":0,"_links":{"self":[{"href":"https:\/\/ekomfort.lu\/de\/wp-json\/wp\/v2\/product\/10566","targetHints":{"allow":["GET"]}}],"collection":[{"href":"https:\/\/ekomfort.lu\/de\/wp-json\/wp\/v2\/product"}],"about":[{"href":"https:\/\/ekomfort.lu\/de\/wp-json\/wp\/v2\/types\/product"}],"replies":[{"embeddable":true,"href":"https:\/\/ekomfort.lu\/de\/wp-json\/wp\/v2\/comments?post=10566"}],"wp:featuredmedia":[{"embeddable":true,"href":"https:\/\/ekomfort.lu\/de\/wp-json\/wp\/v2\/media\/8058"}],"wp:attachment":[{"href":"https:\/\/ekomfort.lu\/de\/wp-json\/wp\/v2\/media?parent=10566"}],"wp:term":[{"taxonomy":"product_brand","embeddable":true,"href":"https:\/\/ekomfort.lu\/de\/wp-json\/wp\/v2\/product_brand?post=10566"},{"taxonomy":"product_cat","embeddable":true,"href":"https:\/\/ekomfort.lu\/de\/wp-json\/wp\/v2\/product_cat?post=10566"},{"taxonomy":"product_tag","embeddable":true,"href":"https:\/\/ekomfort.lu\/de\/wp-json\/wp\/v2\/product_tag?post=10566"},{"taxonomy":"product_brands","embeddable":true,"href":"https:\/\/ekomfort.lu\/de\/wp-json\/wp\/v2\/product_brands?post=10566"}],"curies":[{"name":"wp","href":"https:\/\/api.w.org\/{rel}","templated":true}]}}