{"id":10557,"date":"2023-08-26T09:45:49","date_gmt":"2023-08-26T07:45:49","guid":{"rendered":"https:\/\/ekomfort.lu\/shop\/bottes-chelsea-fuer-maenner-in-schwarz-von-nae-eleganz-und-oekologisches-bewusstsein-vereint"},"modified":"2024-07-01T12:07:12","modified_gmt":"2024-07-01T10:07:12","slug":"bottes-chelsea-fuer-maenner-in-schwarz-von-nae","status":"publish","type":"product","link":"https:\/\/ekomfort.lu\/de\/shop\/bottes-chelsea-fuer-maenner-in-schwarz-von-nae\/","title":{"rendered":"Bottes Chelsea f\u00fcr M\u00e4nner in Schwarz von Nae: Eleganz und \u00f6kologisches Bewusstsein vereint"},"content":{"rendered":"\n<p>Sind Sie ein moderner Mann, der nach Stiefeln sucht, die Stil, Komfort und Umweltfreundlichkeit kombinieren? Weigern Sie sich, Ihre Ethik im Namen der Mode aufzugeben?<\/p>\n\n\n\n<p>Entscheiden Sie sich f\u00fcr die <strong>Casian Black<\/strong>, die <strong>Herren-Chelsea-Boots<\/strong> mit Wing-Tip-Brogue im veganen Leder. Sie verbinden das zeitlose Design der Chelsea-Stiefel mit einer umweltvertr\u00e4glichen Herstellung.<\/p>\n\n\n\n<p>Mit den <strong>Chelsea-Stiefeln Casian Black<\/strong>:<\/p>\n\n\n<style>.wp-block-kadence-iconlist.kt-svg-icon-list-items10557_bca91f-11:not(.this-stops-third-party-issues){margin-top:0px;margin-bottom:0px;}.wp-block-kadence-iconlist.kt-svg-icon-list-items10557_bca91f-11 ul.kt-svg-icon-list:not(.this-prevents-issues):not(.this-stops-third-party-issues):not(.tijsloc){margin-top:0px;margin-right:0px;margin-bottom:var(--global-kb-spacing-sm, 1.5rem);margin-left:0px;}.wp-block-kadence-iconlist.kt-svg-icon-list-items10557_bca91f-11 ul.kt-svg-icon-list{grid-row-gap:15px;}.wp-block-kadence-iconlist.kt-svg-icon-list-items10557_bca91f-11 .kb-svg-icon-wrap{font-size:18px;color:var(--global-palette1, #3182CE);}.wp-block-kadence-iconlist.kt-svg-icon-list-items10557_bca91f-11 ul.kt-svg-icon-list .kt-svg-icon-list-item-wrap .kt-svg-icon-list-single{margin-right:10px;}.kt-svg-icon-list-items10557_bca91f-11 ul.kt-svg-icon-list .kt-svg-icon-list-level-0 .kt-svg-icon-list-single svg{font-size:20px;}<\/style>\n<div class=\"wp-block-kadence-iconlist kt-svg-icon-list-items kt-svg-icon-list-items10557_bca91f-11 kt-svg-icon-list-columns-1 alignnone\"><ul class=\"kt-svg-icon-list\"><style>.kt-svg-icon-list-item-5812_d360fc-d2 .kt-svg-icon-list-text mark.kt-highlight{background-color:unset;font-style:normal;color:#f76a0c;-webkit-box-decoration-break:clone;box-decoration-break:clone;padding-top:0px;padding-right:0px;padding-bottom:0px;padding-left:0px;}<\/style>\n<li class=\"wp-block-kadence-listitem kt-svg-icon-list-item-wrap kt-svg-icon-list-item-5812_d360fc-d2\"><span class=\"kb-svg-icon-wrap kb-svg-icon-fe_checkCircle kt-svg-icon-list-single\"><svg viewBox=\"0 0 24 24\"  fill=\"none\" stroke=\"currentColor\" stroke-width=\"3\" stroke-linecap=\"round\" stroke-linejoin=\"round\" xmlns=\"http:\/\/www.w3.org\/2000\/svg\"  aria-hidden=\"true\"><path d=\"M22 11.08V12a10 10 0 1 1-5.93-9.14\"\/><polyline points=\"22 4 12 14.01 9 11.01\"\/><\/svg><\/span><span class=\"kt-svg-icon-list-text\">Genie\u00dfen Sie den leichten Komfort dank des hochwertigen, veganen Leders, das ohne Tierversuche hergestellt wurde und lange halten soll.<\/span><\/li>\n\n\n<style>.kt-svg-icon-list-item-5812_d413c7-3f .kt-svg-icon-list-text mark.kt-highlight{background-color:unset;font-style:normal;color:#f76a0c;-webkit-box-decoration-break:clone;box-decoration-break:clone;padding-top:0px;padding-right:0px;padding-bottom:0px;padding-left:0px;}<\/style>\n<li class=\"wp-block-kadence-listitem kt-svg-icon-list-item-wrap kt-svg-icon-list-item-5812_d413c7-3f\"><span class=\"kb-svg-icon-wrap kb-svg-icon-fe_checkCircle kt-svg-icon-list-single\"><svg viewBox=\"0 0 24 24\"  fill=\"none\" stroke=\"currentColor\" stroke-width=\"3\" stroke-linecap=\"round\" stroke-linejoin=\"round\" xmlns=\"http:\/\/www.w3.org\/2000\/svg\"  aria-hidden=\"true\"><path d=\"M22 11.08V12a10 10 0 1 1-5.93-9.14\"\/><polyline points=\"22 4 12 14.01 9 11.01\"\/><\/svg><\/span><span class=\"kt-svg-icon-list-text\">Gehen Sie stolz und wissen Sie, dass jeder Schritt ein Schritt zu einem erh\u00f6hten Umweltbewusstsein ist, ohne Kompromisse beim Stil.<\/span><\/li>\n\n\n<style>.kt-svg-icon-list-item-5812_788eb8-e0 .kt-svg-icon-list-text mark.kt-highlight{background-color:unset;font-style:normal;color:#f76a0c;-webkit-box-decoration-break:clone;box-decoration-break:clone;padding-top:0px;padding-right:0px;padding-bottom:0px;padding-left:0px;}<\/style>\n<li class=\"wp-block-kadence-listitem kt-svg-icon-list-item-wrap kt-svg-icon-list-item-5812_788eb8-e0\"><span class=\"kb-svg-icon-wrap kb-svg-icon-fe_checkCircle kt-svg-icon-list-single\"><svg viewBox=\"0 0 24 24\"  fill=\"none\" stroke=\"currentColor\" stroke-width=\"3\" stroke-linecap=\"round\" stroke-linejoin=\"round\" xmlns=\"http:\/\/www.w3.org\/2000\/svg\"  aria-hidden=\"true\"><path d=\"M22 11.08V12a10 10 0 1 1-5.93-9.14\"\/><polyline points=\"22 4 12 14.01 9 11.01\"\/><\/svg><\/span><span class=\"kt-svg-icon-list-text\">Vervollst\u00e4ndigen Sie Ihr Outfit mit Eleganz durch die brogue Wingtip-Details an den Schuhspitzen.<\/span><\/li>\n<\/ul><\/div>\n\n\n\n<p>Ohne Kompromisse bei Ethik oder Stil&#8230;<\/p>\n\n\n\n<p>F\u00fcr einen erschwinglichen Preis im Vergleich zu High-End-Marken g\u00f6nnen Sie sich Stiefel, die Ihre Werte widerspiegeln und gleichzeitig langlebig in ihrer Konstruktion sind.<\/p>\n\n\n\n<p>Bereit, die gro\u00dfartigen <strong>Herren Chelsea-Stiefel Casian Black<\/strong> anzunehmen? Unsere Best\u00e4nde sind begrenzt und dieses Modell ist sehr gefragt. Verpassen Sie nicht diese Gelegenheit!<\/p>\n","protected":false},"excerpt":{"rendered":"<p>Sind Sie ein moderner Mann, der nach Stiefeln sucht, die Stil, Komfort und Umweltfreundlichkeit kombinieren? Weigern Sie sich, Ihre Ethik im Namen der Mode aufzugeben? Entscheiden Sie sich f\u00fcr die Casian Black, die Herren-Chelsea-Boots mit Wing-Tip-Brogue im veganen Leder. Sie verbinden das zeitlose Design der Chelsea-Stiefel mit einer umweltvertr\u00e4glichen Herstellung. Mit den Chelsea-Stiefeln Casian Black:&#8230;<\/p>\n","protected":false},"featured_media":8156,"comment_status":"open","ping_status":"closed","template":"","meta":{"_acf_changed":false,"_kad_blocks_custom_css":"","_kad_blocks_head_custom_js":"","_kad_blocks_body_custom_js":"","_kad_blocks_footer_custom_js":"","_kad_post_transparent":"","_kad_post_title":"","_kad_post_layout":"","_kad_post_sidebar_id":"","_kad_post_content_style":"","_kad_post_vertical_padding":"","_kad_post_feature":"","_kad_post_feature_position":"","_kad_post_header":false,"_kad_post_footer":false,"_kad_post_classname":""},"product_brand":[],"product_cat":[414,413],"product_tag":[415],"product_brands":[685],"class_list":{"0":"post-10557","1":"product","2":"type-product","3":"status-publish","4":"has-post-thumbnail","6":"product_cat-stiefel","7":"product_cat-schuhe-fuer-maenner-und-frauen","8":"product_tag-mann","9":"product_brands-nae-vegan-shoes-de","11":"first","12":"outofstock","13":"taxable","14":"shipping-taxable","15":"purchasable","16":"product-type-variable","17":"has-default-attributes","18":"entry","19":"content-bg","20":"loop-entry"},"acf":{"avantages":"\ud83d\udc5e Vielseitiges Design: Perfekte Kombination aus Chelsea-Stil und einfarbigem Brogue-Muster auf dem Schaft. Geeignet f\u00fcr alle Anl\u00e4sse, ob l\u00e4ssig oder elegant.\r\n\r\n\ud83c\udf0d Hypoallergen und umweltfreundlich: Ohne giftige Inhaltsstoffe, um Allergierisiken zu minimieren und unseren Planeten zu sch\u00fctzen.\r\n\r\n\ud83d\udca8 Atmungsaktiv und antibakteriell: Konstruktion f\u00f6rdert die Luftzirkulation, um \u00fcberm\u00e4\u00dfiges Schwitzen und schlechte Ger\u00fcche zu vermeiden.\r\n\r\n\ud83d\udca7 Feuchtigkeitsabweisende und gepolsterte Sohle: Bietet optimalen Komfort und verhindert Reibungen und Blasen.\r\n\r\n\ud83c\udfa9 Ideal f\u00fcr jeden Anlass: Perfekt f\u00fcr l\u00e4ssige oder formelle Outfits.\r\n\r\n\ud83c\udfa8 Erh\u00e4ltlich in Braun und Schwarz: Um allen Geschm\u00e4ckern und Stilen gerecht zu werden.\r\n\r\n\ud83d\udc3e Tier- und umweltfreundliche Materialien: Schaft aus umweltfreundlichen Mikrofaser-Veganleder und atmungsaktives, antimikrobielles OnSteam-Veganleder als Futter.\r\n\r\n\u2728 Mit Liebe und Fachkenntnis in Spanien hergestellt: Unser Engagement f\u00fcr faire Herstellungsprozesse und umweltfreundliche Materialien.","entretien":"1. Entfernen Sie Staub oder Schlamm mit einer weichen B\u00fcrste oder einem trockenen Tuch.\r\n\r\n2. Reinigen Sie den gesamten Schuh mit einem feuchten Tuch und reiben Sie sanft in kreisenden Bewegungen.\r\n\r\n3. Verwenden Sie f\u00fcr hartn\u00e4ckige Flecken eine weiche B\u00fcrste und Wasser, und reiben Sie sanft in kreisenden Bewegungen.\r\n\r\n4. Lassen Sie die Schuhe vor dem Auftragen einer Reinigungscreme an der Luft trocknen.\r\n\r\n5. Verwenden Sie eine Reinigungscreme, indem Sie eine kleine Menge auf eine weiche, trockene B\u00fcrste oder ein Tuch geben und sanft in kreisenden Bewegungen einreiben, bis sie vollst\u00e4ndig eingezogen ist.\r\n\r\n6. Lassen Sie die Schuhe 24 Stunden lang an der Luft trocknen, fern von direktem Sonnenlicht.Achtung:\r\n\r\n- Geben Sie Ihre Schuhe nicht in die Waschmaschine.\r\n\r\n- Tauchen Sie sie nicht in Wasser ein, da dies zu irreparablen Sch\u00e4den f\u00fchren k\u00f6nnte.Produktlebensdauer:Wenn Sie der Meinung sind, dass Ihre veganen Schuhe das Ende ihrer Lebensdauer erreicht haben oder Sie sie nicht mehr ben\u00f6tigen, \u00fcberlegen Sie, ihnen ein zweites Leben zu geben. Verwenden Sie sie auf eine andere Weise selbst oder geben Sie sie jemand anderem.","marque":""},"taxonomy_info":{"product_cat":[{"value":414,"label":"Stiefel"},{"value":413,"label":"Schuhe"}],"product_tag":[{"value":415,"label":"Herrenboutique"}],"product_brands":[{"value":685,"label":"NAE Vegan Shoes"}]},"featured_image_src_large":["https:\/\/ekomfort.lu\/wp-content\/uploads\/2023\/08\/casian-black.jpg",700,700,false],"author_info":[],"comment_info":0,"_links":{"self":[{"href":"https:\/\/ekomfort.lu\/de\/wp-json\/wp\/v2\/product\/10557","targetHints":{"allow":["GET"]}}],"collection":[{"href":"https:\/\/ekomfort.lu\/de\/wp-json\/wp\/v2\/product"}],"about":[{"href":"https:\/\/ekomfort.lu\/de\/wp-json\/wp\/v2\/types\/product"}],"replies":[{"embeddable":true,"href":"https:\/\/ekomfort.lu\/de\/wp-json\/wp\/v2\/comments?post=10557"}],"wp:featuredmedia":[{"embeddable":true,"href":"https:\/\/ekomfort.lu\/de\/wp-json\/wp\/v2\/media\/8156"}],"wp:attachment":[{"href":"https:\/\/ekomfort.lu\/de\/wp-json\/wp\/v2\/media?parent=10557"}],"wp:term":[{"taxonomy":"product_brand","embeddable":true,"href":"https:\/\/ekomfort.lu\/de\/wp-json\/wp\/v2\/product_brand?post=10557"},{"taxonomy":"product_cat","embeddable":true,"href":"https:\/\/ekomfort.lu\/de\/wp-json\/wp\/v2\/product_cat?post=10557"},{"taxonomy":"product_tag","embeddable":true,"href":"https:\/\/ekomfort.lu\/de\/wp-json\/wp\/v2\/product_tag?post=10557"},{"taxonomy":"product_brands","embeddable":true,"href":"https:\/\/ekomfort.lu\/de\/wp-json\/wp\/v2\/product_brands?post=10557"}],"curies":[{"name":"wp","href":"https:\/\/api.w.org\/{rel}","templated":true}]}}