{"id":10549,"date":"2023-08-27T17:25:10","date_gmt":"2023-08-27T15:25:10","guid":{"rendered":"https:\/\/ekomfort.lu\/shop\/sisi-black-chelsea-stiefeletten-fuer-damen-aus-apfelleder-mit-brogue-fluegelspitze-aus-apple-leather-fuer-einen-umweltbewussten-stil"},"modified":"2024-07-01T12:07:33","modified_gmt":"2024-07-01T10:07:33","slug":"sisi-black-chelsea-stiefeletten-fuer-damen-aus-apfelleder-mit-brogue-fluegelspitze-aus-apple-leather-fuer-einen-umweltbewussten-stil","status":"publish","type":"product","link":"https:\/\/ekomfort.lu\/de\/shop\/sisi-black-chelsea-stiefeletten-fuer-damen-aus-apfelleder-mit-brogue-fluegelspitze-aus-apple-leather-fuer-einen-umweltbewussten-stil\/","title":{"rendered":"Sisi Black: Chelsea-Stiefeletten f\u00fcr Damen aus Apfelleder mit Brogue-Fl\u00fcgelspitze aus Apple Leather f\u00fcr einen umweltbewussten Stil"},"content":{"rendered":"<style>.kb-row-layout-id10549_85c6f4-66 > .kt-row-column-wrap{align-content:start;}:where(.kb-row-layout-id10549_85c6f4-66 > .kt-row-column-wrap) > .wp-block-kadence-column{justify-content:start;}.kb-row-layout-id10549_85c6f4-66 > .kt-row-column-wrap{column-gap:var(--global-kb-gap-md, 2rem);row-gap:var(--global-kb-gap-md, 2rem);max-width:940px;margin-left:auto;margin-right:auto;padding-top:var(--global-kb-spacing-sm, 1.5rem);padding-bottom:var(--global-kb-spacing-sm, 1.5rem);grid-template-columns:minmax(0, 1fr);}.kb-row-layout-id10549_85c6f4-66 > .kt-row-layout-overlay{opacity:0.30;}@media all and (max-width: 1024px){.kb-row-layout-id10549_85c6f4-66 > .kt-row-column-wrap{grid-template-columns:minmax(0, 1fr);}}@media all and (max-width: 767px){.kb-row-layout-id10549_85c6f4-66 > .kt-row-column-wrap{grid-template-columns:minmax(0, 1fr);}}<\/style><div class=\"kb-row-layout-wrap kb-row-layout-id10549_85c6f4-66 alignnone wp-block-kadence-rowlayout\"><div class=\"kt-row-column-wrap kt-has-1-columns kt-row-layout-equal kt-tab-layout-inherit kt-mobile-layout-row kt-row-valign-top\">\n<style>.kadence-column10549_0fb6a2-4d > .kt-inside-inner-col{padding-top:0px;padding-right:var(--global-kb-spacing-xs, 1rem);padding-bottom:0px;padding-left:var(--global-kb-spacing-xs, 1rem);}.kadence-column10549_0fb6a2-4d > .kt-inside-inner-col,.kadence-column10549_0fb6a2-4d > .kt-inside-inner-col:before{border-top-left-radius:0px;border-top-right-radius:0px;border-bottom-right-radius:0px;border-bottom-left-radius:0px;}.kadence-column10549_0fb6a2-4d > .kt-inside-inner-col{column-gap:var(--global-kb-gap-sm, 1rem);}.kadence-column10549_0fb6a2-4d > .kt-inside-inner-col{flex-direction:column;}.kadence-column10549_0fb6a2-4d > .kt-inside-inner-col > .aligncenter{width:100%;}.kadence-column10549_0fb6a2-4d > .kt-inside-inner-col:before{opacity:0.3;}.kadence-column10549_0fb6a2-4d{position:relative;}.kadence-column10549_0fb6a2-4d, .kt-inside-inner-col > .kadence-column10549_0fb6a2-4d:not(.specificity){margin-top:0px;margin-right:0px;margin-bottom:0px;margin-left:0px;}@media all and (max-width: 1024px){.kadence-column10549_0fb6a2-4d > .kt-inside-inner-col{flex-direction:column;justify-content:center;}}@media all and (max-width: 767px){.kadence-column10549_0fb6a2-4d > .kt-inside-inner-col{flex-direction:column;justify-content:center;}}<\/style>\n<div class=\"wp-block-kadence-column kadence-column10549_0fb6a2-4d\"><div class=\"kt-inside-inner-col\">\n<p>Sind Sie auf der Suche nach <strong>Chelsea Damenstiefeletten<\/strong> aus Apfelleder, die einzigartigen Stil und Umweltverantwortung vereinen? M\u00f6gen Sie klassisches Design mit einem zeitgen\u00f6ssischen Touch wie den <strong>Bout Brogue Wing Tip<\/strong>?<\/p>\n\n\n\n<p>Sie m\u00fcssen nicht l\u00e4nger suchen, wir haben was Sie brauchen! Entdecken Sie die <strong>Sisi Black<\/strong>, Chelsea-Stiefeletten f\u00fcr Frauen aus <strong>Apfel Leder<\/strong>. Dieses innovative Material wird aus Fasern hergestellt, die aus den R\u00fcckst\u00e4nden der industriellen Produktion von Apfelsaft stammen, und bietet eine innovative, <strong>\u00d6kologisch verantwortungsbewusst<\/strong> und ohne Grausamkeit.<\/p>\n\n\n\n<p>Durch die Entscheidung f\u00fcr<strong>Sisi Schwarz<\/strong> :<\/p>\n\n\n<style>.wp-block-kadence-iconlist.kt-svg-icon-list-items10549_70916c-10:not(.this-stops-third-party-issues){margin-top:0px;margin-bottom:0px;}.wp-block-kadence-iconlist.kt-svg-icon-list-items10549_70916c-10 ul.kt-svg-icon-list:not(.this-prevents-issues):not(.this-stops-third-party-issues):not(.tijsloc){margin-top:var(--global-kb-spacing-sm, 1.5rem);margin-right:0px;margin-bottom:var(--global-kb-spacing-sm, 1.5rem);margin-left:0px;}.wp-block-kadence-iconlist.kt-svg-icon-list-items10549_70916c-10 ul.kt-svg-icon-list{grid-row-gap:15px;}.wp-block-kadence-iconlist.kt-svg-icon-list-items10549_70916c-10 .kb-svg-icon-wrap{font-size:18px;color:var(--global-palette1, #3182CE);}.wp-block-kadence-iconlist.kt-svg-icon-list-items10549_70916c-10 ul.kt-svg-icon-list .kt-svg-icon-list-item-wrap .kt-svg-icon-list-single{margin-right:10px;}.kt-svg-icon-list-items10549_70916c-10 ul.kt-svg-icon-list .kt-svg-icon-list-level-0 .kt-svg-icon-list-single svg{font-size:20px;}<\/style>\n<div class=\"wp-block-kadence-iconlist kt-svg-icon-list-items kt-svg-icon-list-items10549_70916c-10 kt-svg-icon-list-columns-1 alignnone\"><ul class=\"kt-svg-icon-list\"><style>.kt-svg-icon-list-item-6061_07ed43-30 .kt-svg-icon-list-text mark.kt-highlight{background-color:unset;font-style:normal;color:#f76a0c;-webkit-box-decoration-break:clone;box-decoration-break:clone;padding-top:0px;padding-right:0px;padding-bottom:0px;padding-left:0px;}<\/style>\n<li class=\"wp-block-kadence-listitem kt-svg-icon-list-item-wrap kt-svg-icon-list-item-6061_07ed43-30\"><span class=\"kb-svg-icon-wrap kb-svg-icon-fe_checkCircle kt-svg-icon-list-single\"><svg viewBox=\"0 0 24 24\"  fill=\"none\" stroke=\"currentColor\" stroke-width=\"3\" stroke-linecap=\"round\" stroke-linejoin=\"round\" xmlns=\"http:\/\/www.w3.org\/2000\/svg\"  aria-hidden=\"true\"><path d=\"M22 11.08V12a10 10 0 1 1-5.93-9.14\"\/><polyline points=\"22 4 12 14.01 9 11.01\"\/><\/svg><\/span><span class=\"kt-svg-icon-list-text\">Verleihen Sie Ihren Outfits einen Hauch von Eleganz und Originalit\u00e4t mit dem <strong>bout brogue wing tip<\/strong>.<\/span><\/li>\n\n\n<style>.kt-svg-icon-list-item-6061_0f4c95-37 .kt-svg-icon-list-text mark.kt-highlight{background-color:unset;font-style:normal;color:#f76a0c;-webkit-box-decoration-break:clone;box-decoration-break:clone;padding-top:0px;padding-right:0px;padding-bottom:0px;padding-left:0px;}<\/style>\n<li class=\"wp-block-kadence-listitem kt-svg-icon-list-item-wrap kt-svg-icon-list-item-6061_0f4c95-37\"><span class=\"kb-svg-icon-wrap kb-svg-icon-fe_checkCircle kt-svg-icon-list-single\"><svg viewBox=\"0 0 24 24\"  fill=\"none\" stroke=\"currentColor\" stroke-width=\"3\" stroke-linecap=\"round\" stroke-linejoin=\"round\" xmlns=\"http:\/\/www.w3.org\/2000\/svg\"  aria-hidden=\"true\"><path d=\"M22 11.08V12a10 10 0 1 1-5.93-9.14\"\/><polyline points=\"22 4 12 14.01 9 11.01\"\/><\/svg><\/span><span class=\"kt-svg-icon-list-text\">Tragen Sie zu einer nachhaltigen Zukunft bei, indem Sie ein innovatives Material w\u00e4hlen und <strong>\u00e9co-responsable<\/strong>.<\/span><\/li>\n\n\n<style>.kt-svg-icon-list-item-6061_606cad-26 .kt-svg-icon-list-text mark.kt-highlight{background-color:unset;font-style:normal;color:#f76a0c;-webkit-box-decoration-break:clone;box-decoration-break:clone;padding-top:0px;padding-right:0px;padding-bottom:0px;padding-left:0px;}<\/style>\n<li class=\"wp-block-kadence-listitem kt-svg-icon-list-item-wrap kt-svg-icon-list-item-6061_606cad-26\"><span class=\"kb-svg-icon-wrap kb-svg-icon-fe_checkCircle kt-svg-icon-list-single\"><svg viewBox=\"0 0 24 24\"  fill=\"none\" stroke=\"currentColor\" stroke-width=\"3\" stroke-linecap=\"round\" stroke-linejoin=\"round\" xmlns=\"http:\/\/www.w3.org\/2000\/svg\"  aria-hidden=\"true\"><path d=\"M22 11.08V12a10 10 0 1 1-5.93-9.14\"\/><polyline points=\"22 4 12 14.01 9 11.01\"\/><\/svg><\/span><span class=\"kt-svg-icon-list-text\">Genie\u00dfen Sie den Komfort und die Haltbarkeit, die nur der<strong>Apfel-Leder<\/strong> bieten kann.<\/span><\/li>\n<\/ul><\/div>\n\n\n\n<p>Machen Sie keine Kompromisse mehr zwischen Stil und Ethik. Die Chelsea-Boots der Damen aus Apfel-Leder <strong>Sisi Schwarz<\/strong> sind die <strong>Chelsea-Stiefeletten f\u00fcr Frauen<\/strong> die alle Ihre Erwartungen erf\u00fcllen. Bestellen Sie jetzt f\u00fcr einen tadellosen und umweltbewussten Stil!<\/p>\n<\/div><\/div>\n\n<\/div><\/div>","protected":false},"excerpt":{"rendered":"<p>Sind Sie auf der Suche nach Chelsea Damenstiefeletten aus Apfelleder, die einzigartigen Stil und Umweltverantwortung vereinen? M\u00f6gen Sie klassisches Design mit einem zeitgen\u00f6ssischen Touch wie den Bout Brogue Wing Tip? Sie m\u00fcssen nicht l\u00e4nger suchen, wir haben was Sie brauchen! Entdecken Sie die Sisi Black, Chelsea-Stiefeletten f\u00fcr Frauen aus Apfel Leder. Dieses innovative Material wird&#8230;<\/p>\n","protected":false},"featured_media":8388,"comment_status":"open","ping_status":"closed","template":"","meta":{"_acf_changed":false,"_kad_blocks_custom_css":"","_kad_blocks_head_custom_js":"","_kad_blocks_body_custom_js":"","_kad_blocks_footer_custom_js":"","_kad_post_transparent":"","_kad_post_title":"","_kad_post_layout":"","_kad_post_sidebar_id":"","_kad_post_content_style":"","_kad_post_vertical_padding":"","_kad_post_feature":"","_kad_post_feature_position":"","_kad_post_header":false,"_kad_post_footer":false,"_kad_post_classname":""},"product_brand":[],"product_cat":[413,414],"product_tag":[],"product_brands":[685],"class_list":{"0":"post-10549","1":"product","2":"type-product","3":"status-publish","4":"has-post-thumbnail","6":"product_cat-schuhe-fuer-maenner-und-frauen","7":"product_cat-stiefel","8":"product_brands-nae-vegan-shoes-de","10":"first","11":"outofstock","12":"taxable","13":"shipping-taxable","14":"purchasable","15":"product-type-variable","16":"has-default-attributes","17":"entry","18":"content-bg","19":"loop-entry"},"acf":{"avantages":"\ud83c\udf1f Vielseitiges Modell mit einfarbigem Muster, runder Spitze und dekorativer Fl\u00fcgelkappe im \u00fcblichen Brogue-Design. Geeignet f\u00fcr l\u00e4ssige und elegante Anl\u00e4sse.\r\n\r\n\ud83d\udc63 Bequem zu tragen mit einem hinteren Riemen und einer gepolsterten, feuchtigkeitsabweisenden Sohle. Keine Reibung und Blasen mehr!\r\n\r\n\ud83d\udca6 Wasserfest, atmungsaktiv, antimikrobiell und hypoallergen. Optimale Hygiene und Geruchsbeseitigung garantiert.\r\n\r\n\ud83c\udf4f Schaft aus Apfelleder, hergestellt aus Fasern von Apfelsaftproduktionsr\u00fcckst\u00e4nden. Eine umweltfreundliche Alternative f\u00fcr einen trendigen Look.\r\n\r\n\ud83c\udf31 Futter aus veganem Leder OnSteam, atmungsaktiv, antibakteriell, antimikrobiell und umweltfreundlich. Komfort und Ethik in einem Schuh.\r\n\r\n\ud83d\udca7 Gepolsterte Einlegesohle aus laminiertem EVA-Gummi mit feuchtigkeitsabweisender Mikrofaser. Optimaler Komfort und Schutz vor Feuchtigkeit.\r\n\r\n\u26a1 Laufsohle aus langlebigem TR-Gummi mit rutschfestem Profil. F\u00fcr optimale Haftung und Haltbarkeit.\r\n\r\n\ud83d\udcaa Elastische Seitenteile aus Elasthan f\u00fcr einen guten Halt des Stiefels. Perfekter Komfort und Passform.\r\n\r\n\ud83d\udc60 Absatzh\u00f6he:","entretien":"1. Entfernen Sie Staub oder Schlamm mit einer weichen B\u00fcrste oder einem trockenen Tuch.\r\n\r\n2. Verwenden Sie ein feuchtes Tuch und reinigen Sie den gesamten Schuh sanft mit kreisenden Bewegungen. Reinigen Sie das Tuch regelm\u00e4\u00dfig, um eine Verschmutzung zu vermeiden.\r\n\r\n3. F\u00fcr hartn\u00e4ckige Flecken verwenden Sie eine weiche B\u00fcrste und Wasser und reiben Sie sanft mit kreisenden Bewegungen.\r\n\r\n4. Lassen Sie die Schuhe vor dem Auftragen einer Reinigungscreme an der Luft trocknen.\r\n\r\n5. Tragen Sie eine kleine Menge Reinigungscreme auf eine weiche, trockene B\u00fcrste oder ein Tuch auf und reiben Sie sanft in kreisenden Bewegungen, bis sie vollst\u00e4ndig eingezogen ist.\r\n\r\n6. Lassen Sie die Schuhe 24 Stunden lang an der Luft trocknen, fernab von direktem Sonnenlicht.Achtung:\r\n\r\n- Geben Sie Ihre Schuhe nicht in die Waschmaschine.\r\n\r\n- Tauchen Sie sie nicht in Wasser ein, da dies zu irreparablen Sch\u00e4den f\u00fchren k\u00f6nnte.Produktlebensdauer:Wenn Ihre veganen Schuhe das Ende ihrer Lebensdauer erreicht haben oder Sie sie nicht mehr ben\u00f6tigen, \u00fcberlegen Sie, ihnen ein zweites Leben zu geben. Verwenden Sie sie f\u00fcr sich selbst oder geben Sie sie einer anderen Person.","marque":""},"taxonomy_info":{"product_cat":[{"value":413,"label":"Schuhe"},{"value":414,"label":"Stiefel"}],"product_brands":[{"value":685,"label":"NAE Vegan Shoes"}]},"featured_image_src_large":["https:\/\/ekomfort.lu\/wp-content\/uploads\/2023\/08\/sisi-black.jpg",700,700,false],"author_info":[],"comment_info":0,"_links":{"self":[{"href":"https:\/\/ekomfort.lu\/de\/wp-json\/wp\/v2\/product\/10549","targetHints":{"allow":["GET"]}}],"collection":[{"href":"https:\/\/ekomfort.lu\/de\/wp-json\/wp\/v2\/product"}],"about":[{"href":"https:\/\/ekomfort.lu\/de\/wp-json\/wp\/v2\/types\/product"}],"replies":[{"embeddable":true,"href":"https:\/\/ekomfort.lu\/de\/wp-json\/wp\/v2\/comments?post=10549"}],"wp:featuredmedia":[{"embeddable":true,"href":"https:\/\/ekomfort.lu\/de\/wp-json\/wp\/v2\/media\/8388"}],"wp:attachment":[{"href":"https:\/\/ekomfort.lu\/de\/wp-json\/wp\/v2\/media?parent=10549"}],"wp:term":[{"taxonomy":"product_brand","embeddable":true,"href":"https:\/\/ekomfort.lu\/de\/wp-json\/wp\/v2\/product_brand?post=10549"},{"taxonomy":"product_cat","embeddable":true,"href":"https:\/\/ekomfort.lu\/de\/wp-json\/wp\/v2\/product_cat?post=10549"},{"taxonomy":"product_tag","embeddable":true,"href":"https:\/\/ekomfort.lu\/de\/wp-json\/wp\/v2\/product_tag?post=10549"},{"taxonomy":"product_brands","embeddable":true,"href":"https:\/\/ekomfort.lu\/de\/wp-json\/wp\/v2\/product_brands?post=10549"}],"curies":[{"name":"wp","href":"https:\/\/api.w.org\/{rel}","templated":true}]}}