{"id":10541,"date":"2023-08-27T17:32:15","date_gmt":"2023-08-27T15:32:15","guid":{"rendered":"https:\/\/ekomfort.lu\/shop\/bottes-mit-mittlerer-plateau-sohle-sima-black-von-nae-nachhaltigkeit-und-kuehner-stil"},"modified":"2024-07-01T12:07:29","modified_gmt":"2024-07-01T10:07:29","slug":"bottes-mit-mittlerer-plateau-sohle-sima-black-von-nae-nachhaltigkeit-und-kuehner-stil","status":"publish","type":"product","link":"https:\/\/ekomfort.lu\/de\/shop\/bottes-mit-mittlerer-plateau-sohle-sima-black-von-nae-nachhaltigkeit-und-kuehner-stil\/","title":{"rendered":"Bottes mit mittlerer Plateau-Sohle Sima Black von Nae: Nachhaltigkeit und k\u00fchner Stil"},"content":{"rendered":"\n<p>Bist du eine Frau, die sich gerne auszeichnet, ohne ihre Liebe zur Umwelt zu opfern? Suchen Sie nach dem Paar halbhoher Plateau-Stiefel, das perfekten Komfort, Stil und Ethik verbindet?<\/p>\n\n\n\n<p>Suchen Sie nicht weiter und w\u00e4hlen Sie Sima Black: die mittelhohen Plateau-Stiefel aus veganem Leder, die Ihre Ausfl\u00fcge revolutionieren werden!<\/p>\n\n\n\n<p>G\u00f6nnen Sie sich heute den Komfort und den Stil der halbhohen Stiefel Sima Black und:<\/p>\n\n\n<style>.wp-block-kadence-iconlist.kt-svg-icon-list-items10541_803838-98:not(.this-stops-third-party-issues){margin-top:0px;margin-bottom:0px;}.wp-block-kadence-iconlist.kt-svg-icon-list-items10541_803838-98 ul.kt-svg-icon-list:not(.this-prevents-issues):not(.this-stops-third-party-issues):not(.tijsloc){margin-top:0px;margin-right:0px;margin-bottom:var(--global-kb-spacing-sm, 1.5rem);margin-left:0px;}.wp-block-kadence-iconlist.kt-svg-icon-list-items10541_803838-98 ul.kt-svg-icon-list{grid-row-gap:15px;}.wp-block-kadence-iconlist.kt-svg-icon-list-items10541_803838-98 .kb-svg-icon-wrap{font-size:18px;color:var(--global-palette1, #3182CE);}.wp-block-kadence-iconlist.kt-svg-icon-list-items10541_803838-98 ul.kt-svg-icon-list .kt-svg-icon-list-item-wrap .kt-svg-icon-list-single{margin-right:10px;}.kt-svg-icon-list-items10541_803838-98 ul.kt-svg-icon-list .kt-svg-icon-list-level-0 .kt-svg-icon-list-single svg{font-size:20px;}<\/style>\n<div class=\"wp-block-kadence-iconlist kt-svg-icon-list-items kt-svg-icon-list-items10541_803838-98 kt-svg-icon-list-columns-1 alignnone\"><ul class=\"kt-svg-icon-list\"><style>.kt-svg-icon-list-item-5909_9c32c1-fc .kt-svg-icon-list-text mark.kt-highlight{background-color:unset;font-style:normal;color:#f76a0c;-webkit-box-decoration-break:clone;box-decoration-break:clone;padding-top:0px;padding-right:0px;padding-bottom:0px;padding-left:0px;}<\/style>\n<li class=\"wp-block-kadence-listitem kt-svg-icon-list-item-wrap kt-svg-icon-list-item-5909_9c32c1-fc\"><span class=\"kb-svg-icon-wrap kb-svg-icon-fe_checkCircle kt-svg-icon-list-single\"><svg viewBox=\"0 0 24 24\"  fill=\"none\" stroke=\"currentColor\" stroke-width=\"3\" stroke-linecap=\"round\" stroke-linejoin=\"round\" xmlns=\"http:\/\/www.w3.org\/2000\/svg\"  aria-hidden=\"true\"><path d=\"M22 11.08V12a10 10 0 1 1-5.93-9.14\"\/><polyline points=\"22 4 12 14.01 9 11.01\"\/><\/svg><\/span><span class=\"kt-svg-icon-list-text\">Seien Sie versichert, dass Sie dank einer rutschfesten Sohle jederzeit eine einwandfreie Haltung haben, um unersch\u00fctterliches Selbstvertrauen auf allen Oberfl\u00e4chen zu haben.<\/span><\/li>\n\n\n<style>.kt-svg-icon-list-item-5909_848604-bb .kt-svg-icon-list-text mark.kt-highlight{background-color:unset;font-style:normal;color:#f76a0c;-webkit-box-decoration-break:clone;box-decoration-break:clone;padding-top:0px;padding-right:0px;padding-bottom:0px;padding-left:0px;}<\/style>\n<li class=\"wp-block-kadence-listitem kt-svg-icon-list-item-wrap kt-svg-icon-list-item-5909_848604-bb\"><span class=\"kb-svg-icon-wrap kb-svg-icon-fe_checkCircle kt-svg-icon-list-single\"><svg viewBox=\"0 0 24 24\"  fill=\"none\" stroke=\"currentColor\" stroke-width=\"3\" stroke-linecap=\"round\" stroke-linejoin=\"round\" xmlns=\"http:\/\/www.w3.org\/2000\/svg\"  aria-hidden=\"true\"><path d=\"M22 11.08V12a10 10 0 1 1-5.93-9.14\"\/><polyline points=\"22 4 12 14.01 9 11.01\"\/><\/svg><\/span><span class=\"kt-svg-icon-list-text\">Geben Sie sich ein mutiges Aussehen mit einer eleganten Plattform, die es Ihnen erm\u00f6glicht, im Rampenlicht zu stehen &#8211; aus allen richtigen Gr\u00fcnden.<\/span><\/li>\n\n\n<style>.kt-svg-icon-list-item-5909_671844-56 .kt-svg-icon-list-text mark.kt-highlight{background-color:unset;font-style:normal;color:#f76a0c;-webkit-box-decoration-break:clone;box-decoration-break:clone;padding-top:0px;padding-right:0px;padding-bottom:0px;padding-left:0px;}<\/style>\n<li class=\"wp-block-kadence-listitem kt-svg-icon-list-item-wrap kt-svg-icon-list-item-5909_671844-56\"><span class=\"kb-svg-icon-wrap kb-svg-icon-fe_checkCircle kt-svg-icon-list-single\"><svg viewBox=\"0 0 24 24\"  fill=\"none\" stroke=\"currentColor\" stroke-width=\"3\" stroke-linecap=\"round\" stroke-linejoin=\"round\" xmlns=\"http:\/\/www.w3.org\/2000\/svg\"  aria-hidden=\"true\"><path d=\"M22 11.08V12a10 10 0 1 1-5.93-9.14\"\/><polyline points=\"22 4 12 14.01 9 11.01\"\/><\/svg><\/span><span class=\"kt-svg-icon-list-text\">Treffen Sie die Wahl f\u00fcr ein innovatives und umweltfreundliches Material: Corn Leather, ein veganes Kunstleder, hergestellt aus biologischen und \u00f6kologisch vertr\u00e4glichen Mikrofasern aus Mais, f\u00fcr extreme Langlebigkeit und Widerstandsf\u00e4higkeit.<\/span><\/li>\n<\/ul><\/div>\n\n\n\n<p>Ohne Grausamkeit gegen\u00fcber Tieren, ohne Kompromisse beim Komfort, ohne unbemerkt zu bleiben&#8230;<\/p>\n\n\n\n<p>Und das alles zu einem unschlagbaren Preis, weit unterhalb von dem, was Sie bei High-End-Marken finden k\u00f6nnten.<\/p>\n\n\n\n<p>Alors, bist du bereit, Komfort, Stil und Umweltverantwortung zu vereinen? Die mittelhohen Sima Black Plateau-Stiefel sind sehr gefragt und die Lagerbest\u00e4nde sind begrenzt. N&#8217;attendez nicht l\u00e4nger und g\u00f6nnen Sie sich heute Vergn\u00fcgen!<\/p>\n","protected":false},"excerpt":{"rendered":"<p>Bist du eine Frau, die sich gerne auszeichnet, ohne ihre Liebe zur Umwelt zu opfern? Suchen Sie nach dem Paar halbhoher Plateau-Stiefel, das perfekten Komfort, Stil und Ethik verbindet? Suchen Sie nicht weiter und w\u00e4hlen Sie Sima Black: die mittelhohen Plateau-Stiefel aus veganem Leder, die Ihre Ausfl\u00fcge revolutionieren werden! G\u00f6nnen Sie sich heute den Komfort&#8230;<\/p>\n","protected":false},"featured_media":8190,"comment_status":"open","ping_status":"closed","template":"","meta":{"_acf_changed":false,"_kad_blocks_custom_css":"","_kad_blocks_head_custom_js":"","_kad_blocks_body_custom_js":"","_kad_blocks_footer_custom_js":"","_kad_post_transparent":"","_kad_post_title":"","_kad_post_layout":"","_kad_post_sidebar_id":"","_kad_post_content_style":"","_kad_post_vertical_padding":"","_kad_post_feature":"","_kad_post_feature_position":"","_kad_post_header":false,"_kad_post_footer":false,"_kad_post_classname":""},"product_brand":[],"product_cat":[413,414],"product_tag":[],"product_brands":[685],"class_list":{"0":"post-10541","1":"product","2":"type-product","3":"status-publish","4":"has-post-thumbnail","6":"product_cat-schuhe-fuer-maenner-und-frauen","7":"product_cat-stiefel","8":"product_brands-nae-vegan-shoes-de","10":"first","11":"outofstock","12":"taxable","13":"shipping-taxable","14":"purchasable","15":"product-type-variable","16":"has-default-attributes","17":"entry","18":"content-bg","19":"loop-entry"},"acf":{"avantages":"\ud83d\udc62 Zeitloses Design mit einfarbigem Schaft und markanter Form, erg\u00e4nzt durch einen Blockabsatz und eine breite Sohle.\r\n\r\n\ud83c\udf3f Vegane Stiefel aus hypoallergenen Materialien, garantiert frei von giftigen Substanzen, f\u00fcr maximale Sicherheit und Gesundheit.\r\n\r\n\ud83d\udca8 Atmungsaktiv und antibakteriell, um \u00fcberm\u00e4\u00dfiges Schwitzen und unangenehme Ger\u00fcche zu vermeiden.\r\n\r\n\ud83d\udc63 Feuchtigkeitsabweisende und gepolsterte Sohle f\u00fcr ultimative Flexibilit\u00e4t und Komfort, ohne Reibung oder Blasen.\r\n\r\n\ud83c\udf0d Vielseitig einsetzbar f\u00fcr den Innen- und Au\u00dfenbereich, vereint Stil und Komfort.\r\n\r\n\u2614\ufe0f Wasserfest, um Ihre F\u00fc\u00dfe vor Feuchtigkeit zu sch\u00fctzen.\r\n\r\n\ud83c\udf31 Hergestellt aus gesundheitlich unbedenklichen und umweltfreundlichen Materialien.\r\n\r\n\ud83c\udf3d Schaft aus Corn Leather, hergestellt aus recyceltem Polyester und Maisfermentationsfasern.\r\n\r\n\ud83d\udc3e Futter aus veganem Leder OnSteam, einem atmungsaktiven, antibakteriellen, antimikrobiellen und umweltfreundlichen Material.\r\n\r\n\ud83d\udc60 7,5 cm Absatz und 3 cm Sohle f\u00fcr bequemen Halt.","entretien":"1. Entfernen Sie den Staub oder Schlamm von Ihren Schuhen mit einer weichen B\u00fcrste oder einem trockenen Tuch.\r\n\r\n2. Verwenden Sie ein feuchtes Tuch und reinigen Sie den gesamten Schuh sanft in kreisenden Bewegungen. Reinigen Sie Ihr Tuch regelm\u00e4\u00dfig, um Schmutz zu vermeiden.\r\n\r\n3. F\u00fcr hartn\u00e4ckige Flecken verwenden Sie eine weiche B\u00fcrste und Wasser, und reiben Sie sanft in kreisenden Bewegungen.\r\n\r\n4. Lassen Sie die Schuhe an der Luft trocknen, bevor Sie eine Reinigungscreme auftragen.\r\n\r\n5. Verwenden Sie eine Reinigungscreme, um Ihren Schuhen mehr Glanz zu verleihen. Geben Sie eine kleine Menge des Produkts auf eine weiche, trockene B\u00fcrste oder ein Tuch und reiben Sie es sanft in kreisenden Bewegungen ein, bis es vollst\u00e4ndig eingezogen ist.\r\n\r\n6. Lassen Sie die Schuhe 24 Stunden lang an der Luft trocknen, fern von direktem Sonnenlicht.Achtung:\r\n\r\n- Geben Sie Ihre Schuhe nicht in die Waschmaschine.\r\n\r\n- Tauchen Sie sie nicht in Wasser ein, da dies zu irreparablen Sch\u00e4den f\u00fchren k\u00f6nnte.Produktlebensdauer:Wenn Ihre veganen Schuhe das Ende ihrer Lebensdauer erreicht haben oder Sie sie nicht mehr ben\u00f6tigen, denken Sie daran, ihnen ein zweites Leben zu schenken. Verwenden Sie sie auf eine andere We","marque":""},"taxonomy_info":{"product_cat":[{"value":413,"label":"Schuhe"},{"value":414,"label":"Stiefel"}],"product_brands":[{"value":685,"label":"NAE Vegan Shoes"}]},"featured_image_src_large":["https:\/\/ekomfort.lu\/wp-content\/uploads\/2023\/08\/sima-black.jpg",700,700,false],"author_info":[],"comment_info":0,"_links":{"self":[{"href":"https:\/\/ekomfort.lu\/de\/wp-json\/wp\/v2\/product\/10541","targetHints":{"allow":["GET"]}}],"collection":[{"href":"https:\/\/ekomfort.lu\/de\/wp-json\/wp\/v2\/product"}],"about":[{"href":"https:\/\/ekomfort.lu\/de\/wp-json\/wp\/v2\/types\/product"}],"replies":[{"embeddable":true,"href":"https:\/\/ekomfort.lu\/de\/wp-json\/wp\/v2\/comments?post=10541"}],"wp:featuredmedia":[{"embeddable":true,"href":"https:\/\/ekomfort.lu\/de\/wp-json\/wp\/v2\/media\/8190"}],"wp:attachment":[{"href":"https:\/\/ekomfort.lu\/de\/wp-json\/wp\/v2\/media?parent=10541"}],"wp:term":[{"taxonomy":"product_brand","embeddable":true,"href":"https:\/\/ekomfort.lu\/de\/wp-json\/wp\/v2\/product_brand?post=10541"},{"taxonomy":"product_cat","embeddable":true,"href":"https:\/\/ekomfort.lu\/de\/wp-json\/wp\/v2\/product_cat?post=10541"},{"taxonomy":"product_tag","embeddable":true,"href":"https:\/\/ekomfort.lu\/de\/wp-json\/wp\/v2\/product_tag?post=10541"},{"taxonomy":"product_brands","embeddable":true,"href":"https:\/\/ekomfort.lu\/de\/wp-json\/wp\/v2\/product_brands?post=10541"}],"curies":[{"name":"wp","href":"https:\/\/api.w.org\/{rel}","templated":true}]}}