{"id":10509,"date":"2023-08-27T22:29:46","date_gmt":"2023-08-27T20:29:46","guid":{"rendered":"https:\/\/ekomfort.lu\/shop\/casian-marron-herren-chelseastiefel-von-nae"},"modified":"2024-07-01T12:07:14","modified_gmt":"2024-07-01T10:07:14","slug":"casian-marron-herren-chelseastiefel-von-nae","status":"publish","type":"product","link":"https:\/\/ekomfort.lu\/de\/shop\/casian-marron-herren-chelseastiefel-von-nae\/","title":{"rendered":"Casian marron: Herren-Chelseastiefel von nae"},"content":{"rendered":"\n<p>Sie sind ein moderner Mann auf der Suche nach einem eleganten und ethischen Paar <strong>braunen Chelsea-Stiefeln f\u00fcr M\u00e4nner<\/strong>? Sie m\u00f6chten Trend und Verantwortung vereinen?<\/p>\n\n\n\n<p>Entdecken Sie die f\u00fcr Herren veredelten Chelsea Stiefel, verziert mit einer Fl\u00fcgelspitze und aus hochwertigem, veganem Leder. Gehen Sie stilvoll und bewusst mit den <strong>Casian Marron<\/strong>.<\/p>\n\n\n\n<p>Dank der <strong>Chelsea-Stiefel f\u00fcr Herren <strong>Casian Marron<\/strong><\/strong>:<\/p>\n\n\n<style>.wp-block-kadence-iconlist.kt-svg-icon-list-items10509_4e93ec-66:not(.this-stops-third-party-issues){margin-top:0px;margin-bottom:0px;}.wp-block-kadence-iconlist.kt-svg-icon-list-items10509_4e93ec-66 ul.kt-svg-icon-list:not(.this-prevents-issues):not(.this-stops-third-party-issues):not(.tijsloc){margin-top:0px;margin-right:0px;margin-bottom:var(--global-kb-spacing-sm, 1.5rem);margin-left:0px;}.wp-block-kadence-iconlist.kt-svg-icon-list-items10509_4e93ec-66 ul.kt-svg-icon-list{grid-row-gap:5px;}.wp-block-kadence-iconlist.kt-svg-icon-list-items10509_4e93ec-66 .kb-svg-icon-wrap{font-size:18px;color:var(--global-palette1, #3182CE);}.wp-block-kadence-iconlist.kt-svg-icon-list-items10509_4e93ec-66 ul.kt-svg-icon-list .kt-svg-icon-list-item-wrap .kt-svg-icon-list-single{margin-right:10px;}.kt-svg-icon-list-items10509_4e93ec-66 ul.kt-svg-icon-list .kt-svg-icon-list-level-0 .kt-svg-icon-list-single svg{font-size:20px;}<\/style>\n<div class=\"wp-block-kadence-iconlist kt-svg-icon-list-items kt-svg-icon-list-items10509_4e93ec-66 kt-svg-icon-list-columns-1 alignnone\"><ul class=\"kt-svg-icon-list\"><style>.kt-svg-icon-list-item-5835_73c37b-09 .kt-svg-icon-list-text mark.kt-highlight{background-color:unset;font-style:normal;color:#f76a0c;-webkit-box-decoration-break:clone;box-decoration-break:clone;padding-top:0px;padding-right:0px;padding-bottom:0px;padding-left:0px;}<\/style>\n<li class=\"wp-block-kadence-listitem kt-svg-icon-list-item-wrap kt-svg-icon-list-item-5835_73c37b-09\"><span class=\"kb-svg-icon-wrap kb-svg-icon-fe_checkCircle kt-svg-icon-list-single\"><svg viewBox=\"0 0 24 24\"  fill=\"none\" stroke=\"currentColor\" stroke-width=\"3\" stroke-linecap=\"round\" stroke-linejoin=\"round\" xmlns=\"http:\/\/www.w3.org\/2000\/svg\"  aria-hidden=\"true\"><path d=\"M22 11.08V12a10 10 0 1 1-5.93-9.14\"\/><polyline points=\"22 4 12 14.01 9 11.01\"\/><\/svg><\/span><span class=\"kt-svg-icon-list-text\">Genie\u00dfen Sie die Verbindung von Eleganz und Langlebigkeit mit pflanzlichem, umweltfreundlichem Vegan-Leder, das entwickelt wurde, um ohne Kompromisse f\u00fcr den Planeten zu halten.<\/span><\/li>\n\n\n<style>.kt-svg-icon-list-item-5835_d80e24-5d .kt-svg-icon-list-text mark.kt-highlight{background-color:unset;font-style:normal;color:#f76a0c;-webkit-box-decoration-break:clone;box-decoration-break:clone;padding-top:0px;padding-right:0px;padding-bottom:0px;padding-left:0px;}<\/style>\n<li class=\"wp-block-kadence-listitem kt-svg-icon-list-item-wrap kt-svg-icon-list-item-5835_d80e24-5d\"><span class=\"kb-svg-icon-wrap kb-svg-icon-fe_checkCircle kt-svg-icon-list-single\"><svg viewBox=\"0 0 24 24\"  fill=\"none\" stroke=\"currentColor\" stroke-width=\"3\" stroke-linecap=\"round\" stroke-linejoin=\"round\" xmlns=\"http:\/\/www.w3.org\/2000\/svg\"  aria-hidden=\"true\"><path d=\"M22 11.08V12a10 10 0 1 1-5.93-9.14\"\/><polyline points=\"22 4 12 14.01 9 11.01\"\/><\/svg><\/span><span class=\"kt-svg-icon-list-text\">Treffen Sie die ethische Wahl: zeitloser Stil, ohne Grausamkeit, f\u00fcr eine positive Auswirkung bei jedem Schritt, den Sie machen.<\/span><\/li>\n\n\n<style>.kt-svg-icon-list-item-5835_18fc8e-06 .kt-svg-icon-list-text mark.kt-highlight{background-color:unset;font-style:normal;color:#f76a0c;-webkit-box-decoration-break:clone;box-decoration-break:clone;padding-top:0px;padding-right:0px;padding-bottom:0px;padding-left:0px;}<\/style>\n<li class=\"wp-block-kadence-listitem kt-svg-icon-list-item-wrap kt-svg-icon-list-item-5835_18fc8e-06\"><span class=\"kb-svg-icon-wrap kb-svg-icon-fe_checkCircle kt-svg-icon-list-single\"><svg viewBox=\"0 0 24 24\"  fill=\"none\" stroke=\"currentColor\" stroke-width=\"3\" stroke-linecap=\"round\" stroke-linejoin=\"round\" xmlns=\"http:\/\/www.w3.org\/2000\/svg\"  aria-hidden=\"true\"><path d=\"M22 11.08V12a10 10 0 1 1-5.93-9.14\"\/><polyline points=\"22 4 12 14.01 9 11.01\"\/><\/svg><\/span><span class=\"kt-svg-icon-list-text\">Sp\u00fcren Sie den unvergleichlichen Komfort eines leichten Stiefels, der sich perfekt an das rasante Tempo des Stadtlebens anpasst, w\u00e4hrend er zugleich umweltfreundlich ist.<\/span><\/li>\n<\/ul><\/div>\n\n\n\n<p>Ohne Ausbeutung von Tieren, ohne Schwere, ohne Bedauern&#8230;<\/p>\n\n\n\n<p>Denken Sie dar\u00fcber nach: eine Investition f\u00fcr Jahre voller Stil, Komfort und Engagement. Eine Premium-Ausstrahlung zu einem deutlich geringeren Preis als ihre tats\u00e4chlich positive Auswirkung.<\/p>\n\n\n\n<p>Alles bereit, um mit deinen F\u00fc\u00dfen eine k\u00fchne Aussage zu machen? Die <strong>Chelsea-Stiefel f\u00fcr Herren<\/strong> <strong><strong>Casian Marron<\/strong><\/strong> sind nicht nur ein Modest\u00fcck, sondern auch eine Aussage von Prinzipien. Bestellen Sie sie, bevor alle weg sind!<\/p>\n","protected":false},"excerpt":{"rendered":"<p>Sie sind ein moderner Mann auf der Suche nach einem eleganten und ethischen Paar braunen Chelsea-Stiefeln f\u00fcr M\u00e4nner? Sie m\u00f6chten Trend und Verantwortung vereinen? Entdecken Sie die f\u00fcr Herren veredelten Chelsea Stiefel, verziert mit einer Fl\u00fcgelspitze und aus hochwertigem, veganem Leder. Gehen Sie stilvoll und bewusst mit den Casian Marron. Dank der Chelsea-Stiefel f\u00fcr Herren&#8230;<\/p>\n","protected":false},"featured_media":8162,"comment_status":"open","ping_status":"closed","template":"","meta":{"_acf_changed":false,"_kad_blocks_custom_css":"","_kad_blocks_head_custom_js":"","_kad_blocks_body_custom_js":"","_kad_blocks_footer_custom_js":"","_kad_post_transparent":"","_kad_post_title":"","_kad_post_layout":"","_kad_post_sidebar_id":"","_kad_post_content_style":"","_kad_post_vertical_padding":"","_kad_post_feature":"","_kad_post_feature_position":"","_kad_post_header":false,"_kad_post_footer":false,"_kad_post_classname":""},"product_brand":[],"product_cat":[413,414],"product_tag":[],"product_brands":[685],"class_list":{"0":"post-10509","1":"product","2":"type-product","3":"status-publish","4":"has-post-thumbnail","6":"product_cat-schuhe-fuer-maenner-und-frauen","7":"product_cat-stiefel","8":"product_brands-nae-vegan-shoes-de","10":"first","11":"outofstock","12":"taxable","13":"shipping-taxable","14":"purchasable","15":"product-type-variable","16":"entry","17":"content-bg","18":"loop-entry"},"acf":{"avantages":"\ud83c\udfaf Vielseitiges Design: Ein Modell, das verschiedene Stile vereint, um sich an jede Gelegenheit anzupassen, von l\u00e4ssigen bis hin zu eleganten und formellen Outfits.\r\n\r\n\ud83c\udf21\ufe0f Gesundheitlich unbedenkliche Materialien: Hergestellt aus hypoallergenen und toxinfreien Materialien, bieten diese Schuhe optimalen Komfort und verhindern schlechte Ger\u00fcche.\r\n\r\n\ud83d\udc63 Feuchtigkeitsabweisende und gepolsterte Sohle: Dank einer gepolsterten Innensohle f\u00fcr bessere D\u00e4mpfung und einer Behandlung gegen Feuchtigkeit bieten diese Schuhe eine hohe Flexibilit\u00e4t und verhindern Reibungen und Blasen.\r\n\r\n\ud83c\udfa8 Erh\u00e4ltlich in Braun und Schwarz: Zwei klassische Farben, die sich leicht mit allen Ihren Outfits kombinieren lassen.\r\n\r\n\ud83d\udca6 Wasserfest: Diese Schuhe sind wasserbest\u00e4ndig und perfekt f\u00fcr alle Wetterbedingungen.\r\n\r\n\ud83c\udf3f Nachhaltiges veganes Leder: Das Obermaterial der Schuhe besteht aus umweltfreundlichen Mikrofaser-Veganleder, einer nachhaltigen und umweltfreundlichen Alternative.\r\n\r\n\ud83d\udc5e Futter aus OnSteam-Veganleder, hergestellt aus umweltfreundlichen Mikrofasern, f\u00fcr ein komfortables und \u00f6kologisches Trageerlebnis.","entretien":"1. Entfernen Sie den Staub oder Schlamm von Ihren Schuhen mit einer weichen B\u00fcrste oder einem trockenen Tuch.\r\n\r\n2. Verwenden Sie ein feuchtes Tuch und reiben Sie sanft in kreisenden Bewegungen, um den gesamten Schuh zu reinigen. Reinigen Sie Ihr Tuch regelm\u00e4\u00dfig.\r\n\r\n3. F\u00fcr hartn\u00e4ckige Flecken verwenden Sie eine weiche B\u00fcrste und Wasser, und reiben Sie sanft in kreisenden Bewegungen.\r\n\r\n4. Lassen Sie die Schuhe vor dem Auftragen einer Reinigungscreme an der Luft trocknen.\r\n\r\n5. Verwenden Sie eine kleine Menge Reinigungscreme auf einer weichen, trockenen B\u00fcrste oder einem Tuch und reiben Sie sanft in kreisenden Bewegungen, bis sie vollst\u00e4ndig eingezogen ist.\r\n\r\n6. Lassen Sie die Schuhe 24 Stunden lang an der Luft trocknen, fern von direktem Sonnenlicht.Achtung:\r\n\r\n- Geben Sie Ihre Schuhe nicht in die Waschmaschine.\r\n\r\n- Tauchen Sie sie nicht in Wasser ein, da dies zu irreparablen Sch\u00e4den f\u00fchren k\u00f6nnte.Produktlebensdauer:Wenn Ihre veganen Schuhe das Ende ihrer Lebensdauer erreicht haben oder Sie sie nicht mehr ben\u00f6tigen, erw\u00e4gen Sie, ihnen ein zweites Leben zu geben. Verwenden Sie sie f\u00fcr sich selbst oder lassen Sie jemand anderen davon profitieren.","marque":""},"taxonomy_info":{"product_cat":[{"value":413,"label":"Schuhe"},{"value":414,"label":"Stiefel"}],"product_brands":[{"value":685,"label":"NAE Vegan Shoes"}]},"featured_image_src_large":["https:\/\/ekomfort.lu\/wp-content\/uploads\/2023\/08\/casian-brown.jpg",700,700,false],"author_info":[],"comment_info":0,"_links":{"self":[{"href":"https:\/\/ekomfort.lu\/de\/wp-json\/wp\/v2\/product\/10509","targetHints":{"allow":["GET"]}}],"collection":[{"href":"https:\/\/ekomfort.lu\/de\/wp-json\/wp\/v2\/product"}],"about":[{"href":"https:\/\/ekomfort.lu\/de\/wp-json\/wp\/v2\/types\/product"}],"replies":[{"embeddable":true,"href":"https:\/\/ekomfort.lu\/de\/wp-json\/wp\/v2\/comments?post=10509"}],"wp:featuredmedia":[{"embeddable":true,"href":"https:\/\/ekomfort.lu\/de\/wp-json\/wp\/v2\/media\/8162"}],"wp:attachment":[{"href":"https:\/\/ekomfort.lu\/de\/wp-json\/wp\/v2\/media?parent=10509"}],"wp:term":[{"taxonomy":"product_brand","embeddable":true,"href":"https:\/\/ekomfort.lu\/de\/wp-json\/wp\/v2\/product_brand?post=10509"},{"taxonomy":"product_cat","embeddable":true,"href":"https:\/\/ekomfort.lu\/de\/wp-json\/wp\/v2\/product_cat?post=10509"},{"taxonomy":"product_tag","embeddable":true,"href":"https:\/\/ekomfort.lu\/de\/wp-json\/wp\/v2\/product_tag?post=10509"},{"taxonomy":"product_brands","embeddable":true,"href":"https:\/\/ekomfort.lu\/de\/wp-json\/wp\/v2\/product_brands?post=10509"}],"curies":[{"name":"wp","href":"https:\/\/api.w.org\/{rel}","templated":true}]}}