{"id":10508,"date":"2023-09-05T09:14:42","date_gmt":"2023-09-05T07:14:42","guid":{"rendered":"https:\/\/ekomfort.lu\/shop\/adrien-gris-der-zara-derby-aus-veganem-nubuck-laessiges-design-im-dienste-der-nachhaltigkeit"},"modified":"2024-03-02T13:36:26","modified_gmt":"2024-03-02T12:36:26","slug":"adrien-gris-der-zara-derby-aus-veganem-nubuck-laessiges-design-im-dienste-der-nachhaltigkeit","status":"publish","type":"product","link":"https:\/\/ekomfort.lu\/de\/shop\/adrien-gris-der-zara-derby-aus-veganem-nubuck-laessiges-design-im-dienste-der-nachhaltigkeit\/","title":{"rendered":"Adrien Gris, der Zara Derby aus Veganem Nubuck: L\u00e4ssiges Design im Dienste der Nachhaltigkeit"},"content":{"rendered":"\n<p>Sie sind ein moderner Mann auf der Suche nach einem <strong>Veganer Zara Schn\u00fcr-Derby<\/strong> die Komfort, Stil und Respekt f\u00fcr Ihre ethischen Werte vereint? M\u00f6chten Sie einen bleibenden Eindruck hinterlassen, sei es am Arbeitsplatz oder bei Ihren Freizeitaktivit\u00e4ten?<\/p>\n\n<p>Entdecken Sie <strong>Adrien Gris<\/strong>, der Pfennigzehen-Derby aus veganem Nubuk, ein <strong>Designer-Herrenschuhe<\/strong> die Eleganz, Vielseitigkeit und Umweltschutz vereint.<\/p>\n\n<p>Mit den veganen Schuhen <strong>derby zara Adrien Gris<\/strong> an Ihren F\u00fc\u00dfen.<\/p>\n<style>.wp-block-kadence-iconlist.kt-svg-icon-list-items9543_8200bd-a4:not(.this-stops-third-party-issues){margin-top:0px;margin-bottom:0px;}.wp-block-kadence-iconlist.kt-svg-icon-list-items9543_8200bd-a4 ul.kt-svg-icon-list:not(.this-prevents-issues):not(.this-stops-third-party-issues):not(.tijsloc){margin-top:0px;margin-right:0px;margin-bottom:var(--global-kb-spacing-sm, 1.5rem);margin-left:0px;}.wp-block-kadence-iconlist.kt-svg-icon-list-items9543_8200bd-a4 ul.kt-svg-icon-list{grid-row-gap:5px;}.wp-block-kadence-iconlist.kt-svg-icon-list-items9543_8200bd-a4 .kb-svg-icon-wrap{font-size:18px;color:var(--global-palette1, #3182CE);}.wp-block-kadence-iconlist.kt-svg-icon-list-items9543_8200bd-a4 ul.kt-svg-icon-list .kt-svg-icon-list-item-wrap .kt-svg-icon-list-single{margin-right:10px;}.kt-svg-icon-list-items9543_8200bd-a4 ul.kt-svg-icon-list .kt-svg-icon-list-level-0 .kt-svg-icon-list-single svg{font-size:20px;}<\/style>\n<div class=\"wp-block-kadence-iconlist kt-svg-icon-list-items kt-svg-icon-list-items9543_8200bd-a4 kt-svg-icon-list-columns-1 alignnone\"><ul class=\"kt-svg-icon-list\"><style>.kt-svg-icon-list-item-6189_04656f-48 .kt-svg-icon-list-text mark.kt-highlight{background-color:unset;font-style:normal;color:#f76a0c;-webkit-box-decoration-break:clone;box-decoration-break:clone;padding-top:0px;padding-right:0px;padding-bottom:0px;padding-left:0px;}<\/style>\n<li class=\"wp-block-kadence-listitem kt-svg-icon-list-item-wrap kt-svg-icon-list-item-6189_04656f-48\"><span class=\"kb-svg-icon-wrap kb-svg-icon-fe_checkCircle kt-svg-icon-list-single\"><svg viewBox=\"0 0 24 24\"  fill=\"none\" stroke=\"currentColor\" stroke-width=\"3\" stroke-linecap=\"round\" stroke-linejoin=\"round\" xmlns=\"http:\/\/www.w3.org\/2000\/svg\"  aria-hidden=\"true\"><path d=\"M22 11.08V12a10 10 0 1 1-5.93-9.14\"\/><polyline points=\"22 4 12 14.01 9 11.01\"\/><\/svg><\/span><span class=\"kt-svg-icon-list-text\">\n<p>Die minimalistische \u00c4sthetik mit ihren zarten Schn\u00fcrsenkeln, den dezenten N\u00e4hten und dem entspannten, modernen Design harmoniert mit allen Stilen.<\/p>\n<\/span><\/li>\n\n\n<style>.kt-svg-icon-list-item-6189_63611b-a0 .kt-svg-icon-list-text mark.kt-highlight{background-color:unset;font-style:normal;color:#f76a0c;-webkit-box-decoration-break:clone;box-decoration-break:clone;padding-top:0px;padding-right:0px;padding-bottom:0px;padding-left:0px;}<\/style>\n<li class=\"wp-block-kadence-listitem kt-svg-icon-list-item-wrap kt-svg-icon-list-item-6189_63611b-a0\"><span class=\"kb-svg-icon-wrap kb-svg-icon-fe_checkCircle kt-svg-icon-list-single\"><svg viewBox=\"0 0 24 24\"  fill=\"none\" stroke=\"currentColor\" stroke-width=\"3\" stroke-linecap=\"round\" stroke-linejoin=\"round\" xmlns=\"http:\/\/www.w3.org\/2000\/svg\"  aria-hidden=\"true\"><path d=\"M22 11.08V12a10 10 0 1 1-5.93-9.14\"\/><polyline points=\"22 4 12 14.01 9 11.01\"\/><\/svg><\/span><span class=\"kt-svg-icon-list-text\">\n<p>Genie\u00dfen Sie das Vergn\u00fcgen, in einen flexiblen Schuh zu schl\u00fcpfen, dank hypoallergener und atmungsaktiver Mikrofasern, die Reibung und schlechte Ger\u00fcche verhindern.<\/p>\n<\/span><\/li>\n\n\n<style>.kt-svg-icon-list-item-6189_66d89b-71 .kt-svg-icon-list-text mark.kt-highlight{background-color:unset;font-style:normal;color:#f76a0c;-webkit-box-decoration-break:clone;box-decoration-break:clone;padding-top:0px;padding-right:0px;padding-bottom:0px;padding-left:0px;}<\/style>\n<li class=\"wp-block-kadence-listitem kt-svg-icon-list-item-wrap kt-svg-icon-list-item-6189_66d89b-71\"><span class=\"kb-svg-icon-wrap kb-svg-icon-fe_checkCircle kt-svg-icon-list-single\"><svg viewBox=\"0 0 24 24\"  fill=\"none\" stroke=\"currentColor\" stroke-width=\"3\" stroke-linecap=\"round\" stroke-linejoin=\"round\" xmlns=\"http:\/\/www.w3.org\/2000\/svg\"  aria-hidden=\"true\"><path d=\"M22 11.08V12a10 10 0 1 1-5.93-9.14\"\/><polyline points=\"22 4 12 14.01 9 11.01\"\/><\/svg><\/span><span class=\"kt-svg-icon-list-text\">\n<p>Unterst\u00fctzen Sie Ihre Pers\u00f6nlichkeit bei jedem Schritt dank der rutschfesten Sohle, die f\u00fcr untr\u00fcglichen Halt und sicheren Stil sorgt.<\/p>\n<\/span><\/li>\n<\/ul><\/div>\n\n<p>Ohne Tierversuche, ohne Giftstoffe und ohne Kompromisse beim Stil&#8230;<\/p>\n\n<p>Genie\u00dfen Sie den Zara Derby <strong>Adrien Gris<\/strong>, ein Paar nachhaltige Schuhe, die die Umwelt respektieren, zu einem viel niedrigeren Preis als renommierte Marken.<\/p>\n\n<p>Sind Sie bereit, Ihren Stil durch ethische Mode und Komfort zu verbessern? Die <strong>Adrien Gris Zara Derby-Schuhe<\/strong> sind sehr gefragt und unsere Best\u00e4nde gehen schnell zur Neige. Don&#8217;t miss the opportunity to adopt a style that truly suits you!<\/p>\n","protected":false},"excerpt":{"rendered":"<p>Sie sind ein moderner Mann auf der Suche nach einem Veganer Zara Schn\u00fcr-Derby die Komfort, Stil und Respekt f\u00fcr Ihre ethischen Werte vereint? M\u00f6chten Sie einen bleibenden Eindruck hinterlassen, sei es am Arbeitsplatz oder bei Ihren Freizeitaktivit\u00e4ten? Entdecken Sie Adrien Gris, der Pfennigzehen-Derby aus veganem Nubuk, ein Designer-Herrenschuhe die Eleganz, Vielseitigkeit und Umweltschutz vereint. Mit&#8230;<\/p>\n","protected":false},"featured_media":7834,"comment_status":"open","ping_status":"closed","template":"","meta":{"_acf_changed":false,"_kad_blocks_custom_css":"","_kad_blocks_head_custom_js":"","_kad_blocks_body_custom_js":"","_kad_blocks_footer_custom_js":"","_kad_post_transparent":"","_kad_post_title":"","_kad_post_layout":"","_kad_post_sidebar_id":"","_kad_post_content_style":"","_kad_post_vertical_padding":"","_kad_post_feature":"","_kad_post_feature_position":"","_kad_post_header":false,"_kad_post_footer":false,"_kad_post_classname":""},"product_brand":[],"product_cat":[],"product_tag":[],"product_brands":[],"class_list":{"0":"post-10508","1":"product","2":"type-product","3":"status-publish","4":"has-post-thumbnail","7":"first","8":"outofstock","9":"taxable","10":"shipping-taxable","11":"purchasable","12":"product-type-variable","13":"entry","14":"content-bg","15":"loop-entry"},"acf":{"avantages":"\ud83d\udca6 Wasserfest: Sch\u00fctzen die F\u00fc\u00dfe vor Feuchtigkeit, um sie trocken und bequem zu halten.\r\n\r\n\ud83c\udf2c\ufe0f Atmungsaktiv: F\u00f6rdern eine gute Luftzirkulation, um die F\u00fc\u00dfe frisch und trocken zu halten.\r\n\r\n\ud83c\udf21\ufe0f Antimikrobiell und hypoallergen: Gew\u00e4hrleisten optimale Hygiene und minimieren allergische Reaktionen.\r\n\r\n\ud83e\ude7a Gesundheitlich unbedenklich: Verwenden gesundheitlich unbedenkliche Materialien f\u00fcr Verbraucherinnen und Verbraucher.\r\n\r\n\ud83e\uddf5 Schaft aus Nobuk-Mikrofaser: Flexibel und langlebig f\u00fcr optimalen Komfort.\r\n\r\n\ud83c\udf80 Schn\u00fcrsenkel aus veganem, gewachstem Baumwoll: Elegant und umweltfreundlich.\r\n\r\n\ud83d\udc63 Futter aus Mikrofasern und PU: Bequem und haltbar.\r\n\r\n\ud83d\udd06 Gepolsterte Innensohle: D\u00e4mpfung und Schutz vor Feuchtigkeit f\u00fcr optimalen Komfort.\r\n\r\n\u2699\ufe0f Laufsohle aus TR-Gummi: Optimale Haftung und Langlebigkeit mit rutschfestem Profil.\r\n\r\n\ud83c\udf0d \u00d6ko-verantwortungsvoll und fair in Portugal hergestellt.","entretien":"1. Reinigen Sie die Schuhe mit einem in Seifenwasser getr\u00e4nkten Tuch.\r\n\r\n2. Verwenden Sie f\u00fcr hartn\u00e4ckige Flecken eine weiche Schuhb\u00fcrste, ebenfalls in Seifenwasser getr\u00e4nkt, und reiben Sie sanft in kreisenden Bewegungen.\r\n\r\n3. Entfernen Sie die Seife mit einem feuchten Tuch.\r\n\r\n4. Lassen Sie die Schuhe 24 Stunden lang an der Luft trocknen, ohne sie direkter Sonneneinstrahlung auszusetzen.Achtung:\r\n\r\n- Verwenden Sie keine Reinigungscreme.\r\n\r\n- Geben Sie Ihre Schuhe nicht in die Waschmaschine.\r\n\r\n- Tauchen Sie sie nicht in Wasser ein, da dies zu irreparablen Sch\u00e4den f\u00fchren k\u00f6nnte.Produktlebensdauer:Wenn Ihre veganen Schuhe das Ende ihrer Lebensdauer erreicht haben oder Sie sie nicht mehr ben\u00f6tigen, erw\u00e4gen Sie, ihnen ein zweites Leben zu geben.<span style=\"font-family: var(--global-body-font-family);\">Verwenden Sie sie auf eine andere Weise selbst oder geben Sie sie jemand anderem.<\/span>","marque":""},"taxonomy_info":[],"featured_image_src_large":["https:\/\/ekomfort.lu\/wp-content\/uploads\/2023\/08\/adrien-grey-letzshop.jpg",700,700,false],"author_info":[],"comment_info":0,"_links":{"self":[{"href":"https:\/\/ekomfort.lu\/de\/wp-json\/wp\/v2\/product\/10508","targetHints":{"allow":["GET"]}}],"collection":[{"href":"https:\/\/ekomfort.lu\/de\/wp-json\/wp\/v2\/product"}],"about":[{"href":"https:\/\/ekomfort.lu\/de\/wp-json\/wp\/v2\/types\/product"}],"replies":[{"embeddable":true,"href":"https:\/\/ekomfort.lu\/de\/wp-json\/wp\/v2\/comments?post=10508"}],"wp:featuredmedia":[{"embeddable":true,"href":"https:\/\/ekomfort.lu\/de\/wp-json\/wp\/v2\/media\/7834"}],"wp:attachment":[{"href":"https:\/\/ekomfort.lu\/de\/wp-json\/wp\/v2\/media?parent=10508"}],"wp:term":[{"taxonomy":"product_brand","embeddable":true,"href":"https:\/\/ekomfort.lu\/de\/wp-json\/wp\/v2\/product_brand?post=10508"},{"taxonomy":"product_cat","embeddable":true,"href":"https:\/\/ekomfort.lu\/de\/wp-json\/wp\/v2\/product_cat?post=10508"},{"taxonomy":"product_tag","embeddable":true,"href":"https:\/\/ekomfort.lu\/de\/wp-json\/wp\/v2\/product_tag?post=10508"},{"taxonomy":"product_brands","embeddable":true,"href":"https:\/\/ekomfort.lu\/de\/wp-json\/wp\/v2\/product_brands?post=10508"}],"curies":[{"name":"wp","href":"https:\/\/api.w.org\/{rel}","templated":true}]}}