{"id":10507,"date":"2023-09-05T20:50:04","date_gmt":"2023-09-05T18:50:04","guid":{"rendered":"https:\/\/ekomfort.lu\/shop\/braune-schnuerstiefel-lore-von-nae-ein-umweltbewusster-klassiker-fuer-den-modernen-und-bewussten-mann"},"modified":"2024-04-16T16:07:45","modified_gmt":"2024-04-16T14:07:45","slug":"stiefel-braune-schnuersenkel-vegane-lore-nae","status":"publish","type":"product","link":"https:\/\/ekomfort.lu\/de\/shop\/stiefel-braune-schnuersenkel-vegane-lore-nae\/","title":{"rendered":"Braune Schn\u00fcrstiefel Lore von Nae: Ein umweltbewusster Klassiker f\u00fcr den modernen und bewussten Mann."},"content":{"rendered":"\n<p>Sind Sie ein anspruchsvoller Mann, f\u00fcr den das Wohlbefinden nicht auf Kosten der Umweltwerte geht? Bist du auf der Suche nach einem Paar brauner Schn\u00fcrstiefel <strong>aus veganem<\/strong> Leder wie <strong>Lore<\/strong>qui, die deinen Stil aufwerten und den Test der Zeit bestehen?<\/p>\n\n<p>Entdecken Sie die <strong>\u00d6ko-verantwortliche Lore Derby-Schuhe<\/strong>: eine perfekte Harmonie zwischen Stil, Komfort und umweltfreundlichem Engagement.<\/p>\n\n<p>Mit den Derby Veganstiefeln <strong>Lore<\/strong> genie\u00dfen Sie:<\/p>\n<style>.wp-block-kadence-iconlist.kt-svg-icon-list-items6200_7979ab-38:not(.this-stops-third-party-issues){margin-top:0px;margin-bottom:0px;}.wp-block-kadence-iconlist.kt-svg-icon-list-items6200_7979ab-38 ul.kt-svg-icon-list:not(.this-prevents-issues):not(.this-stops-third-party-issues):not(.tijsloc){margin-top:0px;margin-right:0px;margin-bottom:var(--global-kb-spacing-sm, 1.5rem);margin-left:0px;}.wp-block-kadence-iconlist.kt-svg-icon-list-items6200_7979ab-38 ul.kt-svg-icon-list{grid-row-gap:15px;}.wp-block-kadence-iconlist.kt-svg-icon-list-items6200_7979ab-38 .kb-svg-icon-wrap{font-size:20px;color:var(--global-palette1, #3182CE);}.wp-block-kadence-iconlist.kt-svg-icon-list-items6200_7979ab-38 ul.kt-svg-icon-list .kt-svg-icon-list-item-wrap .kt-svg-icon-list-single{margin-right:10px;}.kt-svg-icon-list-items6200_7979ab-38 ul.kt-svg-icon-list .kt-svg-icon-list-level-0 .kt-svg-icon-list-single svg{font-size:20px;}<\/style>\n<div class=\"wp-block-kadence-iconlist kt-svg-icon-list-items kt-svg-icon-list-items6200_7979ab-38 kt-svg-icon-list-columns-1 alignnone\"><ul class=\"kt-svg-icon-list\"><style>.kt-svg-icon-list-item-6200_8d7cc2-76 .kt-svg-icon-list-text mark.kt-highlight{background-color:unset;font-style:normal;color:#f76a0c;-webkit-box-decoration-break:clone;box-decoration-break:clone;padding-top:0px;padding-right:0px;padding-bottom:0px;padding-left:0px;}<\/style>\n<li class=\"wp-block-kadence-listitem kt-svg-icon-list-item-wrap kt-svg-icon-list-item-6200_8d7cc2-76\"><span class=\"kb-svg-icon-wrap kb-svg-icon-fe_checkCircle kt-svg-icon-list-single\"><svg viewBox=\"0 0 24 24\"  fill=\"none\" stroke=\"currentColor\" stroke-width=\"3\" stroke-linecap=\"round\" stroke-linejoin=\"round\" xmlns=\"http:\/\/www.w3.org\/2000\/svg\"  aria-hidden=\"true\"><path d=\"M22 11.08V12a10 10 0 1 1-5.93-9.14\"\/><polyline points=\"22 4 12 14.01 9 11.01\"\/><\/svg><\/span><span class=\"kt-svg-icon-list-text\">Von dem Stolz, mit vollkommener Gelassenheit in hochwertigen, wasserfesten und langlebigen veganen Lederschuhen zu gehen.<\/span><\/li>\n\n\n<style>.kt-svg-icon-list-item-6200_d99f0f-b3 .kt-svg-icon-list-text mark.kt-highlight{background-color:unset;font-style:normal;color:#f76a0c;-webkit-box-decoration-break:clone;box-decoration-break:clone;padding-top:0px;padding-right:0px;padding-bottom:0px;padding-left:0px;}<\/style>\n<li class=\"wp-block-kadence-listitem kt-svg-icon-list-item-wrap kt-svg-icon-list-item-6200_d99f0f-b3\"><span class=\"kb-svg-icon-wrap kb-svg-icon-fe_checkCircle kt-svg-icon-list-single\"><svg viewBox=\"0 0 24 24\"  fill=\"none\" stroke=\"currentColor\" stroke-width=\"3\" stroke-linecap=\"round\" stroke-linejoin=\"round\" xmlns=\"http:\/\/www.w3.org\/2000\/svg\"  aria-hidden=\"true\"><path d=\"M22 11.08V12a10 10 0 1 1-5.93-9.14\"\/><polyline points=\"22 4 12 14.01 9 11.01\"\/><\/svg><\/span><span class=\"kt-svg-icon-list-text\">Der Charme eines zeitlosen Stiefels mit einem Hauch von Eleganz durch die altgoldenen Haken, perfekt f\u00fcr jeden Mann, der einen <strong>Brauner Schn\u00fcrstiefel<\/strong>, der den Unterschied markiert.<\/span><\/li>\n\n\n<style>.kt-svg-icon-list-item-6200_220370-be .kt-svg-icon-list-text mark.kt-highlight{background-color:unset;font-style:normal;color:#f76a0c;-webkit-box-decoration-break:clone;box-decoration-break:clone;padding-top:0px;padding-right:0px;padding-bottom:0px;padding-left:0px;}<\/style>\n<li class=\"wp-block-kadence-listitem kt-svg-icon-list-item-wrap kt-svg-icon-list-item-6200_220370-be\"><span class=\"kb-svg-icon-wrap kb-svg-icon-fe_checkCircle kt-svg-icon-list-single\"><svg viewBox=\"0 0 24 24\"  fill=\"none\" stroke=\"currentColor\" stroke-width=\"3\" stroke-linecap=\"round\" stroke-linejoin=\"round\" xmlns=\"http:\/\/www.w3.org\/2000\/svg\"  aria-hidden=\"true\"><path d=\"M22 11.08V12a10 10 0 1 1-5.93-9.14\"\/><polyline points=\"22 4 12 14.01 9 11.01\"\/><\/svg><\/span><span class=\"kt-svg-icon-list-text\">Von dem Komfort, den eine feuchtigkeitsabweisende gepolsterte Einlegesohle bietet, die Ihren Fu\u00df umschlie\u00dft und Reibungen sowie unerw\u00fcnschte Blasen vermeidet.<\/span><\/li>\n<\/ul><\/div>\n\n<p>Ohne Grausamkeit, Verwerfung giftiger Substanzen und Betonung eines eleganten Stils&#8230;<\/p>\n\n<p>F\u00fcr den Preis eines Standardstiefelpaares g\u00f6nnen Sie sich umweltfreundliche braune <strong>Derby-Schuhe<\/strong>, die ein einzigartiges Design und optimalen Komfort vereinen und dabei Ihre Verpflichtungen f\u00fcr unseren Planeten respektieren.<\/p>\n\n<p>Bist du bereit, deinen Stil mit einem erh\u00f6hten Umweltbewusstsein zu zeigen? W\u00e4hlen Sie Ihre Gr\u00f6\u00dfe und klicken Sie auf die Schaltfl\u00e4che oben, um Ihre noch heute zu erhalten. Unsere Vorr\u00e4te an <strong>\u00dcber<\/strong>lieferungen gehen zur Neige und diese braunen Schn\u00fcrstiefel sind ein gro\u00dfer Hit.<\/p>\n","protected":false},"excerpt":{"rendered":"<p>Sind Sie ein anspruchsvoller Mann, f\u00fcr den das Wohlbefinden nicht auf Kosten der Umweltwerte geht? Bist du auf der Suche nach einem Paar brauner Schn\u00fcrstiefel aus veganem Leder wie Lorequi, die deinen Stil aufwerten und den Test der Zeit bestehen? Entdecken Sie die \u00d6ko-verantwortliche Lore Derby-Schuhe: eine perfekte Harmonie zwischen Stil, Komfort und umweltfreundlichem Engagement&#8230;.<\/p>\n","protected":false},"featured_media":8176,"comment_status":"open","ping_status":"closed","template":"","meta":{"_acf_changed":false,"_kad_blocks_custom_css":"","_kad_blocks_head_custom_js":"","_kad_blocks_body_custom_js":"","_kad_blocks_footer_custom_js":"","_kad_post_transparent":"","_kad_post_title":"","_kad_post_layout":"","_kad_post_sidebar_id":"","_kad_post_content_style":"","_kad_post_vertical_padding":"","_kad_post_feature":"","_kad_post_feature_position":"","_kad_post_header":false,"_kad_post_footer":false,"_kad_post_classname":""},"product_brand":[],"product_cat":[414,413],"product_tag":[415],"product_brands":[685],"class_list":{"0":"post-10507","1":"product","2":"type-product","3":"status-publish","4":"has-post-thumbnail","6":"product_cat-stiefel","7":"product_cat-schuhe-fuer-maenner-und-frauen","8":"product_tag-mann","9":"product_brands-nae-vegan-shoes-de","11":"first","12":"outofstock","13":"taxable","14":"shipping-taxable","15":"purchasable","16":"product-type-variable","17":"entry","18":"content-bg","19":"loop-entry"},"acf":{"avantages":"\ud83d\udc5f Obermaterial und Futter aus Mikrofaser f\u00fcr die Umweltgesundheit.\n\n\ud83d\udca6 Wasserabweisend, atmungsaktiv, antimikrobiell und hypoallergen f\u00fcr gesch\u00fctzte F\u00fc\u00dfe und optimale Hygiene.\n\n\ud83d\udd1d Gepolsterte EVA-Einlegesohle f\u00fcr \u00fcberragenden Komfort und Feuchtigkeitsschutz.\n\n\ud83d\udc63 Langlebige TRU-Gummilaufsohle f\u00fcr optimalen Grip und maximale Haltbarkeit.\n\n\ud83d\udd25 2,5 cm flacher Absatz f\u00fcr zus\u00e4tzlichen Komfort und Stabilit\u00e4t.\n\n\ud83c\udf80 Schn\u00fcrung aus gewachster Baumwolle, einem nat\u00fcrlichen und langlebigen Material.\n\n\ud83c\uddf5\ud83c\uddf9 Hergestellt mit Liebe und Know-how in Portugal. Umweltfreundliche Materialien und Herstellungsverfahren sowie faire Arbeitsbedingungen.","entretien":"1. Reinigen Sie das Produkt mit einem in Seifenwasser getr\u00e4nkten Tuch. Tauchen Sie es niemals vollst\u00e4ndig ein, da dies zu irreparablen Sch\u00e4den f\u00fchren k\u00f6nnte.\r\n\r\n2. Lassen Sie es 24 Stunden lang nat\u00fcrlich trocknen.\r\n\r\n3. Die Verwendung einer neutralen Poliercreme wird dringend empfohlen. Tragen Sie eine kleine Menge mit einem trockenen und weichen Tuch auf und reiben Sie sie sparsam mit kreisenden Bewegungen auf den Stoff, bis das Wachs vollst\u00e4ndig eingezogen ist.\r\n\r\n4. Lassen Sie es nach dem Auftragen 24 Stunden lang nat\u00fcrlich trocknen.Produktlebensdauer:Wenn Sie der Meinung sind, dass Ihre veganen Schuhe das Ende ihrer Lebensdauer erreicht haben oder Sie sie nicht mehr ben\u00f6tigen, denken Sie daran, ihnen ein zweites Leben zu schenken. Verwenden Sie sie auf eine andere Weise selbst oder lassen Sie eine andere Person davon profitieren.","marque":""},"taxonomy_info":{"product_cat":[{"value":414,"label":"Stiefel"},{"value":413,"label":"Schuhe"}],"product_tag":[{"value":415,"label":"Herrenboutique"}],"product_brands":[{"value":685,"label":"NAE Vegan Shoes"}]},"featured_image_src_large":["https:\/\/ekomfort.lu\/wp-content\/uploads\/2023\/08\/lore-brown.jpg",700,700,false],"author_info":[],"comment_info":0,"_links":{"self":[{"href":"https:\/\/ekomfort.lu\/de\/wp-json\/wp\/v2\/product\/10507","targetHints":{"allow":["GET"]}}],"collection":[{"href":"https:\/\/ekomfort.lu\/de\/wp-json\/wp\/v2\/product"}],"about":[{"href":"https:\/\/ekomfort.lu\/de\/wp-json\/wp\/v2\/types\/product"}],"replies":[{"embeddable":true,"href":"https:\/\/ekomfort.lu\/de\/wp-json\/wp\/v2\/comments?post=10507"}],"wp:featuredmedia":[{"embeddable":true,"href":"https:\/\/ekomfort.lu\/de\/wp-json\/wp\/v2\/media\/8176"}],"wp:attachment":[{"href":"https:\/\/ekomfort.lu\/de\/wp-json\/wp\/v2\/media?parent=10507"}],"wp:term":[{"taxonomy":"product_brand","embeddable":true,"href":"https:\/\/ekomfort.lu\/de\/wp-json\/wp\/v2\/product_brand?post=10507"},{"taxonomy":"product_cat","embeddable":true,"href":"https:\/\/ekomfort.lu\/de\/wp-json\/wp\/v2\/product_cat?post=10507"},{"taxonomy":"product_tag","embeddable":true,"href":"https:\/\/ekomfort.lu\/de\/wp-json\/wp\/v2\/product_tag?post=10507"},{"taxonomy":"product_brands","embeddable":true,"href":"https:\/\/ekomfort.lu\/de\/wp-json\/wp\/v2\/product_brands?post=10507"}],"curies":[{"name":"wp","href":"https:\/\/api.w.org\/{rel}","templated":true}]}}